{"id":2350,"date":"2023-05-10T12:05:41","date_gmt":"2023-05-10T12:05:41","guid":{"rendered":"https:\/\/yume-silm.com\/?post_type=product&#038;p=2350"},"modified":"2026-03-23T10:23:43","modified_gmt":"2026-03-23T10:23:43","slug":"mens-fitness-shapewear-stomach-trainer-waist-trimmer-belt","status":"publish","type":"product","link":"https:\/\/yume-silm.com\/fr\/produit\/mens-fitness-shapewear-stomach-trainer-waist-trimmer-belt\/","title":{"rendered":"Vente en gros classeurs de compression abdominale postop\u00e9ratoires"},"content":{"rendered":"<h5>Caract\u00e9ristiques de conception<\/h5>\n<ul>\n<li><strong>BANDE \u00c9LASTIQUE POUR LE VENTRE\u00a0:<\/strong> Ces classeurs abdominaux \u00e9lastiques sont l\u00e9gers, respirants et ont une bonne \u00e9lasticit\u00e9. Les classeurs postop\u00e9ratoires sont disponibles dans des couleurs classiques blanc et noir et offriront un soutien et une compression confortables.<\/li>\n<li><strong>COMPRESSION ET SOUTIEN\u00a0:<\/strong> Ce classeur de sangles pour ceintures orthop\u00e9diques est tr\u00e8s facile \u00e0 utiliser, personnalisez facilement le niveau de soutien et de compression. Avoir ce bandage plus personnalisable et adapt\u00e9 \u00e0 votre morphologie aide \u00e0 r\u00e9duire l&#039;apparence de la graisse abdominale et cr\u00e9e une silhouette plus lisse et plus tonique. Vous permet de rester confortablement assis, debout ou allong\u00e9. Traitement antid\u00e9rapant en silicone sur le haut et le bas pour mieux emp\u00eacher les liants de compression abdominale postop\u00e9ratoires de s&#039;enrouler ou de se rassembler en boule.<\/li>\n<li><strong>FAVORISE LA GU\u00c9RISON\u00a0:<\/strong> La compression apport\u00e9e par cette ceinture amaigrissante aide \u00e0 r\u00e9duire l&#039;enflure et am\u00e9liore la circulation sanguine. C&#039;est pourquoi les bandes abdominales postop\u00e9ratoires sont connues pour favoriser la gu\u00e9rison et prot\u00e9ger votre site d&#039;incision apr\u00e8s une intervention chirurgicale. Cependant, nous vous recommandons n\u00e9anmoins de toujours consulter votre m\u00e9decin ou votre physioth\u00e9rapeute lorsque vous utilisez cet adh\u00e9sif de reliure \u00e0 panneaux ultra-doux apr\u00e8s une intervention chirurgicale, car les classeurs abdominaux ne conviennent pas \u00e0 tout le monde.<\/li>\n<li><strong>SOULAGEMENT DE LA DOULEUR:<\/strong> En fait, en plus d&#039;acc\u00e9l\u00e9rer votre r\u00e9cup\u00e9ration, les bandes de compression abdominale postop\u00e9ratoires de notre gamme de rubans adh\u00e9sifs vous aident \u00e0 d\u00e9tourner la pression du bas du dos, r\u00e9duisant ainsi les maux de dos et pr\u00e9venant d&#039;autres blessures.<\/li>\n<\/ul>\n<h6><em>Classeur abdominal bariatrique, classeurs abdominaux, orth\u00e8se de hernie abdominale et ceinture de soutien dorsale pour hommes<\/em><\/h6>\n<ul>\n<li>Nos classeurs de compression abdominale postop\u00e9ratoire t\u00e9moignent d&#039;un savoir-faire de qualit\u00e9 et d&#039;un design innovant.<\/li>\n<li>Avec des options de personnalisation, une gamme de tailles et la promesse d&#039;une livraison rapide, c&#039;est un ajout essentiel \u00e0 votre inventaire. Plongez dans le monde du commerce de gros avec cette pi\u00e8ce hors du commun. Commandez aujourd&#039;hui\u00a0!<\/li>\n<\/ul>","protected":false},"excerpt":{"rendered":"<p>Classeurs abdominaux pour hernies, id\u00e9aux \u00e0 utiliser apr\u00e8s une abdominoplastie et une liposuccion du haut et du bas de l&#039;abdomen. Liants de compression abdominale postop\u00e9ratoires par une femme ou un homme, la compression de ces v\u00eatements aide \u00e0 acc\u00e9l\u00e9rer le processus de gu\u00e9rison, am\u00e9liore la circulation sanguine, minimise l&#039;enflure, aide \u00e0 \u00e9liminer les fluides potentiellement nocifs du corps et permet au patient de reprendre ses activit\u00e9s quotidiennes.<\/p>","protected":false},"featured_media":2355,"comment_status":"open","ping_status":"closed","template":"","meta":{"site-sidebar-layout":"default","site-content-layout":"default","ast-site-content-layout":"default","site-content-style":"default","site-sidebar-style":"default","ast-global-header-display":"","ast-banner-title-visibility":"","ast-main-header-display":"","ast-hfb-above-header-display":"","ast-hfb-below-header-display":"","ast-hfb-mobile-header-display":"","site-post-title":"","ast-breadcrumbs-content":"","ast-featured-img":"","footer-sml-layout":"","ast-disable-related-posts":"","theme-transparent-header-meta":"default","adv-header-id-meta":"","stick-header-meta":"default","header-above-stick-meta":"","header-main-stick-meta":"","header-below-stick-meta":"","astra-migrate-meta-layouts":"set","ast-page-background-enabled":"default","ast-page-background-meta":{"desktop":{"background-color":"","background-image":"","background-repeat":"repeat","background-position":"center center","background-size":"auto","background-attachment":"scroll","background-type":"","background-media":"","overlay-type":"","overlay-color":"","overlay-opacity":"","overlay-gradient":""},"tablet":{"background-color":"","background-image":"","background-repeat":"repeat","background-position":"center center","background-size":"auto","background-attachment":"scroll","background-type":"","background-media":"","overlay-type":"","overlay-color":"","overlay-opacity":"","overlay-gradient":""},"mobile":{"background-color":"","background-image":"","background-repeat":"repeat","background-position":"center center","background-size":"auto","background-attachment":"scroll","background-type":"","background-media":"","overlay-type":"","overlay-color":"","overlay-opacity":"","overlay-gradient":""}},"ast-content-background-meta":{"desktop":{"background-color":"var(--ast-global-color-5)","background-image":"","background-repeat":"repeat","background-position":"center center","background-size":"auto","background-attachment":"scroll","background-type":"","background-media":"","overlay-type":"","overlay-color":"","overlay-opacity":"","overlay-gradient":""},"tablet":{"background-color":"var(--ast-global-color-5)","background-image":"","background-repeat":"repeat","background-position":"center center","background-size":"auto","background-attachment":"scroll","background-type":"","background-media":"","overlay-type":"","overlay-color":"","overlay-opacity":"","overlay-gradient":""},"mobile":{"background-color":"var(--ast-global-color-5)","background-image":"","background-repeat":"repeat","background-position":"center center","background-size":"auto","background-attachment":"scroll","background-type":"","background-media":"","overlay-type":"","overlay-color":"","overlay-opacity":"","overlay-gradient":""}}},"product_brand":[],"product_cat":[65,76,90,95],"product_tag":[143,136,139,148,134],"class_list":{"0":"post-2350","1":"product","2":"type-product","3":"status-publish","4":"has-post-thumbnail","6":"product_cat-best-sellers","7":"product_cat-new-arrivels","8":"product_cat-wholesale-waist-trainer","9":"product_cat-waist-cincher","10":"product_tag-backless","11":"product_tag-bridal","12":"product_tag-high-waist","13":"product_tag-one-piece","14":"product_tag-tummy-tucker","15":"pa_color-black","16":"pa_color-white","17":"pa_size-l","18":"pa_size-m","19":"pa_size-xl","20":"pa_size-xxl","21":"desktop-align-center","22":"tablet-align-left","23":"mobile-align-left","24":"ast-product-gallery-layout-horizontal-slider","25":"ast-product-single-variable","26":"ast-product-tabs-layout-horizontal","27":"ast-qv-on-image","29":"first","30":"instock","31":"shipping-taxable","32":"purchasable","33":"product-type-variable"},"tiered_pricing_type":"fixed","tiered_pricing_fixed_rules":{"10":3.5,"100":3.2,"500":3},"tiered_pricing_product_settings":{"layout":"default","base_unit_name":{"singular":null,"plural":null},"default_variation":{}},"tiered_pricing_minimum_quantity":null,"tiered_pricing_roles_data":[],"tiered_pricing_percentage_rules":[],"_links":{"self":[{"href":"https:\/\/yume-silm.com\/fr\/wp-json\/wp\/v2\/product\/2350","targetHints":{"allow":["GET"]}}],"collection":[{"href":"https:\/\/yume-silm.com\/fr\/wp-json\/wp\/v2\/product"}],"about":[{"href":"https:\/\/yume-silm.com\/fr\/wp-json\/wp\/v2\/types\/product"}],"replies":[{"embeddable":true,"href":"https:\/\/yume-silm.com\/fr\/wp-json\/wp\/v2\/comments?post=2350"}],"wp:featuredmedia":[{"embeddable":true,"href":"https:\/\/yume-silm.com\/fr\/wp-json\/wp\/v2\/media\/2355"}],"wp:attachment":[{"href":"https:\/\/yume-silm.com\/fr\/wp-json\/wp\/v2\/media?parent=2350"}],"wp:term":[{"taxonomy":"product_brand","embeddable":true,"href":"https:\/\/yume-silm.com\/fr\/wp-json\/wp\/v2\/product_brand?post=2350"},{"taxonomy":"product_cat","embeddable":true,"href":"https:\/\/yume-silm.com\/fr\/wp-json\/wp\/v2\/product_cat?post=2350"},{"taxonomy":"product_tag","embeddable":true,"href":"https:\/\/yume-silm.com\/fr\/wp-json\/wp\/v2\/product_tag?post=2350"}],"curies":[{"name":"wp","href":"https:\/\/api.w.org\/{rel}","templated":true}]}}