{"id":2384,"date":"2023-05-10T13:11:18","date_gmt":"2023-05-10T13:11:18","guid":{"rendered":"https:\/\/yume-silm.com\/?post_type=product&#038;p=2384"},"modified":"2024-11-08T08:44:55","modified_gmt":"2024-11-08T08:44:55","slug":"ceintures-amincissantes-fajas-thermiques-sweat-sauna-trainer-de-taille","status":"publish","type":"product","link":"https:\/\/yume-silm.com\/fr\/produit\/ceintures-amincissantes-fajas-thermiques-sweat-sauna-trainer-de-taille\/","title":{"rendered":"Ceinture de coupe de sauna pour hommes, vente en gros, cintr\u00e9 \u00e0 la taille"},"content":{"rendered":"<h5>Caract\u00e9ristiques de conception<\/h5>\n<ul>\n<li><strong>LA COMBUSTION DES GRAISSES:<\/strong> R\u00e9chauffe notre corps comme un sauna. La ceinture de sauna pour homme augmente efficacement la combustion des calories, vous offrant un entra\u00eenement plus efficace. Choisissez parmi notre gamme de gaines amincissantes pour hommes pour vous aider efficacement \u00e0 r\u00e9duire la graisse du ventre et \u00e0 constater des r\u00e9sultats amincissants en perdant des centim\u00e8tres en un rien de temps.<\/li>\n<li><strong>LIGNES LISSES\u00a0:<\/strong> Cet entra\u00eeneur de taille de fitness de notre part offre une couverture et un soutien au-dessus de l&#039;abdomen, parfait pour ceux qui recherchent un soutien suppl\u00e9mentaire pendant l&#039;entra\u00eenement. Nous ressentons une transpiration plus efficace pour \u00e9liminer les toxines et acc\u00e9l\u00e9rer le processus de combustion des calories \u00e0 l&#039;aide de shapewear. Obtenez une alimentation contr\u00f4l\u00e9e et sens\u00e9e, perdez du poids et favorisez la r\u00e9cup\u00e9ration du ventre de bi\u00e8re. En m\u00eame temps, il obtient de bons r\u00e9sultats dans la pr\u00e9vention des blessures. L&#039;effet de sueur du sauna de l&#039;entra\u00eeneur de taille fournit un soutien suppl\u00e9mentaire aux muscles centraux du bas du dos et de l&#039;abdomen, r\u00e9duisant ainsi les tensions et autres risques potentiels.<\/li>\n<li><strong>CORRECTION DE POSTURE\u00a0:<\/strong> 4 attaches \u00e0 crochets et \u00e0 \u0153illets r\u00e9glables et 7 os en acier flexibles en spirale sur l&#039;entra\u00eeneur lombaire masculin offrent un soutien dorsal solide. Il prot\u00e8ge votre tronc et soulage vos douleurs dans le bas du dos. Cette collection de ceintures de modelage du corps vous offre un soutien du dos, une compression abdominale et aide \u00e0 \u00e9liminer les renflements de graisse ind\u00e9sirables. Cela \u00e9vite \u00e9galement que vos v\u00eatements ne s&#039;enroulent et aide r\u00e9ellement \u00e0 soulager vos maux de dos et \u00e0 corriger votre posture.<\/li>\n<li><strong>L&#039;EXERCICE QUOTIDIEN:<\/strong> Nous vous recommandons de choisir notre collection d&#039;entra\u00eeneur de taille pour hommes pour vous aider \u00e0 br\u00fbler les graisses, \u00e0 perdre du poids et \u00e0 vous mettre en forme, en r\u00e9duisant la taille de votre ventre pour vous aider \u00e0 avoir un corps sain et galb\u00e9. Id\u00e9al pour la Zumba, le yoga, la gym et de nombreux autres sports, peut \u00e9galement \u00eatre port\u00e9 quotidiennement.<\/li>\n<\/ul>\n<h6><em>Compression ventre contr\u00f4le sauna sueur corps shaper taille formateur pour hommes<\/em><\/h6>\n<ul>\n<li>Notre entra\u00eeneur de taille pour hommes est un m\u00e9lange parfait de style, de fonctionnalit\u00e9 et de qualit\u00e9. Pour les grossistes qui cherchent \u00e0 offrir des solutions de fitness innovantes, cette ceinture de sauna cintr\u00e9e pour entra\u00eeneur de taille est un choix remarquable.<\/li>\n<li>Avec des options de personnalisation, une gamme de tailles et la promesse d&#039;une livraison rapide, le meilleur entra\u00eeneur de taille pour la graisse du bas du ventre est un ajout essentiel \u00e0 votre inventaire. Plongez dans l&#039;univers du grossiste avec cette pi\u00e8ce fitness d&#039;exception. Commandez aujourd&#039;hui\u00a0!<\/li>\n<\/ul>","protected":false},"excerpt":{"rendered":"<ul>\n<li>Am\u00e9liorez votre jeu de fitness avec notre ceinture amincissante pour le ventre et le ventre pour hommes.<\/li>\n<li>Con\u00e7ue \u00e0 partir d&#039;un m\u00e9lange d&#039;\u00e9lasthanne et de polyester, cette longue ceinture de sauna pour entra\u00eeneur de taille du torse accentue votre taille, offrant \u00e0 la fois soutien et style, ce qui la rend essentielle pour tout amateur de fitness.<\/li>\n<\/ul>","protected":false},"featured_media":2386,"comment_status":"open","ping_status":"closed","template":"","meta":{"site-sidebar-layout":"default","site-content-layout":"default","ast-site-content-layout":"default","site-content-style":"default","site-sidebar-style":"default","ast-global-header-display":"","ast-banner-title-visibility":"","ast-main-header-display":"","ast-hfb-above-header-display":"","ast-hfb-below-header-display":"","ast-hfb-mobile-header-display":"","site-post-title":"","ast-breadcrumbs-content":"","ast-featured-img":"","footer-sml-layout":"","ast-disable-related-posts":"","theme-transparent-header-meta":"default","adv-header-id-meta":"","stick-header-meta":"default","header-above-stick-meta":"","header-main-stick-meta":"","header-below-stick-meta":"","astra-migrate-meta-layouts":"set","ast-page-background-enabled":"default","ast-page-background-meta":{"desktop":{"background-color":"","background-image":"","background-repeat":"repeat","background-position":"center center","background-size":"auto","background-attachment":"scroll","background-type":"","background-media":"","overlay-type":"","overlay-color":"","overlay-opacity":"","overlay-gradient":""},"tablet":{"background-color":"","background-image":"","background-repeat":"repeat","background-position":"center center","background-size":"auto","background-attachment":"scroll","background-type":"","background-media":"","overlay-type":"","overlay-color":"","overlay-opacity":"","overlay-gradient":""},"mobile":{"background-color":"","background-image":"","background-repeat":"repeat","background-position":"center center","background-size":"auto","background-attachment":"scroll","background-type":"","background-media":"","overlay-type":"","overlay-color":"","overlay-opacity":"","overlay-gradient":""}},"ast-content-background-meta":{"desktop":{"background-color":"var(--ast-global-color-5)","background-image":"","background-repeat":"repeat","background-position":"center center","background-size":"auto","background-attachment":"scroll","background-type":"","background-media":"","overlay-type":"","overlay-color":"","overlay-opacity":"","overlay-gradient":""},"tablet":{"background-color":"var(--ast-global-color-5)","background-image":"","background-repeat":"repeat","background-position":"center center","background-size":"auto","background-attachment":"scroll","background-type":"","background-media":"","overlay-type":"","overlay-color":"","overlay-opacity":"","overlay-gradient":""},"mobile":{"background-color":"var(--ast-global-color-5)","background-image":"","background-repeat":"repeat","background-position":"center center","background-size":"auto","background-attachment":"scroll","background-type":"","background-media":"","overlay-type":"","overlay-color":"","overlay-opacity":"","overlay-gradient":""}}},"product_brand":[],"product_cat":[65,76,90,94,96],"product_tag":[194,153,136,139,173,154],"class_list":{"0":"post-2384","1":"product","2":"type-product","3":"status-publish","4":"has-post-thumbnail","6":"product_cat-best-sellers","7":"product_cat-new-arrivels","8":"product_cat-wholesale-waist-trainer","9":"product_cat-n-in-1-waist-trainer","10":"product_cat-sweat-waist-trainer","11":"product_tag-adjustable","12":"product_tag-boned","13":"product_tag-bridal","14":"product_tag-high-waist","15":"product_tag-sauna-suit-for-men","16":"product_tag-with-hooks","17":"pa_color-blue","18":"pa_color-sliver","19":"pa_size-l","20":"pa_size-m","21":"pa_size-s","22":"pa_size-xl","23":"pa_size-xxl","24":"pa_size-xxxl","25":"desktop-align-center","26":"tablet-align-left","27":"mobile-align-left","28":"ast-product-gallery-layout-horizontal-slider","29":"ast-product-single-variable","30":"ast-product-tabs-layout-horizontal","31":"ast-qv-on-image","33":"first","34":"instock","35":"shipping-taxable","36":"purchasable","37":"product-type-variable"},"tiered_pricing_type":"fixed","tiered_pricing_fixed_rules":{"5":4.84,"50":4.52,"100":3.87},"tiered_pricing_product_settings":{"layout":"default","base_unit_name":{"singular":null,"plural":null},"default_variation":{}},"tiered_pricing_minimum_quantity":null,"tiered_pricing_roles_data":[],"tiered_pricing_percentage_rules":[],"_links":{"self":[{"href":"https:\/\/yume-silm.com\/fr\/wp-json\/wp\/v2\/product\/2384","targetHints":{"allow":["GET"]}}],"collection":[{"href":"https:\/\/yume-silm.com\/fr\/wp-json\/wp\/v2\/product"}],"about":[{"href":"https:\/\/yume-silm.com\/fr\/wp-json\/wp\/v2\/types\/product"}],"replies":[{"embeddable":true,"href":"https:\/\/yume-silm.com\/fr\/wp-json\/wp\/v2\/comments?post=2384"}],"wp:featuredmedia":[{"embeddable":true,"href":"https:\/\/yume-silm.com\/fr\/wp-json\/wp\/v2\/media\/2386"}],"wp:attachment":[{"href":"https:\/\/yume-silm.com\/fr\/wp-json\/wp\/v2\/media?parent=2384"}],"wp:term":[{"taxonomy":"product_brand","embeddable":true,"href":"https:\/\/yume-silm.com\/fr\/wp-json\/wp\/v2\/product_brand?post=2384"},{"taxonomy":"product_cat","embeddable":true,"href":"https:\/\/yume-silm.com\/fr\/wp-json\/wp\/v2\/product_cat?post=2384"},{"taxonomy":"product_tag","embeddable":true,"href":"https:\/\/yume-silm.com\/fr\/wp-json\/wp\/v2\/product_tag?post=2384"}],"curies":[{"name":"wp","href":"https:\/\/api.w.org\/{rel}","templated":true}]}}