{"id":2403,"date":"2023-05-11T00:51:07","date_gmt":"2023-05-11T00:51:07","guid":{"rendered":"https:\/\/yume-silm.com\/?post_type=product&#038;p=2403"},"modified":"2024-06-08T06:18:12","modified_gmt":"2024-06-08T06:18:12","slug":"corset-taille-entraineur-maille-3-rangs-crochets-homme-modelage-du-corps","status":"publish","type":"product","link":"https:\/\/yume-silm.com\/fr\/produit\/corset-taille-entraineur-maille-3-rangs-crochets-homme-modelage-du-corps\/","title":{"rendered":"Vente en gros 2-en-1 Shapewear Corset Ceinture d&#039;entra\u00eenement \u00e0 la taille pour hommes"},"content":{"rendered":"<h5>Caract\u00e9ristiques de conception<\/h5>\n<ul>\n<li><strong>AM\u00c9LIORE LA POSTURE\u00a0:<\/strong> Fournit un bon soutien pour le dos et les \u00e9paules et favorise une posture confiante. Pour les personnes s\u00e9dentaires, cette ceinture amincissante de notre marque contribue \u00e0 am\u00e9liorer la posture et \u00e0 soulager les maux de dos. Pour l&#039;entra\u00eenement en salle de sport, vous pouvez utiliser le corset gainant pour r\u00e9duire le risque de blessure pendant votre entra\u00eenement. Vous pouvez les porter quotidiennement pour vous rappeler de vous tenir debout\/assis droit et d&#039;arr\u00eater de vous pencher.<\/li>\n<li><strong>APPARENCE SIMPLIFI\u00c9E\u00a0:<\/strong> La double compression du shapewear de perte de poids d&#039;entra\u00eenement souligne facilement la taille, aidant \u00e0 minimiser la taille et \u00e0 raffermir la ligne abdominale. Avec l&#039;aide de cette ceinture coupe-transpiration body shaper fitness, vous pouvez voir les effets de votre entra\u00eenement s&#039;\u00e9tendre. Gr\u00e2ce \u00e0 la ceinture de compression, le pansement est plus lisse et plus \u00e9pur\u00e9 pour un look plus confiant.<\/li>\n<li><strong>EXCLUSIVIT\u00c9 PERSONNALIS\u00c9E\u00a0:<\/strong> Le corset de compression serr\u00e9 et la ceinture de sport pour hommes sont disponibles en diff\u00e9rentes couleurs et tailles pour s&#039;adapter \u00e0 votre type de corps, vous permettant d&#039;\u00eatre plus concentr\u00e9 et plus confortable pendant votre entra\u00eenement.<\/li>\n<li><strong>ENTRA\u00ceNEMENT QUOTIDIEN\u00a0:<\/strong> Notre corset de compression tonifiant le corps et contr\u00f4lant le ventre s&#039;adapte parfaitement avec l&#039;ajout d&#039;une ceinture de compression \u00e9lastique ultra-fine, con\u00e7ue pour les amateurs de perte de poids et de mise en forme sportive. La ceinture pour br\u00fbler les graisses est parfaite pour tous les types de sports, tels que la course \u00e0 pied, les exercices de gym, la mise en forme du corps. La ceinture de sport pour hommes, coupe confortable, amincissante, augmente rapidement la temp\u00e9rature de l&#039;abdomen pendant l&#039;exercice, acc\u00e9l\u00e8re la combustion de la graisse abdominale et de la transpiration et raffermit les abdominaux.<\/li>\n<\/ul>\n<h6><em>Ceinture abdominale pour hommes, entra\u00eeneur de taille, amincissant, modelant le corps<\/em><\/h6>\n<ul>\n<li>Notre ceinture de musculation corset 2 en 1 pour homme est un m\u00e9lange de style, de confort et de fonctionnalit\u00e9.<\/li>\n<li>Pour les grossistes qui cherchent \u00e0 proposer des solutions de fitness innovantes, ce produit classique de mise en forme et de fitness 2 en 1 se d\u00e9marque.<\/li>\n<li>Avec des options de personnalisation, une gamme de tailles et la promesse d&#039;une livraison rapide, c&#039;est un ajout pr\u00e9cieux \u00e0 votre inventaire. Plongez dans le monde de la vente en gros avec ces v\u00eatements d&#039;entra\u00eenement fitness exceptionnels. Commandez aujourd&#039;hui\u00a0!<\/li>\n<\/ul>","protected":false},"excerpt":{"rendered":"<ul>\n<li>Am\u00e9liorez votre jeu de fitness avec notre ceinture d&#039;entra\u00eenement corset shapewear 2 en 1 pour hommes.<\/li>\n<li>Fabriqu\u00e9 \u00e0 partir d&#039;un m\u00e9lange de nylon et d&#039;\u00e9lasthanne, ce corset de compression serr\u00e9 et cette ceinture de sport pour hommes sont con\u00e7us pour offrir un soutien optimal, am\u00e9liorer la posture et sculpter votre physique, vous assurant ainsi de vous sentir mieux pendant les entra\u00eenements.<\/li>\n<\/ul>","protected":false},"featured_media":2404,"comment_status":"open","ping_status":"closed","template":"","meta":{"site-sidebar-layout":"default","site-content-layout":"default","ast-site-content-layout":"default","site-content-style":"default","site-sidebar-style":"default","ast-global-header-display":"","ast-banner-title-visibility":"","ast-main-header-display":"","ast-hfb-above-header-display":"","ast-hfb-below-header-display":"","ast-hfb-mobile-header-display":"","site-post-title":"","ast-breadcrumbs-content":"","ast-featured-img":"","footer-sml-layout":"","ast-disable-related-posts":"","theme-transparent-header-meta":"default","adv-header-id-meta":"","stick-header-meta":"default","header-above-stick-meta":"","header-main-stick-meta":"","header-below-stick-meta":"","astra-migrate-meta-layouts":"set","ast-page-background-enabled":"default","ast-page-background-meta":{"desktop":{"background-color":"","background-image":"","background-repeat":"repeat","background-position":"center center","background-size":"auto","background-attachment":"scroll","background-type":"","background-media":"","overlay-type":"","overlay-color":"","overlay-opacity":"","overlay-gradient":""},"tablet":{"background-color":"","background-image":"","background-repeat":"repeat","background-position":"center center","background-size":"auto","background-attachment":"scroll","background-type":"","background-media":"","overlay-type":"","overlay-color":"","overlay-opacity":"","overlay-gradient":""},"mobile":{"background-color":"","background-image":"","background-repeat":"repeat","background-position":"center center","background-size":"auto","background-attachment":"scroll","background-type":"","background-media":"","overlay-type":"","overlay-color":"","overlay-opacity":"","overlay-gradient":""}},"ast-content-background-meta":{"desktop":{"background-color":"var(--ast-global-color-5)","background-image":"","background-repeat":"repeat","background-position":"center center","background-size":"auto","background-attachment":"scroll","background-type":"","background-media":"","overlay-type":"","overlay-color":"","overlay-opacity":"","overlay-gradient":""},"tablet":{"background-color":"var(--ast-global-color-5)","background-image":"","background-repeat":"repeat","background-position":"center center","background-size":"auto","background-attachment":"scroll","background-type":"","background-media":"","overlay-type":"","overlay-color":"","overlay-opacity":"","overlay-gradient":""},"mobile":{"background-color":"var(--ast-global-color-5)","background-image":"","background-repeat":"repeat","background-position":"center center","background-size":"auto","background-attachment":"scroll","background-type":"","background-media":"","overlay-type":"","overlay-color":"","overlay-opacity":"","overlay-gradient":""}}},"product_brand":[],"product_cat":[65,76,86,90,92],"product_tag":[187,151,413,145,535,154,185],"class_list":{"0":"post-2403","1":"product","2":"type-product","3":"status-publish","4":"has-post-thumbnail","6":"product_cat-best-sellers","7":"product_cat-new-arrivels","8":"product_cat-wholesale-men-sliming-vest","9":"product_cat-wholesale-waist-trainer","10":"product_cat-wholesale-waist-girdle","11":"product_tag-2-in-1","12":"product_tag-double-compression","13":"product_tag-fitness","14":"product_tag-sexy","15":"product_tag-slimming","16":"product_tag-with-hooks","17":"product_tag-workout","18":"pa_color-black","19":"pa_color-white","20":"pa_size-l","21":"pa_size-m","22":"pa_size-s","23":"desktop-align-center","24":"tablet-align-left","25":"mobile-align-left","26":"ast-product-gallery-layout-horizontal-slider","27":"ast-product-single-variable","28":"ast-product-tabs-layout-horizontal","29":"ast-qv-on-image","31":"first","32":"instock","33":"shipping-taxable","34":"purchasable","35":"product-type-variable"},"tiered_pricing_type":"fixed","tiered_pricing_fixed_rules":{"10":8.43,"200":7.86,"600":7.32},"tiered_pricing_product_settings":{"layout":"default","base_unit_name":{"singular":null,"plural":null},"default_variation":{}},"tiered_pricing_minimum_quantity":null,"tiered_pricing_roles_data":[],"tiered_pricing_percentage_rules":[],"_links":{"self":[{"href":"https:\/\/yume-silm.com\/fr\/wp-json\/wp\/v2\/product\/2403","targetHints":{"allow":["GET"]}}],"collection":[{"href":"https:\/\/yume-silm.com\/fr\/wp-json\/wp\/v2\/product"}],"about":[{"href":"https:\/\/yume-silm.com\/fr\/wp-json\/wp\/v2\/types\/product"}],"replies":[{"embeddable":true,"href":"https:\/\/yume-silm.com\/fr\/wp-json\/wp\/v2\/comments?post=2403"}],"wp:featuredmedia":[{"embeddable":true,"href":"https:\/\/yume-silm.com\/fr\/wp-json\/wp\/v2\/media\/2404"}],"wp:attachment":[{"href":"https:\/\/yume-silm.com\/fr\/wp-json\/wp\/v2\/media?parent=2403"}],"wp:term":[{"taxonomy":"product_brand","embeddable":true,"href":"https:\/\/yume-silm.com\/fr\/wp-json\/wp\/v2\/product_brand?post=2403"},{"taxonomy":"product_cat","embeddable":true,"href":"https:\/\/yume-silm.com\/fr\/wp-json\/wp\/v2\/product_cat?post=2403"},{"taxonomy":"product_tag","embeddable":true,"href":"https:\/\/yume-silm.com\/fr\/wp-json\/wp\/v2\/product_tag?post=2403"}],"curies":[{"name":"wp","href":"https:\/\/api.w.org\/{rel}","templated":true}]}}