{"id":2420,"date":"2023-05-11T03:17:55","date_gmt":"2023-05-11T03:17:55","guid":{"rendered":"https:\/\/yume-silm.com\/?post_type=product&#038;p=2420"},"modified":"2024-05-11T01:49:48","modified_gmt":"2024-05-11T01:49:48","slug":"serre-taille-en-dentelle-avec-fil-a-haute-elasticite","status":"publish","type":"product","link":"https:\/\/yume-silm.com\/fr\/produit\/serre-taille-en-dentelle-avec-fil-a-haute-elasticite\/","title":{"rendered":"Cincher de taille respirant en dentelle en gros avec une \u00e9lasticit\u00e9 \u00e9lev\u00e9e"},"content":{"rendered":"<h5>Caract\u00e9ristiques de conception<\/h5>\n<ul>\n<li><strong>Entra\u00eeneur de taille longue pour le torse\u00a0:<\/strong> Le meilleur entra\u00eeneur de taille pour la graisse du bas du ventre pr\u00e9sente un puissant effet de modelage de la taille. L&#039;entra\u00eeneur de taille en sueur s&#039;enroule autour de tout l&#039;abdomen et de la taille pour obtenir la silhouette parfaite en sablier. Le long torse du corset pour femme, qui atteint juste en dessous des seins, vous permet de r\u00e9duire la quantit\u00e9 de nourriture que vous consommez en pressant l\u00e9g\u00e8rement le ventre pour une perte de poids optimale.<\/li>\n<li><strong>TRIPLE BOUCLE\u00a0:<\/strong> Le corset d&#039;entra\u00eenement \u00e0 la taille comporte trois couches de fermetures auto-agrippantes qui se connectent pour former une boucle ferm\u00e9e, ce qui le rend facile \u00e0 mettre ou \u00e0 enlever. Il est \u00e9galement pratique d&#039;ajuster librement le niveau de confort en fonction de votre meilleure forme corporelle lorsque vous utilisez l&#039;entra\u00eeneur de taille Hot Shapers.<\/li>\n<li><strong>CONFORT RESPIRANT\u00a0:<\/strong> Cet entra\u00eeneur de taille de sauna est fabriqu\u00e9 dans un tissu respirant qui permet \u00e0 la peau de respirer, assurant un confort maximal.<\/li>\n<li><strong>AVANT-GARDE\u00a0:<\/strong> L&#039;entra\u00eeneur de taille en forme de sablier pr\u00e9sente un design en fil et une bordure en dentelle chic qui ajoute une touche de sophistication \u00e0 l&#039;apparence g\u00e9n\u00e9rale du corset serre-taille, aidant les clients \u00e0 garder une longueur d&#039;avance sur les tendances de la mode.<\/li>\n<li><strong>MULTIFONCTIONNALIT\u00c9\u00a0:<\/strong> Cette ceinture serre-taille est parfaite pour un usage quotidien et des \u00e9v\u00e9nements sp\u00e9ciaux, que ce soit pour le travail quotidien, le shopping, les voyages ou m\u00eame pour assister \u00e0 des cocktails, des rendez-vous, des f\u00eates, etc., elle vous rendra fier de montrer parfaitement votre silhouette en sablier - Enrichit les clients &#039; choix de garde-robe.<\/li>\n<\/ul>\n<h6><em>Corset d&#039;entra\u00eenement de taille pour femmes, contr\u00f4le abdominal puissant, avec bordure en dentelle et effet respirant en fil<\/em><\/h6>\n<ul>\n<li>Notre serre-taille en dentelle respirante \u00e0 haute \u00e9lasticit\u00e9 t\u00e9moigne d&#039;un savoir-faire de qualit\u00e9 et d&#039;un design innovant.<\/li>\n<li>Pour les grossistes qui cherchent \u00e0 proposer des produits haut de gamme alliant qualit\u00e9 et style, cet entra\u00eeneur de taille sculpt\u00e9e est un choix de premier ordre.<\/li>\n<li>Avec des options de personnalisation, une gamme de tailles et la promesse d&#039;une livraison rapide, c&#039;est un ajout essentiel \u00e0 votre inventaire.<\/li>\n<li>Plongez dans le monde de la vente en gros avec cette pi\u00e8ce hors du commun. Commandez aujourd&#039;hui\u00a0!<\/li>\n<\/ul>","protected":false},"excerpt":{"rendered":"<ul>\n<li>Pr\u00e9sentation de notre serre-taille en dentelle respirante \u00e0 haute \u00e9lasticit\u00e9, un m\u00e9lange parfait de style et de fonctionnalit\u00e9.<\/li>\n<li>Fabriqu\u00e9 avec du fil \u00e0 haute \u00e9lasticit\u00e9, cet entra\u00eeneur de taille fitness offre un contr\u00f4le sup\u00e9rieur du ventre, compl\u00e9t\u00e9 par une d\u00e9coration en dentelle chic, assurant \u00e0 la fois confort et \u00e9l\u00e9gance.<\/li>\n<\/ul>","protected":false},"featured_media":2450,"comment_status":"open","ping_status":"closed","template":"","meta":{"site-sidebar-layout":"default","site-content-layout":"default","ast-site-content-layout":"default","site-content-style":"default","site-sidebar-style":"default","ast-global-header-display":"","ast-banner-title-visibility":"","ast-main-header-display":"","ast-hfb-above-header-display":"","ast-hfb-below-header-display":"","ast-hfb-mobile-header-display":"","site-post-title":"","ast-breadcrumbs-content":"","ast-featured-img":"","footer-sml-layout":"","ast-disable-related-posts":"","theme-transparent-header-meta":"default","adv-header-id-meta":"","stick-header-meta":"default","header-above-stick-meta":"","header-main-stick-meta":"","header-below-stick-meta":"","astra-migrate-meta-layouts":"set","ast-page-background-enabled":"default","ast-page-background-meta":{"desktop":{"background-color":"","background-image":"","background-repeat":"repeat","background-position":"center center","background-size":"auto","background-attachment":"scroll","background-type":"","background-media":"","overlay-type":"","overlay-color":"","overlay-opacity":"","overlay-gradient":""},"tablet":{"background-color":"","background-image":"","background-repeat":"repeat","background-position":"center center","background-size":"auto","background-attachment":"scroll","background-type":"","background-media":"","overlay-type":"","overlay-color":"","overlay-opacity":"","overlay-gradient":""},"mobile":{"background-color":"","background-image":"","background-repeat":"repeat","background-position":"center center","background-size":"auto","background-attachment":"scroll","background-type":"","background-media":"","overlay-type":"","overlay-color":"","overlay-opacity":"","overlay-gradient":""}},"ast-content-background-meta":{"desktop":{"background-color":"var(--ast-global-color-5)","background-image":"","background-repeat":"repeat","background-position":"center center","background-size":"auto","background-attachment":"scroll","background-type":"","background-media":"","overlay-type":"","overlay-color":"","overlay-opacity":"","overlay-gradient":""},"tablet":{"background-color":"var(--ast-global-color-5)","background-image":"","background-repeat":"repeat","background-position":"center center","background-size":"auto","background-attachment":"scroll","background-type":"","background-media":"","overlay-type":"","overlay-color":"","overlay-opacity":"","overlay-gradient":""},"mobile":{"background-color":"var(--ast-global-color-5)","background-image":"","background-repeat":"repeat","background-position":"center center","background-size":"auto","background-attachment":"scroll","background-type":"","background-media":"","overlay-type":"","overlay-color":"","overlay-opacity":"","overlay-gradient":""}}},"product_brand":[],"product_cat":[76,65,90,92],"product_tag":[194,198,152,149,154],"class_list":{"0":"post-2420","1":"product","2":"type-product","3":"status-publish","4":"has-post-thumbnail","6":"product_cat-new-arrivels","7":"product_cat-best-sellers","8":"product_cat-wholesale-waist-trainer","9":"product_cat-wholesale-waist-girdle","10":"product_tag-adjustable","11":"product_tag-hourglass","12":"product_tag-lace-up","13":"product_tag-long-torso","14":"product_tag-with-hooks","15":"pa_color-beige","16":"pa_color-black","17":"pa_color-purple","18":"pa_size-l","19":"pa_size-m","20":"pa_size-s","21":"pa_size-xl","22":"pa_size-xxl","23":"pa_size-xxxl","24":"desktop-align-center","25":"tablet-align-left","26":"mobile-align-left","27":"ast-product-gallery-layout-horizontal-slider","28":"ast-product-single-variable","29":"ast-product-tabs-layout-horizontal","30":"ast-qv-on-image","32":"first","33":"instock","34":"shipping-taxable","35":"purchasable","36":"product-type-variable"},"tiered_pricing_type":"fixed","tiered_pricing_fixed_rules":{"5":3.79,"50":2.99,"100":2.59},"tiered_pricing_product_settings":{"layout":"default","base_unit_name":{"singular":null,"plural":null},"default_variation":{}},"tiered_pricing_minimum_quantity":null,"tiered_pricing_roles_data":[],"tiered_pricing_percentage_rules":[],"_links":{"self":[{"href":"https:\/\/yume-silm.com\/fr\/wp-json\/wp\/v2\/product\/2420","targetHints":{"allow":["GET"]}}],"collection":[{"href":"https:\/\/yume-silm.com\/fr\/wp-json\/wp\/v2\/product"}],"about":[{"href":"https:\/\/yume-silm.com\/fr\/wp-json\/wp\/v2\/types\/product"}],"replies":[{"embeddable":true,"href":"https:\/\/yume-silm.com\/fr\/wp-json\/wp\/v2\/comments?post=2420"}],"wp:featuredmedia":[{"embeddable":true,"href":"https:\/\/yume-silm.com\/fr\/wp-json\/wp\/v2\/media\/2450"}],"wp:attachment":[{"href":"https:\/\/yume-silm.com\/fr\/wp-json\/wp\/v2\/media?parent=2420"}],"wp:term":[{"taxonomy":"product_brand","embeddable":true,"href":"https:\/\/yume-silm.com\/fr\/wp-json\/wp\/v2\/product_brand?post=2420"},{"taxonomy":"product_cat","embeddable":true,"href":"https:\/\/yume-silm.com\/fr\/wp-json\/wp\/v2\/product_cat?post=2420"},{"taxonomy":"product_tag","embeddable":true,"href":"https:\/\/yume-silm.com\/fr\/wp-json\/wp\/v2\/product_tag?post=2420"}],"curies":[{"name":"wp","href":"https:\/\/api.w.org\/{rel}","templated":true}]}}