{"id":2453,"date":"2023-05-11T03:48:03","date_gmt":"2023-05-11T03:48:03","guid":{"rendered":"https:\/\/yume-silm.com\/?post_type=product&#038;p=2453"},"modified":"2024-05-11T05:27:02","modified_gmt":"2024-05-11T05:27:02","slug":"serre-taille-renforce-double-couche-avec-crochets-a-4-couches","status":"publish","type":"product","link":"https:\/\/yume-silm.com\/fr\/produit\/serre-taille-renforce-double-couche-avec-crochets-a-4-couches\/","title":{"rendered":"Clip de Compression Double et fermeture \u00e9clair, serre-taille en caoutchouc, vente en gros"},"content":{"rendered":"<h5>Caract\u00e9ristiques de conception<\/h5>\n<ul>\n<li><strong>DOUBLE RENFORT :<\/strong> L&#039;entra\u00eeneur de taille \u00e0 double compression offre un soutien et une durabilit\u00e9 sup\u00e9rieurs pour une satisfaction durable de vos clients.<\/li>\n<li><strong>AJUSTEMENT R\u00c9GLABLE\u00a0:<\/strong> Notre serre-taille est dot\u00e9 de crochets fiables qui permettent aux clients de trouver facilement l&#039;ajustement parfait et d&#039;augmenter l&#039;attrait du produit.<\/li>\n<li><strong>FACILIT\u00c9 D&#039;UTILISATION:<\/strong> La fermeture \u00e9clair int\u00e9gr\u00e9e \u00e0 double couche assure une facilit\u00e9 d&#039;utilisation, am\u00e9liorant l&#039;exp\u00e9rience utilisateur et renfor\u00e7ant votre r\u00e9putation de produits conviviaux.<\/li>\n<li><strong>AUGMENTER LES VENTES:<\/strong> Un ajout important, notre nouveau serre-taille en caoutchouc avec clip et fermeture \u00e9clair est con\u00e7u pour r\u00e9pondre aux derni\u00e8res tendances et demandes du march\u00e9 des v\u00eatements de forme.<\/li>\n<li><strong>SATISFACTION DU CLIENT:<\/strong> Le corset ventral zipp\u00e9 de qualit\u00e9 sup\u00e9rieure avec double renfort, avec sa conception et ses mat\u00e9riaux de haute qualit\u00e9, deviendra l&#039;une des gammes de produits pr\u00e9f\u00e9r\u00e9es de vos clients, conduisant \u00e0 une fid\u00e9lit\u00e9 accrue et \u00e0 des achats r\u00e9p\u00e9t\u00e9s.<\/li>\n<\/ul>\n<h6><em><span class=\"111\" data-slate-leaf=\"true\">D\u00e9bardeur d&#039;entra\u00eenement perte de poids slim <\/span><span class=\"00\" data-slate-leaf=\"true\">serre-taille<\/span><\/em><\/h6>\n<ul>\n<li>En r\u00e9sum\u00e9, notre double compression <span data-slate-fragment=\"JTVCJTdCJTIydHlwZSUyMiUzQSUyMnBhcmFncmFwaCUyMiUyQyUyMmNoaWxkcmVuJTIyJTNBJTVCJTdCJTIyc2VudGVuY2UlMjIlM0EyMCUyQyUyMmNoaWxkU2VudGVuY2UlMjIlM0ExJTJDJTIydGV4dCUyMiUzQSUyMmNsaXAlMjBhbmQlMjB6aXBwZXIlMjBydWJiZXIlMjB3YWlzdCUyMHRyaW1tZXIlMjBjaW5jaGVyJTIyJTdEJTVEJTdEJTVE\">serre-taille en caoutchouc avec clip et fermeture \u00e9clair<\/span> est un m\u00e9lange de style, de confort et de fonctionnalit\u00e9. Pour les grossistes cherchant \u00e0 proposer des solutions shapewear innovantes, ce produit se d\u00e9marque.<\/li>\n<li>Avec des options de personnalisation, une vari\u00e9t\u00e9 de tailles et une promesse de livraison rapide, c&#039;est un excellent ajout \u00e0 votre inventaire. Laissez ce gilet de sport exceptionnel, ceinture de contr\u00f4le du ventre, vous emm\u00e8ne dans le monde de la vente en gros. Commandez maintenant!<\/li>\n<\/ul>","protected":false},"excerpt":{"rendered":"<p>Am\u00e9liorez votre collection avec notre serre-taille en caoutchouc \u00e0 clip et \u00e0 fermeture \u00e9clair, dot\u00e9 de crochets \u00e0 3 couches. Con\u00e7u de mani\u00e8re experte pour un soutien et un ajustement in\u00e9gal\u00e9s, ce gainant promet une satisfaction ultime \u00e0 vos clients.<\/p>","protected":false},"featured_media":2465,"comment_status":"open","ping_status":"closed","template":"","meta":{"site-sidebar-layout":"default","site-content-layout":"default","ast-site-content-layout":"default","site-content-style":"default","site-sidebar-style":"default","ast-global-header-display":"","ast-banner-title-visibility":"","ast-main-header-display":"","ast-hfb-above-header-display":"","ast-hfb-below-header-display":"","ast-hfb-mobile-header-display":"","site-post-title":"","ast-breadcrumbs-content":"","ast-featured-img":"","footer-sml-layout":"","ast-disable-related-posts":"","theme-transparent-header-meta":"default","adv-header-id-meta":"","stick-header-meta":"default","header-above-stick-meta":"","header-main-stick-meta":"","header-below-stick-meta":"","astra-migrate-meta-layouts":"set","ast-page-background-enabled":"default","ast-page-background-meta":{"desktop":{"background-color":"","background-image":"","background-repeat":"repeat","background-position":"center center","background-size":"auto","background-attachment":"scroll","background-type":"","background-media":"","overlay-type":"","overlay-color":"","overlay-opacity":"","overlay-gradient":""},"tablet":{"background-color":"","background-image":"","background-repeat":"repeat","background-position":"center center","background-size":"auto","background-attachment":"scroll","background-type":"","background-media":"","overlay-type":"","overlay-color":"","overlay-opacity":"","overlay-gradient":""},"mobile":{"background-color":"","background-image":"","background-repeat":"repeat","background-position":"center center","background-size":"auto","background-attachment":"scroll","background-type":"","background-media":"","overlay-type":"","overlay-color":"","overlay-opacity":"","overlay-gradient":""}},"ast-content-background-meta":{"desktop":{"background-color":"var(--ast-global-color-5)","background-image":"","background-repeat":"repeat","background-position":"center center","background-size":"auto","background-attachment":"scroll","background-type":"","background-media":"","overlay-type":"","overlay-color":"","overlay-opacity":"","overlay-gradient":""},"tablet":{"background-color":"var(--ast-global-color-5)","background-image":"","background-repeat":"repeat","background-position":"center center","background-size":"auto","background-attachment":"scroll","background-type":"","background-media":"","overlay-type":"","overlay-color":"","overlay-opacity":"","overlay-gradient":""},"mobile":{"background-color":"var(--ast-global-color-5)","background-image":"","background-repeat":"repeat","background-position":"center center","background-size":"auto","background-attachment":"scroll","background-type":"","background-media":"","overlay-type":"","overlay-color":"","overlay-opacity":"","overlay-gradient":""}}},"product_brand":[],"product_cat":[65,76,90,92],"product_tag":[153,456,151,198,457,200,149,185,184],"class_list":{"0":"post-2453","1":"product","2":"type-product","3":"status-publish","4":"has-post-thumbnail","6":"product_cat-best-sellers","7":"product_cat-new-arrivels","8":"product_cat-wholesale-waist-trainer","9":"product_cat-wholesale-waist-girdle","10":"product_tag-boned","11":"product_tag-cincher","12":"product_tag-double-compression","13":"product_tag-hourglass","14":"product_tag-large-size","15":"product_tag-latex","16":"product_tag-long-torso","17":"product_tag-workout","18":"product_tag-zipper","19":"pa_color-black","20":"pa_size-4xl","21":"pa_size-5xl","22":"pa_size-6xl","23":"pa_size-l","24":"pa_size-m","25":"pa_size-s","26":"pa_size-xl","27":"pa_size-xs","28":"pa_size-xxl","29":"pa_size-xxxl","30":"desktop-align-center","31":"tablet-align-left","32":"mobile-align-left","33":"ast-product-gallery-layout-horizontal-slider","34":"ast-product-single-variable","35":"ast-product-tabs-layout-horizontal","36":"ast-qv-on-image","38":"first","39":"instock","40":"shipping-taxable","41":"purchasable","42":"product-type-variable"},"tiered_pricing_type":"fixed","tiered_pricing_fixed_rules":{"5":7.59,"50":6.79,"100":5.49},"tiered_pricing_product_settings":{"layout":"default","base_unit_name":{"singular":null,"plural":null},"default_variation":{}},"tiered_pricing_minimum_quantity":null,"tiered_pricing_roles_data":[],"tiered_pricing_percentage_rules":[],"_links":{"self":[{"href":"https:\/\/yume-silm.com\/fr\/wp-json\/wp\/v2\/product\/2453","targetHints":{"allow":["GET"]}}],"collection":[{"href":"https:\/\/yume-silm.com\/fr\/wp-json\/wp\/v2\/product"}],"about":[{"href":"https:\/\/yume-silm.com\/fr\/wp-json\/wp\/v2\/types\/product"}],"replies":[{"embeddable":true,"href":"https:\/\/yume-silm.com\/fr\/wp-json\/wp\/v2\/comments?post=2453"}],"wp:featuredmedia":[{"embeddable":true,"href":"https:\/\/yume-silm.com\/fr\/wp-json\/wp\/v2\/media\/2465"}],"wp:attachment":[{"href":"https:\/\/yume-silm.com\/fr\/wp-json\/wp\/v2\/media?parent=2453"}],"wp:term":[{"taxonomy":"product_brand","embeddable":true,"href":"https:\/\/yume-silm.com\/fr\/wp-json\/wp\/v2\/product_brand?post=2453"},{"taxonomy":"product_cat","embeddable":true,"href":"https:\/\/yume-silm.com\/fr\/wp-json\/wp\/v2\/product_cat?post=2453"},{"taxonomy":"product_tag","embeddable":true,"href":"https:\/\/yume-silm.com\/fr\/wp-json\/wp\/v2\/product_tag?post=2453"}],"curies":[{"name":"wp","href":"https:\/\/api.w.org\/{rel}","templated":true}]}}