{"id":2477,"date":"2023-05-11T08:07:09","date_gmt":"2023-05-11T08:07:09","guid":{"rendered":"https:\/\/yume-silm.com\/?post_type=product&#038;p=2477"},"modified":"2025-05-26T00:36:43","modified_gmt":"2025-05-26T00:36:43","slug":"wholesale-tummy-control-butt-lifter-with-hook-zipper-fajas","status":"publish","type":"product","link":"https:\/\/yume-silm.com\/fr\/produit\/wholesale-tummy-control-butt-lifter-with-hook-zipper-fajas\/","title":{"rendered":"Vente en gros, contr\u00f4le du ventre, rehausseur de fesses, court avec crochet, fermeture \u00e9clair, Fajas"},"content":{"rendered":"<h5>Caract\u00e9ristiques de conception<\/h5>\n<ul>\n<li><strong>CONCEPTION FACILE \u00c0 PORTER\u00a0:<\/strong> La fermeture \u00e9clair avant du short gainant avec fermeture \u00e9clair \u00e0 crochet est tr\u00e8s facile \u00e0 porter, compl\u00e9t\u00e9e par la conception du crochet interne et la double compression pour garantir un ajustement parfait pour fa\u00e7onner votre silhouette courb\u00e9e.<\/li>\n<li><strong>ANTID\u00c9RAPANT ET NON ROULEMENT\u00a0:<\/strong> La dentelle courte en dentelle \u00e0 gros cul taille haute est con\u00e7ue avec un adh\u00e9sif antid\u00e9rapant sur la taille et les jambes pour assurer un ajustement parfait autour des cuisses et du ventre, emp\u00eachant le tissu de s&#039;enrouler et assurant un look sans couture.<\/li>\n<li><strong>SOUTIEN AM\u00c9LIOR\u00c9\u00a0:<\/strong> Equip\u00e9 de 4 os en acier sur la ceinture, ce rehausseur de fesses reste fermement en place et met en valeur vos courbes naturelles sans aucun probl\u00e8me de roulement.<\/li>\n<li><strong>RESPIRANT ET CONFORTABLE\u00a0:<\/strong> Le short gainant les fesses est fait d&#039;un m\u00e9lange de nylon et d&#039;\u00e9lasthanne, avec une plus grande \u00e9lasticit\u00e9, m\u00eame lorsqu&#039;il est doucement tir\u00e9 ; les fesses sont particuli\u00e8rement garanties respirantes, assurant ainsi un confort tout en permettant \u00e0 votre peau de mieux respirer.<\/li>\n<li><strong>UTILISATION MULTIFONCTIONNELLE\u00a0:<\/strong> Ce v\u00eatement gainant pour le contr\u00f4le du ventre et des hanches de grande taille est parfait pour un usage quotidien ou des occasions sp\u00e9ciales. Vous pouvez porter ce body shaper taille haute pour le ventre et les hanches pour travailler ou voyager en plein air pour faire du shopping. Ou m\u00eame utilisez-le temporairement pour mettre en valeur vos fesses et vous sentir confiant et \u00e9l\u00e9gant lors de galas, cocktails, f\u00eates, etc.<\/li>\n<\/ul>\n<h6><em>Short fa\u00e7onnant les fesses de grande taille pour femmes, sous-v\u00eatements fa\u00e7onnants \u00e0 fermeture \u00e9clair antid\u00e9rapants<\/em><\/h6>\n<ul>\n<li>Notre short gainant pour le contr\u00f4le du ventre avec fermeture \u00e9clair \u00e0 crochet est un m\u00e9lange d&#039;innovation, de style et de confort. Pour les grossistes souhaitant proposer des produits haut de gamme en r\u00e9sonance avec les derni\u00e8res tendances, ce short gainant les fesses et le contr\u00f4le du ventre est un incontournable.<\/li>\n<li>Avec des options de personnalisation, une gamme de tailles et la promesse d&#039;une livraison rapide, c&#039;est un ajout essentiel \u00e0 votre inventaire. Plongez dans le monde du commerce de gros avec cette pi\u00e8ce hors du commun. Commandez aujourd&#039;hui\u00a0!<\/li>\n<\/ul>","protected":false},"excerpt":{"rendered":"<p>D\u00e9voilez la magie de notre short gainant pour le contr\u00f4le du ventre avec fajas \u00e0 fermeture \u00e9clair \u00e0 crochet. M\u00e9ticuleusement con\u00e7u pour l&#039;homme moderne, ce shapewear met non seulement en valeur votre silhouette mais promet \u00e9galement un confort et un ajustement in\u00e9gal\u00e9s.<\/p>","protected":false},"featured_media":2503,"comment_status":"open","ping_status":"closed","template":"","meta":{"site-sidebar-layout":"default","site-content-layout":"default","ast-site-content-layout":"default","site-content-style":"default","site-sidebar-style":"default","ast-global-header-display":"","ast-banner-title-visibility":"","ast-main-header-display":"","ast-hfb-above-header-display":"","ast-hfb-below-header-display":"","ast-hfb-mobile-header-display":"","site-post-title":"","ast-breadcrumbs-content":"","ast-featured-img":"","footer-sml-layout":"","ast-disable-related-posts":"","theme-transparent-header-meta":"default","adv-header-id-meta":"","stick-header-meta":"default","header-above-stick-meta":"","header-main-stick-meta":"","header-below-stick-meta":"","astra-migrate-meta-layouts":"set","ast-page-background-enabled":"default","ast-page-background-meta":{"desktop":{"background-color":"","background-image":"","background-repeat":"repeat","background-position":"center center","background-size":"auto","background-attachment":"scroll","background-type":"","background-media":"","overlay-type":"","overlay-color":"","overlay-opacity":"","overlay-gradient":""},"tablet":{"background-color":"","background-image":"","background-repeat":"repeat","background-position":"center center","background-size":"auto","background-attachment":"scroll","background-type":"","background-media":"","overlay-type":"","overlay-color":"","overlay-opacity":"","overlay-gradient":""},"mobile":{"background-color":"","background-image":"","background-repeat":"repeat","background-position":"center center","background-size":"auto","background-attachment":"scroll","background-type":"","background-media":"","overlay-type":"","overlay-color":"","overlay-opacity":"","overlay-gradient":""}},"ast-content-background-meta":{"desktop":{"background-color":"var(--ast-global-color-5)","background-image":"","background-repeat":"repeat","background-position":"center center","background-size":"auto","background-attachment":"scroll","background-type":"","background-media":"","overlay-type":"","overlay-color":"","overlay-opacity":"","overlay-gradient":""},"tablet":{"background-color":"var(--ast-global-color-5)","background-image":"","background-repeat":"repeat","background-position":"center center","background-size":"auto","background-attachment":"scroll","background-type":"","background-media":"","overlay-type":"","overlay-color":"","overlay-opacity":"","overlay-gradient":""},"mobile":{"background-color":"var(--ast-global-color-5)","background-image":"","background-repeat":"repeat","background-position":"center center","background-size":"auto","background-attachment":"scroll","background-type":"","background-media":"","overlay-type":"","overlay-color":"","overlay-opacity":"","overlay-gradient":""}}},"product_brand":[],"product_cat":[65,76,77,1092,80],"product_tag":[153,137,139,134],"class_list":{"0":"post-2477","1":"product","2":"type-product","3":"status-publish","4":"has-post-thumbnail","6":"product_cat-best-sellers","7":"product_cat-new-arrivels","8":"product_cat-wholesale-womens-shapewear","9":"product_cat-plus-size-shapewear","10":"product_cat-wholesale-butt-lift-underwear","11":"product_tag-boned","12":"product_tag-butt-lift","13":"product_tag-high-waist","14":"product_tag-tummy-tucker","15":"pa_color-beige","16":"pa_color-black","17":"pa_size-4xl","18":"pa_size-5xl","19":"pa_size-6xl","20":"pa_size-l","21":"pa_size-m","22":"pa_size-s","23":"pa_size-xl","24":"pa_size-xs","25":"pa_size-xxl","26":"pa_size-xxxl","27":"desktop-align-center","28":"tablet-align-left","29":"mobile-align-left","30":"ast-product-gallery-layout-horizontal-slider","31":"ast-product-single-variable","32":"ast-product-tabs-layout-horizontal","33":"ast-qv-on-image","35":"first","36":"instock","37":"shipping-taxable","38":"purchasable","39":"product-type-variable"},"tiered_pricing_type":"fixed","tiered_pricing_fixed_rules":{"5":9.9,"50":9.5,"100":8.5},"tiered_pricing_product_settings":{"layout":"default","base_unit_name":{"singular":null,"plural":null},"default_variation":{}},"tiered_pricing_minimum_quantity":null,"tiered_pricing_roles_data":[],"tiered_pricing_percentage_rules":[],"_links":{"self":[{"href":"https:\/\/yume-silm.com\/fr\/wp-json\/wp\/v2\/product\/2477","targetHints":{"allow":["GET"]}}],"collection":[{"href":"https:\/\/yume-silm.com\/fr\/wp-json\/wp\/v2\/product"}],"about":[{"href":"https:\/\/yume-silm.com\/fr\/wp-json\/wp\/v2\/types\/product"}],"replies":[{"embeddable":true,"href":"https:\/\/yume-silm.com\/fr\/wp-json\/wp\/v2\/comments?post=2477"}],"wp:featuredmedia":[{"embeddable":true,"href":"https:\/\/yume-silm.com\/fr\/wp-json\/wp\/v2\/media\/2503"}],"wp:attachment":[{"href":"https:\/\/yume-silm.com\/fr\/wp-json\/wp\/v2\/media?parent=2477"}],"wp:term":[{"taxonomy":"product_brand","embeddable":true,"href":"https:\/\/yume-silm.com\/fr\/wp-json\/wp\/v2\/product_brand?post=2477"},{"taxonomy":"product_cat","embeddable":true,"href":"https:\/\/yume-silm.com\/fr\/wp-json\/wp\/v2\/product_cat?post=2477"},{"taxonomy":"product_tag","embeddable":true,"href":"https:\/\/yume-silm.com\/fr\/wp-json\/wp\/v2\/product_tag?post=2477"}],"curies":[{"name":"wp","href":"https:\/\/api.w.org\/{rel}","templated":true}]}}