{"id":2555,"date":"2023-05-13T03:53:08","date_gmt":"2023-05-13T03:53:08","guid":{"rendered":"https:\/\/yume-silm.com\/?post_type=product&#038;p=2555"},"modified":"2024-11-08T08:45:32","modified_gmt":"2024-11-08T08:45:32","slug":"ceinture-minceur-belly-femmes-trimmer-sauna-ceinture-de-sweat-pour-entrainement-de-la-taille","status":"publish","type":"product","link":"https:\/\/yume-silm.com\/fr\/produit\/ceinture-minceur-belly-femmes-trimmer-sauna-ceinture-de-sweat-pour-entrainement-de-la-taille\/","title":{"rendered":"Ceinture de sudation en gros pour perte de poids pour femmes"},"content":{"rendered":"<h5 data-slate-node=\"element\" data-slate-fragment=\"JTVCJTdCJTIydHlwZSUyMiUzQSUyMnBhcmFncmFwaCUyMiUyQyUyMmNoaWxkcmVuJTIyJTNBJTVCJTdCJTIydGV4dCUyMiUzQSUyMkRlc2lnbiUyMEZlYXR1cmVzJTIyJTJDJTIyc2VudGVuY2UlMjIlM0EyJTJDJTIyY2hpbGRTZW50ZW5jZSUyMiUzQTElN0QlNUQlN0QlMkMlN0IlMjJ0eXBlJTIyJTNBJTIycGFyYWdyYXBoJTIyJTJDJTIyY2hpbGRyZW4lMjIlM0ElNUIlN0IlMjJ0ZXh0JTIyJTNBJTIyJTIyJTJDJTIyc2VudGVuY2UlMjIlM0EzJTJDJTIyY2hpbGRTZW50ZW5jZSUyMiUzQTElN0QlNUQlN0QlNUQ=\"><span data-slate-node=\"text\"><span class=\"21\" data-slate-leaf=\"true\">Caract\u00e9ristiques de conception<\/span><\/span><\/h5>\n<ul>\n<li><strong>AJUSTEMENT FLEXIBLE\u00a0:<\/strong> Les boutons \u00e0 trois boutons de la ceinture amincissante pour sauna et fitness permettent aux utilisateurs d&#039;ajuster le serrage pour s&#039;adapter aux diff\u00e9rentes intensit\u00e9s et postures d&#039;entra\u00eenement.<\/li>\n<li><strong>STABILIT\u00c9 AM\u00c9LIOR\u00c9E\u00a0:<\/strong> La conception de la fermeture \u00e9clair \u00e0 double couche de la ceinture amincissante am\u00e9liore consid\u00e9rablement la stabilit\u00e9 de la ceinture, emp\u00eachant tout glissement ou d\u00e9placement pendant l&#039;exercice et soulageant les probl\u00e8mes tels que les douleurs dans le bas du dos.<\/li>\n<li><strong>SUPPORT OSSEUX EN ACIER\u00a0:<\/strong> \u00c9quip\u00e9e de 3 os en acier, cette ceinture amincissante, gainante de taille, coupe-ventre, ceinture anti-transpiration et br\u00fbleur de graisse abdominale, offre un soutien dorsal in\u00e9gal\u00e9 et est id\u00e9ale pour les personnes s\u00e9dentaires et les mamans post-partum.<\/li>\n<li><strong>MAT\u00c9RIEL DE HAUTE QUALIT\u00c9\u00a0:<\/strong> La ceinture anti-transpiration pour perdre du poids est faite de fibres d&#039;\u00e9lasthanne et de polyester, qui sont tr\u00e8s \u00e9lastiques, assurant un ajustement stable autour de la taille, durable et difficile \u00e0 d\u00e9former.<\/li>\n<li><strong>APPEL UNIVERSEL\u00a0:<\/strong> Adapt\u00e9e \u00e0 une vari\u00e9t\u00e9 d&#039;occasions, cette ceinture anti-transpiration pour femmes aide \u00e0 r\u00e9duire la graisse du ventre et \u00e0 cr\u00e9er une silhouette de sablier impressionnante.<\/li>\n<\/ul>\n<h6><em>Ceinture anti-transpiration r\u00e9glable pour femmes et hommes, perte de poids<\/em><\/h6>\n<ul>\n<li>Notre ceinture anti-transpiration pour femmes pour Waist Trainer est un m\u00e9lange harmonieux d&#039;innovation, de style et de fonctionnalit\u00e9.<\/li>\n<li>Pour les grossistes souhaitant proposer des produits haut de gamme en r\u00e9sonance avec les derni\u00e8res tendances, cette ceinture d&#039;exercice br\u00fbleur de graisse effet sauna est indispensable.<\/li>\n<li>Avec des options de personnalisation, une gamme de tailles et la promesse d&#039;une livraison rapide, c&#039;est un ajout pr\u00e9cieux \u00e0 votre inventaire.<\/li>\n<li>Plongez dans le monde de la vente en gros avec cette pi\u00e8ce hors du commun. Commandez aujourd&#039;hui\u00a0!<\/li>\n<\/ul>","protected":false},"excerpt":{"rendered":"<p>D\u00e9couvrez le pouvoir transformateur de notre Tondeuse Minceur Ventre Femme. Cette ceinture anti-transpiration pour femme, renforc\u00e9e par une fermeture \u00e0 glissi\u00e8re, est m\u00e9ticuleusement con\u00e7ue pour sculpter la taille, assurant une silhouette tonique et une confiance accrue pendant les entra\u00eenements.<\/p>","protected":false},"featured_media":2620,"comment_status":"open","ping_status":"closed","template":"","meta":{"site-sidebar-layout":"default","site-content-layout":"default","ast-site-content-layout":"default","site-content-style":"default","site-sidebar-style":"default","ast-global-header-display":"","ast-banner-title-visibility":"","ast-main-header-display":"","ast-hfb-above-header-display":"","ast-hfb-below-header-display":"","ast-hfb-mobile-header-display":"","site-post-title":"","ast-breadcrumbs-content":"","ast-featured-img":"","footer-sml-layout":"","ast-disable-related-posts":"","theme-transparent-header-meta":"default","adv-header-id-meta":"","stick-header-meta":"default","header-above-stick-meta":"","header-main-stick-meta":"","header-below-stick-meta":"","astra-migrate-meta-layouts":"set","ast-page-background-enabled":"default","ast-page-background-meta":{"desktop":{"background-color":"","background-image":"","background-repeat":"repeat","background-position":"center center","background-size":"auto","background-attachment":"scroll","background-type":"","background-media":"","overlay-type":"","overlay-color":"","overlay-opacity":"","overlay-gradient":""},"tablet":{"background-color":"","background-image":"","background-repeat":"repeat","background-position":"center center","background-size":"auto","background-attachment":"scroll","background-type":"","background-media":"","overlay-type":"","overlay-color":"","overlay-opacity":"","overlay-gradient":""},"mobile":{"background-color":"","background-image":"","background-repeat":"repeat","background-position":"center center","background-size":"auto","background-attachment":"scroll","background-type":"","background-media":"","overlay-type":"","overlay-color":"","overlay-opacity":"","overlay-gradient":""}},"ast-content-background-meta":{"desktop":{"background-color":"var(--ast-global-color-5)","background-image":"","background-repeat":"repeat","background-position":"center center","background-size":"auto","background-attachment":"scroll","background-type":"","background-media":"","overlay-type":"","overlay-color":"","overlay-opacity":"","overlay-gradient":""},"tablet":{"background-color":"var(--ast-global-color-5)","background-image":"","background-repeat":"repeat","background-position":"center center","background-size":"auto","background-attachment":"scroll","background-type":"","background-media":"","overlay-type":"","overlay-color":"","overlay-opacity":"","overlay-gradient":""},"mobile":{"background-color":"var(--ast-global-color-5)","background-image":"","background-repeat":"repeat","background-position":"center center","background-size":"auto","background-attachment":"scroll","background-type":"","background-media":"","overlay-type":"","overlay-color":"","overlay-opacity":"","overlay-gradient":""}}},"product_brand":[],"product_cat":[65,76,90,92],"product_tag":[153,144,140,154,184],"class_list":{"0":"post-2555","1":"product","2":"type-product","3":"status-publish","4":"has-post-thumbnail","6":"product_cat-best-sellers","7":"product_cat-new-arrivels","8":"product_cat-wholesale-waist-trainer","9":"product_cat-wholesale-waist-girdle","10":"product_tag-boned","11":"product_tag-slip","12":"product_tag-strapless","13":"product_tag-with-hooks","14":"product_tag-zipper","15":"pa_color-black","16":"pa_color-gray","17":"pa_size-4xl","18":"pa_size-5xl","19":"pa_size-6xl","20":"pa_size-l","21":"pa_size-m","22":"pa_size-s","23":"pa_size-xl","24":"pa_size-xs","25":"pa_size-xxl","26":"pa_size-xxxl","27":"desktop-align-center","28":"tablet-align-left","29":"mobile-align-left","30":"ast-product-gallery-layout-horizontal-slider","31":"ast-product-single-variable","32":"ast-product-tabs-layout-horizontal","33":"ast-qv-on-image","35":"first","36":"instock","37":"shipping-taxable","38":"purchasable","39":"product-type-variable"},"tiered_pricing_type":"fixed","tiered_pricing_fixed_rules":{"5":6.5,"50":5.99,"100":5.25},"tiered_pricing_product_settings":{"layout":"default","base_unit_name":{"singular":null,"plural":null},"default_variation":{}},"tiered_pricing_minimum_quantity":null,"tiered_pricing_roles_data":[],"tiered_pricing_percentage_rules":[],"_links":{"self":[{"href":"https:\/\/yume-silm.com\/fr\/wp-json\/wp\/v2\/product\/2555","targetHints":{"allow":["GET"]}}],"collection":[{"href":"https:\/\/yume-silm.com\/fr\/wp-json\/wp\/v2\/product"}],"about":[{"href":"https:\/\/yume-silm.com\/fr\/wp-json\/wp\/v2\/types\/product"}],"replies":[{"embeddable":true,"href":"https:\/\/yume-silm.com\/fr\/wp-json\/wp\/v2\/comments?post=2555"}],"wp:featuredmedia":[{"embeddable":true,"href":"https:\/\/yume-silm.com\/fr\/wp-json\/wp\/v2\/media\/2620"}],"wp:attachment":[{"href":"https:\/\/yume-silm.com\/fr\/wp-json\/wp\/v2\/media?parent=2555"}],"wp:term":[{"taxonomy":"product_brand","embeddable":true,"href":"https:\/\/yume-silm.com\/fr\/wp-json\/wp\/v2\/product_brand?post=2555"},{"taxonomy":"product_cat","embeddable":true,"href":"https:\/\/yume-silm.com\/fr\/wp-json\/wp\/v2\/product_cat?post=2555"},{"taxonomy":"product_tag","embeddable":true,"href":"https:\/\/yume-silm.com\/fr\/wp-json\/wp\/v2\/product_tag?post=2555"}],"curies":[{"name":"wp","href":"https:\/\/api.w.org\/{rel}","templated":true}]}}