{"id":2582,"date":"2023-05-13T02:38:06","date_gmt":"2023-05-13T02:38:06","guid":{"rendered":"https:\/\/yume-silm.com\/?post_type=product&#038;p=2582"},"modified":"2024-05-18T06:10:37","modified_gmt":"2024-05-18T06:10:37","slug":"string-shapewear-combinaison-taille-haute-backless-amincissant-corps-minceur","status":"publish","type":"product","link":"https:\/\/yume-silm.com\/fr\/produit\/string-shapewear-combinaison-taille-haute-backless-amincissant-corps-minceur\/","title":{"rendered":"Body gainant pour mari\u00e9e, vente en gros, dos nu, amincissant, modelant le corps"},"content":{"rendered":"<h5>Caract\u00e9ristiques de conception<\/h5>\n<ul>\n<li><strong>FAIT SUR MESURE:<\/strong> Notre body shapewear de mari\u00e9e dos nu amincissant est fabriqu\u00e9 avec une technologie de coupe tridimensionnelle 3D, qui s&#039;adapte parfaitement aux courbes de votre corps, soutient parfaitement vos beaux seins et fa\u00e7onne vos courbes de taille et de hanches fines.<\/li>\n<li><strong>CONCEPTION PROFONDE EN FORME DE U\u00a0:<\/strong> Le design profond en forme de U du sous-v\u00eatement body de mariage ajoute une touche sexy, parfait pour les robes d\u00e9collet\u00e9es et les robes de mari\u00e9e.<\/li>\n<li><strong>INVISIBLE ET SANS CONTRAINTE\u00a0:<\/strong> La coupe sans couture du body sans bretelles \u00e0 col en V profond ne laissera aucune marque, m\u00eame sous les robes de mari\u00e9e serr\u00e9es, gardant la ligne globale parfaitement lisse.<\/li>\n<li><strong>TISSU S\u00c9LECTIONN\u00c9\u00a0:<\/strong> Notre body string shapewear gainant le ventre profond en V est fabriqu\u00e9 dans un tissu en maille ultra fine qui est respirant et confortable, garantissant un port facile toute la journ\u00e9e. Le tissu hautement extensible a une excellente \u00e9lasticit\u00e9 et r\u00e9cup\u00e9ration, ce qui est non seulement confortable \u00e0 porter, mais peut \u00e9galement resserrer efficacement la taille et l&#039;abdomen et am\u00e9liorer la ligne du buste.<\/li>\n<li><strong>PORT MULTIFONCTIONNEL\u00a0:<\/strong> La robe de mari\u00e9e sans couture est invisible sous les v\u00eatements, adapt\u00e9e \u00e0 toutes les occasions, du quotidien dans la rue aux \u00e9v\u00e9nements sp\u00e9ciaux tels que les cocktails, les f\u00eates, les rendez-vous, etc., elle peut am\u00e9liorer votre confiance et montrer votre attitude.<\/li>\n<\/ul>\n<h6><em>Meilleur shapewear de mari\u00e9e et shaper de mari\u00e9e pour tout style de robe de mari\u00e9e<\/em><\/h6>\n<ul>\n<li>Notre body shapewear de mari\u00e9e taille haute dos nu amincissant est un m\u00e9lange de style, de confort et d&#039;innovation. Pour les grossistes souhaitant proposer des produits haut de gamme en r\u00e9sonance avec les derni\u00e8res tendances, ce body shaper tendance pour femme est un incontournable.<\/li>\n<li>Avec des options de personnalisation, une gamme de tailles et la promesse d&#039;une livraison rapide, c&#039;est un ajout pr\u00e9cieux \u00e0 votre inventaire. Plongez dans le monde de la vente en gros avec ce shapewear de mariage exceptionnel. Commandez aujourd&#039;hui\u00a0!<\/li>\n<\/ul>","protected":false},"excerpt":{"rendered":"<p>Rehaussez l&#039;\u00e9l\u00e9gance avec notre body shapewear de mari\u00e9e, con\u00e7u pour la femme moderne. Ce body shaper taille haute et dos nu, fabriqu\u00e9 avec un tissu respirant et des bretelles r\u00e9glables, assure un ajustement sans couture sous n&#039;importe quelle tenue, rendant chaque occasion sp\u00e9ciale.<\/p>","protected":false},"featured_media":2596,"comment_status":"open","ping_status":"closed","template":"","meta":{"site-sidebar-layout":"default","site-content-layout":"default","ast-site-content-layout":"default","site-content-style":"default","site-sidebar-style":"default","ast-global-header-display":"","ast-banner-title-visibility":"","ast-main-header-display":"","ast-hfb-above-header-display":"","ast-hfb-below-header-display":"","ast-hfb-mobile-header-display":"","site-post-title":"","ast-breadcrumbs-content":"","ast-featured-img":"","footer-sml-layout":"","ast-disable-related-posts":"","theme-transparent-header-meta":"default","adv-header-id-meta":"","stick-header-meta":"default","header-above-stick-meta":"","header-main-stick-meta":"","header-below-stick-meta":"","astra-migrate-meta-layouts":"set","ast-page-background-enabled":"default","ast-page-background-meta":{"desktop":{"background-color":"","background-image":"","background-repeat":"repeat","background-position":"center center","background-size":"auto","background-attachment":"scroll","background-type":"","background-media":"","overlay-type":"","overlay-color":"","overlay-opacity":"","overlay-gradient":""},"tablet":{"background-color":"","background-image":"","background-repeat":"repeat","background-position":"center center","background-size":"auto","background-attachment":"scroll","background-type":"","background-media":"","overlay-type":"","overlay-color":"","overlay-opacity":"","overlay-gradient":""},"mobile":{"background-color":"","background-image":"","background-repeat":"repeat","background-position":"center center","background-size":"auto","background-attachment":"scroll","background-type":"","background-media":"","overlay-type":"","overlay-color":"","overlay-opacity":"","overlay-gradient":""}},"ast-content-background-meta":{"desktop":{"background-color":"var(--ast-global-color-5)","background-image":"","background-repeat":"repeat","background-position":"center center","background-size":"auto","background-attachment":"scroll","background-type":"","background-media":"","overlay-type":"","overlay-color":"","overlay-opacity":"","overlay-gradient":""},"tablet":{"background-color":"var(--ast-global-color-5)","background-image":"","background-repeat":"repeat","background-position":"center center","background-size":"auto","background-attachment":"scroll","background-type":"","background-media":"","overlay-type":"","overlay-color":"","overlay-opacity":"","overlay-gradient":""},"mobile":{"background-color":"var(--ast-global-color-5)","background-image":"","background-repeat":"repeat","background-position":"center center","background-size":"auto","background-attachment":"scroll","background-type":"","background-media":"","overlay-type":"","overlay-color":"","overlay-opacity":"","overlay-gradient":""}}},"product_brand":[],"product_cat":[65,76,77,82],"product_tag":[135,137,619,148,138],"class_list":{"0":"post-2582","1":"product","2":"type-product","3":"status-publish","4":"has-post-thumbnail","6":"product_cat-best-sellers","7":"product_cat-new-arrivels","8":"product_cat-wholesale-womens-shapewear","9":"product_cat-wholesale-shapewear-bodysuit","10":"product_tag-all-in-one","11":"product_tag-butt-lift","12":"product_tag-deep-v","13":"product_tag-one-piece","14":"product_tag-thong","15":"pa_color-beige","16":"pa_color-black","17":"pa_size-l","18":"pa_size-m","19":"pa_size-s","20":"pa_size-xl","21":"pa_size-xxl","22":"pa_size-xxxl","23":"desktop-align-center","24":"tablet-align-left","25":"mobile-align-left","26":"ast-product-gallery-layout-horizontal-slider","27":"ast-product-single-variable","28":"ast-product-tabs-layout-horizontal","29":"ast-qv-on-image","31":"first","32":"instock","33":"shipping-taxable","34":"purchasable","35":"product-type-variable"},"tiered_pricing_type":"fixed","tiered_pricing_fixed_rules":{"5":6.8,"50":6.2,"100":5.99},"tiered_pricing_product_settings":{"layout":"default","base_unit_name":{"singular":null,"plural":null},"default_variation":{}},"tiered_pricing_minimum_quantity":null,"tiered_pricing_roles_data":[],"tiered_pricing_percentage_rules":[],"_links":{"self":[{"href":"https:\/\/yume-silm.com\/fr\/wp-json\/wp\/v2\/product\/2582","targetHints":{"allow":["GET"]}}],"collection":[{"href":"https:\/\/yume-silm.com\/fr\/wp-json\/wp\/v2\/product"}],"about":[{"href":"https:\/\/yume-silm.com\/fr\/wp-json\/wp\/v2\/types\/product"}],"replies":[{"embeddable":true,"href":"https:\/\/yume-silm.com\/fr\/wp-json\/wp\/v2\/comments?post=2582"}],"wp:featuredmedia":[{"embeddable":true,"href":"https:\/\/yume-silm.com\/fr\/wp-json\/wp\/v2\/media\/2596"}],"wp:attachment":[{"href":"https:\/\/yume-silm.com\/fr\/wp-json\/wp\/v2\/media?parent=2582"}],"wp:term":[{"taxonomy":"product_brand","embeddable":true,"href":"https:\/\/yume-silm.com\/fr\/wp-json\/wp\/v2\/product_brand?post=2582"},{"taxonomy":"product_cat","embeddable":true,"href":"https:\/\/yume-silm.com\/fr\/wp-json\/wp\/v2\/product_cat?post=2582"},{"taxonomy":"product_tag","embeddable":true,"href":"https:\/\/yume-silm.com\/fr\/wp-json\/wp\/v2\/product_tag?post=2582"}],"curies":[{"name":"wp","href":"https:\/\/api.w.org\/{rel}","templated":true}]}}