{"id":2623,"date":"2023-05-13T02:51:04","date_gmt":"2023-05-13T02:51:04","guid":{"rendered":"https:\/\/yume-silm.com\/?post_type=product&#038;p=2623"},"modified":"2024-05-18T09:26:21","modified_gmt":"2024-05-18T09:26:21","slug":"grossiste-combinaison-tongue-pour-femmes-coutures-une-piece-combinaisons","status":"publish","type":"product","link":"https:\/\/yume-silm.com\/fr\/produit\/grossiste-combinaison-tongue-pour-femmes-coutures-une-piece-combinaisons\/","title":{"rendered":"Vente en gros Body String Sans Couture Pour Femme"},"content":{"rendered":"<h5>Caract\u00e9ristiques de conception<\/h5>\n<ul>\n<li><strong>TISSU DE QUALIT\u00c9 SUP\u00c9RIEURE\u00a0:<\/strong> Ce body shaper string gainant le ventre est fait de m\u00e9langes de nylon et d&#039;\u00e9lasthanne avec une \u00e9lasticit\u00e9 \u00e9lev\u00e9e pour assurer un ajustement serr\u00e9 et confortable. En portant ce body de soutien \u00e0 la compression \u00e0 couverture compl\u00e8te, il est facile de cr\u00e9er une silhouette en sablier et de souligner les courbes naturelles de votre corps.<\/li>\n<li><strong>CONCEPTION DE STRING \u00c0 LA MODE\u00a0:<\/strong> Le design string du body lisse et mince ajoute non seulement une touche sexy, mais soul\u00e8ve \u00e9galement efficacement les fesses et am\u00e9liore la silhouette globale.<\/li>\n<li><strong>FONCTION PRATIQUE\u00a0:<\/strong> L&#039;entrejambe du body string sculptant sans couture est \u00e9quip\u00e9 d&#039;un crochet r\u00e9glable pour une utilisation dans la salle de bain, assurant un confort maximal tout au long de la journ\u00e9e.<\/li>\n<li><strong>USAGE POLYVALENT\u00a0:<\/strong> Qu&#039;il s&#039;agisse d&#039;une tenue de travail quotidienne ou d&#039;\u00e9v\u00e9nements sp\u00e9ciaux tels que des rendez-vous et des f\u00eates, ce body string push-up de forme l\u00e9g\u00e8re et sans couture est une pi\u00e8ce de garde-robe polyvalente qui peut \u00eatre port\u00e9e pour une vari\u00e9t\u00e9 d&#039;occasions.<\/li>\n<li><strong>OPTIONS PERSONNALIS\u00c9ES\u00a0:<\/strong> Notre body string sans couture \u00e0 porter au quotidien prend en charge les tailles, couleurs, styles, logos, emballages, \u00e9tiquettes volantes et \u00e9tiquettes d&#039;entretien personnalis\u00e9es pour r\u00e9pondre aux diff\u00e9rents besoins de nos clients grossistes.<\/li>\n<\/ul>\n<h6><em>Body shapewear lisse et sans couture \u00e0 haute \u00e9lasticit\u00e9<\/em><\/h6>\n<ul>\n<li>Notre body string sans couture pour femme est un m\u00e9lange d&#039;innovation, de style et de confort. Pour les grossistes souhaitant proposer des produits haut de gamme en r\u00e9sonance avec les derni\u00e8res tendances, ce body est un incontournable.<\/li>\n<li>Avec des options de personnalisation, une gamme de tailles et la promesse d&#039;une livraison rapide, le body string une pi\u00e8ce sans couture est un ajout pr\u00e9cieux \u00e0 votre inventaire. Plongez dans l&#039;univers du commerce de gros avec cette pi\u00e8ce d&#039;exception. Commandez aujourd&#039;hui\u00a0!<\/li>\n<\/ul>","protected":false},"excerpt":{"rendered":"<p>Entrez dans l&#039;\u00e9l\u00e9gance avec notre body string sans couture pour femme, une combinaison une pi\u00e8ce sans couture. Fabriqu\u00e9 en nylon et spandex \u00e0 haute \u00e9lasticit\u00e9, ce body est l&#039;incarnation du confort et du style, assurant une silhouette impeccable pour chaque occasion.<\/p>","protected":false},"featured_media":2606,"comment_status":"open","ping_status":"closed","template":"","meta":{"site-sidebar-layout":"default","site-content-layout":"default","ast-site-content-layout":"default","site-content-style":"default","site-sidebar-style":"default","ast-global-header-display":"","ast-banner-title-visibility":"","ast-main-header-display":"","ast-hfb-above-header-display":"","ast-hfb-below-header-display":"","ast-hfb-mobile-header-display":"","site-post-title":"","ast-breadcrumbs-content":"","ast-featured-img":"","footer-sml-layout":"","ast-disable-related-posts":"","theme-transparent-header-meta":"default","adv-header-id-meta":"","stick-header-meta":"default","header-above-stick-meta":"","header-main-stick-meta":"","header-below-stick-meta":"","astra-migrate-meta-layouts":"set","ast-page-background-enabled":"default","ast-page-background-meta":{"desktop":{"background-color":"","background-image":"","background-repeat":"repeat","background-position":"center center","background-size":"auto","background-attachment":"scroll","background-type":"","background-media":"","overlay-type":"","overlay-color":"","overlay-opacity":"","overlay-gradient":""},"tablet":{"background-color":"","background-image":"","background-repeat":"repeat","background-position":"center center","background-size":"auto","background-attachment":"scroll","background-type":"","background-media":"","overlay-type":"","overlay-color":"","overlay-opacity":"","overlay-gradient":""},"mobile":{"background-color":"","background-image":"","background-repeat":"repeat","background-position":"center center","background-size":"auto","background-attachment":"scroll","background-type":"","background-media":"","overlay-type":"","overlay-color":"","overlay-opacity":"","overlay-gradient":""}},"ast-content-background-meta":{"desktop":{"background-color":"var(--ast-global-color-5)","background-image":"","background-repeat":"repeat","background-position":"center center","background-size":"auto","background-attachment":"scroll","background-type":"","background-media":"","overlay-type":"","overlay-color":"","overlay-opacity":"","overlay-gradient":""},"tablet":{"background-color":"var(--ast-global-color-5)","background-image":"","background-repeat":"repeat","background-position":"center center","background-size":"auto","background-attachment":"scroll","background-type":"","background-media":"","overlay-type":"","overlay-color":"","overlay-opacity":"","overlay-gradient":""},"mobile":{"background-color":"var(--ast-global-color-5)","background-image":"","background-repeat":"repeat","background-position":"center center","background-size":"auto","background-attachment":"scroll","background-type":"","background-media":"","overlay-type":"","overlay-color":"","overlay-opacity":"","overlay-gradient":""}}},"product_brand":[],"product_cat":[65,76,77,82],"product_tag":[136,139,148,145,134],"class_list":{"0":"post-2623","1":"product","2":"type-product","3":"status-publish","4":"has-post-thumbnail","6":"product_cat-best-sellers","7":"product_cat-new-arrivels","8":"product_cat-wholesale-womens-shapewear","9":"product_cat-wholesale-shapewear-bodysuit","10":"product_tag-bridal","11":"product_tag-high-waist","12":"product_tag-one-piece","13":"product_tag-sexy","14":"product_tag-tummy-tucker","15":"pa_color-beige","16":"pa_color-black","17":"pa_color-yellow","18":"pa_size-l","19":"pa_size-m","20":"pa_size-s","21":"pa_size-xl","22":"pa_size-xxl","23":"pa_size-xxxl","24":"desktop-align-center","25":"tablet-align-left","26":"mobile-align-left","27":"ast-product-gallery-layout-horizontal-slider","28":"ast-product-single-variable","29":"ast-product-tabs-layout-horizontal","30":"ast-qv-on-image","32":"first","33":"instock","34":"shipping-taxable","35":"purchasable","36":"product-type-variable"},"tiered_pricing_type":"fixed","tiered_pricing_fixed_rules":{"5":4.8,"50":4.5,"100":4.2},"tiered_pricing_product_settings":{"layout":"default","base_unit_name":{"singular":null,"plural":null},"default_variation":{}},"tiered_pricing_minimum_quantity":null,"tiered_pricing_roles_data":[],"tiered_pricing_percentage_rules":[],"_links":{"self":[{"href":"https:\/\/yume-silm.com\/fr\/wp-json\/wp\/v2\/product\/2623","targetHints":{"allow":["GET"]}}],"collection":[{"href":"https:\/\/yume-silm.com\/fr\/wp-json\/wp\/v2\/product"}],"about":[{"href":"https:\/\/yume-silm.com\/fr\/wp-json\/wp\/v2\/types\/product"}],"replies":[{"embeddable":true,"href":"https:\/\/yume-silm.com\/fr\/wp-json\/wp\/v2\/comments?post=2623"}],"wp:featuredmedia":[{"embeddable":true,"href":"https:\/\/yume-silm.com\/fr\/wp-json\/wp\/v2\/media\/2606"}],"wp:attachment":[{"href":"https:\/\/yume-silm.com\/fr\/wp-json\/wp\/v2\/media?parent=2623"}],"wp:term":[{"taxonomy":"product_brand","embeddable":true,"href":"https:\/\/yume-silm.com\/fr\/wp-json\/wp\/v2\/product_brand?post=2623"},{"taxonomy":"product_cat","embeddable":true,"href":"https:\/\/yume-silm.com\/fr\/wp-json\/wp\/v2\/product_cat?post=2623"},{"taxonomy":"product_tag","embeddable":true,"href":"https:\/\/yume-silm.com\/fr\/wp-json\/wp\/v2\/product_tag?post=2623"}],"curies":[{"name":"wp","href":"https:\/\/api.w.org\/{rel}","templated":true}]}}