{"id":2702,"date":"2023-05-13T06:13:47","date_gmt":"2023-05-13T06:13:47","guid":{"rendered":"https:\/\/yume-silm.com\/?post_type=product&#038;p=2702"},"modified":"2025-05-26T00:39:36","modified_gmt":"2025-05-26T00:39:36","slug":"sans-manches-fitness-sweat-sauna-suit-pour-femmes-entrainement-de-la-taille","status":"publish","type":"product","link":"https:\/\/yume-silm.com\/fr\/produit\/sans-manches-fitness-sweat-sauna-suit-pour-femmes-entrainement-de-la-taille\/","title":{"rendered":"Costume de sauna de sudation de remise en forme sans manches en gros pour les femmes"},"content":{"rendered":"<h5>Caract\u00e9ristiques de conception<\/h5>\n<ul>\n<li><strong>HAUT DE SAUNA SANS MANCHES\u00a0:<\/strong> Le gilet de sauna pour femmes et hommes est compact, facile \u00e0 transporter et \u00e0 ranger, vous permettant de ressentir l&#039;exp\u00e9rience d\u00e9stressante et de perte de poids de la transpiration du sauna \u00e0 tout moment et en tout lieu.<\/li>\n<li><strong>Doux pour la peau et durable :<\/strong> Le gilet de sauna pour perdre du poids est fabriqu\u00e9 en polym\u00e8re thermodurci avec un rev\u00eatement en PVC qui offre une l\u00e9g\u00e8re \u00e9lasticit\u00e9, douceur et douceur pour la peau pour garantir un ajustement confortable.<\/li>\n<li><strong>DOUBLEZ LA SUEUR\u00a0:<\/strong> Le gilet de sauna pour femme est con\u00e7u pour couvrir le haut du corps pour une meilleure \u00e9vacuation de l&#039;humidit\u00e9 pour un entra\u00eenement plus efficace. Une combinaison de sauna sans manches pour femme vous offre la meilleure exp\u00e9rience de sauna.<\/li>\n<li><strong>FERMETURE \u00c9CLAIR:<\/strong> Le d\u00e9bardeur de sauna est dot\u00e9 d&#039;une solide fermeture \u00e9clair autobloquante qui emp\u00eache de glisser pendant l&#039;exercice, garantissant ainsi une exp\u00e9rience d&#039;entra\u00eenement fluide.<\/li>\n<li><strong>MULTIPLES OCCASIONS APPLICABLES\u00a0:<\/strong> La combinaison de sauna convient aux exercices du printemps, de l&#039;\u00e9t\u00e9, de l&#039;automne et de l&#039;hiver et \u00e0 un usage quotidien. Vous pouvez ex\u00e9cuter des s\u00e9ances d&#039;entra\u00eenement en plein air ou obtenir le meilleur effet de r\u00e9duction du stress et de perte de poids dans la salle de sport int\u00e9rieure en exer\u00e7ant la boxe, la corde \u00e0 sauter et le yoga. transpiration abondante.<\/li>\n<\/ul>\n<h6><em>Gilet de sudation sans manches, poitrine ouverte, haut de sauna avec fermeture \u00e9clair<\/em><\/h6>\n<ul>\n<li>Notre combinaison de sudation sans manches pour femme est un m\u00e9lange harmonieux d&#039;innovation, de style et de fonctionnalit\u00e9.<\/li>\n<li>Pour les grossistes souhaitant proposer des produits haut de gamme en r\u00e9sonance avec les derni\u00e8res tendances, ce gilet de sauna pour hommes et femmes est indispensable.<\/li>\n<li>Avec des options de personnalisation, une gamme de tailles et la promesse d&#039;une livraison rapide, c&#039;est un ajout pr\u00e9cieux \u00e0 votre inventaire.<\/li>\n<li>Plongez dans le monde de la vente en gros avec cette pi\u00e8ce hors du commun. Commandez aujourd&#039;hui\u00a0!<\/li>\n<\/ul>","protected":false},"excerpt":{"rendered":"<p>Notre gilet de sudation de fitness sans manches, con\u00e7u pour les femmes recherchant une silhouette tonique. Fabriqu\u00e9 en spandex et en polyester, ce gilet de sauna gainant amplifie la production de transpiration, garantissant un entra\u00eenement efficace et une posture confiante.<\/p>","protected":false},"featured_media":2705,"comment_status":"open","ping_status":"closed","template":"","meta":{"site-sidebar-layout":"default","site-content-layout":"default","ast-site-content-layout":"default","site-content-style":"default","site-sidebar-style":"default","ast-global-header-display":"","ast-banner-title-visibility":"","ast-main-header-display":"","ast-hfb-above-header-display":"","ast-hfb-below-header-display":"","ast-hfb-mobile-header-display":"","site-post-title":"","ast-breadcrumbs-content":"","ast-featured-img":"","footer-sml-layout":"","ast-disable-related-posts":"","theme-transparent-header-meta":"default","adv-header-id-meta":"","stick-header-meta":"default","header-above-stick-meta":"","header-main-stick-meta":"","header-below-stick-meta":"","astra-migrate-meta-layouts":"set","ast-page-background-enabled":"default","ast-page-background-meta":{"desktop":{"background-color":"","background-image":"","background-repeat":"repeat","background-position":"center center","background-size":"auto","background-attachment":"scroll","background-type":"","background-media":"","overlay-type":"","overlay-color":"","overlay-opacity":"","overlay-gradient":""},"tablet":{"background-color":"","background-image":"","background-repeat":"repeat","background-position":"center center","background-size":"auto","background-attachment":"scroll","background-type":"","background-media":"","overlay-type":"","overlay-color":"","overlay-opacity":"","overlay-gradient":""},"mobile":{"background-color":"","background-image":"","background-repeat":"repeat","background-position":"center center","background-size":"auto","background-attachment":"scroll","background-type":"","background-media":"","overlay-type":"","overlay-color":"","overlay-opacity":"","overlay-gradient":""}},"ast-content-background-meta":{"desktop":{"background-color":"var(--ast-global-color-5)","background-image":"","background-repeat":"repeat","background-position":"center center","background-size":"auto","background-attachment":"scroll","background-type":"","background-media":"","overlay-type":"","overlay-color":"","overlay-opacity":"","overlay-gradient":""},"tablet":{"background-color":"var(--ast-global-color-5)","background-image":"","background-repeat":"repeat","background-position":"center center","background-size":"auto","background-attachment":"scroll","background-type":"","background-media":"","overlay-type":"","overlay-color":"","overlay-opacity":"","overlay-gradient":""},"mobile":{"background-color":"var(--ast-global-color-5)","background-image":"","background-repeat":"repeat","background-position":"center center","background-size":"auto","background-attachment":"scroll","background-type":"","background-media":"","overlay-type":"","overlay-color":"","overlay-opacity":"","overlay-gradient":""}}},"product_brand":[],"product_cat":[65,76,97,100],"product_tag":[141,213,633,185,184],"class_list":{"0":"post-2702","1":"product","2":"type-product","3":"status-publish","4":"has-post-thumbnail","6":"product_cat-best-sellers","7":"product_cat-new-arrivels","8":"product_cat-sauna-suit","9":"product_cat-sauna-tops","10":"product_tag-plus-size","11":"product_tag-sleeveless","12":"product_tag-sweat","13":"product_tag-workout","14":"product_tag-zipper","15":"pa_color-blue","16":"pa_color-sliver","17":"pa_size-4xl-5xl","18":"pa_size-l-xl","19":"pa_size-s-m","20":"pa_size-xxl-xxxl","21":"desktop-align-center","22":"tablet-align-left","23":"mobile-align-left","24":"ast-product-gallery-layout-horizontal-slider","25":"ast-product-single-variable","26":"ast-product-tabs-layout-horizontal","27":"ast-qv-on-image","29":"first","30":"instock","31":"shipping-taxable","32":"purchasable","33":"product-type-variable"},"tiered_pricing_type":"fixed","tiered_pricing_fixed_rules":{"2":3.42,"100":2.59,"500":3.2},"tiered_pricing_product_settings":{"layout":"default","base_unit_name":{"singular":null,"plural":null},"default_variation":{}},"tiered_pricing_minimum_quantity":null,"tiered_pricing_roles_data":[],"tiered_pricing_percentage_rules":[],"_links":{"self":[{"href":"https:\/\/yume-silm.com\/fr\/wp-json\/wp\/v2\/product\/2702","targetHints":{"allow":["GET"]}}],"collection":[{"href":"https:\/\/yume-silm.com\/fr\/wp-json\/wp\/v2\/product"}],"about":[{"href":"https:\/\/yume-silm.com\/fr\/wp-json\/wp\/v2\/types\/product"}],"replies":[{"embeddable":true,"href":"https:\/\/yume-silm.com\/fr\/wp-json\/wp\/v2\/comments?post=2702"}],"wp:featuredmedia":[{"embeddable":true,"href":"https:\/\/yume-silm.com\/fr\/wp-json\/wp\/v2\/media\/2705"}],"wp:attachment":[{"href":"https:\/\/yume-silm.com\/fr\/wp-json\/wp\/v2\/media?parent=2702"}],"wp:term":[{"taxonomy":"product_brand","embeddable":true,"href":"https:\/\/yume-silm.com\/fr\/wp-json\/wp\/v2\/product_brand?post=2702"},{"taxonomy":"product_cat","embeddable":true,"href":"https:\/\/yume-silm.com\/fr\/wp-json\/wp\/v2\/product_cat?post=2702"},{"taxonomy":"product_tag","embeddable":true,"href":"https:\/\/yume-silm.com\/fr\/wp-json\/wp\/v2\/product_tag?post=2702"}],"curies":[{"name":"wp","href":"https:\/\/api.w.org\/{rel}","templated":true}]}}