{"id":2710,"date":"2023-05-13T06:38:16","date_gmt":"2023-05-13T06:38:16","guid":{"rendered":"https:\/\/yume-silm.com\/?post_type=product&#038;p=2710"},"modified":"2024-06-11T03:38:07","modified_gmt":"2024-06-11T03:38:07","slug":"homme-gilet-amincissant-gilet-de-compression-controle-de-labdomen-tank-top","status":"publish","type":"product","link":"https:\/\/yume-silm.com\/fr\/produit\/homme-gilet-amincissant-gilet-de-compression-controle-de-labdomen-tank-top\/","title":{"rendered":"Vente en gros Chemise De Compression Gilet Shapewear Pour Hommes"},"content":{"rendered":"<h5>Caract\u00e9ristiques de conception<\/h5>\n<ul>\n<li><strong>CONFORTABLE ET RESPIRANT\u00a0:<\/strong> Le d\u00e9bardeur shapewear pour hommes est fabriqu\u00e9 dans un mat\u00e9riau de haute qualit\u00e9, confortable et respirant pour garantir que vous ne vous sentirez pas mal \u00e0 l&#039;aise pendant longtemps.<\/li>\n<li><strong>CONCEPTION CORPORELANTE\u00a0:<\/strong> Notre maillot de corps gainant pour hommes aide \u00e0 comprimer l&#039;exc\u00e8s de graisse au niveau de la poitrine, de l&#039;abdomen et du dos pour un look plus d\u00e9fini et tonique.<\/li>\n<li><strong>\u00c9L\u00c9GANCE SANS COUTURE\u00a0:<\/strong> La conception sans couture de la chemise de compression shapewear pour hommes offre un look \u00e9l\u00e9gant sous les v\u00eatements, la rendant discr\u00e8te et polyvalente pour toutes les occasions.<\/li>\n<li><strong>POSTURE AM\u00c9LIOR\u00c9E\u00a0:<\/strong> Le body shapewear pour hommes offre un soutien aux muscles du haut du corps, aidant \u00e0 corriger la posture et \u00e0 r\u00e9duire la fatigue en position debout ou assise pendant de longues p\u00e9riodes.<\/li>\n<li><strong>POLYVALENCE OPTIMALE\u00a0:<\/strong> Nos meilleurs v\u00eatements gainants pour hommes conviennent aux entra\u00eenements, aux activit\u00e9s quotidiennes, au travail, aux voyages ou aux loisirs, garantissant un physique id\u00e9al tout en maintenant un mode de vie actif.<\/li>\n<\/ul>\n<h6><em>Gilet de compression sans couture pour hommes, contr\u00f4le abdominal<\/em><\/h6>\n<ul>\n<li>Notre d\u00e9bardeur de compression amincissant pour hommes est un m\u00e9lange parfait de style, de confort et de fonctionnalit\u00e9.<\/li>\n<li>Pour les grossistes cherchant \u00e0 proposer des produits haut de gamme en phase avec les tendances actuelles, cette chemise de compression shapewear gilet pour homme est un incontournable.<\/li>\n<li>Avec des options de personnalisation, une gamme de tailles et la promesse d&#039;une livraison rapide, c&#039;est un ajout pr\u00e9cieux \u00e0 votre inventaire.<\/li>\n<li>Plongez dans le monde de la vente en gros avec cette pi\u00e8ce hors du commun. Commandez aujourd&#039;hui\u00a0!<\/li>\n<\/ul>","protected":false},"excerpt":{"rendered":"<ul>\n<li>D\u00e9couvrez le pouvoir transformateur de notre chemise de compression pour homme.<\/li>\n<li>Fabriqu\u00e9 avec un m\u00e9lange de nylon et d&#039;\u00e9lasthanne, ce d\u00e9bardeur de compression \u00e9pouse parfaitement le torse, offrant un effet \u00e9l\u00e9gant et amincissant adapt\u00e9 aux entra\u00eenements et \u00e0 un usage quotidien.<\/li>\n<\/ul>","protected":false},"featured_media":2719,"comment_status":"open","ping_status":"closed","template":"","meta":{"site-sidebar-layout":"default","site-content-layout":"default","ast-site-content-layout":"default","site-content-style":"default","site-sidebar-style":"default","ast-global-header-display":"","ast-banner-title-visibility":"","ast-main-header-display":"","ast-hfb-above-header-display":"","ast-hfb-below-header-display":"","ast-hfb-mobile-header-display":"","site-post-title":"","ast-breadcrumbs-content":"","ast-featured-img":"","footer-sml-layout":"","ast-disable-related-posts":"","theme-transparent-header-meta":"default","adv-header-id-meta":"","stick-header-meta":"default","header-above-stick-meta":"","header-main-stick-meta":"","header-below-stick-meta":"","astra-migrate-meta-layouts":"set","ast-page-background-enabled":"default","ast-page-background-meta":{"desktop":{"background-color":"","background-image":"","background-repeat":"repeat","background-position":"center center","background-size":"auto","background-attachment":"scroll","background-type":"","background-media":"","overlay-type":"","overlay-color":"","overlay-opacity":"","overlay-gradient":""},"tablet":{"background-color":"","background-image":"","background-repeat":"repeat","background-position":"center center","background-size":"auto","background-attachment":"scroll","background-type":"","background-media":"","overlay-type":"","overlay-color":"","overlay-opacity":"","overlay-gradient":""},"mobile":{"background-color":"","background-image":"","background-repeat":"repeat","background-position":"center center","background-size":"auto","background-attachment":"scroll","background-type":"","background-media":"","overlay-type":"","overlay-color":"","overlay-opacity":"","overlay-gradient":""}},"ast-content-background-meta":{"desktop":{"background-color":"var(--ast-global-color-5)","background-image":"","background-repeat":"repeat","background-position":"center center","background-size":"auto","background-attachment":"scroll","background-type":"","background-media":"","overlay-type":"","overlay-color":"","overlay-opacity":"","overlay-gradient":""},"tablet":{"background-color":"var(--ast-global-color-5)","background-image":"","background-repeat":"repeat","background-position":"center center","background-size":"auto","background-attachment":"scroll","background-type":"","background-media":"","overlay-type":"","overlay-color":"","overlay-opacity":"","overlay-gradient":""},"mobile":{"background-color":"var(--ast-global-color-5)","background-image":"","background-repeat":"repeat","background-position":"center center","background-size":"auto","background-attachment":"scroll","background-type":"","background-media":"","overlay-type":"","overlay-color":"","overlay-opacity":"","overlay-gradient":""}}},"product_brand":[],"product_cat":[85,86],"product_tag":[148,134,214,185],"class_list":{"0":"post-2710","1":"product","2":"type-product","3":"status-publish","4":"has-post-thumbnail","6":"product_cat-wholesale-mens-shapewear","7":"product_cat-wholesale-men-sliming-vest","8":"product_tag-one-piece","9":"product_tag-tummy-tucker","10":"product_tag-waist-trainer","11":"product_tag-workout","12":"pa_color-black","13":"pa_color-white","14":"pa_size-l","15":"pa_size-m","16":"pa_size-s","17":"pa_size-xl","18":"pa_size-xxl","19":"desktop-align-center","20":"tablet-align-left","21":"mobile-align-left","22":"ast-product-gallery-layout-horizontal-slider","23":"ast-product-single-variable","24":"ast-product-tabs-layout-horizontal","25":"ast-qv-on-image","27":"first","28":"instock","29":"shipping-taxable","30":"purchasable","31":"product-type-variable"},"tiered_pricing_type":"fixed","tiered_pricing_fixed_rules":{"5":1.95,"50":1.81,"100":1.65},"tiered_pricing_product_settings":{"layout":"default","base_unit_name":{"singular":null,"plural":null},"default_variation":{}},"tiered_pricing_minimum_quantity":null,"tiered_pricing_roles_data":[],"tiered_pricing_percentage_rules":[],"_links":{"self":[{"href":"https:\/\/yume-silm.com\/fr\/wp-json\/wp\/v2\/product\/2710","targetHints":{"allow":["GET"]}}],"collection":[{"href":"https:\/\/yume-silm.com\/fr\/wp-json\/wp\/v2\/product"}],"about":[{"href":"https:\/\/yume-silm.com\/fr\/wp-json\/wp\/v2\/types\/product"}],"replies":[{"embeddable":true,"href":"https:\/\/yume-silm.com\/fr\/wp-json\/wp\/v2\/comments?post=2710"}],"wp:featuredmedia":[{"embeddable":true,"href":"https:\/\/yume-silm.com\/fr\/wp-json\/wp\/v2\/media\/2719"}],"wp:attachment":[{"href":"https:\/\/yume-silm.com\/fr\/wp-json\/wp\/v2\/media?parent=2710"}],"wp:term":[{"taxonomy":"product_brand","embeddable":true,"href":"https:\/\/yume-silm.com\/fr\/wp-json\/wp\/v2\/product_brand?post=2710"},{"taxonomy":"product_cat","embeddable":true,"href":"https:\/\/yume-silm.com\/fr\/wp-json\/wp\/v2\/product_cat?post=2710"},{"taxonomy":"product_tag","embeddable":true,"href":"https:\/\/yume-silm.com\/fr\/wp-json\/wp\/v2\/product_tag?post=2710"}],"curies":[{"name":"wp","href":"https:\/\/api.w.org\/{rel}","templated":true}]}}