{"id":2753,"date":"2023-05-13T10:25:44","date_gmt":"2023-05-13T10:25:44","guid":{"rendered":"https:\/\/yume-silm.com\/?post_type=product&#038;p=2753"},"modified":"2024-11-08T08:47:45","modified_gmt":"2024-11-08T08:47:45","slug":"lace-butt-lifter-2-en-1-bandage-wrap-waist-trainer-femmes","status":"publish","type":"product","link":"https:\/\/yume-silm.com\/fr\/produit\/lace-butt-lifter-2-en-1-bandage-wrap-waist-trainer-femmes\/","title":{"rendered":"Vente en gros de rehausseur de fesses en dentelle pour femmes\u00a0: entra\u00eeneur de taille enveloppant 2 en 1"},"content":{"rendered":"<h5>Caract\u00e9ristiques de conception<\/h5>\n<ul>\n<li><strong>AM\u00c9LIORER LA POSTURE\u00a0:<\/strong> L&#039;entra\u00eeneur taille haute grande taille aide \u00e0 entra\u00eener la coordination des muscles du bas du dos, \u00e0 am\u00e9liorer la posture du corps et \u00e0 soulager les maux de dos.<\/li>\n<li><strong>LIFTING DES FESSES\u00a0:<\/strong> Utilisez cet entra\u00eeneur de taille 2 en 1 pour un entra\u00eenement cibl\u00e9 qui fa\u00e7onne une belle taille et am\u00e9liore les courbes naturelles du corps.<\/li>\n<li><strong>CONCEPTION DE DENTELLE ET DE MAILLE\u00a0:<\/strong> La gaine amincissante Fajas allie style et fonctionnalit\u00e9, le design en dentelle ajoute une touche d&#039;\u00e9l\u00e9gance tout en assurant la respirabilit\u00e9.<\/li>\n<li><strong>QUALIT\u00c9 SUP\u00c9RIEURE:<\/strong> L&#039;entra\u00eeneur de taille 2 en 1 en n\u00e9opr\u00e8ne avec bandage amovible est fabriqu\u00e9 \u00e0 partir d&#039;un m\u00e9lange d&#039;\u00e9lasthanne et de polyester pour garantir durabilit\u00e9, flexibilit\u00e9 et confort lors du port.<\/li>\n<li><strong>CONFORT PERSONNALISABLE\u00a0:<\/strong> La conception des boutons enveloppants permet des ajustements au quotidien, et cette conception du short shapewear \u00e0 taille fine assure un ajustement confortable.<\/li>\n<\/ul>\n<h6><em>Short de modelage respirant pour entra\u00eeneur de taille, grande taille, contr\u00f4le du ventre\u00a0<\/em><\/h6>\n<ul>\n<li>Notre entra\u00eeneur de taille enveloppant 2 en 1 en dentelle pour femmes est un m\u00e9lange harmonieux de style, de confort et de fonctionnalit\u00e9.<\/li>\n<li>Pour les grossistes souhaitant proposer des produits haut de gamme en r\u00e9sonance avec les derni\u00e8res tendances, ce corset est indispensable.<\/li>\n<li>Avec des options de personnalisation, une gamme de tailles et la promesse d&#039;une livraison rapide, c&#039;est un ajout pr\u00e9cieux \u00e0 votre inventaire.<\/li>\n<li>Plongez dans le monde de la vente en gros avec cette pi\u00e8ce hors du commun. Commandez aujourd&#039;hui\u00a0!<\/li>\n<\/ul>","protected":false},"excerpt":{"rendered":"<p>Con\u00e7u avec un m\u00e9lange d&#039;\u00e9lasthanne et de polyester, ce corset gainant 2 en 1 offre la double fonction de rehausser les fesses tout en cintrant la taille, tout en assurant respirabilit\u00e9 et confort.<\/p>","protected":false},"featured_media":2765,"comment_status":"open","ping_status":"closed","template":"","meta":{"site-sidebar-layout":"default","site-content-layout":"default","ast-site-content-layout":"default","site-content-style":"default","site-sidebar-style":"default","ast-global-header-display":"","ast-banner-title-visibility":"","ast-main-header-display":"","ast-hfb-above-header-display":"","ast-hfb-below-header-display":"","ast-hfb-mobile-header-display":"","site-post-title":"","ast-breadcrumbs-content":"","ast-featured-img":"","footer-sml-layout":"","ast-disable-related-posts":"","theme-transparent-header-meta":"default","adv-header-id-meta":"","stick-header-meta":"default","header-above-stick-meta":"","header-main-stick-meta":"","header-below-stick-meta":"","astra-migrate-meta-layouts":"set","ast-page-background-enabled":"default","ast-page-background-meta":{"desktop":{"background-color":"","background-image":"","background-repeat":"repeat","background-position":"center center","background-size":"auto","background-attachment":"scroll","background-type":"","background-media":"","overlay-type":"","overlay-color":"","overlay-opacity":"","overlay-gradient":""},"tablet":{"background-color":"","background-image":"","background-repeat":"repeat","background-position":"center center","background-size":"auto","background-attachment":"scroll","background-type":"","background-media":"","overlay-type":"","overlay-color":"","overlay-opacity":"","overlay-gradient":""},"mobile":{"background-color":"","background-image":"","background-repeat":"repeat","background-position":"center center","background-size":"auto","background-attachment":"scroll","background-type":"","background-media":"","overlay-type":"","overlay-color":"","overlay-opacity":"","overlay-gradient":""}},"ast-content-background-meta":{"desktop":{"background-color":"var(--ast-global-color-5)","background-image":"","background-repeat":"repeat","background-position":"center center","background-size":"auto","background-attachment":"scroll","background-type":"","background-media":"","overlay-type":"","overlay-color":"","overlay-opacity":"","overlay-gradient":""},"tablet":{"background-color":"var(--ast-global-color-5)","background-image":"","background-repeat":"repeat","background-position":"center center","background-size":"auto","background-attachment":"scroll","background-type":"","background-media":"","overlay-type":"","overlay-color":"","overlay-opacity":"","overlay-gradient":""},"mobile":{"background-color":"var(--ast-global-color-5)","background-image":"","background-repeat":"repeat","background-position":"center center","background-size":"auto","background-attachment":"scroll","background-type":"","background-media":"","overlay-type":"","overlay-color":"","overlay-opacity":"","overlay-gradient":""}}},"product_brand":[],"product_cat":[65,76,90,94],"product_tag":[187,141,145,215,154],"class_list":{"0":"post-2753","1":"product","2":"type-product","3":"status-publish","4":"has-post-thumbnail","6":"product_cat-best-sellers","7":"product_cat-new-arrivels","8":"product_cat-wholesale-waist-trainer","9":"product_cat-n-in-1-waist-trainer","10":"product_tag-2-in-1","11":"product_tag-plus-size","12":"product_tag-sexy","13":"product_tag-snatched","14":"product_tag-with-hooks","15":"pa_color-black","16":"pa_size-4xl","17":"pa_size-5xl","18":"pa_size-6xl","19":"pa_size-l","20":"pa_size-m","21":"pa_size-s","22":"pa_size-xl","23":"pa_size-xxl","24":"pa_size-xxxl","25":"desktop-align-center","26":"tablet-align-left","27":"mobile-align-left","28":"ast-product-gallery-layout-horizontal-slider","29":"ast-product-single-variable","30":"ast-product-tabs-layout-horizontal","31":"ast-qv-on-image","33":"first","34":"instock","35":"shipping-taxable","36":"purchasable","37":"product-type-variable"},"tiered_pricing_type":"fixed","tiered_pricing_fixed_rules":{"5":11.5,"50":11.09,"100":10.25},"tiered_pricing_product_settings":{"layout":"default","base_unit_name":{"singular":null,"plural":null},"default_variation":{}},"tiered_pricing_minimum_quantity":null,"tiered_pricing_roles_data":[],"tiered_pricing_percentage_rules":[],"_links":{"self":[{"href":"https:\/\/yume-silm.com\/fr\/wp-json\/wp\/v2\/product\/2753","targetHints":{"allow":["GET"]}}],"collection":[{"href":"https:\/\/yume-silm.com\/fr\/wp-json\/wp\/v2\/product"}],"about":[{"href":"https:\/\/yume-silm.com\/fr\/wp-json\/wp\/v2\/types\/product"}],"replies":[{"embeddable":true,"href":"https:\/\/yume-silm.com\/fr\/wp-json\/wp\/v2\/comments?post=2753"}],"wp:featuredmedia":[{"embeddable":true,"href":"https:\/\/yume-silm.com\/fr\/wp-json\/wp\/v2\/media\/2765"}],"wp:attachment":[{"href":"https:\/\/yume-silm.com\/fr\/wp-json\/wp\/v2\/media?parent=2753"}],"wp:term":[{"taxonomy":"product_brand","embeddable":true,"href":"https:\/\/yume-silm.com\/fr\/wp-json\/wp\/v2\/product_brand?post=2753"},{"taxonomy":"product_cat","embeddable":true,"href":"https:\/\/yume-silm.com\/fr\/wp-json\/wp\/v2\/product_cat?post=2753"},{"taxonomy":"product_tag","embeddable":true,"href":"https:\/\/yume-silm.com\/fr\/wp-json\/wp\/v2\/product_tag?post=2753"}],"curies":[{"name":"wp","href":"https:\/\/api.w.org\/{rel}","templated":true}]}}