{"id":2778,"date":"2023-05-15T02:46:04","date_gmt":"2023-05-15T02:46:04","guid":{"rendered":"https:\/\/yume-silm.com\/?post_type=product&#038;p=2778"},"modified":"2024-05-11T03:48:38","modified_gmt":"2024-05-11T03:48:38","slug":"faja-25-courroie-de-taille-en-acier-osseuse-courroie-de-ventre-latex-courroie-de-taille","status":"publish","type":"product","link":"https:\/\/yume-silm.com\/fr\/produit\/faja-25-courroie-de-taille-en-acier-osseuse-courroie-de-ventre-latex-courroie-de-taille\/","title":{"rendered":"Ceinture d&#039;entra\u00eenement en latex en gros\u00a0:\u00a025 d\u00e9soss\u00e9s en acier"},"content":{"rendered":"<h5>Caract\u00e9ristiques de conception<\/h5>\n<ul>\n<li><strong>LATEX TR\u00c8S SOUPLE\u00a0:<\/strong> Cette ceinture d&#039;entra\u00eenement en latex est fabriqu\u00e9e en latex de haute qualit\u00e9 pour une extensibilit\u00e9 et une compressibilit\u00e9 optimales, affinant instantan\u00e9ment votre taille de 7 \u00e0 12 cm.<\/li>\n<li><strong>SOUTIEN SUP\u00c9RIEUR\u00a0:<\/strong> Le superbe contr\u00f4le de compression de 25 os en acier offre un soutien in\u00e9gal\u00e9 au bas du dos. Laissez cette ceinture serre-taille r\u00e9pondre aux besoins de votre silhouette courb\u00e9e. La ceinture anti-transpiration grande taille aide \u00e9galement \u00e0 am\u00e9liorer la posture et \u00e0 soulager les douleurs dans le bas du dos caus\u00e9es par un mode de vie s\u00e9dentaire.<\/li>\n<li><strong>CONFORT R\u00c9GLABLE\u00a0:<\/strong> Nos ceintures d&#039;entra\u00eenement anti-transpiration sont con\u00e7ues avec une boucle en acier innovante pour garantir un ajustement parfait et sont librement r\u00e9glables pour un confort optimal. Le mat\u00e9riau en latex de l&#039;entra\u00eeneur de taille pour hommes et femmes soulage un peu d&#039;inconfort d\u00fb au serrage instantan\u00e9.<\/li>\n<li><strong>DURABLE ET R\u00c9SISTANT \u00c0 L&#039;USURE\u00a0:<\/strong> Nos ceintures de fitness sont fabriqu\u00e9es en caoutchouc de tr\u00e8s bonne qualit\u00e9, qui peut \u00eatre utilis\u00e9 plusieurs fois pour une dur\u00e9e de vie longue et r\u00e9sistante \u00e0 l&#039;usure.<\/li>\n<li><strong>CHIFFRE DE SABLIER\u00a0:<\/strong> La ceinture d&#039;entra\u00eenement en latex aide \u00e0 cr\u00e9er une silhouette de sablier parfaite en quelques secondes seulement. Id\u00e9al pour obtenir des r\u00e9sultats de musculation et de perte de poids gr\u00e2ce \u00e0 l&#039;exercice ainsi qu&#039;\u00e0 une alimentation raisonnable.<\/li>\n<\/ul>\n<h6><em>Ceinture de sudation grande taille en latex, entra\u00eeneur de taille<\/em><\/h6>\n<ul>\n<li>Notre ceinture d&#039;entra\u00eenement de taille en latex avec d\u00e9soss\u00e9s en acier Faja 25 est un m\u00e9lange harmonieux de style, de confort et de fonctionnalit\u00e9. Pour les grossistes qui cherchent \u00e0 proposer des produits haut de gamme en phase avec les derni\u00e8res tendances, ce serre-joint est un incontournable.<\/li>\n<li>Avec des options de personnalisation, une gamme de tailles et la promesse d&#039;une livraison rapide, les baskets taille haute sont un ajout pr\u00e9cieux \u00e0 votre inventaire. Plongez dans le monde du commerce de gros avec cette pi\u00e8ce hors du commun. Commandez aujourd&#039;hui\u00a0!<\/li>\n<\/ul>","protected":false},"excerpt":{"rendered":"<p>D\u00e9couvrez le pouvoir transformateur de notre ceinture gainante en latex, con\u00e7ue pour les femmes recherchant une silhouette en sablier. Dot\u00e9 de 25 os en acier, ce cincher offre un maintien in\u00e9gal\u00e9, r\u00e9duisant instantan\u00e9ment le tour de taille tout en assurant le confort.<\/p>","protected":false},"featured_media":2783,"comment_status":"open","ping_status":"closed","template":"","meta":{"site-sidebar-layout":"default","site-content-layout":"default","ast-site-content-layout":"default","site-content-style":"default","site-sidebar-style":"default","ast-global-header-display":"","ast-banner-title-visibility":"","ast-main-header-display":"","ast-hfb-above-header-display":"","ast-hfb-below-header-display":"","ast-hfb-mobile-header-display":"","site-post-title":"","ast-breadcrumbs-content":"","ast-featured-img":"","footer-sml-layout":"","ast-disable-related-posts":"","theme-transparent-header-meta":"default","adv-header-id-meta":"","stick-header-meta":"default","header-above-stick-meta":"","header-main-stick-meta":"","header-below-stick-meta":"","astra-migrate-meta-layouts":"set","ast-page-background-enabled":"default","ast-page-background-meta":{"desktop":{"background-color":"","background-image":"","background-repeat":"repeat","background-position":"center center","background-size":"auto","background-attachment":"scroll","background-type":"","background-media":"","overlay-type":"","overlay-color":"","overlay-opacity":"","overlay-gradient":""},"tablet":{"background-color":"","background-image":"","background-repeat":"repeat","background-position":"center center","background-size":"auto","background-attachment":"scroll","background-type":"","background-media":"","overlay-type":"","overlay-color":"","overlay-opacity":"","overlay-gradient":""},"mobile":{"background-color":"","background-image":"","background-repeat":"repeat","background-position":"center center","background-size":"auto","background-attachment":"scroll","background-type":"","background-media":"","overlay-type":"","overlay-color":"","overlay-opacity":"","overlay-gradient":""}},"ast-content-background-meta":{"desktop":{"background-color":"var(--ast-global-color-5)","background-image":"","background-repeat":"repeat","background-position":"center center","background-size":"auto","background-attachment":"scroll","background-type":"","background-media":"","overlay-type":"","overlay-color":"","overlay-opacity":"","overlay-gradient":""},"tablet":{"background-color":"var(--ast-global-color-5)","background-image":"","background-repeat":"repeat","background-position":"center center","background-size":"auto","background-attachment":"scroll","background-type":"","background-media":"","overlay-type":"","overlay-color":"","overlay-opacity":"","overlay-gradient":""},"mobile":{"background-color":"var(--ast-global-color-5)","background-image":"","background-repeat":"repeat","background-position":"center center","background-size":"auto","background-attachment":"scroll","background-type":"","background-media":"","overlay-type":"","overlay-color":"","overlay-opacity":"","overlay-gradient":""}}},"product_brand":[],"product_cat":[65,76,90,93,96,92],"product_tag":[194,153,198,200,154],"class_list":{"0":"post-2778","1":"product","2":"type-product","3":"status-publish","4":"has-post-thumbnail","6":"product_cat-best-sellers","7":"product_cat-new-arrivels","8":"product_cat-wholesale-waist-trainer","9":"product_cat-wholesale-plus-size-waist-trainer","10":"product_cat-sweat-waist-trainer","11":"product_cat-wholesale-waist-girdle","12":"product_tag-adjustable","13":"product_tag-boned","14":"product_tag-hourglass","15":"product_tag-latex","16":"product_tag-with-hooks","17":"pa_color-beige","18":"pa_color-black","19":"pa_size-4xl","20":"pa_size-5xl","21":"pa_size-6xl","22":"pa_size-l","23":"pa_size-m","24":"pa_size-s","25":"pa_size-xl","26":"pa_size-xxl","27":"pa_size-xxxl","28":"desktop-align-center","29":"tablet-align-left","30":"mobile-align-left","31":"ast-product-gallery-layout-horizontal-slider","32":"ast-product-single-variable","33":"ast-product-tabs-layout-horizontal","34":"ast-qv-on-image","36":"first","37":"instock","38":"shipping-taxable","39":"purchasable","40":"product-type-variable"},"tiered_pricing_type":"fixed","tiered_pricing_fixed_rules":{"5":8.8,"50":8.47,"100":8.13},"tiered_pricing_product_settings":{"layout":"default","base_unit_name":{"singular":null,"plural":null},"default_variation":{}},"tiered_pricing_minimum_quantity":null,"tiered_pricing_roles_data":[],"tiered_pricing_percentage_rules":[],"_links":{"self":[{"href":"https:\/\/yume-silm.com\/fr\/wp-json\/wp\/v2\/product\/2778","targetHints":{"allow":["GET"]}}],"collection":[{"href":"https:\/\/yume-silm.com\/fr\/wp-json\/wp\/v2\/product"}],"about":[{"href":"https:\/\/yume-silm.com\/fr\/wp-json\/wp\/v2\/types\/product"}],"replies":[{"embeddable":true,"href":"https:\/\/yume-silm.com\/fr\/wp-json\/wp\/v2\/comments?post=2778"}],"wp:featuredmedia":[{"embeddable":true,"href":"https:\/\/yume-silm.com\/fr\/wp-json\/wp\/v2\/media\/2783"}],"wp:attachment":[{"href":"https:\/\/yume-silm.com\/fr\/wp-json\/wp\/v2\/media?parent=2778"}],"wp:term":[{"taxonomy":"product_brand","embeddable":true,"href":"https:\/\/yume-silm.com\/fr\/wp-json\/wp\/v2\/product_brand?post=2778"},{"taxonomy":"product_cat","embeddable":true,"href":"https:\/\/yume-silm.com\/fr\/wp-json\/wp\/v2\/product_cat?post=2778"},{"taxonomy":"product_tag","embeddable":true,"href":"https:\/\/yume-silm.com\/fr\/wp-json\/wp\/v2\/product_tag?post=2778"}],"curies":[{"name":"wp","href":"https:\/\/api.w.org\/{rel}","templated":true}]}}