{"id":2803,"date":"2023-05-15T03:32:50","date_gmt":"2023-05-15T03:32:50","guid":{"rendered":"https:\/\/yume-silm.com\/?post_type=product&#038;p=2803"},"modified":"2025-05-26T00:36:48","modified_gmt":"2025-05-26T00:36:48","slug":"ceinture-de-sudation-pour-femmes-ceinture-amincissante-ceinture-a-glissiere","status":"publish","type":"product","link":"https:\/\/yume-silm.com\/fr\/produit\/ceinture-de-sudation-pour-femmes-ceinture-amincissante-ceinture-a-glissiere\/","title":{"rendered":"Ceinture d&#039;entra\u00eenement \u00e0 la taille et fermeture \u00e9clair, vente en gros"},"content":{"rendered":"<ul>\n<li>\u00c9paississement double couche : le meilleur entra\u00eeneur de taille pour femme, con\u00e7u avec une double couche pour un soutien et une compression am\u00e9lior\u00e9s, cette ceinture d&#039;entra\u00eenement et cette fermeture \u00e9clair fa\u00e7onnent efficacement la courbe de votre corps.<\/li>\n<li>Port confortable : la ceinture Faja est fabriqu\u00e9e \u00e0 partir de mat\u00e9riaux doux et confortables en polyester et \u00e9lasthanne, elle s&#039;adapte aux courbes de votre corps, offrant un ajustement confortable.<\/li>\n<li>Design \u00e9l\u00e9gant : les entra\u00eenements avec un imprim\u00e9 l\u00e9opard \u00e0 la taille ajoutent une touche de mode, vous permettant de le porter comme sous-v\u00eatement ou comme accessoire \u00e9l\u00e9gant avec diverses tenues.<\/li>\n<li>Respirabilit\u00e9 am\u00e9lior\u00e9e : le mat\u00e9riau respirant Faja vous assure de rester \u00e0 l&#039;aise, m\u00eame lors d&#039;un port prolong\u00e9.<\/li>\n<li>Ajustement r\u00e9glable : entra\u00eeneur de taille pour femme avec sa haute plasticit\u00e9, vous pouvez ajuster l&#039;entra\u00eeneur de taille \u00e0 votre \u00e9tanch\u00e9it\u00e9 pr\u00e9f\u00e9r\u00e9e, assurant le meilleur ajustement et le meilleur effet de mise en forme.<\/li>\n<\/ul>\n<p>Notre entra\u00eeneur de taille Sweat pour femme est un m\u00e9lange parfait de style, de confort et de fonctionnalit\u00e9. Id\u00e9ale pour les grossistes cherchant \u00e0 proposer des produits haut de gamme en phase avec les tendances actuelles, cette ceinture gainante et fermeture \u00e9clair est un incontournable. Avec des options de personnalisation, une gamme de tailles et la promesse d&#039;une livraison rapide, c&#039;est un ajout pr\u00e9cieux \u00e0 votre inventaire. Plongez dans le monde du commerce de gros avec cette pi\u00e8ce hors du commun. Commandez aujourd&#039;hui\u00a0!<\/p>","protected":false},"excerpt":{"rendered":"<p>R\u00e9volutionnez votre routine d&#039;entra\u00eenement avec notre ceinture d&#039;entra\u00eenement et notre fermeture \u00e9clair pour femme. Cette ceinture amincissante pour entra\u00eeneurs de taille en gros est dot\u00e9e d&#039;une fermeture \u00e0 glissi\u00e8re pour un port facile, offrant un ajustement parfait qui am\u00e9liore vos courbes naturelles tout en favorisant la transpiration pour des r\u00e9sultats optimaux.<\/p>","protected":false},"featured_media":2805,"comment_status":"open","ping_status":"closed","template":"","meta":{"site-sidebar-layout":"default","site-content-layout":"default","ast-site-content-layout":"default","site-content-style":"default","site-sidebar-style":"default","ast-global-header-display":"","ast-banner-title-visibility":"","ast-main-header-display":"","ast-hfb-above-header-display":"","ast-hfb-below-header-display":"","ast-hfb-mobile-header-display":"","site-post-title":"","ast-breadcrumbs-content":"","ast-featured-img":"","footer-sml-layout":"","ast-disable-related-posts":"","theme-transparent-header-meta":"default","adv-header-id-meta":"","stick-header-meta":"default","header-above-stick-meta":"","header-main-stick-meta":"","header-below-stick-meta":"","astra-migrate-meta-layouts":"set","ast-page-background-enabled":"default","ast-page-background-meta":{"desktop":{"background-color":"","background-image":"","background-repeat":"repeat","background-position":"center center","background-size":"auto","background-attachment":"scroll","background-type":"","background-media":"","overlay-type":"","overlay-color":"","overlay-opacity":"","overlay-gradient":""},"tablet":{"background-color":"","background-image":"","background-repeat":"repeat","background-position":"center center","background-size":"auto","background-attachment":"scroll","background-type":"","background-media":"","overlay-type":"","overlay-color":"","overlay-opacity":"","overlay-gradient":""},"mobile":{"background-color":"","background-image":"","background-repeat":"repeat","background-position":"center center","background-size":"auto","background-attachment":"scroll","background-type":"","background-media":"","overlay-type":"","overlay-color":"","overlay-opacity":"","overlay-gradient":""}},"ast-content-background-meta":{"desktop":{"background-color":"var(--ast-global-color-5)","background-image":"","background-repeat":"repeat","background-position":"center center","background-size":"auto","background-attachment":"scroll","background-type":"","background-media":"","overlay-type":"","overlay-color":"","overlay-opacity":"","overlay-gradient":""},"tablet":{"background-color":"var(--ast-global-color-5)","background-image":"","background-repeat":"repeat","background-position":"center center","background-size":"auto","background-attachment":"scroll","background-type":"","background-media":"","overlay-type":"","overlay-color":"","overlay-opacity":"","overlay-gradient":""},"mobile":{"background-color":"var(--ast-global-color-5)","background-image":"","background-repeat":"repeat","background-position":"center center","background-size":"auto","background-attachment":"scroll","background-type":"","background-media":"","overlay-type":"","overlay-color":"","overlay-opacity":"","overlay-gradient":""}}},"product_brand":[],"product_cat":[65,76,90,92],"product_tag":[194,151,198,215,184],"class_list":{"0":"post-2803","1":"product","2":"type-product","3":"status-publish","4":"has-post-thumbnail","6":"product_cat-best-sellers","7":"product_cat-new-arrivels","8":"product_cat-wholesale-waist-trainer","9":"product_cat-wholesale-waist-girdle","10":"product_tag-adjustable","11":"product_tag-double-compression","12":"product_tag-hourglass","13":"product_tag-snatched","14":"product_tag-zipper","15":"pa_color-red","16":"pa_color-yellow","17":"pa_size-l","18":"pa_size-m","19":"pa_size-s","20":"pa_size-xl","21":"pa_size-xxl","22":"pa_size-xxxl","23":"desktop-align-center","24":"tablet-align-left","25":"mobile-align-left","26":"ast-product-gallery-layout-horizontal-slider","27":"ast-product-single-variable","28":"ast-product-tabs-layout-horizontal","29":"ast-qv-on-image","31":"first","32":"instock","33":"shipping-taxable","34":"purchasable","35":"product-type-variable"},"tiered_pricing_type":"fixed","tiered_pricing_fixed_rules":{"20":5.5,"200":5.1,"500":4.8},"tiered_pricing_product_settings":{"layout":"default","base_unit_name":{"singular":null,"plural":null},"default_variation":{}},"tiered_pricing_minimum_quantity":null,"tiered_pricing_roles_data":[],"tiered_pricing_percentage_rules":[],"_links":{"self":[{"href":"https:\/\/yume-silm.com\/fr\/wp-json\/wp\/v2\/product\/2803","targetHints":{"allow":["GET"]}}],"collection":[{"href":"https:\/\/yume-silm.com\/fr\/wp-json\/wp\/v2\/product"}],"about":[{"href":"https:\/\/yume-silm.com\/fr\/wp-json\/wp\/v2\/types\/product"}],"replies":[{"embeddable":true,"href":"https:\/\/yume-silm.com\/fr\/wp-json\/wp\/v2\/comments?post=2803"}],"wp:featuredmedia":[{"embeddable":true,"href":"https:\/\/yume-silm.com\/fr\/wp-json\/wp\/v2\/media\/2805"}],"wp:attachment":[{"href":"https:\/\/yume-silm.com\/fr\/wp-json\/wp\/v2\/media?parent=2803"}],"wp:term":[{"taxonomy":"product_brand","embeddable":true,"href":"https:\/\/yume-silm.com\/fr\/wp-json\/wp\/v2\/product_brand?post=2803"},{"taxonomy":"product_cat","embeddable":true,"href":"https:\/\/yume-silm.com\/fr\/wp-json\/wp\/v2\/product_cat?post=2803"},{"taxonomy":"product_tag","embeddable":true,"href":"https:\/\/yume-silm.com\/fr\/wp-json\/wp\/v2\/product_tag?post=2803"}],"curies":[{"name":"wp","href":"https:\/\/api.w.org\/{rel}","templated":true}]}}