{"id":2823,"date":"2023-05-15T06:02:03","date_gmt":"2023-05-15T06:02:03","guid":{"rendered":"https:\/\/yume-silm.com\/?post_type=product&#038;p=2823"},"modified":"2024-11-06T01:50:13","modified_gmt":"2024-11-06T01:50:13","slug":"grossiste-vetements-sans-couture-slip-pour-femmes-corps-a-poitrine-ouverte","status":"publish","type":"product","link":"https:\/\/yume-silm.com\/fr\/produit\/grossiste-vetements-sans-couture-slip-pour-femmes-corps-a-poitrine-ouverte\/","title":{"rendered":"Vente en gros de Shapewear sans couture \u00e0 buste ouvert pour femmes avec slips en dentelle"},"content":{"rendered":"<h5>Caract\u00e9ristiques de conception<\/h5>\n<ul>\n<li><strong>CONCEPTION SANS COUTURE\u00a0:<\/strong> Cette robe moulante est bien con\u00e7ue pour garantir l&#039;absence de lignes ou de renflements visibles, et elle est parfaite pour correspondre \u00e0 n&#039;importe quelle tenue.<\/li>\n<li><strong>BUSTE OUVERT\u00a0:<\/strong> La meilleure robe shapewear de tous les jours offre la flexibilit\u00e9 de porter votre soutien-gorge pr\u00e9f\u00e9r\u00e9 pour garantir confort et ajustement.<\/li>\n<li><strong>COUVERTURE COMPL\u00c8TE DU CORPS\u00a0:<\/strong> Les robes gainantes lisses et extensibles offrent une forme compl\u00e8te, ciblant le ventre, la taille, les hanches et les cuisses pour un look \u00e9pur\u00e9.<\/li>\n<li><strong>Sangles r\u00e9glables\u00a0:<\/strong> La robe shapewear quotidienne peut \u00eatre personnalis\u00e9e avec des bretelles pour un ajustement parfait qui convient \u00e0 diff\u00e9rentes morphologies. Le shapewear ouvert sans couture avec des slips en dentelle vous apporte un confort in\u00e9gal\u00e9.<\/li>\n<li><strong>\u00c0 porter au quotidien :<\/strong> Notre robe gainante int\u00e9gr\u00e9e vous aide \u00e0 montrer votre confiance, que ce soit pour le travail quotidien ou pour sortir pour vous amuser, elle est tr\u00e8s pratique et peut rapidement montrer votre silhouette de sablier parfaite.<\/li>\n<\/ul>\n<h6><em>Robes de modelage du corps \u00e0 poitrine ouverte, sans couture et serr\u00e9es<\/em><\/h6>\n<ul>\n<li>Notre shapewear ouvert sans couture avec body en dentelle pour femme est un m\u00e9lange d&#039;\u00e9l\u00e9gance, de confort et de fonctionnalit\u00e9.<\/li>\n<li>Pour les grossistes souhaitant proposer des produits haut de gamme en r\u00e9sonance avec les derni\u00e8res tendances, ce body shaper est un incontournable.<\/li>\n<li>Avec des options de personnalisation, une gamme de tailles et la promesse d&#039;une livraison rapide, c&#039;est un ajout pr\u00e9cieux \u00e0 votre inventaire.<\/li>\n<li>Plongez dans le monde de la vente en gros avec cette pi\u00e8ce hors du commun. Commandez aujourd&#039;hui\u00a0!<\/li>\n<\/ul>","protected":false},"excerpt":{"rendered":"<p>Pr\u00e9sentation de notre shapewear sans couture \u00e0 buste ouvert avec des slips en dentelle pour femmes, con\u00e7us pour sculpter et am\u00e9liorer votre silhouette. Avec une fonction de poitrine ouverte, ce body shaper vous permet de l&#039;associer \u00e0 votre soutien-gorge pr\u00e9f\u00e9r\u00e9, assurant un ajustement personnalis\u00e9. Fabriqu\u00e9 en tissu respirant, il promet du confort tout en offrant des r\u00e9sultats transformateurs.<\/p>","protected":false},"featured_media":2828,"comment_status":"open","ping_status":"closed","template":"","meta":{"site-sidebar-layout":"default","site-content-layout":"default","ast-site-content-layout":"default","site-content-style":"default","site-sidebar-style":"default","ast-global-header-display":"","ast-banner-title-visibility":"","ast-main-header-display":"","ast-hfb-above-header-display":"","ast-hfb-below-header-display":"","ast-hfb-mobile-header-display":"","site-post-title":"","ast-breadcrumbs-content":"","ast-featured-img":"","footer-sml-layout":"","ast-disable-related-posts":"","theme-transparent-header-meta":"default","adv-header-id-meta":"","stick-header-meta":"default","header-above-stick-meta":"","header-main-stick-meta":"","header-below-stick-meta":"","astra-migrate-meta-layouts":"set","ast-page-background-enabled":"default","ast-page-background-meta":{"desktop":{"background-color":"","background-image":"","background-repeat":"repeat","background-position":"center center","background-size":"auto","background-attachment":"scroll","background-type":"","background-media":"","overlay-type":"","overlay-color":"","overlay-opacity":"","overlay-gradient":""},"tablet":{"background-color":"","background-image":"","background-repeat":"repeat","background-position":"center center","background-size":"auto","background-attachment":"scroll","background-type":"","background-media":"","overlay-type":"","overlay-color":"","overlay-opacity":"","overlay-gradient":""},"mobile":{"background-color":"","background-image":"","background-repeat":"repeat","background-position":"center center","background-size":"auto","background-attachment":"scroll","background-type":"","background-media":"","overlay-type":"","overlay-color":"","overlay-opacity":"","overlay-gradient":""}},"ast-content-background-meta":{"desktop":{"background-color":"var(--ast-global-color-5)","background-image":"","background-repeat":"repeat","background-position":"center center","background-size":"auto","background-attachment":"scroll","background-type":"","background-media":"","overlay-type":"","overlay-color":"","overlay-opacity":"","overlay-gradient":""},"tablet":{"background-color":"var(--ast-global-color-5)","background-image":"","background-repeat":"repeat","background-position":"center center","background-size":"auto","background-attachment":"scroll","background-type":"","background-media":"","overlay-type":"","overlay-color":"","overlay-opacity":"","overlay-gradient":""},"mobile":{"background-color":"var(--ast-global-color-5)","background-image":"","background-repeat":"repeat","background-position":"center center","background-size":"auto","background-attachment":"scroll","background-type":"","background-media":"","overlay-type":"","overlay-color":"","overlay-opacity":"","overlay-gradient":""}}},"product_brand":[],"product_cat":[65,76,77,79,78],"product_tag":[136,137,144,639],"class_list":{"0":"post-2823","1":"product","2":"type-product","3":"status-publish","4":"has-post-thumbnail","6":"product_cat-best-sellers","7":"product_cat-new-arrivels","8":"product_cat-wholesale-womens-shapewear","9":"product_cat-wholesale-seemless-shaperwear","10":"product_cat-wholesale-full-body-shaper","11":"product_tag-bridal","12":"product_tag-butt-lift","13":"product_tag-slip","14":"product_tag-tight-dresses","15":"pa_color-beige","16":"pa_color-black","17":"pa_size-l","18":"pa_size-m","19":"pa_size-s","20":"pa_size-xl","21":"pa_size-xxl","22":"pa_size-xxxl","23":"desktop-align-center","24":"tablet-align-left","25":"mobile-align-left","26":"ast-product-gallery-layout-horizontal-slider","27":"ast-product-single-variable","28":"ast-product-tabs-layout-horizontal","29":"ast-qv-on-image","31":"first","32":"instock","33":"shipping-taxable","34":"purchasable","35":"product-type-variable"},"tiered_pricing_type":"fixed","tiered_pricing_fixed_rules":{"5":7.5,"50":6.65,"100":5.15},"tiered_pricing_product_settings":{"layout":"default","base_unit_name":{"singular":null,"plural":null},"default_variation":{}},"tiered_pricing_minimum_quantity":null,"tiered_pricing_roles_data":[],"tiered_pricing_percentage_rules":[],"_links":{"self":[{"href":"https:\/\/yume-silm.com\/fr\/wp-json\/wp\/v2\/product\/2823","targetHints":{"allow":["GET"]}}],"collection":[{"href":"https:\/\/yume-silm.com\/fr\/wp-json\/wp\/v2\/product"}],"about":[{"href":"https:\/\/yume-silm.com\/fr\/wp-json\/wp\/v2\/types\/product"}],"replies":[{"embeddable":true,"href":"https:\/\/yume-silm.com\/fr\/wp-json\/wp\/v2\/comments?post=2823"}],"wp:featuredmedia":[{"embeddable":true,"href":"https:\/\/yume-silm.com\/fr\/wp-json\/wp\/v2\/media\/2828"}],"wp:attachment":[{"href":"https:\/\/yume-silm.com\/fr\/wp-json\/wp\/v2\/media?parent=2823"}],"wp:term":[{"taxonomy":"product_brand","embeddable":true,"href":"https:\/\/yume-silm.com\/fr\/wp-json\/wp\/v2\/product_brand?post=2823"},{"taxonomy":"product_cat","embeddable":true,"href":"https:\/\/yume-silm.com\/fr\/wp-json\/wp\/v2\/product_cat?post=2823"},{"taxonomy":"product_tag","embeddable":true,"href":"https:\/\/yume-silm.com\/fr\/wp-json\/wp\/v2\/product_tag?post=2823"}],"curies":[{"name":"wp","href":"https:\/\/api.w.org\/{rel}","templated":true}]}}