{"id":2846,"date":"2023-05-15T07:05:17","date_gmt":"2023-05-15T07:05:17","guid":{"rendered":"https:\/\/yume-silm.com\/?post_type=product&#038;p=2846"},"modified":"2025-09-23T01:28:47","modified_gmt":"2025-09-23T01:28:47","slug":"womens-shapewear-slip-with-built-in-bra-tummy-control-dress","status":"publish","type":"product","link":"https:\/\/yume-silm.com\/fr\/produit\/womens-shapewear-slip-with-built-in-bra-tummy-control-dress\/","title":{"rendered":"Robe gainante sans couture en gros avec soutien-gorge int\u00e9gr\u00e9 pour femmes"},"content":{"rendered":"<p>Caract\u00e9ristiques de conception<\/p>\n<ul>\n<li><strong>CONCEPTION SANS COUTURE\u00a0:<\/strong> Notre soutien-gorge habill\u00e9 est fabriqu\u00e9 \u00e0 partir d&#039;un tissu en maille respirant nouvellement am\u00e9lior\u00e9 qui garantit un aspect lisse et invisible sous vos v\u00eatements.<\/li>\n<li><strong>SOUTIEN-GORGE INT\u00c9GR\u00c9\u00a0:<\/strong> L&#039;anneau en acier de soutien sup\u00e9rieur du jupon gainant le ventre pour femme tire et rassemble efficacement les seins pour am\u00e9liorer votre forme naturelle.<\/li>\n<li><strong>Sangles r\u00e9glables\u00a0:<\/strong> Le slip complet pour femme est con\u00e7u pour s&#039;adapter \u00e0 votre corps \u00e0 l&#039;aide de bretelles facilement r\u00e9glables pour garantir un confort maximal.<\/li>\n<li><strong>USAGE POLYVALENT\u00a0:<\/strong> Nos robes gainantes int\u00e9gr\u00e9es sont parfaites pour toutes les occasions, des robes d\u00e9contract\u00e9es aux robes formelles, et m\u00eame pour un usage quotidien ou nocturne.<\/li>\n<li><strong>PLEINE FORME\u00a0:<\/strong> Une robe shapewear sans couture avec un soutien-gorge int\u00e9gr\u00e9 pour femme offre un contr\u00f4le du ventre, un soutien du dos et une silhouette amincissante, et ce jupon est votre choix de pr\u00e9dilection pour gagner en confiance.<\/li>\n<\/ul>\n<h6>Robe gainante de contr\u00f4le du ventre au quotidien pour femmes<\/h6>\n<ul>\n<li>Notre robe gainante sans couture avec soutien-gorge int\u00e9gr\u00e9 pour femme est un incontournable pour toute femme recherchant un m\u00e9lange de style, de confort et de fonctionnalit\u00e9.<\/li>\n<li>Id\u00e9al pour les grossistes qui cherchent \u00e0 proposer des gainants ventre de premier ordre, ce slip garantit un look impeccable sous n&#039;importe quelle tenue.<\/li>\n<li>Avec une gamme de tailles, des options personnalisables et une livraison rapide, c&#039;est un ajout pr\u00e9cieux \u00e0 votre inventaire.<\/li>\n<li>Plongez dans le monde de la vente en gros avec cette pi\u00e8ce hors du commun. Commandez aujourd&#039;hui\u00a0!<\/li>\n<\/ul>","protected":false},"excerpt":{"rendered":"<p>Adoptez l&#039;\u00e9l\u00e9gance et le confort avec notre robe shapewear sans couture avec soutien-gorge int\u00e9gr\u00e9 pour femme, dot\u00e9e d&#039;un soutien-gorge int\u00e9gr\u00e9 pour un soutien sans couture. Fabriqu\u00e9 \u00e0 partir de tissu en maille respirant, ce slip offre un contr\u00f4le du ventre, un soutien du dos et am\u00e9liore vos courbes naturelles, assurant un look impeccable sous n&#039;importe quelle tenue.<\/p>","protected":false},"featured_media":2862,"comment_status":"open","ping_status":"closed","template":"","meta":{"site-sidebar-layout":"default","site-content-layout":"default","ast-site-content-layout":"default","site-content-style":"default","site-sidebar-style":"default","ast-global-header-display":"","ast-banner-title-visibility":"","ast-main-header-display":"","ast-hfb-above-header-display":"","ast-hfb-below-header-display":"","ast-hfb-mobile-header-display":"","site-post-title":"","ast-breadcrumbs-content":"","ast-featured-img":"","footer-sml-layout":"","ast-disable-related-posts":"","theme-transparent-header-meta":"default","adv-header-id-meta":"","stick-header-meta":"default","header-above-stick-meta":"","header-main-stick-meta":"","header-below-stick-meta":"","astra-migrate-meta-layouts":"set","ast-page-background-enabled":"default","ast-page-background-meta":{"desktop":{"background-color":"","background-image":"","background-repeat":"repeat","background-position":"center center","background-size":"auto","background-attachment":"scroll","background-type":"","background-media":"","overlay-type":"","overlay-color":"","overlay-opacity":"","overlay-gradient":""},"tablet":{"background-color":"","background-image":"","background-repeat":"repeat","background-position":"center center","background-size":"auto","background-attachment":"scroll","background-type":"","background-media":"","overlay-type":"","overlay-color":"","overlay-opacity":"","overlay-gradient":""},"mobile":{"background-color":"","background-image":"","background-repeat":"repeat","background-position":"center center","background-size":"auto","background-attachment":"scroll","background-type":"","background-media":"","overlay-type":"","overlay-color":"","overlay-opacity":"","overlay-gradient":""}},"ast-content-background-meta":{"desktop":{"background-color":"var(--ast-global-color-5)","background-image":"","background-repeat":"repeat","background-position":"center center","background-size":"auto","background-attachment":"scroll","background-type":"","background-media":"","overlay-type":"","overlay-color":"","overlay-opacity":"","overlay-gradient":""},"tablet":{"background-color":"var(--ast-global-color-5)","background-image":"","background-repeat":"repeat","background-position":"center center","background-size":"auto","background-attachment":"scroll","background-type":"","background-media":"","overlay-type":"","overlay-color":"","overlay-opacity":"","overlay-gradient":""},"mobile":{"background-color":"var(--ast-global-color-5)","background-image":"","background-repeat":"repeat","background-position":"center center","background-size":"auto","background-attachment":"scroll","background-type":"","background-media":"","overlay-type":"","overlay-color":"","overlay-opacity":"","overlay-gradient":""}}},"product_brand":[],"product_cat":[65,76,77,79,78],"product_tag":[194,136,640,144],"class_list":{"0":"post-2846","1":"product","2":"type-product","3":"status-publish","4":"has-post-thumbnail","6":"product_cat-best-sellers","7":"product_cat-new-arrivels","8":"product_cat-wholesale-womens-shapewear","9":"product_cat-wholesale-seemless-shaperwear","10":"product_cat-wholesale-full-body-shaper","11":"product_tag-adjustable","12":"product_tag-bridal","13":"product_tag-shapewear-dress","14":"product_tag-slip","15":"pa_color-beige","16":"pa_color-black","17":"pa_size-l","18":"pa_size-m","19":"pa_size-s","20":"pa_size-xl","21":"pa_size-xxl","22":"desktop-align-center","23":"tablet-align-left","24":"mobile-align-left","25":"ast-product-gallery-layout-horizontal-slider","26":"ast-product-single-variable","27":"ast-product-tabs-layout-horizontal","28":"ast-qv-on-image","30":"first","31":"instock","32":"shipping-taxable","33":"purchasable","34":"product-type-variable"},"tiered_pricing_type":"fixed","tiered_pricing_fixed_rules":{"5":5.7,"50":5.5,"100":5.15},"tiered_pricing_product_settings":{"layout":"default","base_unit_name":{"singular":null,"plural":null},"default_variation":{}},"tiered_pricing_minimum_quantity":null,"tiered_pricing_roles_data":[],"tiered_pricing_percentage_rules":[],"_links":{"self":[{"href":"https:\/\/yume-silm.com\/fr\/wp-json\/wp\/v2\/product\/2846","targetHints":{"allow":["GET"]}}],"collection":[{"href":"https:\/\/yume-silm.com\/fr\/wp-json\/wp\/v2\/product"}],"about":[{"href":"https:\/\/yume-silm.com\/fr\/wp-json\/wp\/v2\/types\/product"}],"replies":[{"embeddable":true,"href":"https:\/\/yume-silm.com\/fr\/wp-json\/wp\/v2\/comments?post=2846"}],"wp:featuredmedia":[{"embeddable":true,"href":"https:\/\/yume-silm.com\/fr\/wp-json\/wp\/v2\/media\/2862"}],"wp:attachment":[{"href":"https:\/\/yume-silm.com\/fr\/wp-json\/wp\/v2\/media?parent=2846"}],"wp:term":[{"taxonomy":"product_brand","embeddable":true,"href":"https:\/\/yume-silm.com\/fr\/wp-json\/wp\/v2\/product_brand?post=2846"},{"taxonomy":"product_cat","embeddable":true,"href":"https:\/\/yume-silm.com\/fr\/wp-json\/wp\/v2\/product_cat?post=2846"},{"taxonomy":"product_tag","embeddable":true,"href":"https:\/\/yume-silm.com\/fr\/wp-json\/wp\/v2\/product_tag?post=2846"}],"curies":[{"name":"wp","href":"https:\/\/api.w.org\/{rel}","templated":true}]}}