{"id":2869,"date":"2023-05-16T02:28:15","date_gmt":"2023-05-16T02:28:15","guid":{"rendered":"https:\/\/yume-silm.com\/?post_type=product&#038;p=2869"},"modified":"2024-06-17T09:06:54","modified_gmt":"2024-06-17T09:06:54","slug":"mens-bodyshaper-seamless-shirt-tummy-control-slimmer-undershirt","status":"publish","type":"product","link":"https:\/\/yume-silm.com\/fr\/produit\/mens-bodyshaper-seamless-shirt-tummy-control-slimmer-undershirt\/","title":{"rendered":"Chemise shaper pour hommes en gros: maillot de corps plus mince pour le contr\u00f4le du ventre"},"content":{"rendered":"<h5>Caract\u00e9ristiques de conception<\/h5>\n<ul>\n<li><strong>MAT\u00c9RIAU DE QUALIT\u00c9 SUP\u00c9RIEURE\u00a0:<\/strong> Nos sous-v\u00eatements amincissants pour hommes sont faits d&#039;un m\u00e9lange de nylon et d&#039;\u00e9lasthanne, doux, respirant et extensible.<\/li>\n<li><strong>EXCELLENTE CONCEPTION\u00a0:<\/strong> Le gilet gainant sans manches rend votre poitrine et votre taille lisses et am\u00e9liore la forme g\u00e9n\u00e9rale de votre corps.<\/li>\n<li><strong>COMPRESSION ABDOMINALE\u00a0:<\/strong> La chemise de compression body shaper pour hommes resserre efficacement votre taille, votre abdomen et votre poitrine pour ajuster votre silhouette globale.<\/li>\n<li><strong>CONFORTABLE:<\/strong> Notre d\u00e9bardeur body shaper pour hommes vous permet de le porter toute la journ\u00e9e sans aucune g\u00eane, cr\u00e9ant des courbes confiantes et attrayantes.<\/li>\n<li><strong>PLUSIEURS COULEURS \u00c0 CHOISIR\u00a0:<\/strong> Le d\u00e9bardeur de compression pour sous-v\u00eatements gainant le ventre est disponible dans une large gamme de couleurs, la chemise body shaper pour hommes vous offre plus de choix pour votre usage quotidien.<\/li>\n<\/ul>\n<h6><em>Maillot de corps amincissant pour hommes, d\u00e9bardeur shapewear<\/em><\/h6>\n<ul>\n<li>Notre chemise Body Shaper pour hommes est un m\u00e9lange de style, de confort et de fonctionnalit\u00e9.<\/li>\n<li>Pour les grossistes qui cherchent \u00e0 proposer des produits haut de gamme en r\u00e9sonance avec les derni\u00e8res tendances, ce maillot de corps amincissant est un incontournable.<\/li>\n<li>Avec des options de personnalisation, une gamme de tailles et la promesse d&#039;une livraison rapide, c&#039;est un ajout pr\u00e9cieux \u00e0 votre inventaire.<\/li>\n<li>Plongez dans le monde de la vente en gros avec cette pi\u00e8ce hors du commun. Commandez aujourd&#039;hui\u00a0!<\/li>\n<\/ul>","protected":false},"excerpt":{"rendered":"<p>Renforcez votre confiance avec notre chemise body shaper pour hommes. Ce maillot de corps plus fin, con\u00e7u avec une fonction de contr\u00f4le du ventre, assure une silhouette \u00e9l\u00e9gante sous n&#039;importe quelle tenue. Fabriqu\u00e9 \u00e0 partir d&#039;un m\u00e9lange de nylon et d&#039;\u00e9lasthanne, il offre \u00e0 la fois confort et ajustement parfait.<\/p>","protected":false},"featured_media":2875,"comment_status":"open","ping_status":"closed","template":"","meta":{"site-sidebar-layout":"default","site-content-layout":"default","ast-site-content-layout":"default","site-content-style":"default","site-sidebar-style":"default","ast-global-header-display":"","ast-banner-title-visibility":"","ast-main-header-display":"","ast-hfb-above-header-display":"","ast-hfb-below-header-display":"","ast-hfb-mobile-header-display":"","site-post-title":"","ast-breadcrumbs-content":"","ast-featured-img":"","footer-sml-layout":"","ast-disable-related-posts":"","theme-transparent-header-meta":"default","adv-header-id-meta":"","stick-header-meta":"default","header-above-stick-meta":"","header-main-stick-meta":"","header-below-stick-meta":"","astra-migrate-meta-layouts":"set","ast-page-background-enabled":"default","ast-page-background-meta":{"desktop":{"background-color":"","background-image":"","background-repeat":"repeat","background-position":"center center","background-size":"auto","background-attachment":"scroll","background-type":"","background-media":"","overlay-type":"","overlay-color":"","overlay-opacity":"","overlay-gradient":""},"tablet":{"background-color":"","background-image":"","background-repeat":"repeat","background-position":"center center","background-size":"auto","background-attachment":"scroll","background-type":"","background-media":"","overlay-type":"","overlay-color":"","overlay-opacity":"","overlay-gradient":""},"mobile":{"background-color":"","background-image":"","background-repeat":"repeat","background-position":"center center","background-size":"auto","background-attachment":"scroll","background-type":"","background-media":"","overlay-type":"","overlay-color":"","overlay-opacity":"","overlay-gradient":""}},"ast-content-background-meta":{"desktop":{"background-color":"var(--ast-global-color-5)","background-image":"","background-repeat":"repeat","background-position":"center center","background-size":"auto","background-attachment":"scroll","background-type":"","background-media":"","overlay-type":"","overlay-color":"","overlay-opacity":"","overlay-gradient":""},"tablet":{"background-color":"var(--ast-global-color-5)","background-image":"","background-repeat":"repeat","background-position":"center center","background-size":"auto","background-attachment":"scroll","background-type":"","background-media":"","overlay-type":"","overlay-color":"","overlay-opacity":"","overlay-gradient":""},"mobile":{"background-color":"var(--ast-global-color-5)","background-image":"","background-repeat":"repeat","background-position":"center center","background-size":"auto","background-attachment":"scroll","background-type":"","background-media":"","overlay-type":"","overlay-color":"","overlay-opacity":"","overlay-gradient":""}}},"product_brand":[],"product_cat":[65,76,85,88],"product_tag":[135,136,148,134,185],"class_list":{"0":"post-2869","1":"product","2":"type-product","3":"status-publish","4":"has-post-thumbnail","6":"product_cat-best-sellers","7":"product_cat-new-arrivels","8":"product_cat-wholesale-mens-shapewear","9":"product_cat-wholesale-men-t-shirt-shaper","10":"product_tag-all-in-one","11":"product_tag-bridal","12":"product_tag-one-piece","13":"product_tag-tummy-tucker","14":"product_tag-workout","15":"pa_color-black","16":"pa_color-blue","17":"pa_color-gray","18":"pa_color-green","19":"pa_color-light-blue","20":"pa_color-orange","21":"pa_color-red","22":"pa_color-white","23":"pa_size-l","24":"pa_size-m","25":"pa_size-xl","26":"pa_size-xxl","27":"desktop-align-center","28":"tablet-align-left","29":"mobile-align-left","30":"ast-product-gallery-layout-horizontal-slider","31":"ast-product-single-variable","32":"ast-product-tabs-layout-horizontal","33":"ast-qv-on-image","35":"first","36":"instock","37":"shipping-taxable","38":"purchasable","39":"product-type-variable"},"tiered_pricing_type":"fixed","tiered_pricing_fixed_rules":{"5":7,"50":6.5,"200":6.3},"tiered_pricing_product_settings":{"layout":"default","base_unit_name":{"singular":null,"plural":null},"default_variation":{}},"tiered_pricing_minimum_quantity":null,"tiered_pricing_roles_data":[],"tiered_pricing_percentage_rules":[],"_links":{"self":[{"href":"https:\/\/yume-silm.com\/fr\/wp-json\/wp\/v2\/product\/2869","targetHints":{"allow":["GET"]}}],"collection":[{"href":"https:\/\/yume-silm.com\/fr\/wp-json\/wp\/v2\/product"}],"about":[{"href":"https:\/\/yume-silm.com\/fr\/wp-json\/wp\/v2\/types\/product"}],"replies":[{"embeddable":true,"href":"https:\/\/yume-silm.com\/fr\/wp-json\/wp\/v2\/comments?post=2869"}],"wp:featuredmedia":[{"embeddable":true,"href":"https:\/\/yume-silm.com\/fr\/wp-json\/wp\/v2\/media\/2875"}],"wp:attachment":[{"href":"https:\/\/yume-silm.com\/fr\/wp-json\/wp\/v2\/media?parent=2869"}],"wp:term":[{"taxonomy":"product_brand","embeddable":true,"href":"https:\/\/yume-silm.com\/fr\/wp-json\/wp\/v2\/product_brand?post=2869"},{"taxonomy":"product_cat","embeddable":true,"href":"https:\/\/yume-silm.com\/fr\/wp-json\/wp\/v2\/product_cat?post=2869"},{"taxonomy":"product_tag","embeddable":true,"href":"https:\/\/yume-silm.com\/fr\/wp-json\/wp\/v2\/product_tag?post=2869"}],"curies":[{"name":"wp","href":"https:\/\/api.w.org\/{rel}","templated":true}]}}