{"id":2964,"date":"2023-05-16T05:37:00","date_gmt":"2023-05-16T05:37:00","guid":{"rendered":"https:\/\/yume-silm.com\/?post_type=product&#038;p=2964"},"modified":"2024-11-08T08:57:31","modified_gmt":"2024-11-08T08:57:31","slug":"ceinture-de-musculation-3-en-1-ajustable-et-ultra-performante","status":"publish","type":"product","link":"https:\/\/yume-silm.com\/fr\/produit\/ceinture-de-musculation-3-en-1-ajustable-et-ultra-performante\/","title":{"rendered":"Ceinture d&#039;entra\u00eenement ajustable pour entra\u00eeneur de taille, vente en gros, stimulant la transpiration"},"content":{"rendered":"<h5>Caract\u00e9ristiques de conception<\/h5>\n<ul>\n<li><strong>MULTIFONCTIONNALIT\u00c9 3 EN 1\u00a0:<\/strong> Cette ceinture d&#039;entra\u00eenement r\u00e9glable qui stimule la transpiration r\u00e9pond au besoin de fa\u00e7onner l&#039;abdomen, la taille et les cuisses en m\u00eame temps, ce qui en fait un incontournable pour tous ceux qui recherchent un entra\u00eenement am\u00e9lior\u00e9.<\/li>\n<li><strong>AJUSTEMENT R\u00c9GLABLE\u00a0:<\/strong> La fonction r\u00e9glable de l&#039;entra\u00eeneur de taille multifonctionnel de yoga est tr\u00e8s pratique. Assurant un ajustement confortable pour tous les types de corps, c&#039;est un choix polyvalent pour tous.<\/li>\n<li><strong>FA\u00c7ONNEMENT DES JAMBES\u00a0:<\/strong> L&#039;entra\u00eeneur minceur des cuisses et de la taille offre un soutien suppl\u00e9mentaire pendant les entra\u00eenements, assure la stabilit\u00e9 et augmente la transpiration.<\/li>\n<li><strong>AM\u00c9LIORATION DE LA SUEUR\u00a0:<\/strong> La ceinture de perte de poids favorise la transpiration pour des r\u00e9sultats d&#039;entra\u00eenement optimaux et est un favori parmi les amateurs de fitness.<\/li>\n<li><strong>MAT\u00c9RIAU DE QUALIT\u00c9 SUP\u00c9RIEURE\u00a0:<\/strong> Cette ceinture amincissante pour la taille et les cuisses est fabriqu\u00e9e \u00e0 partir d&#039;un m\u00e9lange d&#039;\u00e9lasthanne et de nylon, qui est durable et confortable \u00e0 porter pendant de longues p\u00e9riodes.<\/li>\n<\/ul>\n<h6><em>Entra\u00eeneur de taille tr\u00e8s efficace pour contr\u00f4ler le ventre, fa\u00e7onner la taille et les cuisses.<\/em><\/h6>\n<ul>\n<li>Notre ceinture d&#039;entra\u00eenement r\u00e9glable 3 en 1 qui stimule la transpiration est un m\u00e9lange de style, de confort et de fonctionnalit\u00e9.<\/li>\n<li>Pour les grossistes qui cherchent \u00e0 proposer des produits haut de gamme en phase avec les derni\u00e8res tendances en mati\u00e8re de fitness, cette ceinture est un incontournable.<\/li>\n<li>Avec des options de personnalisation, une gamme de tailles et la promesse d&#039;une livraison rapide, c&#039;est un ajout pr\u00e9cieux \u00e0 votre inventaire.<\/li>\n<li>Plongez dans le monde de la vente en gros avec cette pi\u00e8ce hors du commun. Commandez aujourd&#039;hui\u00a0!<\/li>\n<\/ul>","protected":false},"excerpt":{"rendered":"<p>Am\u00e9liorez votre offre de remise en forme avec notre ceinture d&#039;entra\u00eenement r\u00e9glable 3 en 1 qui stimule la transpiration. Con\u00e7ue avec une fixation aux jambes, cette ceinture am\u00e9liore les entra\u00eenements en augmentant la production de transpiration, garantissant des r\u00e9sultats optimaux. Fabriqu\u00e9 \u00e0 partir d&#039;un m\u00e9lange d&#039;\u00e9lasthanne et de nylon, il promet durabilit\u00e9 et confort.<\/p>","protected":false},"featured_media":2977,"comment_status":"open","ping_status":"closed","template":"","meta":{"site-sidebar-layout":"default","site-content-layout":"default","ast-site-content-layout":"default","site-content-style":"default","site-sidebar-style":"default","ast-global-header-display":"","ast-banner-title-visibility":"","ast-main-header-display":"","ast-hfb-above-header-display":"","ast-hfb-below-header-display":"","ast-hfb-mobile-header-display":"","site-post-title":"","ast-breadcrumbs-content":"","ast-featured-img":"","footer-sml-layout":"","ast-disable-related-posts":"","theme-transparent-header-meta":"default","adv-header-id-meta":"","stick-header-meta":"default","header-above-stick-meta":"","header-main-stick-meta":"","header-below-stick-meta":"","astra-migrate-meta-layouts":"set","ast-page-background-enabled":"default","ast-page-background-meta":{"desktop":{"background-color":"","background-image":"","background-repeat":"repeat","background-position":"center center","background-size":"auto","background-attachment":"scroll","background-type":"","background-media":"","overlay-type":"","overlay-color":"","overlay-opacity":"","overlay-gradient":""},"tablet":{"background-color":"","background-image":"","background-repeat":"repeat","background-position":"center center","background-size":"auto","background-attachment":"scroll","background-type":"","background-media":"","overlay-type":"","overlay-color":"","overlay-opacity":"","overlay-gradient":""},"mobile":{"background-color":"","background-image":"","background-repeat":"repeat","background-position":"center center","background-size":"auto","background-attachment":"scroll","background-type":"","background-media":"","overlay-type":"","overlay-color":"","overlay-opacity":"","overlay-gradient":""}},"ast-content-background-meta":{"desktop":{"background-color":"var(--ast-global-color-5)","background-image":"","background-repeat":"repeat","background-position":"center center","background-size":"auto","background-attachment":"scroll","background-type":"","background-media":"","overlay-type":"","overlay-color":"","overlay-opacity":"","overlay-gradient":""},"tablet":{"background-color":"var(--ast-global-color-5)","background-image":"","background-repeat":"repeat","background-position":"center center","background-size":"auto","background-attachment":"scroll","background-type":"","background-media":"","overlay-type":"","overlay-color":"","overlay-opacity":"","overlay-gradient":""},"mobile":{"background-color":"var(--ast-global-color-5)","background-image":"","background-repeat":"repeat","background-position":"center center","background-size":"auto","background-attachment":"scroll","background-type":"","background-media":"","overlay-type":"","overlay-color":"","overlay-opacity":"","overlay-gradient":""}}},"product_brand":[],"product_cat":[94,65,76,90,96,92],"product_tag":[194,200,644,500,558,185],"class_list":{"0":"post-2964","1":"product","2":"type-product","3":"status-publish","4":"has-post-thumbnail","6":"product_cat-n-in-1-waist-trainer","7":"product_cat-best-sellers","8":"product_cat-new-arrivels","9":"product_cat-wholesale-waist-trainer","10":"product_cat-sweat-waist-trainer","11":"product_cat-wholesale-waist-girdle","12":"product_tag-adjustable","13":"product_tag-latex","14":"product_tag-leg-shaping","15":"product_tag-tummy-control","16":"product_tag-weight-loss","17":"product_tag-workout","18":"pa_color-black","19":"pa_color-pink","20":"pa_color-yellow","21":"pa_size-l-xl","22":"pa_size-s-m","23":"pa_size-xxl-xxxl","24":"desktop-align-center","25":"tablet-align-left","26":"mobile-align-left","27":"ast-product-gallery-layout-horizontal-slider","28":"ast-product-single-variable","29":"ast-product-tabs-layout-horizontal","30":"ast-qv-on-image","32":"first","33":"instock","34":"shipping-taxable","35":"purchasable","36":"product-type-variable"},"tiered_pricing_type":"fixed","tiered_pricing_fixed_rules":{"2":4.39,"50":4.09,"300":3.89},"tiered_pricing_product_settings":{"layout":"default","base_unit_name":{"singular":null,"plural":null},"default_variation":{}},"tiered_pricing_minimum_quantity":null,"tiered_pricing_roles_data":[],"tiered_pricing_percentage_rules":[],"_links":{"self":[{"href":"https:\/\/yume-silm.com\/fr\/wp-json\/wp\/v2\/product\/2964","targetHints":{"allow":["GET"]}}],"collection":[{"href":"https:\/\/yume-silm.com\/fr\/wp-json\/wp\/v2\/product"}],"about":[{"href":"https:\/\/yume-silm.com\/fr\/wp-json\/wp\/v2\/types\/product"}],"replies":[{"embeddable":true,"href":"https:\/\/yume-silm.com\/fr\/wp-json\/wp\/v2\/comments?post=2964"}],"wp:featuredmedia":[{"embeddable":true,"href":"https:\/\/yume-silm.com\/fr\/wp-json\/wp\/v2\/media\/2977"}],"wp:attachment":[{"href":"https:\/\/yume-silm.com\/fr\/wp-json\/wp\/v2\/media?parent=2964"}],"wp:term":[{"taxonomy":"product_brand","embeddable":true,"href":"https:\/\/yume-silm.com\/fr\/wp-json\/wp\/v2\/product_brand?post=2964"},{"taxonomy":"product_cat","embeddable":true,"href":"https:\/\/yume-silm.com\/fr\/wp-json\/wp\/v2\/product_cat?post=2964"},{"taxonomy":"product_tag","embeddable":true,"href":"https:\/\/yume-silm.com\/fr\/wp-json\/wp\/v2\/product_tag?post=2964"}],"curies":[{"name":"wp","href":"https:\/\/api.w.org\/{rel}","templated":true}]}}