{"id":2982,"date":"2023-05-16T05:52:50","date_gmt":"2023-05-16T05:52:50","guid":{"rendered":"https:\/\/yume-silm.com\/?post_type=product&#038;p=2982"},"modified":"2025-06-06T05:53:02","modified_gmt":"2025-06-06T05:53:02","slug":"ceinture-double-renfort-detachable-haute-elastique-3-en-1","status":"publish","type":"product","link":"https:\/\/yume-silm.com\/fr\/produit\/ceinture-double-renfort-detachable-haute-elastique-3-en-1\/","title":{"rendered":"Ceinture d&#039;entra\u00eenement de taille de jambe 3 en 1 d\u00e9tachable et hautement \u00e9lastique, vente en gros"},"content":{"rendered":"<h5>Caract\u00e9ristiques de conception<\/h5>\n<ul>\n<li><strong>MULTIFONCTIONNEL 3 EN 1\u00a0:<\/strong> La ceinture d&#039;entra\u00eenement de jambe 3 en 1 hautement \u00e9lastique et amovible peut r\u00e9pondre \u00e0 divers besoins, \u00e9largissant la couverture du march\u00e9 et augmentant le potentiel de vente.<\/li>\n<li><strong>HAUTE \u00c9LASTICIT\u00c9\u00a0:<\/strong> La ceinture de sudation amincissante pour la taille du body shaper est faite d&#039;un m\u00e9lange de nylon et d&#039;\u00e9lasthanne pour garantir un ajustement s\u00fbr et confortable pour tous les types de corps.<\/li>\n<li><strong>CONCEPTION D\u00c9TACHABLE\u00a0:<\/strong> La ceinture de compression double taille et cuisses offre la flexibilit\u00e9 n\u00e9cessaire pour r\u00e9pondre aux besoins uniques des clients et garantir leur satisfaction.<\/li>\n<li><strong>DOUBLE RENFORT :<\/strong> L&#039;entra\u00eeneur de taille et de soutien des jambes \u00e0 double compression offre un soutien et une durabilit\u00e9 sup\u00e9rieurs, am\u00e9liorant ainsi votre r\u00e9putation de produits de haute qualit\u00e9.<\/li>\n<li><strong>ENTRA\u00ceNEMENT AM\u00c9LIOR\u00c9\u00a0:<\/strong> Notre gamme de baskets 3 en 1 pour cuisses, fesses et taille pour femmes est con\u00e7ue pour r\u00e9pondre aux besoins changeants du march\u00e9 du fitness, permettant \u00e0 votre entreprise d&#039;augmenter ses ventes et ses b\u00e9n\u00e9fices.<\/li>\n<\/ul>\n<h6><em>Ceinture coupe-taille et cuisses 3 en 1 avec bandeau anti-transpiration amincissant pour hommes et femmes<\/em><\/h6>\n<ul>\n<li>Notre ceinture d&#039;entra\u00eenement 3 en 1 hautement \u00e9lastique et amovible pour les jambes est un m\u00e9lange de style, de confort et de fonctionnalit\u00e9.<\/li>\n<li>Pour les grossistes qui cherchent \u00e0 proposer des produits haut de gamme qui correspondent aux derni\u00e8res tendances en mati\u00e8re de fitness, cet entra\u00eeneur de taille 3 en 1, coupe-cuisses et rehausseur de fesses est un incontournable.<\/li>\n<li>Avec des options de personnalisation, une gamme de tailles et la promesse d&#039;une livraison rapide, c&#039;est un ajout pr\u00e9cieux \u00e0 votre inventaire.<\/li>\n<li>Plongez dans le monde de la vente en gros avec cette pi\u00e8ce hors du commun. Commandez aujourd&#039;hui\u00a0!<\/li>\n<\/ul>","protected":false},"excerpt":{"rendered":"<p>Pr\u00e9sentation de notre ceinture d&#039;entra\u00eenement de jambe 3 en 1 hautement \u00e9lastique et amovible pour hommes. Avec sa conception double renforc\u00e9e, cette ceinture promet une flexibilit\u00e9 et un maintien am\u00e9lior\u00e9. Fabriqu\u00e9 \u00e0 partir d&#039;un m\u00e9lange de nylon et d&#039;\u00e9lasthanne, c&#039;est le compl\u00e9ment parfait \u00e0 tout entra\u00eenement ou routine quotidienne, garantissant un confort et des r\u00e9sultats sup\u00e9rieurs.<\/p>","protected":false},"featured_media":2990,"comment_status":"open","ping_status":"closed","template":"","meta":{"site-sidebar-layout":"default","site-content-layout":"default","ast-site-content-layout":"default","site-content-style":"default","site-sidebar-style":"default","ast-global-header-display":"","ast-banner-title-visibility":"","ast-main-header-display":"","ast-hfb-above-header-display":"","ast-hfb-below-header-display":"","ast-hfb-mobile-header-display":"","site-post-title":"","ast-breadcrumbs-content":"","ast-featured-img":"","footer-sml-layout":"","ast-disable-related-posts":"","theme-transparent-header-meta":"default","adv-header-id-meta":"","stick-header-meta":"default","header-above-stick-meta":"","header-main-stick-meta":"","header-below-stick-meta":"","astra-migrate-meta-layouts":"set","ast-page-background-enabled":"default","ast-page-background-meta":{"desktop":{"background-color":"","background-image":"","background-repeat":"repeat","background-position":"center center","background-size":"auto","background-attachment":"scroll","background-type":"","background-media":"","overlay-type":"","overlay-color":"","overlay-opacity":"","overlay-gradient":""},"tablet":{"background-color":"","background-image":"","background-repeat":"repeat","background-position":"center center","background-size":"auto","background-attachment":"scroll","background-type":"","background-media":"","overlay-type":"","overlay-color":"","overlay-opacity":"","overlay-gradient":""},"mobile":{"background-color":"","background-image":"","background-repeat":"repeat","background-position":"center center","background-size":"auto","background-attachment":"scroll","background-type":"","background-media":"","overlay-type":"","overlay-color":"","overlay-opacity":"","overlay-gradient":""}},"ast-content-background-meta":{"desktop":{"background-color":"var(--ast-global-color-5)","background-image":"","background-repeat":"repeat","background-position":"center center","background-size":"auto","background-attachment":"scroll","background-type":"","background-media":"","overlay-type":"","overlay-color":"","overlay-opacity":"","overlay-gradient":""},"tablet":{"background-color":"var(--ast-global-color-5)","background-image":"","background-repeat":"repeat","background-position":"center center","background-size":"auto","background-attachment":"scroll","background-type":"","background-media":"","overlay-type":"","overlay-color":"","overlay-opacity":"","overlay-gradient":""},"mobile":{"background-color":"var(--ast-global-color-5)","background-image":"","background-repeat":"repeat","background-position":"center center","background-size":"auto","background-attachment":"scroll","background-type":"","background-media":"","overlay-type":"","overlay-color":"","overlay-opacity":"","overlay-gradient":""}}},"product_brand":[],"product_cat":[65,76,90,94],"product_tag":[643,194,151,644,500,185],"class_list":{"0":"post-2982","1":"product","2":"type-product","3":"status-publish","4":"has-post-thumbnail","6":"product_cat-best-sellers","7":"product_cat-new-arrivels","8":"product_cat-wholesale-waist-trainer","9":"product_cat-n-in-1-waist-trainer","10":"product_tag-3-in-1","11":"product_tag-adjustable","12":"product_tag-double-compression","13":"product_tag-leg-shaping","14":"product_tag-tummy-control","15":"product_tag-workout","16":"pa_color-black","17":"pa_color-red","18":"pa_size-l-xl","19":"pa_size-s-m","20":"pa_size-xxl-xxxl","21":"desktop-align-center","22":"tablet-align-left","23":"mobile-align-left","24":"ast-product-gallery-layout-horizontal-slider","25":"ast-product-single-variable","26":"ast-product-tabs-layout-horizontal","27":"ast-qv-on-image","29":"first","30":"instock","31":"shipping-taxable","32":"purchasable","33":"product-type-variable"},"tiered_pricing_type":"fixed","tiered_pricing_fixed_rules":{"2":7.29,"50":6.79,"200":6.29},"tiered_pricing_product_settings":{"layout":"default","base_unit_name":{"singular":null,"plural":null},"default_variation":{}},"tiered_pricing_minimum_quantity":null,"tiered_pricing_roles_data":[],"tiered_pricing_percentage_rules":[],"_links":{"self":[{"href":"https:\/\/yume-silm.com\/fr\/wp-json\/wp\/v2\/product\/2982","targetHints":{"allow":["GET"]}}],"collection":[{"href":"https:\/\/yume-silm.com\/fr\/wp-json\/wp\/v2\/product"}],"about":[{"href":"https:\/\/yume-silm.com\/fr\/wp-json\/wp\/v2\/types\/product"}],"replies":[{"embeddable":true,"href":"https:\/\/yume-silm.com\/fr\/wp-json\/wp\/v2\/comments?post=2982"}],"wp:featuredmedia":[{"embeddable":true,"href":"https:\/\/yume-silm.com\/fr\/wp-json\/wp\/v2\/media\/2990"}],"wp:attachment":[{"href":"https:\/\/yume-silm.com\/fr\/wp-json\/wp\/v2\/media?parent=2982"}],"wp:term":[{"taxonomy":"product_brand","embeddable":true,"href":"https:\/\/yume-silm.com\/fr\/wp-json\/wp\/v2\/product_brand?post=2982"},{"taxonomy":"product_cat","embeddable":true,"href":"https:\/\/yume-silm.com\/fr\/wp-json\/wp\/v2\/product_cat?post=2982"},{"taxonomy":"product_tag","embeddable":true,"href":"https:\/\/yume-silm.com\/fr\/wp-json\/wp\/v2\/product_tag?post=2982"}],"curies":[{"name":"wp","href":"https:\/\/api.w.org\/{rel}","templated":true}]}}