{"id":2997,"date":"2023-05-18T02:21:22","date_gmt":"2023-05-18T02:21:22","guid":{"rendered":"https:\/\/yume-silm.com\/?post_type=product&#038;p=2997"},"modified":"2024-06-18T07:53:58","modified_gmt":"2024-06-18T07:53:58","slug":"homme-haute-elasticite-maille-corps-complet-avec-crochets-5-couches","status":"publish","type":"product","link":"https:\/\/yume-silm.com\/fr\/produit\/homme-haute-elasticite-maille-corps-complet-avec-crochets-5-couches\/","title":{"rendered":"Vente en gros de v\u00eatements amincissants en maille hautement \u00e9lastique pour hommes"},"content":{"rendered":"<h5>Caract\u00e9ristiques de conception<\/h5>\n<ul>\n<li><strong>CROCHET 5 COUCHES\u00a0:<\/strong> offre un ajustement s\u00fbr et garantit que le v\u00eatement moulant complet en maille hautement \u00e9lastique pour hommes reste en place, augmentant ainsi la confiance de l&#039;utilisateur.<\/li>\n<li><strong>TR\u00c8S EXTENSIBLE\u00a0:<\/strong> Les body shapers \u00e0 compression sont fabriqu\u00e9s \u00e0 partir d&#039;un m\u00e9lange de nylon et d&#039;\u00e9lasthanne, offrant flexibilit\u00e9 et confort \u00e0 tous les types de corps.<\/li>\n<li><strong>MAT\u00c9RIEL DE MAILLE\u00a0:<\/strong> Le shaper complet pour hommes est respirant et l\u00e9ger pour un port prolong\u00e9, garantissant que le porteur reste frais et confortable.<\/li>\n<li><strong>COUVERTURE COMPL\u00c8TE DU CORPS\u00a0:<\/strong> Les meilleurs v\u00eatements amincissants pour hommes offrent un soutien complet, fa\u00e7onnent le corps et am\u00e9liorent la silhouette globale.<\/li>\n<li><strong>OPTIONS PERSONNALIS\u00c9ES\u00a0:<\/strong> Notre collection de v\u00eatements gainants pour hommes prend en charge les tailles, couleurs, styles, logos, emballages, \u00e9tiquettes, \u00e9tiquettes d&#039;entretien et bien plus encore pour garantir que vous r\u00e9pondez aux diff\u00e9rents besoins de vos clients.<\/li>\n<\/ul>\n<h6><em>Collants gainants sans manches pour hommes pour modeler le corps<\/em><\/h6>\n<ul>\n<li>En r\u00e9sum\u00e9, nos v\u00eatements gainants en maille hautement \u00e9lastique pour hommes sont un m\u00e9lange de style, de confort et de fonctionnalit\u00e9.<\/li>\n<li>Pour les grossistes souhaitant proposer des produits haut de gamme en phase avec les derni\u00e8res tendances, ce shaper complet Fajas pour hommes est un incontournable.<\/li>\n<li>Avec des options de personnalisation, une gamme de tailles et la promesse d&#039;une livraison rapide, c&#039;est un ajout pr\u00e9cieux \u00e0 votre inventaire.<\/li>\n<li>Plongez dans le monde de la vente en gros avec ce shaper complet sans manches pour hommes remarquable. Commandez aujourd&#039;hui\u00a0!<\/li>\n<li>Les body shapers grande taille pour hommes ajoutent plus d&#039;options.<\/li>\n<\/ul>","protected":false},"excerpt":{"rendered":"<p>Augmentez votre inventaire avec nos v\u00eatements gainants en maille hautement \u00e9lastique pour hommes. Dot\u00e9 d&#039;un design unique de crochets \u00e0 5 couches, ce shapewear assure un ajustement parfait, am\u00e9liorant le physique. Fabriqu\u00e9 \u00e0 partir d&#039;un m\u00e9lange de nylon et d&#039;\u00e9lasthanne, c&#039;est le choix parfait pour ceux qui recherchent confort et style.<\/p>","protected":false},"featured_media":3016,"comment_status":"open","ping_status":"closed","template":"","meta":{"site-sidebar-layout":"default","site-content-layout":"default","ast-site-content-layout":"default","site-content-style":"default","site-sidebar-style":"default","ast-global-header-display":"","ast-banner-title-visibility":"","ast-main-header-display":"","ast-hfb-above-header-display":"","ast-hfb-below-header-display":"","ast-hfb-mobile-header-display":"","site-post-title":"","ast-breadcrumbs-content":"","ast-featured-img":"","footer-sml-layout":"","ast-disable-related-posts":"","theme-transparent-header-meta":"default","adv-header-id-meta":"","stick-header-meta":"default","header-above-stick-meta":"","header-main-stick-meta":"","header-below-stick-meta":"","astra-migrate-meta-layouts":"set","ast-page-background-enabled":"default","ast-page-background-meta":{"desktop":{"background-color":"","background-image":"","background-repeat":"repeat","background-position":"center center","background-size":"auto","background-attachment":"scroll","background-type":"","background-media":"","overlay-type":"","overlay-color":"","overlay-opacity":"","overlay-gradient":""},"tablet":{"background-color":"","background-image":"","background-repeat":"repeat","background-position":"center center","background-size":"auto","background-attachment":"scroll","background-type":"","background-media":"","overlay-type":"","overlay-color":"","overlay-opacity":"","overlay-gradient":""},"mobile":{"background-color":"","background-image":"","background-repeat":"repeat","background-position":"center center","background-size":"auto","background-attachment":"scroll","background-type":"","background-media":"","overlay-type":"","overlay-color":"","overlay-opacity":"","overlay-gradient":""}},"ast-content-background-meta":{"desktop":{"background-color":"var(--ast-global-color-5)","background-image":"","background-repeat":"repeat","background-position":"center center","background-size":"auto","background-attachment":"scroll","background-type":"","background-media":"","overlay-type":"","overlay-color":"","overlay-opacity":"","overlay-gradient":""},"tablet":{"background-color":"var(--ast-global-color-5)","background-image":"","background-repeat":"repeat","background-position":"center center","background-size":"auto","background-attachment":"scroll","background-type":"","background-media":"","overlay-type":"","overlay-color":"","overlay-opacity":"","overlay-gradient":""},"mobile":{"background-color":"var(--ast-global-color-5)","background-image":"","background-repeat":"repeat","background-position":"center center","background-size":"auto","background-attachment":"scroll","background-type":"","background-media":"","overlay-type":"","overlay-color":"","overlay-opacity":"","overlay-gradient":""}}},"product_brand":[],"product_cat":[76,65,85,89],"product_tag":[135,141,134,154],"class_list":{"0":"post-2997","1":"product","2":"type-product","3":"status-publish","4":"has-post-thumbnail","6":"product_cat-new-arrivels","7":"product_cat-best-sellers","8":"product_cat-wholesale-mens-shapewear","9":"product_cat-wholesale-men-full-body-shaper","10":"product_tag-all-in-one","11":"product_tag-plus-size","12":"product_tag-tummy-tucker","13":"product_tag-with-hooks","14":"pa_color-beige","15":"pa_color-black","16":"pa_size-4xl","17":"pa_size-5xl","18":"pa_size-6xl","19":"pa_size-l","20":"pa_size-m","21":"pa_size-s","22":"pa_size-xl","23":"pa_size-xxl","24":"pa_size-xxxl","25":"desktop-align-center","26":"tablet-align-left","27":"mobile-align-left","28":"ast-product-gallery-layout-horizontal-slider","29":"ast-product-single-variable","30":"ast-product-tabs-layout-horizontal","31":"ast-qv-on-image","33":"first","34":"instock","35":"shipping-taxable","36":"purchasable","37":"product-type-variable"},"tiered_pricing_type":"fixed","tiered_pricing_fixed_rules":{"2":13.69,"50":11.29,"300":10.69},"tiered_pricing_product_settings":{"layout":"default","base_unit_name":{"singular":null,"plural":null},"default_variation":{}},"tiered_pricing_minimum_quantity":null,"tiered_pricing_roles_data":[],"tiered_pricing_percentage_rules":[],"_links":{"self":[{"href":"https:\/\/yume-silm.com\/fr\/wp-json\/wp\/v2\/product\/2997","targetHints":{"allow":["GET"]}}],"collection":[{"href":"https:\/\/yume-silm.com\/fr\/wp-json\/wp\/v2\/product"}],"about":[{"href":"https:\/\/yume-silm.com\/fr\/wp-json\/wp\/v2\/types\/product"}],"replies":[{"embeddable":true,"href":"https:\/\/yume-silm.com\/fr\/wp-json\/wp\/v2\/comments?post=2997"}],"wp:featuredmedia":[{"embeddable":true,"href":"https:\/\/yume-silm.com\/fr\/wp-json\/wp\/v2\/media\/3016"}],"wp:attachment":[{"href":"https:\/\/yume-silm.com\/fr\/wp-json\/wp\/v2\/media?parent=2997"}],"wp:term":[{"taxonomy":"product_brand","embeddable":true,"href":"https:\/\/yume-silm.com\/fr\/wp-json\/wp\/v2\/product_brand?post=2997"},{"taxonomy":"product_cat","embeddable":true,"href":"https:\/\/yume-silm.com\/fr\/wp-json\/wp\/v2\/product_cat?post=2997"},{"taxonomy":"product_tag","embeddable":true,"href":"https:\/\/yume-silm.com\/fr\/wp-json\/wp\/v2\/product_tag?post=2997"}],"curies":[{"name":"wp","href":"https:\/\/api.w.org\/{rel}","templated":true}]}}