{"id":3030,"date":"2023-05-18T03:37:35","date_gmt":"2023-05-18T03:37:35","guid":{"rendered":"https:\/\/yume-silm.com\/?post_type=product&#038;p=3030"},"modified":"2024-04-25T03:15:44","modified_gmt":"2024-04-25T03:15:44","slug":"homme-corps-entier-haute-elasticite-mailles-vetements-de-forme-avec-dos-croise","status":"publish","type":"product","link":"https:\/\/yume-silm.com\/fr\/produit\/homme-corps-entier-haute-elasticite-mailles-vetements-de-forme-avec-dos-croise\/","title":{"rendered":"Vente en gros de v\u00eatements amincissants en maille hautement \u00e9lastique pour hommes\u00a0: conception crois\u00e9e dans le dos"},"content":{"rendered":"<h5>Caract\u00e9ristiques de conception<\/h5>\n<ul>\n<li data-slate-node=\"element\"><span data-slate-node=\"text\"><span class=\"00\" data-slate-leaf=\"true\"><strong>V\u00eatement de modelage complet du corps\u00a0:<\/strong> Body shapewear complet pour hommes \u00e0 haute \u00e9lasticit\u00e9, disponible dans une vari\u00e9t\u00e9 de tailles, y compris S-6XL pour une s\u00e9lection gratuite. <\/span><\/span><span data-slate-node=\"text\"><span class=\"01\" data-slate-leaf=\"true\">Le body Fajas de grande taille pour tout le corps, gainant le ventre et les hanches, offre une solution de sculpture compl\u00e8te pour vous aider \u00e0 comprimer efficacement votre abdomen et votre taille tout en resserrant les muscles de vos cuisses pour un look g\u00e9n\u00e9ral plus \u00e9l\u00e9gant et plus confiant.<\/span><\/span><\/li>\n<li data-slate-node=\"element\"><span data-slate-node=\"text\"><span class=\"21\" data-slate-leaf=\"true\"><strong>MAILLE RESPIRANTE\u00a0:<\/strong> Les sous-v\u00eatements amincissants sans manches pour tout le corps pour hommes sont con\u00e7us avec une \u00e9lasticit\u00e9 \u00e9lev\u00e9e et une maille, confortable et respirante, vous permettant de vous d\u00e9tendre dans n&#039;importe quel sport, travail quotidien ou rendez-vous. <\/span><\/span><span data-slate-node=\"text\"><span class=\"22\" data-slate-leaf=\"true\">Coupe confortable, une vari\u00e9t\u00e9 de tailles sont parfaites pour les hommes attrayants de tous types de corps.<\/span><\/span><\/li>\n<li data-slate-node=\"element\" data-slate-fragment=\"JTVCJTdCJTIydHlwZSUyMiUzQSUyMnBhcmFncmFwaCUyMiUyQyUyMmNoaWxkcmVuJTIyJTNBJTVCJTdCJTIydGV4dCUyMiUzQSUyMkZVTEwlMjBCT0RZJTIwU0hBUEVXRUFSJTNBJTIwSGlnaC1lbGFzdGljJTIwbWVuJ3MlMjBmdWxsLWJvZHklMjBzaGFwZXdlYXIlMjBib2R5c3VpdCUyQyUyMGF2YWlsYWJsZSUyMGluJTIwYSUyMHZhcmlldHklMjBvZiUyMHNpemVzJTIwaW5jbHVkaW5nJTIwUy02WEwlMjBmb3IlMjBmcmVlJTIwc2VsZWN0aW9uLiUyMCUyMiUyQyUyMnNlbnRlbmNlJTIyJTNBMCUyQyUyMmNoaWxkU2VudGVuY2UlMjIlM0EwJTdEJTJDJTdCJTIydGV4dCUyMiUzQSUyMlBsdXMlMjBzaXplJTIwZmFqYXMlMjBmdWxsJTIwYm9keSUyMHNoYXBlciUyMHR1bW15JTIwY29udHJvbCUyMGxpZnQlMjBoaXAlMjBib2R5c3VpdCUyMG9mZmVycyUyMGElMjBjb21wcmVoZW5zaXZlJTIwc2N1bHB0aW5nJTIwc29sdXRpb24lMjB0byUyMGhlbHAlMjB5b3UlMjBlZmZlY3RpdmVseSUyMGNvbXByZXNzJTIweW91ciUyMGFiZG9tZW4lMjBhbmQlMjB3YWlzdCUyMHdoaWxlJTIwdGlnaHRlbmluZyUyMHlvdXIlMjB0aGlnaCUyMG11c2NsZXMlMjBmb3IlMjBhJTIwbW9yZSUyMHN0eWxpc2glMjBhbmQlMjBjb25maWRlbnQlMjBvdmVyYWxsJTIwbG9vay4lMjIlMkMlMjJzZW50ZW5jZSUyMiUzQTAlMkMlMjJjaGlsZFNlbnRlbmNlJTIyJTNBMSU3RCU1RCU3RCUyQyU3QiUyMnR5cGUlMjIlM0ElMjJwYXJhZ3JhcGglMjIlMkMlMjJjaGlsZHJlbiUyMiUzQSU1QiU3QiUyMnRleHQlMjIlM0ElMjIlMjIlMkMlMjJzZW50ZW5jZSUyMiUzQTElMkMlMjJjaGlsZFNlbnRlbmNlJTIyJTNBMSU3RCU1RCU3RCUyQyU3QiUyMnR5cGUlMjIlM0ElMjJwYXJhZ3JhcGglMjIlMkMlMjJjaGlsZHJlbiUyMiUzQSU1QiU3QiUyMnRleHQlMjIlM0ElMjJNRVNIJTIwQlJFQVRIQUJMRSUzQSUyME1lbidzJTIwc2xlZXZlbGVzcyUyMGZ1bGwtYm9keSUyMHNoYXBlciUyMHVuZGVyd2VhciUyMHNsaW1taW5nJTIwaXMlMjBkZXNpZ25lZCUyMHdpdGglMjBoaWdoJTIwZWxhc3RpY2l0eSUyMGFuZCUyMG1lc2glMkMlMjB3aGljaCUyMGlzJTIwY29tZm9ydGFibGUlMjBhbmQlMjBicmVhdGhhYmxlJTJDJTIwYWxsb3dpbmclMjB5b3UlMjB0byUyMHJlbGF4JTIwaW4lMjBhbnklMjBzcG9ydCUyMGRhaWx5JTIwd29yayUyQyUyMG9yJTIwZGF0aW5nLiUyMCUyMiUyQyUyMnNlbnRlbmNlJTIyJTNBMiUyQyUyMmNoaWxkU2VudGVuY2UlMjIlM0ExJTdEJTJDJTdCJTIydGV4dCUyMiUzQSUyMkNvbWZvcnRhYmxlJTIwZml0JTJDJTIwYSUyMHZhcmlldHklMjBvZiUyMHNpemVzJTIwYXJlJTIwcGVyZmVjdCUyMGZvciUyMGF0dHJhY3RpdmUlMjBtZW4lMjBvZiUyMGFsbCUyMGJvZHklMjB0eXBlcy4lMjIlMkMlMjJzZW50ZW5jZSUyMiUzQTIlMkMlMjJjaGlsZFNlbnRlbmNlJTIyJTNBMiU3RCU1RCU3RCUyQyU3QiUyMnR5cGUlMjIlM0ElMjJwYXJhZ3JhcGglMjIlMkMlMjJjaGlsZHJlbiUyMiUzQSU1QiU3QiUyMnRleHQlMjIlM0ElMjIlMjIlMkMlMjJzZW50ZW5jZSUyMiUzQTMlMkMlMjJjaGlsZFNlbnRlbmNlJTIyJTNBMSU3RCU1RCU3RCUyQyU3QiUyMnR5cGUlMjIlM0ElMjJwYXJhZ3JhcGglMjIlMkMlMjJjaGlsZHJlbiUyMiUzQSU1QiU3QiUyMnRleHQlMjIlM0ElMjJDT05WRU5JRU5UJTIwWklQUEVSJTNBJTIwT3VyJTIwYmVzdCUyMHNoYXBld2VhciUyMGZvciUyMG1lbiUyMGhhcyUyMGElMjB6aXBwZXIlMjBkZXNpZ24lMjB0byUyMGVuaGFuY2UlMjBlYXNlJTIwb2YlMjB1c2UlMkMlMjBtYWtpbmclMjBpdCUyMHZlcnklMjBlYXN5JTIwdG8lMjB3ZWFyJTIwYW5kJTIwdGFrZSUyMG9mZiUyQyUyMHNhdmluZyUyMHRpbWUuJTIyJTJDJTIyc2VudGVuY2UlMjIlM0E0JTJDJTIyY2hpbGRTZW50ZW5jZSUyMiUzQTElN0QlNUQlN0QlNUQ=\"><span data-slate-node=\"text\"><span class=\"41\" data-slate-leaf=\"true\"><strong>Fermeture \u00e9clair pratique\u00a0:<\/strong> Nos meilleurs v\u00eatements gainants pour hommes ont une conception \u00e0 fermeture \u00e9clair pour am\u00e9liorer la facilit\u00e9 d&#039;utilisation, ce qui les rend tr\u00e8s faciles \u00e0 porter et \u00e0 enlever, ce qui permet de gagner du temps.<\/span><\/span><\/li>\n<li><strong>CROIX DOS\u00a0:<\/strong> Le dos crois\u00e9 du body de compression pour homme apportera un maintien suppl\u00e9mentaire pour une silhouette plus d\u00e9gag\u00e9e.<\/li>\n<li><strong>LARGE BANDOULI\u00c8RE R\u00c9GLABLE\u00a0:<\/strong> Sous-v\u00eatements gainants sans manches pour hommes, conception \u00e0 large bandouli\u00e8re, ajout d&#039;une boucle \u00e0 crochet r\u00e9glable, non seulement facile \u00e0 adapter au corps, r\u00e9duit la contre-pression, r\u00e9duit la ligature de l&#039;\u00e9paule; mais aussi facile \u00e0 ajuster, \u00e0 porter et \u00e0 enlever, plus pratique, plus pratique et plus durable.<\/li>\n<li><strong>Entrejambe ouverte en forme de U\u00a0:<\/strong> Sous-v\u00eatements moulants pour hommes, la conception en forme de U offre un espace tr\u00e8s pratique pour les hommes. La conception en forme de \u00abU\u00bb est pratique pour la ventilation et la respirabilit\u00e9, elle ne sera pas \u00e9touffante et elle est tr\u00e8s pratique pour une utilisation dans la salle de bain.<\/li>\n<\/ul>\n<h6><em>Combinaison gainante compl\u00e8te \u00e0 haute compression pour hommes, grande taille, fajas<\/em><\/h6>\n<ul>\n<li>Nos v\u00eatements gainants en maille hautement \u00e9lastique pour hommes sont un m\u00e9lange de style, de confort et de fonctionnalit\u00e9. Pour les grossistes souhaitant proposer des produits haut de gamme en r\u00e9sonance avec les derni\u00e8res tendances, ce shaper dos \u00e0 \u00e9lastique crois\u00e9 est un incontournable.<\/li>\n<li>Avec des options de personnalisation, une gamme de tailles et la promesse d&#039;une livraison rapide, c&#039;est un ajout pr\u00e9cieux \u00e0 votre inventaire. Plongez dans le monde du commerce de gros avec cette pi\u00e8ce hors du commun. Commandez aujourd&#039;hui\u00a0!<\/li>\n<\/ul>","protected":false},"excerpt":{"rendered":"<ul>\n<li>Pr\u00e9sentation de notre corset r\u00e9glable et respirant en maille hautement \u00e9lastique pour hommes avec un design crois\u00e9 distinctif dans le dos.<\/li>\n<li>Fabriqu\u00e9 avec une fermeture \u00e9clair pratique et un renfort crois\u00e9 dans le dos, ce v\u00eatement gainant complet en maille hautement \u00e9lastique pour homme assure \u00e0 la fois confort et ajustement sup\u00e9rieur.<\/li>\n<li>Fabriqu\u00e9 \u00e0 partir d&#039;un m\u00e9lange de nylon et d&#039;\u00e9lasthanne, c&#039;est un excellent choix pour ceux qui recherchent un physique sculpt\u00e9.<\/li>\n<\/ul>","protected":false},"featured_media":3061,"comment_status":"open","ping_status":"closed","template":"","meta":{"site-sidebar-layout":"default","site-content-layout":"default","ast-site-content-layout":"default","site-content-style":"default","site-sidebar-style":"default","ast-global-header-display":"","ast-banner-title-visibility":"","ast-main-header-display":"","ast-hfb-above-header-display":"","ast-hfb-below-header-display":"","ast-hfb-mobile-header-display":"","site-post-title":"","ast-breadcrumbs-content":"","ast-featured-img":"","footer-sml-layout":"","ast-disable-related-posts":"","theme-transparent-header-meta":"default","adv-header-id-meta":"","stick-header-meta":"default","header-above-stick-meta":"","header-main-stick-meta":"","header-below-stick-meta":"","astra-migrate-meta-layouts":"set","ast-page-background-enabled":"default","ast-page-background-meta":{"desktop":{"background-color":"","background-image":"","background-repeat":"repeat","background-position":"center center","background-size":"auto","background-attachment":"scroll","background-type":"","background-media":"","overlay-type":"","overlay-color":"","overlay-opacity":"","overlay-gradient":""},"tablet":{"background-color":"","background-image":"","background-repeat":"repeat","background-position":"center center","background-size":"auto","background-attachment":"scroll","background-type":"","background-media":"","overlay-type":"","overlay-color":"","overlay-opacity":"","overlay-gradient":""},"mobile":{"background-color":"","background-image":"","background-repeat":"repeat","background-position":"center center","background-size":"auto","background-attachment":"scroll","background-type":"","background-media":"","overlay-type":"","overlay-color":"","overlay-opacity":"","overlay-gradient":""}},"ast-content-background-meta":{"desktop":{"background-color":"var(--ast-global-color-5)","background-image":"","background-repeat":"repeat","background-position":"center center","background-size":"auto","background-attachment":"scroll","background-type":"","background-media":"","overlay-type":"","overlay-color":"","overlay-opacity":"","overlay-gradient":""},"tablet":{"background-color":"var(--ast-global-color-5)","background-image":"","background-repeat":"repeat","background-position":"center center","background-size":"auto","background-attachment":"scroll","background-type":"","background-media":"","overlay-type":"","overlay-color":"","overlay-opacity":"","overlay-gradient":""},"mobile":{"background-color":"var(--ast-global-color-5)","background-image":"","background-repeat":"repeat","background-position":"center center","background-size":"auto","background-attachment":"scroll","background-type":"","background-media":"","overlay-type":"","overlay-color":"","overlay-opacity":"","overlay-gradient":""}}},"product_brand":[],"product_cat":[76,65,85,89],"product_tag":[135,137,147,498,141,184],"class_list":{"0":"post-3030","1":"product","2":"type-product","3":"status-publish","4":"has-post-thumbnail","6":"product_cat-new-arrivels","7":"product_cat-best-sellers","8":"product_cat-wholesale-mens-shapewear","9":"product_cat-wholesale-men-full-body-shaper","10":"product_tag-all-in-one","11":"product_tag-butt-lift","12":"product_tag-cross","13":"product_tag-full-body","14":"product_tag-plus-size","15":"product_tag-zipper","16":"pa_color-beige","17":"pa_color-black","18":"pa_size-4xl","19":"pa_size-5xl","20":"pa_size-6xl","21":"pa_size-l","22":"pa_size-m","23":"pa_size-s","24":"pa_size-xl","25":"pa_size-xxl","26":"pa_size-xxxl","27":"desktop-align-center","28":"tablet-align-left","29":"mobile-align-left","30":"ast-product-gallery-layout-horizontal-slider","31":"ast-product-single-variable","32":"ast-product-tabs-layout-horizontal","33":"ast-qv-on-image","35":"first","36":"instock","37":"shipping-taxable","38":"purchasable","39":"product-type-variable"},"tiered_pricing_type":"fixed","tiered_pricing_fixed_rules":{"2":16.99,"50":15.79,"300":13.19},"tiered_pricing_product_settings":{"layout":"default","base_unit_name":{"singular":null,"plural":null},"default_variation":{}},"tiered_pricing_minimum_quantity":null,"tiered_pricing_roles_data":[],"tiered_pricing_percentage_rules":[],"_links":{"self":[{"href":"https:\/\/yume-silm.com\/fr\/wp-json\/wp\/v2\/product\/3030","targetHints":{"allow":["GET"]}}],"collection":[{"href":"https:\/\/yume-silm.com\/fr\/wp-json\/wp\/v2\/product"}],"about":[{"href":"https:\/\/yume-silm.com\/fr\/wp-json\/wp\/v2\/types\/product"}],"replies":[{"embeddable":true,"href":"https:\/\/yume-silm.com\/fr\/wp-json\/wp\/v2\/comments?post=3030"}],"wp:featuredmedia":[{"embeddable":true,"href":"https:\/\/yume-silm.com\/fr\/wp-json\/wp\/v2\/media\/3061"}],"wp:attachment":[{"href":"https:\/\/yume-silm.com\/fr\/wp-json\/wp\/v2\/media?parent=3030"}],"wp:term":[{"taxonomy":"product_brand","embeddable":true,"href":"https:\/\/yume-silm.com\/fr\/wp-json\/wp\/v2\/product_brand?post=3030"},{"taxonomy":"product_cat","embeddable":true,"href":"https:\/\/yume-silm.com\/fr\/wp-json\/wp\/v2\/product_cat?post=3030"},{"taxonomy":"product_tag","embeddable":true,"href":"https:\/\/yume-silm.com\/fr\/wp-json\/wp\/v2\/product_tag?post=3030"}],"curies":[{"name":"wp","href":"https:\/\/api.w.org\/{rel}","templated":true}]}}