{"id":3064,"date":"2023-05-18T03:55:40","date_gmt":"2023-05-18T03:55:40","guid":{"rendered":"https:\/\/yume-silm.com\/?post_type=product&#038;p=3064"},"modified":"2024-08-27T07:25:48","modified_gmt":"2024-08-27T07:25:48","slug":"mens-high-elastic-mesh-full-body-shapewear-with-zipper","status":"publish","type":"product","link":"https:\/\/yume-silm.com\/fr\/produit\/mens-high-elastic-mesh-full-body-shapewear-with-zipper\/","title":{"rendered":"Vente en gros de v\u00eatements amincissants en maille hautement \u00e9lastique pour hommes"},"content":{"rendered":"<h5>Caract\u00e9ristiques de conception<\/h5>\n<ul>\n<li><b>Gaine amincissante pour tout le corps\u00a0:<\/b> S&#039;adresse \u00e0 un vaste march\u00e9, en diversifiant votre gamme de produits et en augmentant potentiellement vos ventes.<\/li>\n<li><b>Maille hautement \u00e9lastique\u00a0:<\/b> Offre un ajustement parfait et confortable, renfor\u00e7ant votre r\u00e9putation de qualit\u00e9 et de satisfaction client.<\/li>\n<li><b>Fermeture \u00e9clair et crochets pratiques :<\/b> Am\u00e9liore l&#039;ajustement et la facilit\u00e9 d&#039;utilisation, assurant un ajustement parfait sous n&#039;importe quel v\u00eatement.<\/li>\n<li><b>Conception sans engrenage\u00a0:<\/b> Assure un ajustement fluide et sans couture sous n&#039;importe quelle tenue, am\u00e9liorant ainsi le confort du porteur.<\/li>\n<li><b>Pilote de vente\u00a0:<\/b> Con\u00e7u pour r\u00e9pondre aux demandes changeantes du march\u00e9 des v\u00eatements gainants pour hommes, positionnant votre entreprise pour une croissance accrue des ventes.<\/li>\n<\/ul>\n<p>En r\u00e9sum\u00e9, notre sous-v\u00eatement moulant en maille hautement \u00e9lastique pour homme avec fermeture \u00e9clair est un m\u00e9lange de style, de confort et de fonctionnalit\u00e9. Pour les grossistes souhaitant proposer des produits haut de gamme qui correspondent aux derni\u00e8res tendances, ce sous-v\u00eatement moulant est un incontournable. Avec des options de personnalisation, une gamme de tailles et la promesse d&#039;une livraison rapide, c&#039;est un ajout pr\u00e9cieux \u00e0 votre inventaire. Plongez dans le monde de la vente en gros avec cette pi\u00e8ce exceptionnelle. Commandez d\u00e8s aujourd&#039;hui !<\/p>","protected":false},"excerpt":{"rendered":"<p>D\u00e9couvrez notre sous-v\u00eatement gainant pour homme en maille hautement \u00e9lastique avec fermeture \u00e9clair. Ce sous-v\u00eatement gainant, con\u00e7u avec un design sans engrenage, comporte \u00e0 la fois des fermetures \u00e0 glissi\u00e8re et des crochets pour plus de flexibilit\u00e9 et de confort. Fabriqu\u00e9 \u00e0 partir d&#039;un m\u00e9lange de nylon et d&#039;\u00e9lasthanne, c&#039;est le choix id\u00e9al pour ceux qui recherchent un physique sculpt\u00e9 sans compromettre le confort.<\/p>","protected":false},"featured_media":3092,"comment_status":"open","ping_status":"closed","template":"","meta":{"site-sidebar-layout":"default","site-content-layout":"default","ast-site-content-layout":"default","site-content-style":"default","site-sidebar-style":"default","ast-global-header-display":"","ast-banner-title-visibility":"","ast-main-header-display":"","ast-hfb-above-header-display":"","ast-hfb-below-header-display":"","ast-hfb-mobile-header-display":"","site-post-title":"","ast-breadcrumbs-content":"","ast-featured-img":"","footer-sml-layout":"","ast-disable-related-posts":"","theme-transparent-header-meta":"default","adv-header-id-meta":"","stick-header-meta":"default","header-above-stick-meta":"","header-main-stick-meta":"","header-below-stick-meta":"","astra-migrate-meta-layouts":"set","ast-page-background-enabled":"default","ast-page-background-meta":{"desktop":{"background-color":"","background-image":"","background-repeat":"repeat","background-position":"center center","background-size":"auto","background-attachment":"scroll","background-type":"","background-media":"","overlay-type":"","overlay-color":"","overlay-opacity":"","overlay-gradient":""},"tablet":{"background-color":"","background-image":"","background-repeat":"repeat","background-position":"center center","background-size":"auto","background-attachment":"scroll","background-type":"","background-media":"","overlay-type":"","overlay-color":"","overlay-opacity":"","overlay-gradient":""},"mobile":{"background-color":"","background-image":"","background-repeat":"repeat","background-position":"center center","background-size":"auto","background-attachment":"scroll","background-type":"","background-media":"","overlay-type":"","overlay-color":"","overlay-opacity":"","overlay-gradient":""}},"ast-content-background-meta":{"desktop":{"background-color":"var(--ast-global-color-5)","background-image":"","background-repeat":"repeat","background-position":"center center","background-size":"auto","background-attachment":"scroll","background-type":"","background-media":"","overlay-type":"","overlay-color":"","overlay-opacity":"","overlay-gradient":""},"tablet":{"background-color":"var(--ast-global-color-5)","background-image":"","background-repeat":"repeat","background-position":"center center","background-size":"auto","background-attachment":"scroll","background-type":"","background-media":"","overlay-type":"","overlay-color":"","overlay-opacity":"","overlay-gradient":""},"mobile":{"background-color":"var(--ast-global-color-5)","background-image":"","background-repeat":"repeat","background-position":"center center","background-size":"auto","background-attachment":"scroll","background-type":"","background-media":"","overlay-type":"","overlay-color":"","overlay-opacity":"","overlay-gradient":""}}},"product_brand":[],"product_cat":[65,76,85,89],"product_tag":[135,186,141,134,154,184],"class_list":{"0":"post-3064","1":"product","2":"type-product","3":"status-publish","4":"has-post-thumbnail","6":"product_cat-best-sellers","7":"product_cat-new-arrivels","8":"product_cat-wholesale-mens-shapewear","9":"product_cat-wholesale-men-full-body-shaper","10":"product_tag-all-in-one","11":"product_tag-padded","12":"product_tag-plus-size","13":"product_tag-tummy-tucker","14":"product_tag-with-hooks","15":"product_tag-zipper","16":"pa_color-beige","17":"pa_color-black","18":"pa_size-4xl","19":"pa_size-5xl","20":"pa_size-l","21":"pa_size-m","22":"pa_size-s","23":"pa_size-xl","24":"pa_size-xxl","25":"pa_size-xxxl","26":"desktop-align-center","27":"tablet-align-left","28":"mobile-align-left","29":"ast-product-gallery-layout-horizontal-slider","30":"ast-product-single-variable","31":"ast-product-tabs-layout-horizontal","32":"ast-qv-on-image","34":"first","35":"instock","36":"shipping-taxable","37":"purchasable","38":"product-type-variable"},"tiered_pricing_type":"fixed","tiered_pricing_fixed_rules":{"2":15.39,"50":14.39,"300":11.99},"tiered_pricing_product_settings":{"layout":"default","base_unit_name":{"singular":null,"plural":null},"default_variation":{}},"tiered_pricing_minimum_quantity":null,"tiered_pricing_roles_data":[],"tiered_pricing_percentage_rules":[],"_links":{"self":[{"href":"https:\/\/yume-silm.com\/fr\/wp-json\/wp\/v2\/product\/3064","targetHints":{"allow":["GET"]}}],"collection":[{"href":"https:\/\/yume-silm.com\/fr\/wp-json\/wp\/v2\/product"}],"about":[{"href":"https:\/\/yume-silm.com\/fr\/wp-json\/wp\/v2\/types\/product"}],"replies":[{"embeddable":true,"href":"https:\/\/yume-silm.com\/fr\/wp-json\/wp\/v2\/comments?post=3064"}],"wp:featuredmedia":[{"embeddable":true,"href":"https:\/\/yume-silm.com\/fr\/wp-json\/wp\/v2\/media\/3092"}],"wp:attachment":[{"href":"https:\/\/yume-silm.com\/fr\/wp-json\/wp\/v2\/media?parent=3064"}],"wp:term":[{"taxonomy":"product_brand","embeddable":true,"href":"https:\/\/yume-silm.com\/fr\/wp-json\/wp\/v2\/product_brand?post=3064"},{"taxonomy":"product_cat","embeddable":true,"href":"https:\/\/yume-silm.com\/fr\/wp-json\/wp\/v2\/product_cat?post=3064"},{"taxonomy":"product_tag","embeddable":true,"href":"https:\/\/yume-silm.com\/fr\/wp-json\/wp\/v2\/product_tag?post=3064"}],"curies":[{"name":"wp","href":"https:\/\/api.w.org\/{rel}","templated":true}]}}