{"id":3102,"date":"2023-05-18T11:01:13","date_gmt":"2023-05-18T11:01:13","guid":{"rendered":"https:\/\/yume-silm.com\/?post_type=product&#038;p=3102"},"modified":"2025-09-23T01:28:35","modified_gmt":"2025-09-23T01:28:35","slug":"veste-et-combinaison-femme-sauna-manches-longues-workout-body-shaper","status":"publish","type":"product","link":"https:\/\/yume-silm.com\/fr\/produit\/veste-et-combinaison-femme-sauna-manches-longues-workout-body-shaper\/","title":{"rendered":"Vestes et pantalons de sudation pour femmes, pour le sport et le sauna"},"content":{"rendered":"<h5>Caract\u00e9ristiques de conception<\/h5>\n<ul>\n<li><strong>CONCEPTION DE FERMETURE \u00c0 GLISSI\u00c8RE PRATIQUE\u00a0:<\/strong> L&#039;ensemble de sauna \u00e0 transpiration pour femmes adopte la conception \u00e0 fermeture \u00e9clair des v\u00eatements ordinaires, ce qui est tr\u00e8s pratique \u00e0 mettre et \u00e0 enlever, ce qui permet de gagner du temps. D\u00e9compressez et portez facilement, rapide et facile \u00e0 porter, plus pratique que les boutons traditionnels.<\/li>\n<li><strong>MAT\u00c9RIAU HAUTEMENT \u00c9LASTIQUE\u00a0:<\/strong> La haute \u00e9lasticit\u00e9 des combinaisons de sauna pour perdre du poids augmente le confort et l&#039;applicabilit\u00e9 du port. M\u00eame pendant un exercice \u00e0 long terme ou intense et complexe, pas de rayures ou autres probl\u00e8mes, am\u00e9liorant les performances physiques et le confort g\u00e9n\u00e9ral.<\/li>\n<li><strong>ACC\u00c9L\u00c9RER LA CHALEUR\u00a0:<\/strong> Fabriqu\u00e9 en n\u00e9opr\u00e8ne de haute qualit\u00e9, cet ensemble de combinaison de sudation de sauna d&#039;entra\u00eenement chaud peut vous aider \u00e0 maximiser votre exercice et \u00e0 augmenter votre taux de transpiration de 2,5 fois votre niveau habituel. Acc\u00e9l\u00e9rez la combustion des graisses, doublez l&#039;effet de l&#039;exercice et rendez votre corps plus sain, plus \u00e9l\u00e9gant et plus attrayant.<\/li>\n<li><strong>SANS COUTURE ET CONFORTABLE\u00a0:<\/strong> La conception sans couture des vestes et pantalons de sudation de sauna pour femmes les rend plus confortables \u00e0 porter et ne blesse pas la peau. Il s&#039;adapte \u00e0 chaque centim\u00e8tre carr\u00e9 de votre peau pour garantir un confort maximal et une plus grande efficacit\u00e9 de transpiration pendant l&#039;exercice.<\/li>\n<li><strong>IMPERM\u00c9ABLE ET ANTI-SALISSURE\u00a0:<\/strong> Les mat\u00e9riaux de haute qualit\u00e9 de nos meilleurs ensembles de sauna pour femmes nous permettent de les laver et de les entretenir plus facilement. Cette meilleure combinaison de sauna pour la perte de graisse reste s\u00e8che et propre m\u00eame dans des environnements humides ou sales, am\u00e9liorant ainsi le confort de l&#039;utilisateur pendant l&#039;exercice. Apr\u00e8s chaque utilisation, un nettoyage simple et courant suffit, ce qui est tr\u00e8s pratique.<\/li>\n<\/ul>\n<h6><em>V\u00eatements de sport serr\u00e9s pour femmes, entra\u00eenement, fitness, yoga, course \u00e0 pied, sauna<\/em><\/h6>\n<ul>\n<li>Nos vestes et pantalons de surv\u00eatement de sauna pour femmes sont un m\u00e9lange de style, de confort et de fonctionnalit\u00e9. Pour les grossistes qui cherchent \u00e0 proposer des produits haut de gamme qui correspondent aux derni\u00e8res tendances en mati\u00e8re de fitness, cette combinaison de sauna gainante est un incontournable.<\/li>\n<li>Avec des options de personnalisation, une gamme de tailles et la promesse d&#039;une livraison rapide, c&#039;est un ajout pr\u00e9cieux \u00e0 votre inventaire. Plongez dans le monde du commerce de gros avec cette pi\u00e8ce hors du commun. Commandez aujourd&#039;hui\u00a0!<\/li>\n<\/ul>","protected":false},"excerpt":{"rendered":"<ul>\n<li>Vestes et pantalons de sudation de sport pour le contr\u00f4le du ventre, style patchwork \u00e9l\u00e9gant.<\/li>\n<li>Adapt\u00e9 aux entra\u00eenements intenses. Taux de transpiration multipli\u00e9 par 2,5.<\/li>\n<\/ul>","protected":false},"featured_media":3109,"comment_status":"open","ping_status":"closed","template":"","meta":{"site-sidebar-layout":"default","site-content-layout":"default","ast-site-content-layout":"default","site-content-style":"default","site-sidebar-style":"default","ast-global-header-display":"","ast-banner-title-visibility":"","ast-main-header-display":"","ast-hfb-above-header-display":"","ast-hfb-below-header-display":"","ast-hfb-mobile-header-display":"","site-post-title":"","ast-breadcrumbs-content":"","ast-featured-img":"","footer-sml-layout":"","ast-disable-related-posts":"","theme-transparent-header-meta":"default","adv-header-id-meta":"","stick-header-meta":"default","header-above-stick-meta":"","header-main-stick-meta":"","header-below-stick-meta":"","astra-migrate-meta-layouts":"set","ast-page-background-enabled":"default","ast-page-background-meta":{"desktop":{"background-color":"","background-image":"","background-repeat":"repeat","background-position":"center center","background-size":"auto","background-attachment":"scroll","background-type":"","background-media":"","overlay-type":"","overlay-color":"","overlay-opacity":"","overlay-gradient":""},"tablet":{"background-color":"","background-image":"","background-repeat":"repeat","background-position":"center center","background-size":"auto","background-attachment":"scroll","background-type":"","background-media":"","overlay-type":"","overlay-color":"","overlay-opacity":"","overlay-gradient":""},"mobile":{"background-color":"","background-image":"","background-repeat":"repeat","background-position":"center center","background-size":"auto","background-attachment":"scroll","background-type":"","background-media":"","overlay-type":"","overlay-color":"","overlay-opacity":"","overlay-gradient":""}},"ast-content-background-meta":{"desktop":{"background-color":"var(--ast-global-color-5)","background-image":"","background-repeat":"repeat","background-position":"center center","background-size":"auto","background-attachment":"scroll","background-type":"","background-media":"","overlay-type":"","overlay-color":"","overlay-opacity":"","overlay-gradient":""},"tablet":{"background-color":"var(--ast-global-color-5)","background-image":"","background-repeat":"repeat","background-position":"center center","background-size":"auto","background-attachment":"scroll","background-type":"","background-media":"","overlay-type":"","overlay-color":"","overlay-opacity":"","overlay-gradient":""},"mobile":{"background-color":"var(--ast-global-color-5)","background-image":"","background-repeat":"repeat","background-position":"center center","background-size":"auto","background-attachment":"scroll","background-type":"","background-media":"","overlay-type":"","overlay-color":"","overlay-opacity":"","overlay-gradient":""}}},"product_brand":[],"product_cat":[65,97,102,98,99],"product_tag":[187,135,549,148,185,184],"class_list":{"0":"post-3102","1":"product","2":"type-product","3":"status-publish","4":"has-post-thumbnail","6":"product_cat-best-sellers","7":"product_cat-sauna-suit","8":"product_cat-full-body-sweat-suit","9":"product_cat-sauna-jacket","10":"product_cat-sauna-pants","11":"product_tag-2-in-1","12":"product_tag-all-in-one","13":"product_tag-gym","14":"product_tag-one-piece","15":"product_tag-workout","16":"product_tag-zipper","17":"pa_color-blue","18":"pa_color-silver","19":"pa_size-l","20":"pa_size-m","21":"pa_size-xl","22":"pa_size-xxl","23":"pa_size-xxxl","24":"desktop-align-center","25":"tablet-align-left","26":"mobile-align-left","27":"ast-product-gallery-layout-horizontal-slider","28":"ast-product-single-variable","29":"ast-product-tabs-layout-horizontal","30":"ast-qv-on-image","32":"first","33":"instock","34":"shipping-taxable","35":"purchasable","36":"product-type-variable"},"tiered_pricing_type":"fixed","tiered_pricing_fixed_rules":{"20":13,"100":12,"200":11},"tiered_pricing_product_settings":{"layout":"default","base_unit_name":{"singular":null,"plural":null},"default_variation":{}},"tiered_pricing_minimum_quantity":null,"tiered_pricing_roles_data":[],"tiered_pricing_percentage_rules":[],"_links":{"self":[{"href":"https:\/\/yume-silm.com\/fr\/wp-json\/wp\/v2\/product\/3102","targetHints":{"allow":["GET"]}}],"collection":[{"href":"https:\/\/yume-silm.com\/fr\/wp-json\/wp\/v2\/product"}],"about":[{"href":"https:\/\/yume-silm.com\/fr\/wp-json\/wp\/v2\/types\/product"}],"replies":[{"embeddable":true,"href":"https:\/\/yume-silm.com\/fr\/wp-json\/wp\/v2\/comments?post=3102"}],"wp:featuredmedia":[{"embeddable":true,"href":"https:\/\/yume-silm.com\/fr\/wp-json\/wp\/v2\/media\/3109"}],"wp:attachment":[{"href":"https:\/\/yume-silm.com\/fr\/wp-json\/wp\/v2\/media?parent=3102"}],"wp:term":[{"taxonomy":"product_brand","embeddable":true,"href":"https:\/\/yume-silm.com\/fr\/wp-json\/wp\/v2\/product_brand?post=3102"},{"taxonomy":"product_cat","embeddable":true,"href":"https:\/\/yume-silm.com\/fr\/wp-json\/wp\/v2\/product_cat?post=3102"},{"taxonomy":"product_tag","embeddable":true,"href":"https:\/\/yume-silm.com\/fr\/wp-json\/wp\/v2\/product_tag?post=3102"}],"curies":[{"name":"wp","href":"https:\/\/api.w.org\/{rel}","templated":true}]}}