{"id":3110,"date":"2023-05-18T07:36:23","date_gmt":"2023-05-18T07:36:23","guid":{"rendered":"https:\/\/yume-silm.com\/?post_type=product&#038;p=3110"},"modified":"2025-05-26T00:52:35","modified_gmt":"2025-05-26T00:52:35","slug":"grossiste-sans-couture-femmes-shapewear-slip-pour-sous-robes","status":"publish","type":"product","link":"https:\/\/yume-silm.com\/fr\/produit\/grossiste-sans-couture-femmes-shapewear-slip-pour-sous-robes\/","title":{"rendered":"Vente en gros de robes de jupon sans couture pour femmes"},"content":{"rendered":"<h5>Caract\u00e9ristiques de conception<\/h5>\n<ul>\n<li><b>Conception sans couture :<\/b> Nos robes camisole s&#039;ajustent parfaitement, garantissant qu&#039;il n&#039;y a pas de bosses ou de lignes disgracieuses sous la jupe.<\/li>\n<li><b>Maille hautement \u00e9lastique\u00a0:<\/b> Ce jupon complet \u00e0 bretelles spaghetti est fabriqu\u00e9 \u00e0 partir d&#039;un m\u00e9lange de nylon et d&#039;\u00e9lasthanne pour plus de flexibilit\u00e9 et de confort.<\/li>\n<li><b>Contr\u00f4le du ventre :<\/b> Les jupons de sous-v\u00eatements gainants sont con\u00e7us pour minimiser l&#039;apparence du ventre, des hanches et des cuisses, cr\u00e9ant ainsi une silhouette plus \u00e9pur\u00e9e.<\/li>\n<li><b>Utilisation polyvalente\u00a0:<\/b> Nos jupons de sous-v\u00eatements gainants sans couture pour femmes sont parfaits pour une vari\u00e9t\u00e9 de robes et de tenues, des robes formelles aux robes d\u00e9bardeurs d\u00e9contract\u00e9es. Peut \u00e9galement \u00eatre utilis\u00e9 comme pyjama sans manches pour une nuit de sommeil paisible.<\/li>\n<li><b>Bretelles spaghetti r\u00e9glables\u00a0:<\/b> Les robes de jupon sans couture garantissent que le shapewear reste en place, offrant un ajustement personnalis\u00e9 et un confort accru.<\/li>\n<\/ul>\n<h6><em>Robe camisole extensible et amincissante sans couture pour femmes<\/em><\/h6>\n<ul>\n<li>En r\u00e9sum\u00e9, nos robes jupon shapewear sans couture sont un m\u00e9lange de style, de confort et de fonctionnalit\u00e9. Pour les grossistes qui cherchent \u00e0 proposer des produits haut de gamme en r\u00e9sonance avec les derni\u00e8res tendances de la mode, ce shapewear est un incontournable. Avec des options de personnalisation, une gamme de tailles et la promesse d&#039;une livraison rapide, c&#039;est un ajout pr\u00e9cieux \u00e0 votre inventaire. Plongez dans le monde du commerce de gros avec cette pi\u00e8ce hors du commun. Commandez aujourd&#039;hui\u00a0!<\/li>\n<\/ul>","protected":false},"excerpt":{"rendered":"<p>Am\u00e9liorez votre collection avec nos robes jupons shapewear sans couture. Con\u00e7u pour \u00eatre port\u00e9 sous les robes, ce slip est fabriqu\u00e9 \u00e0 partir d&#039;un m\u00e9lange de nylon et d&#039;\u00e9lasthanne, assurant une apparence lisse et \u00e9pur\u00e9e. Avec sa fonction de contr\u00f4le du ventre, il offre une silhouette amincissante, renfor\u00e7ant la confiance en toute occasion.<\/p>","protected":false},"featured_media":3116,"comment_status":"open","ping_status":"closed","template":"","meta":{"site-sidebar-layout":"default","site-content-layout":"default","ast-site-content-layout":"default","site-content-style":"default","site-sidebar-style":"default","ast-global-header-display":"","ast-banner-title-visibility":"","ast-main-header-display":"","ast-hfb-above-header-display":"","ast-hfb-below-header-display":"","ast-hfb-mobile-header-display":"","site-post-title":"","ast-breadcrumbs-content":"","ast-featured-img":"","footer-sml-layout":"","ast-disable-related-posts":"","theme-transparent-header-meta":"default","adv-header-id-meta":"","stick-header-meta":"default","header-above-stick-meta":"","header-main-stick-meta":"","header-below-stick-meta":"","astra-migrate-meta-layouts":"set","ast-page-background-enabled":"default","ast-page-background-meta":{"desktop":{"background-color":"","background-image":"","background-repeat":"repeat","background-position":"center center","background-size":"auto","background-attachment":"scroll","background-type":"","background-media":"","overlay-type":"","overlay-color":"","overlay-opacity":"","overlay-gradient":""},"tablet":{"background-color":"","background-image":"","background-repeat":"repeat","background-position":"center center","background-size":"auto","background-attachment":"scroll","background-type":"","background-media":"","overlay-type":"","overlay-color":"","overlay-opacity":"","overlay-gradient":""},"mobile":{"background-color":"","background-image":"","background-repeat":"repeat","background-position":"center center","background-size":"auto","background-attachment":"scroll","background-type":"","background-media":"","overlay-type":"","overlay-color":"","overlay-opacity":"","overlay-gradient":""}},"ast-content-background-meta":{"desktop":{"background-color":"var(--ast-global-color-5)","background-image":"","background-repeat":"repeat","background-position":"center center","background-size":"auto","background-attachment":"scroll","background-type":"","background-media":"","overlay-type":"","overlay-color":"","overlay-opacity":"","overlay-gradient":""},"tablet":{"background-color":"var(--ast-global-color-5)","background-image":"","background-repeat":"repeat","background-position":"center center","background-size":"auto","background-attachment":"scroll","background-type":"","background-media":"","overlay-type":"","overlay-color":"","overlay-opacity":"","overlay-gradient":""},"mobile":{"background-color":"var(--ast-global-color-5)","background-image":"","background-repeat":"repeat","background-position":"center center","background-size":"auto","background-attachment":"scroll","background-type":"","background-media":"","overlay-type":"","overlay-color":"","overlay-opacity":"","overlay-gradient":""}}},"product_brand":[],"product_cat":[65,76,77,79,78],"product_tag":[135,136,450,449],"class_list":{"0":"post-3110","1":"product","2":"type-product","3":"status-publish","4":"has-post-thumbnail","6":"product_cat-best-sellers","7":"product_cat-new-arrivels","8":"product_cat-wholesale-womens-shapewear","9":"product_cat-wholesale-seemless-shaperwear","10":"product_cat-wholesale-full-body-shaper","11":"product_tag-all-in-one","12":"product_tag-bridal","13":"product_tag-camisole-dress","14":"product_tag-petticoat","15":"pa_color-beige","16":"pa_color-black","17":"pa_color-white","18":"pa_size-l","19":"pa_size-m","20":"pa_size-s","21":"pa_size-xl","22":"desktop-align-center","23":"tablet-align-left","24":"mobile-align-left","25":"ast-product-gallery-layout-horizontal-slider","26":"ast-product-single-variable","27":"ast-product-tabs-layout-horizontal","28":"ast-qv-on-image","30":"first","31":"instock","32":"shipping-taxable","33":"purchasable","34":"product-type-variable"},"tiered_pricing_type":"fixed","tiered_pricing_fixed_rules":{"20":8.9,"200":8.5,"500":7.9},"tiered_pricing_product_settings":{"layout":"default","base_unit_name":{"singular":null,"plural":null},"default_variation":{}},"tiered_pricing_minimum_quantity":null,"tiered_pricing_roles_data":[],"tiered_pricing_percentage_rules":[],"_links":{"self":[{"href":"https:\/\/yume-silm.com\/fr\/wp-json\/wp\/v2\/product\/3110","targetHints":{"allow":["GET"]}}],"collection":[{"href":"https:\/\/yume-silm.com\/fr\/wp-json\/wp\/v2\/product"}],"about":[{"href":"https:\/\/yume-silm.com\/fr\/wp-json\/wp\/v2\/types\/product"}],"replies":[{"embeddable":true,"href":"https:\/\/yume-silm.com\/fr\/wp-json\/wp\/v2\/comments?post=3110"}],"wp:featuredmedia":[{"embeddable":true,"href":"https:\/\/yume-silm.com\/fr\/wp-json\/wp\/v2\/media\/3116"}],"wp:attachment":[{"href":"https:\/\/yume-silm.com\/fr\/wp-json\/wp\/v2\/media?parent=3110"}],"wp:term":[{"taxonomy":"product_brand","embeddable":true,"href":"https:\/\/yume-silm.com\/fr\/wp-json\/wp\/v2\/product_brand?post=3110"},{"taxonomy":"product_cat","embeddable":true,"href":"https:\/\/yume-silm.com\/fr\/wp-json\/wp\/v2\/product_cat?post=3110"},{"taxonomy":"product_tag","embeddable":true,"href":"https:\/\/yume-silm.com\/fr\/wp-json\/wp\/v2\/product_tag?post=3110"}],"curies":[{"name":"wp","href":"https:\/\/api.w.org\/{rel}","templated":true}]}}