{"id":3154,"date":"2023-05-20T02:27:19","date_gmt":"2023-05-20T02:27:19","guid":{"rendered":"https:\/\/yume-silm.com\/?post_type=product&#038;p=3154"},"modified":"2024-08-27T07:38:49","modified_gmt":"2024-08-27T07:38:49","slug":"short-taille-haute-pour-homme-avec-coussinets-pour-les-hanches","status":"publish","type":"product","link":"https:\/\/yume-silm.com\/fr\/produit\/short-taille-haute-pour-homme-avec-coussinets-pour-les-hanches\/","title":{"rendered":"Short gainant taille haute pour hommes en gros\u00a0: am\u00e9lior\u00e9 avec des coussinets de hanche"},"content":{"rendered":"<h5>Caract\u00e9ristiques de conception<\/h5>\n<ul>\n<li><b>Conception taille haute\u00a0:<\/b> Offre un contr\u00f4le et une mise en forme am\u00e9lior\u00e9s du ventre, assurant une apparence \u00e9l\u00e9gante sous n&#039;importe quelle tenue.<\/li>\n<li><b>Crochets \u00e0 3 couches\u00a0:<\/b> Le syst\u00e8me r\u00e9glable s&#039;adapte \u00e0 diff\u00e9rents types de corps, garantissant un ajustement personnalis\u00e9 pour chaque individu.<\/li>\n<li><b>Coussinets de hanche\u00a0:<\/b> Am\u00e9liore la forme et fournit un soutien suppl\u00e9mentaire, soulignant votre engagement envers des produits de qualit\u00e9 et ax\u00e9s sur les r\u00e9sultats.<\/li>\n<li><b>Mat\u00e9riau \u00e0 haute \u00e9lasticit\u00e9\u00a0:<\/b> Fabriqu\u00e9 \u00e0 partir de nylon et d&#039;\u00e9lasthanne, il promet flexibilit\u00e9 et confort tout au long de la journ\u00e9e.<\/li>\n<li><b>Am\u00e9liorateur de profit\u00a0:<\/b> Un produit con\u00e7u pour r\u00e9pondre aux demandes croissantes du march\u00e9 des v\u00eatements gainants pour hommes, positionnant ainsi votre entreprise pour une augmentation des ventes.<\/li>\n<\/ul>\n<p>En r\u00e9sum\u00e9, nos shorts gainants taille haute pour hommes avec coussinets aux hanches sont un m\u00e9lange de style, de confort et de fonctionnalit\u00e9. Pour les grossistes qui souhaitent proposer des produits haut de gamme qui correspondent aux derni\u00e8res tendances de la mode, ce sous-v\u00eatement gainant est un incontournable. Avec des options de personnalisation, une gamme de tailles et la promesse d&#039;une livraison rapide, c&#039;est un ajout pr\u00e9cieux \u00e0 votre inventaire. Plongez dans le monde de la vente en gros avec cette pi\u00e8ce exceptionnelle. Commandez d\u00e8s aujourd&#039;hui !<\/p>","protected":false},"excerpt":{"rendered":"<p>D\u00e9couvrez nos shorts gainants taille haute pour homme, con\u00e7us pour l&#039;homme moderne. Dot\u00e9s d&#039;un syst\u00e8me de crochets \u00e0 3 couches et de coussinets aux hanches, ces shorts offrent une forme et un confort sup\u00e9rieurs. Fabriqu\u00e9s \u00e0 partir d&#039;un m\u00e9lange de nylon et d&#039;\u00e9lasthanne, ils assurent un ajustement parfait, ce qui en fait un choix de premier ordre pour ceux qui recherchent une silhouette raffin\u00e9e.<\/p>","protected":false},"featured_media":3171,"comment_status":"open","ping_status":"closed","template":"","meta":{"site-sidebar-layout":"default","site-content-layout":"default","ast-site-content-layout":"default","site-content-style":"default","site-sidebar-style":"default","ast-global-header-display":"","ast-banner-title-visibility":"","ast-main-header-display":"","ast-hfb-above-header-display":"","ast-hfb-below-header-display":"","ast-hfb-mobile-header-display":"","site-post-title":"","ast-breadcrumbs-content":"","ast-featured-img":"","footer-sml-layout":"","ast-disable-related-posts":"","theme-transparent-header-meta":"default","adv-header-id-meta":"","stick-header-meta":"default","header-above-stick-meta":"","header-main-stick-meta":"","header-below-stick-meta":"","astra-migrate-meta-layouts":"set","ast-page-background-enabled":"default","ast-page-background-meta":{"desktop":{"background-color":"","background-image":"","background-repeat":"repeat","background-position":"center center","background-size":"auto","background-attachment":"scroll","background-type":"","background-media":"","overlay-type":"","overlay-color":"","overlay-opacity":"","overlay-gradient":""},"tablet":{"background-color":"","background-image":"","background-repeat":"repeat","background-position":"center center","background-size":"auto","background-attachment":"scroll","background-type":"","background-media":"","overlay-type":"","overlay-color":"","overlay-opacity":"","overlay-gradient":""},"mobile":{"background-color":"","background-image":"","background-repeat":"repeat","background-position":"center center","background-size":"auto","background-attachment":"scroll","background-type":"","background-media":"","overlay-type":"","overlay-color":"","overlay-opacity":"","overlay-gradient":""}},"ast-content-background-meta":{"desktop":{"background-color":"var(--ast-global-color-5)","background-image":"","background-repeat":"repeat","background-position":"center center","background-size":"auto","background-attachment":"scroll","background-type":"","background-media":"","overlay-type":"","overlay-color":"","overlay-opacity":"","overlay-gradient":""},"tablet":{"background-color":"var(--ast-global-color-5)","background-image":"","background-repeat":"repeat","background-position":"center center","background-size":"auto","background-attachment":"scroll","background-type":"","background-media":"","overlay-type":"","overlay-color":"","overlay-opacity":"","overlay-gradient":""},"mobile":{"background-color":"var(--ast-global-color-5)","background-image":"","background-repeat":"repeat","background-position":"center center","background-size":"auto","background-attachment":"scroll","background-type":"","background-media":"","overlay-type":"","overlay-color":"","overlay-opacity":"","overlay-gradient":""}}},"product_brand":[],"product_cat":[65,76,85,87],"product_tag":[187,699,726,139,866,134,154],"class_list":{"0":"post-3154","1":"product","2":"type-product","3":"status-publish","4":"has-post-thumbnail","6":"product_cat-best-sellers","7":"product_cat-new-arrivels","8":"product_cat-wholesale-mens-shapewear","9":"product_cat-wholesale-men-control-panties","10":"product_tag-2-in-1","11":"product_tag-comfort","12":"product_tag-fashion","13":"product_tag-high-waist","14":"product_tag-hip-pads","15":"product_tag-tummy-tucker","16":"product_tag-with-hooks","17":"pa_color-beige","18":"pa_color-black","19":"pa_size-l","20":"pa_size-m","21":"pa_size-s","22":"pa_size-xl","23":"pa_size-xxl","24":"pa_size-xxxl","25":"desktop-align-center","26":"tablet-align-left","27":"mobile-align-left","28":"ast-product-gallery-layout-horizontal-slider","29":"ast-product-single-variable","30":"ast-product-tabs-layout-horizontal","31":"ast-qv-on-image","33":"first","34":"instock","35":"shipping-taxable","36":"purchasable","37":"product-type-variable"},"tiered_pricing_type":"fixed","tiered_pricing_fixed_rules":{"2":5.09,"50":4.79,"300":3.99},"tiered_pricing_product_settings":{"layout":"default","base_unit_name":{"singular":null,"plural":null},"default_variation":{}},"tiered_pricing_minimum_quantity":null,"tiered_pricing_roles_data":[],"tiered_pricing_percentage_rules":[],"_links":{"self":[{"href":"https:\/\/yume-silm.com\/fr\/wp-json\/wp\/v2\/product\/3154","targetHints":{"allow":["GET"]}}],"collection":[{"href":"https:\/\/yume-silm.com\/fr\/wp-json\/wp\/v2\/product"}],"about":[{"href":"https:\/\/yume-silm.com\/fr\/wp-json\/wp\/v2\/types\/product"}],"replies":[{"embeddable":true,"href":"https:\/\/yume-silm.com\/fr\/wp-json\/wp\/v2\/comments?post=3154"}],"wp:featuredmedia":[{"embeddable":true,"href":"https:\/\/yume-silm.com\/fr\/wp-json\/wp\/v2\/media\/3171"}],"wp:attachment":[{"href":"https:\/\/yume-silm.com\/fr\/wp-json\/wp\/v2\/media?parent=3154"}],"wp:term":[{"taxonomy":"product_brand","embeddable":true,"href":"https:\/\/yume-silm.com\/fr\/wp-json\/wp\/v2\/product_brand?post=3154"},{"taxonomy":"product_cat","embeddable":true,"href":"https:\/\/yume-silm.com\/fr\/wp-json\/wp\/v2\/product_cat?post=3154"},{"taxonomy":"product_tag","embeddable":true,"href":"https:\/\/yume-silm.com\/fr\/wp-json\/wp\/v2\/product_tag?post=3154"}],"curies":[{"name":"wp","href":"https:\/\/api.w.org\/{rel}","templated":true}]}}