{"id":3224,"date":"2023-05-22T03:49:05","date_gmt":"2023-05-22T03:49:05","guid":{"rendered":"https:\/\/yume-silm.com\/?post_type=product&#038;p=3224"},"modified":"2024-04-25T08:42:32","modified_gmt":"2024-04-25T08:42:32","slug":"mens-long-sleeve-shapewear-t-shirt-with-ribbed-arm-shaping","status":"publish","type":"product","link":"https:\/\/yume-silm.com\/fr\/produit\/mens-long-sleeve-shapewear-t-shirt-with-ribbed-arm-shaping\/","title":{"rendered":"T-shirt gainant \u00e0 manches longues pour hommes en gros\u00a0: conception de mise en forme des bras c\u00f4tel\u00e9s"},"content":{"rendered":"<h5>Caract\u00e9ristiques de conception<\/h5>\n<ul>\n<li><strong>V\u00caTEMENTS DE COMPRESSION \u00c0 MANCHES LONGUES\u00a0:<\/strong> Notre body shaper \u00e0 manches longues de compression amincissante pour hommes satisfera vos besoins en mati\u00e8re de compression thoracique, de contr\u00f4le abdominal, de dissimulation de la graisse de la taille, de soutien au redressement du dos et de mise en forme globale des muscles des bras longs, vous donnant ainsi une apparence tr\u00e8s \u00e9nergique dans l&#039;ensemble. Un ajout unique \u00e0 votre gamme de produits gainants qui r\u00e9pondent \u00e0 la demande croissante de shapewear pour hommes.<\/li>\n<li><strong>FIL EXTENSIBLE EN NYLON 70D\u00a0:<\/strong> Notre abdomen abdominal de compression pour hommes est fabriqu\u00e9 \u00e0 partir d&#039;un mat\u00e9riau extensible de premi\u00e8re qualit\u00e9 pour garantir une durabilit\u00e9 et un ajustement confortable, am\u00e9liorant ainsi votre r\u00e9putation de produits de qualit\u00e9.<\/li>\n<li><strong>CONCEPTION \u00c0 COL \u00c9CLAIR\u00c9\u00a0:<\/strong> Le design \u00e0 col rond du v\u00eatement de compression \u00e0 manches longues est naturel et \u00e0 la mode, mettant en valeur votre beau visage. Tr\u00e8s attrayant pour les invit\u00e9s modernes et \u00e0 la mode.<\/li>\n<li><strong>FA\u00c7ONNEMENT DES BRAS C\u00d4TEL\u00c9S\u00a0:<\/strong> La mise en forme am\u00e9lior\u00e9e des bras distingue ce body shaper \u00e0 manches longues pour hommes des autres produits standard.<\/li>\n<li><strong>BOOSTER DE PROFIT\u00a0:<\/strong> R\u00e9pondez \u00e0 la demande croissante de chemises de compression pour hommes \u00e9l\u00e9gantes et confortables, de sous-v\u00eatements, de hauts d&#039;entra\u00eenement plus minces et de shapers sans couture et positionnez votre entreprise pour augmenter vos ventes.<\/li>\n<\/ul>\n<h6><em>Haut de compression \u00e0 manches longues pour hommes, contr\u00f4le abdominal<\/em><\/h6>\n<ul>\n<li>Notre t-shirt shapewear \u00e0 manches longues pour hommes avec bras c\u00f4tel\u00e9s est un m\u00e9lange de style, de confort et de fonctionnalit\u00e9. Pour les grossistes souhaitant proposer des produits haut de gamme en r\u00e9sonance avec les derni\u00e8res tendances de la mode, cette chemise de compression \u00e0 manches longues pour hommes est un incontournable.<\/li>\n<li>Avec des options de personnalisation, une gamme de tailles et la promesse d&#039;une livraison rapide, c&#039;est un ajout pr\u00e9cieux \u00e0 votre inventaire. Plongez dans le monde du commerce de gros avec cette pi\u00e8ce hors du commun. Commandez aujourd&#039;hui\u00a0!<\/li>\n<\/ul>","protected":false},"excerpt":{"rendered":"<p>Am\u00e9liorez votre collection avec notre t-shirt shapewear \u00e0 manches longues pour hommes. Con\u00e7u avec des bras c\u00f4tel\u00e9s et fabriqu\u00e9 \u00e0 partir de fil extensible en nylon 70D, ce T-shirt offre \u00e0 la fois style et confort. Le design \u00e0 encolure d\u00e9gag\u00e9e ajoute une touche de modernit\u00e9, ce qui en fait un choix id\u00e9al pour les hommes avant-gardistes.<\/p>","protected":false},"featured_media":3250,"comment_status":"open","ping_status":"closed","template":"","meta":{"site-sidebar-layout":"default","site-content-layout":"default","ast-site-content-layout":"default","site-content-style":"default","site-sidebar-style":"default","ast-global-header-display":"","ast-banner-title-visibility":"","ast-main-header-display":"","ast-hfb-above-header-display":"","ast-hfb-below-header-display":"","ast-hfb-mobile-header-display":"","site-post-title":"","ast-breadcrumbs-content":"","ast-featured-img":"","footer-sml-layout":"","ast-disable-related-posts":"","theme-transparent-header-meta":"default","adv-header-id-meta":"","stick-header-meta":"default","header-above-stick-meta":"","header-main-stick-meta":"","header-below-stick-meta":"","astra-migrate-meta-layouts":"set","ast-page-background-enabled":"default","ast-page-background-meta":{"desktop":{"background-color":"","background-image":"","background-repeat":"repeat","background-position":"center center","background-size":"auto","background-attachment":"scroll","background-type":"","background-media":"","overlay-type":"","overlay-color":"","overlay-opacity":"","overlay-gradient":""},"tablet":{"background-color":"","background-image":"","background-repeat":"repeat","background-position":"center center","background-size":"auto","background-attachment":"scroll","background-type":"","background-media":"","overlay-type":"","overlay-color":"","overlay-opacity":"","overlay-gradient":""},"mobile":{"background-color":"","background-image":"","background-repeat":"repeat","background-position":"center center","background-size":"auto","background-attachment":"scroll","background-type":"","background-media":"","overlay-type":"","overlay-color":"","overlay-opacity":"","overlay-gradient":""}},"ast-content-background-meta":{"desktop":{"background-color":"var(--ast-global-color-5)","background-image":"","background-repeat":"repeat","background-position":"center center","background-size":"auto","background-attachment":"scroll","background-type":"","background-media":"","overlay-type":"","overlay-color":"","overlay-opacity":"","overlay-gradient":""},"tablet":{"background-color":"var(--ast-global-color-5)","background-image":"","background-repeat":"repeat","background-position":"center center","background-size":"auto","background-attachment":"scroll","background-type":"","background-media":"","overlay-type":"","overlay-color":"","overlay-opacity":"","overlay-gradient":""},"mobile":{"background-color":"var(--ast-global-color-5)","background-image":"","background-repeat":"repeat","background-position":"center center","background-size":"auto","background-attachment":"scroll","background-type":"","background-media":"","overlay-type":"","overlay-color":"","overlay-opacity":"","overlay-gradient":""}}},"product_brand":[],"product_cat":[65,76,85,88],"product_tag":[568,183,503,185],"class_list":{"0":"post-3224","1":"product","2":"type-product","3":"status-publish","4":"has-post-thumbnail","6":"product_cat-best-sellers","7":"product_cat-new-arrivels","8":"product_cat-wholesale-mens-shapewear","9":"product_cat-wholesale-men-t-shirt-shaper","10":"product_tag-compression-top","11":"product_tag-long-sleeve","12":"product_tag-round-neck","13":"product_tag-workout","14":"pa_color-black","15":"pa_color-blue","16":"pa_color-white","17":"pa_size-4xl","18":"pa_size-l","19":"pa_size-m","20":"pa_size-s","21":"pa_size-xl","22":"pa_size-xs","23":"pa_size-xxl","24":"pa_size-xxxl","25":"desktop-align-center","26":"tablet-align-left","27":"mobile-align-left","28":"ast-product-gallery-layout-horizontal-slider","29":"ast-product-single-variable","30":"ast-product-tabs-layout-horizontal","31":"ast-qv-on-image","33":"first","34":"instock","35":"shipping-taxable","36":"purchasable","37":"product-type-variable"},"tiered_pricing_type":"fixed","tiered_pricing_fixed_rules":{"2":5.79,"50":5.39,"300":4.49},"tiered_pricing_product_settings":{"layout":"default","base_unit_name":{"singular":null,"plural":null},"default_variation":{}},"tiered_pricing_minimum_quantity":null,"tiered_pricing_roles_data":[],"tiered_pricing_percentage_rules":[],"_links":{"self":[{"href":"https:\/\/yume-silm.com\/fr\/wp-json\/wp\/v2\/product\/3224","targetHints":{"allow":["GET"]}}],"collection":[{"href":"https:\/\/yume-silm.com\/fr\/wp-json\/wp\/v2\/product"}],"about":[{"href":"https:\/\/yume-silm.com\/fr\/wp-json\/wp\/v2\/types\/product"}],"replies":[{"embeddable":true,"href":"https:\/\/yume-silm.com\/fr\/wp-json\/wp\/v2\/comments?post=3224"}],"wp:featuredmedia":[{"embeddable":true,"href":"https:\/\/yume-silm.com\/fr\/wp-json\/wp\/v2\/media\/3250"}],"wp:attachment":[{"href":"https:\/\/yume-silm.com\/fr\/wp-json\/wp\/v2\/media?parent=3224"}],"wp:term":[{"taxonomy":"product_brand","embeddable":true,"href":"https:\/\/yume-silm.com\/fr\/wp-json\/wp\/v2\/product_brand?post=3224"},{"taxonomy":"product_cat","embeddable":true,"href":"https:\/\/yume-silm.com\/fr\/wp-json\/wp\/v2\/product_cat?post=3224"},{"taxonomy":"product_tag","embeddable":true,"href":"https:\/\/yume-silm.com\/fr\/wp-json\/wp\/v2\/product_tag?post=3224"}],"curies":[{"name":"wp","href":"https:\/\/api.w.org\/{rel}","templated":true}]}}