{"id":3348,"date":"2023-05-29T03:04:31","date_gmt":"2023-05-29T03:04:31","guid":{"rendered":"https:\/\/yume-silm.com\/?post_type=product&#038;p=3348"},"modified":"2025-05-24T05:05:09","modified_gmt":"2025-05-24T05:05:09","slug":"sous-vetements-plus-size-butt-lift-with-adjustable-suspenders","status":"publish","type":"product","link":"https:\/\/yume-silm.com\/fr\/produit\/sous-vetements-plus-size-butt-lift-with-adjustable-suspenders\/","title":{"rendered":"Vente en gros de sous-v\u00eatements de levage de fesses grande taille\u00a0: am\u00e9lioration des hanches"},"content":{"rendered":"<h5>Caract\u00e9ristiques de conception<\/h5>\n<ul>\n<li><strong>Bretelles fines r\u00e9glables\u00a0:<\/strong> Les bretelles r\u00e9glables des sous-v\u00eatements taille plus sont tr\u00e8s humanis\u00e9es, facilitant le r\u00e9glage libre de la longueur en fonction des besoins, s&#039;adaptant aux besoins de forme et de confort du corps et am\u00e9liorant l&#039;exp\u00e9rience utilisateur.<\/li>\n<li><strong>DOUBLE COMBINAISON DE BOUCLE ET FERMETURE EN ACIER\u00a0:<\/strong> Le mat\u00e9riau hautement \u00e9lastique du pantalon liftant le ventre et les hanches est durable et ne craint pas de tirer. Les crochets et les fermetures \u00e9clair du rehausseur de hanches et de fesses pour femme r\u00e9alisent la double combinaison, un meilleur contr\u00f4le pour r\u00e9aliser le levage de l&#039;abdomen et des fesses.<\/li>\n<li><strong>CONCEPTION DE LEVAGE DES FESSES\u00a0:<\/strong> La respirabilit\u00e9 du rehausseur de hanches et de fesses garantit que la peau respire. Que vous transpiriez \u00e0 la salle de sport ou que vous exprimiez votre confiance devant vos amis, nos pantalons rehausseurs de fesses s&#039;adapteront parfaitement \u00e0 votre corps et cr\u00e9eront facilement des courbes enviables en forme de S.<\/li>\n<li><strong>COUSSIN DE COMPRESSION AMOVIBLE\u00a0:<\/strong> Le v\u00eatement gainant taille haute avec 2 coussinets de hanche amovibles est livr\u00e9 avec des coussinets de hanche amovibles pour un lifting des fesses personnalis\u00e9. Rendez vos fesses plus pleines et plus galb\u00e9es.<\/li>\n<li><strong>Shapers de grande taille\u00a0:<\/strong> Notre short taille plus gainant le ventre est con\u00e7u pour les femmes de diff\u00e9rents types de corps. Si vous \u00eates une maman ob\u00e8se post-partum, vous serez \u00e9tonn\u00e9e par les r\u00e9sultats BBL instantan\u00e9s que les meilleurs body shapers grande taille peuvent obtenir. Vous pouvez facilement montrer votre sablier pr\u00e9f\u00e9r\u00e9, faire la f\u00eate avec vos copines, faire du shopping et bien plus encore.<\/li>\n<\/ul>\n<h6><em>Pantalon rehausseur de hanches grande taille avec bretelles amovibles et coussinets de hanches pour des courbes et un style sans effort<\/em><\/h6>\n<ul>\n<li>Nos sous-v\u00eatements taille plus avec bretelles r\u00e9glables sont un m\u00e9lange de style, de confort et de fonctionnalit\u00e9. Ces sous-v\u00eatements taille plus pour rehausser les fesses sont un incontournable pour les grossistes qui souhaitent s&#039;adresser \u00e0 un public diversifi\u00e9.<\/li>\n<li>Avec des options de personnalisation, une gamme de tailles et la promesse d&#039;une livraison rapide, c&#039;est un ajout pr\u00e9cieux \u00e0 votre inventaire. Plongez dans le monde du commerce de gros avec cette pi\u00e8ce hors du commun. Commandez aujourd&#039;hui\u00a0!<\/li>\n<\/ul>","protected":false},"excerpt":{"rendered":"<p>Renforcez votre collection avec nos sous-v\u00eatements grande taille pour rehausser les fesses. Dot\u00e9 de bretelles r\u00e9glables, d&#039;une fermeture \u00e9clair \u00e0 boucle en acier et d&#039;un coussinet de pression amovible, ce sous-v\u00eatement est con\u00e7u pour un ajustement parfait et une silhouette am\u00e9lior\u00e9e. L&#039;entrejambe ouvert assure un confort suppl\u00e9mentaire pour la femme moderne.<\/p>","protected":false},"featured_media":3364,"comment_status":"open","ping_status":"closed","template":"","meta":{"site-sidebar-layout":"default","site-content-layout":"default","ast-site-content-layout":"default","site-content-style":"default","site-sidebar-style":"default","ast-global-header-display":"","ast-banner-title-visibility":"","ast-main-header-display":"","ast-hfb-above-header-display":"","ast-hfb-below-header-display":"","ast-hfb-mobile-header-display":"","site-post-title":"","ast-breadcrumbs-content":"","ast-featured-img":"","footer-sml-layout":"","ast-disable-related-posts":"","theme-transparent-header-meta":"default","adv-header-id-meta":"","stick-header-meta":"default","header-above-stick-meta":"","header-main-stick-meta":"","header-below-stick-meta":"","astra-migrate-meta-layouts":"set","ast-page-background-enabled":"default","ast-page-background-meta":{"desktop":{"background-color":"","background-image":"","background-repeat":"repeat","background-position":"center center","background-size":"auto","background-attachment":"scroll","background-type":"","background-media":"","overlay-type":"","overlay-color":"","overlay-opacity":"","overlay-gradient":""},"tablet":{"background-color":"","background-image":"","background-repeat":"repeat","background-position":"center center","background-size":"auto","background-attachment":"scroll","background-type":"","background-media":"","overlay-type":"","overlay-color":"","overlay-opacity":"","overlay-gradient":""},"mobile":{"background-color":"","background-image":"","background-repeat":"repeat","background-position":"center center","background-size":"auto","background-attachment":"scroll","background-type":"","background-media":"","overlay-type":"","overlay-color":"","overlay-opacity":"","overlay-gradient":""}},"ast-content-background-meta":{"desktop":{"background-color":"var(--ast-global-color-5)","background-image":"","background-repeat":"repeat","background-position":"center center","background-size":"auto","background-attachment":"scroll","background-type":"","background-media":"","overlay-type":"","overlay-color":"","overlay-opacity":"","overlay-gradient":""},"tablet":{"background-color":"var(--ast-global-color-5)","background-image":"","background-repeat":"repeat","background-position":"center center","background-size":"auto","background-attachment":"scroll","background-type":"","background-media":"","overlay-type":"","overlay-color":"","overlay-opacity":"","overlay-gradient":""},"mobile":{"background-color":"var(--ast-global-color-5)","background-image":"","background-repeat":"repeat","background-position":"center center","background-size":"auto","background-attachment":"scroll","background-type":"","background-media":"","overlay-type":"","overlay-color":"","overlay-opacity":"","overlay-gradient":""}}},"product_brand":[],"product_cat":[65,76,77,1092,80],"product_tag":[137,147,186,134,184],"class_list":{"0":"post-3348","1":"product","2":"type-product","3":"status-publish","4":"has-post-thumbnail","6":"product_cat-best-sellers","7":"product_cat-new-arrivels","8":"product_cat-wholesale-womens-shapewear","9":"product_cat-plus-size-shapewear","10":"product_cat-wholesale-butt-lift-underwear","11":"product_tag-butt-lift","12":"product_tag-cross","13":"product_tag-padded","14":"product_tag-tummy-tucker","15":"product_tag-zipper","16":"pa_color-black","17":"pa_size-4xl","18":"pa_size-5xl","19":"pa_size-6xl","20":"pa_size-l","21":"pa_size-m","22":"pa_size-s","23":"pa_size-xl","24":"pa_size-xxl","25":"pa_size-xxxl","26":"desktop-align-center","27":"tablet-align-left","28":"mobile-align-left","29":"ast-product-gallery-layout-horizontal-slider","30":"ast-product-single-variable","31":"ast-product-tabs-layout-horizontal","32":"ast-qv-on-image","34":"first","35":"instock","36":"shipping-taxable","37":"purchasable","38":"product-type-variable"},"tiered_pricing_type":"fixed","tiered_pricing_fixed_rules":{"2":13.19,"30":12.39,"500":10.29},"tiered_pricing_product_settings":{"layout":"default","base_unit_name":{"singular":null,"plural":null},"default_variation":{}},"tiered_pricing_minimum_quantity":null,"tiered_pricing_roles_data":[],"tiered_pricing_percentage_rules":[],"_links":{"self":[{"href":"https:\/\/yume-silm.com\/fr\/wp-json\/wp\/v2\/product\/3348","targetHints":{"allow":["GET"]}}],"collection":[{"href":"https:\/\/yume-silm.com\/fr\/wp-json\/wp\/v2\/product"}],"about":[{"href":"https:\/\/yume-silm.com\/fr\/wp-json\/wp\/v2\/types\/product"}],"replies":[{"embeddable":true,"href":"https:\/\/yume-silm.com\/fr\/wp-json\/wp\/v2\/comments?post=3348"}],"wp:featuredmedia":[{"embeddable":true,"href":"https:\/\/yume-silm.com\/fr\/wp-json\/wp\/v2\/media\/3364"}],"wp:attachment":[{"href":"https:\/\/yume-silm.com\/fr\/wp-json\/wp\/v2\/media?parent=3348"}],"wp:term":[{"taxonomy":"product_brand","embeddable":true,"href":"https:\/\/yume-silm.com\/fr\/wp-json\/wp\/v2\/product_brand?post=3348"},{"taxonomy":"product_cat","embeddable":true,"href":"https:\/\/yume-silm.com\/fr\/wp-json\/wp\/v2\/product_cat?post=3348"},{"taxonomy":"product_tag","embeddable":true,"href":"https:\/\/yume-silm.com\/fr\/wp-json\/wp\/v2\/product_tag?post=3348"}],"curies":[{"name":"wp","href":"https:\/\/api.w.org\/{rel}","templated":true}]}}