{"id":3368,"date":"2023-05-29T03:34:50","date_gmt":"2023-05-29T03:34:50","guid":{"rendered":"https:\/\/yume-silm.com\/?post_type=product&#038;p=3368"},"modified":"2024-03-11T08:13:35","modified_gmt":"2024-03-11T08:13:35","slug":"soutien-gorge-de-maintien-maillot-de-corps-avec-double-couche-de-controle","status":"publish","type":"product","link":"https:\/\/yume-silm.com\/fr\/produit\/soutien-gorge-de-maintien-maillot-de-corps-avec-double-couche-de-controle\/","title":{"rendered":"Body gainant \u00e0 soutien-gorge \u00e0 armatures en gros\u00a0: contr\u00f4le double couche"},"content":{"rendered":"<h5>Caract\u00e9ristiques de conception<\/h5>\n<ol>\n<li><strong>Body gainant string\u00a0:<\/strong> Une pi\u00e8ce polyvalente qui peut enrichir votre gamme de soutien-gorge une pi\u00e8ce sexy et r\u00e9pondre aux besoins des diff\u00e9rents clients.<\/li>\n<li><strong>Body gainant avec soutien-gorge\u00a0:<\/strong> Choisir ce body shaper avec contr\u00f4le du ventre et amincissement de la taille peut rendre votre s\u00e9lection de sous-v\u00eatements moins difficile. Gr\u00e2ce \u00e0 son support int\u00e9gr\u00e9, il soutient non seulement la poitrine, mais permet \u00e9galement de modeler facilement le corps, offrant ainsi aux clients une solution deux-en-un.<\/li>\n<li><strong>Contr\u00f4le double couche\u00a0:<\/strong> Nos v\u00eatements sculptants visent \u00e0 lisser votre ventre, \u00e0 affiner votre taille et \u00e0 fa\u00e7onner les courbes de vos hanches. L&#039;excellent effet gainant en fait le premier choix pour ceux qui recherchent des v\u00eatements gainants performants.<\/li>\n<li><strong>Body gainant en dentelle\u00a0:<\/strong> Le body shapewear avec soutien-gorge \u00e0 armatures est fait de mat\u00e9riaux de haute qualit\u00e9 pour garantir une \u00e9lasticit\u00e9 durable, est doux pour la peau et respirant, \u00e9l\u00e9gant et beau. Cela augmentera mieux la respirabilit\u00e9 de la peau m\u00eame pendant l&#039;exercice. Vous permettant d&#039;obtenir une forme naturelle des courbes dans une exp\u00e9rience confortable.<\/li>\n<li><strong>Entrejambe ouvrable\u00a0:<\/strong> Ce soutien-gorge \u00e0 armatures sculptant tout le corps r\u00e9sout les pr\u00e9occupations de toutes les femmes qui souhaitent se mettre en forme. La commodit\u00e9 de la combinaison gainante sans entrejambe r\u00e9sout le probl\u00e8me d&#039;aller aux toilettes sans enlever tous vos v\u00eatements.<\/li>\n<\/ol>\n<h6><em>Body en dentelle \u00e9l\u00e9gant et polyvalent, sous-v\u00eatement gainant, string avec soutien-gorge <\/em><\/h6>\n<p>En r\u00e9sum\u00e9, notre body shapewear \u00e0 soutien-gorge \u00e0 armatures avec contr\u00f4le double couche est un m\u00e9lange de style, de confort et de fonctionnalit\u00e9. Pour les grossistes qui cherchent \u00e0 proposer des produits haut de gamme qui correspondent aux derni\u00e8res tendances de la mode, ce body string shapewear est un incontournable. Avec des options de personnalisation, une gamme de tailles et la promesse d&#039;une livraison rapide, c&#039;est un ajout pr\u00e9cieux \u00e0 votre inventaire. Plongez dans le monde du commerce de gros avec cette pi\u00e8ce hors du commun. Commandez aujourd&#039;hui\u00a0!<\/p>","protected":false},"excerpt":{"rendered":"<p>Am\u00e9liorez votre collection avec notre body shapewear \u00e0 soutien-gorge \u00e0 armatures. Con\u00e7u avec un contr\u00f4le double couche, une maille visible sur les fesses et un entrejambe ouvert par crochet, il assure \u00e0 la fois style et confort. Con\u00e7u pour la femme moderne, il offre une silhouette sans couture sous n&#039;importe quelle tenue.<\/p>","protected":false},"featured_media":3385,"comment_status":"open","ping_status":"closed","template":"","meta":{"site-sidebar-layout":"default","site-content-layout":"default","ast-site-content-layout":"default","site-content-style":"default","site-sidebar-style":"default","ast-global-header-display":"","ast-banner-title-visibility":"","ast-main-header-display":"","ast-hfb-above-header-display":"","ast-hfb-below-header-display":"","ast-hfb-mobile-header-display":"","site-post-title":"","ast-breadcrumbs-content":"","ast-featured-img":"","footer-sml-layout":"","ast-disable-related-posts":"","theme-transparent-header-meta":"default","adv-header-id-meta":"","stick-header-meta":"default","header-above-stick-meta":"","header-main-stick-meta":"","header-below-stick-meta":"","astra-migrate-meta-layouts":"set","ast-page-background-enabled":"default","ast-page-background-meta":{"desktop":{"background-color":"","background-image":"","background-repeat":"repeat","background-position":"center center","background-size":"auto","background-attachment":"scroll","background-type":"","background-media":"","overlay-type":"","overlay-color":"","overlay-opacity":"","overlay-gradient":""},"tablet":{"background-color":"","background-image":"","background-repeat":"repeat","background-position":"center center","background-size":"auto","background-attachment":"scroll","background-type":"","background-media":"","overlay-type":"","overlay-color":"","overlay-opacity":"","overlay-gradient":""},"mobile":{"background-color":"","background-image":"","background-repeat":"repeat","background-position":"center center","background-size":"auto","background-attachment":"scroll","background-type":"","background-media":"","overlay-type":"","overlay-color":"","overlay-opacity":"","overlay-gradient":""}},"ast-content-background-meta":{"desktop":{"background-color":"var(--ast-global-color-5)","background-image":"","background-repeat":"repeat","background-position":"center center","background-size":"auto","background-attachment":"scroll","background-type":"","background-media":"","overlay-type":"","overlay-color":"","overlay-opacity":"","overlay-gradient":""},"tablet":{"background-color":"var(--ast-global-color-5)","background-image":"","background-repeat":"repeat","background-position":"center center","background-size":"auto","background-attachment":"scroll","background-type":"","background-media":"","overlay-type":"","overlay-color":"","overlay-opacity":"","overlay-gradient":""},"mobile":{"background-color":"var(--ast-global-color-5)","background-image":"","background-repeat":"repeat","background-position":"center center","background-size":"auto","background-attachment":"scroll","background-type":"","background-media":"","overlay-type":"","overlay-color":"","overlay-opacity":"","overlay-gradient":""}}},"product_brand":[],"product_cat":[65,76,77,82],"product_tag":[136,473,142,138,526],"class_list":{"0":"post-3368","1":"product","2":"type-product","3":"status-publish","4":"has-post-thumbnail","6":"product_cat-best-sellers","7":"product_cat-new-arrivels","8":"product_cat-wholesale-womens-shapewear","9":"product_cat-wholesale-shapewear-bodysuit","10":"product_tag-bridal","11":"product_tag-lace","12":"product_tag-low-back","13":"product_tag-thong","14":"product_tag-with-bra","15":"pa_color-beige","16":"pa_color-black","17":"pa_size-l","18":"pa_size-m","19":"pa_size-s","20":"pa_size-xl","21":"pa_size-xxl","22":"desktop-align-center","23":"tablet-align-left","24":"mobile-align-left","25":"ast-product-gallery-layout-horizontal-slider","26":"ast-product-single-variable","27":"ast-product-tabs-layout-horizontal","28":"ast-qv-on-image","30":"first","31":"instock","32":"shipping-taxable","33":"purchasable","34":"product-type-variable"},"tiered_pricing_type":"fixed","tiered_pricing_fixed_rules":{"2":8.19,"30":7.59,"500":6.39},"tiered_pricing_product_settings":{"layout":"default","base_unit_name":{"singular":null,"plural":null},"default_variation":{}},"tiered_pricing_minimum_quantity":null,"tiered_pricing_roles_data":[],"tiered_pricing_percentage_rules":[],"_links":{"self":[{"href":"https:\/\/yume-silm.com\/fr\/wp-json\/wp\/v2\/product\/3368","targetHints":{"allow":["GET"]}}],"collection":[{"href":"https:\/\/yume-silm.com\/fr\/wp-json\/wp\/v2\/product"}],"about":[{"href":"https:\/\/yume-silm.com\/fr\/wp-json\/wp\/v2\/types\/product"}],"replies":[{"embeddable":true,"href":"https:\/\/yume-silm.com\/fr\/wp-json\/wp\/v2\/comments?post=3368"}],"wp:featuredmedia":[{"embeddable":true,"href":"https:\/\/yume-silm.com\/fr\/wp-json\/wp\/v2\/media\/3385"}],"wp:attachment":[{"href":"https:\/\/yume-silm.com\/fr\/wp-json\/wp\/v2\/media?parent=3368"}],"wp:term":[{"taxonomy":"product_brand","embeddable":true,"href":"https:\/\/yume-silm.com\/fr\/wp-json\/wp\/v2\/product_brand?post=3368"},{"taxonomy":"product_cat","embeddable":true,"href":"https:\/\/yume-silm.com\/fr\/wp-json\/wp\/v2\/product_cat?post=3368"},{"taxonomy":"product_tag","embeddable":true,"href":"https:\/\/yume-silm.com\/fr\/wp-json\/wp\/v2\/product_tag?post=3368"}],"curies":[{"name":"wp","href":"https:\/\/api.w.org\/{rel}","templated":true}]}}