{"id":3388,"date":"2023-05-29T04:04:48","date_gmt":"2023-05-29T04:04:48","guid":{"rendered":"https:\/\/yume-silm.com\/?post_type=product&#038;p=3388"},"modified":"2024-03-11T06:48:09","modified_gmt":"2024-03-11T06:48:09","slug":"vetements-de-sport-legers-dune-seule-piece-faciles-a-ajuster","status":"publish","type":"product","link":"https:\/\/yume-silm.com\/fr\/produit\/vetements-de-sport-legers-dune-seule-piece-faciles-a-ajuster\/","title":{"rendered":"V\u00eatements gainants l\u00e9gers une pi\u00e8ce en gros\u00a0: contr\u00f4le double couche"},"content":{"rendered":"<h5>Caract\u00e9ristiques de conception<\/h5>\n<ol>\n<li><strong>Shapewear une pi\u00e8ce\u00a0:<\/strong> Le design du body shapewear dos nu est simple, l\u00e9ger, \u00e0 la mode et \u00e9l\u00e9gant. Les bretelles offrent la commodit\u00e9 d&#039;un r\u00e9glage facile, assurant un ajustement parfait \u00e0 tous les types de corps, offrant un confort et un soutien sur mesure.<\/li>\n<li><strong>Short amincissant \u00e0 compression double couche\u00a0:<\/strong> Voulez-vous une silhouette semblable \u00e0 une c\u00e9l\u00e9brit\u00e9? Notre body shapewear noir est dot\u00e9 de doubles couches de tissu de qualit\u00e9 sup\u00e9rieure pour une mise en forme am\u00e9lior\u00e9e, offrant un contr\u00f4le sup\u00e9rieur et une \u00e9lasticit\u00e9 durable. Vous aider \u00e0 obtenir un ventre lisse, des fesses rebondies, un beau dos, etc.<\/li>\n<li><strong>Silicone antid\u00e9rapant\u00a0:<\/strong> Le body shapewear avec soutien-gorge est dot\u00e9 d&#039;une conception antid\u00e9rapante en silicone qui garantit que le body shapewear beige reste en place tout au long de la journ\u00e9e, \u00e9vitant ainsi le roulement ou l&#039;inconfort.<\/li>\n<li><strong>Tendances du march\u00e9\u00a0:<\/strong> Notre body corset shapewear est conforme \u00e0 la tendance actuelle du march\u00e9 pour un body shapewear dos nageur l\u00e9ger, confortable et efficace, garantissant que votre gamme reste \u00e0 jour et en demande. Vous pouvez choisir ce shapewear bon march\u00e9, facile \u00e0 utiliser, confortable et ajust\u00e9. Envoyez-le \u00e0 vos amis ou \u00e0 votre famille, assistez \u00e0 des rendez-vous ou \u00e0 des f\u00eates, etc., vous serez toujours la plus belle et la plus confiante !<\/li>\n<\/ol>\n<h6><em>Meilleurs bodys amincissants pour femmes, grande taille<\/em><\/h6>\n<p>Notre Shapewear l\u00e9ger une pi\u00e8ce avec ajustement facile est un ajout polyvalent et essentiel \u00e0 votre collection de vente en gros. Offrant un m\u00e9lange de confort, de style et de fonctionnalit\u00e9, il r\u00e9pond aux besoins des consommateurs d&#039;aujourd&#039;hui, garantissant satisfaction et fid\u00e9lit\u00e9. Commandez d\u00e8s maintenant pour enrichir votre gamme de produits et booster vos ventes !<\/p>","protected":false},"excerpt":{"rendered":"<p>D\u00e9couvrez notre shapewear l\u00e9ger une pi\u00e8ce, une solution sans couture pour une silhouette impeccable. Avec un ajustement facile, un tissu double couche et des caract\u00e9ristiques antid\u00e9rapantes en silicone, il assure un ajustement parfait et un confort toute la journ\u00e9e. Id\u00e9al \u00e0 porter sous n&#039;importe quelle tenue, c&#039;est un incontournable de votre collection.<\/p>","protected":false},"featured_media":3399,"comment_status":"open","ping_status":"closed","template":"","meta":{"site-sidebar-layout":"default","site-content-layout":"default","ast-site-content-layout":"default","site-content-style":"default","site-sidebar-style":"default","ast-global-header-display":"","ast-banner-title-visibility":"","ast-main-header-display":"","ast-hfb-above-header-display":"","ast-hfb-below-header-display":"","ast-hfb-mobile-header-display":"","site-post-title":"","ast-breadcrumbs-content":"","ast-featured-img":"","footer-sml-layout":"","ast-disable-related-posts":"","theme-transparent-header-meta":"default","adv-header-id-meta":"","stick-header-meta":"default","header-above-stick-meta":"","header-main-stick-meta":"","header-below-stick-meta":"","astra-migrate-meta-layouts":"set","ast-page-background-enabled":"default","ast-page-background-meta":{"desktop":{"background-color":"","background-image":"","background-repeat":"repeat","background-position":"center center","background-size":"auto","background-attachment":"scroll","background-type":"","background-media":"","overlay-type":"","overlay-color":"","overlay-opacity":"","overlay-gradient":""},"tablet":{"background-color":"","background-image":"","background-repeat":"repeat","background-position":"center center","background-size":"auto","background-attachment":"scroll","background-type":"","background-media":"","overlay-type":"","overlay-color":"","overlay-opacity":"","overlay-gradient":""},"mobile":{"background-color":"","background-image":"","background-repeat":"repeat","background-position":"center center","background-size":"auto","background-attachment":"scroll","background-type":"","background-media":"","overlay-type":"","overlay-color":"","overlay-opacity":"","overlay-gradient":""}},"ast-content-background-meta":{"desktop":{"background-color":"var(--ast-global-color-5)","background-image":"","background-repeat":"repeat","background-position":"center center","background-size":"auto","background-attachment":"scroll","background-type":"","background-media":"","overlay-type":"","overlay-color":"","overlay-opacity":"","overlay-gradient":""},"tablet":{"background-color":"var(--ast-global-color-5)","background-image":"","background-repeat":"repeat","background-position":"center center","background-size":"auto","background-attachment":"scroll","background-type":"","background-media":"","overlay-type":"","overlay-color":"","overlay-opacity":"","overlay-gradient":""},"mobile":{"background-color":"var(--ast-global-color-5)","background-image":"","background-repeat":"repeat","background-position":"center center","background-size":"auto","background-attachment":"scroll","background-type":"","background-media":"","overlay-type":"","overlay-color":"","overlay-opacity":"","overlay-gradient":""}}},"product_brand":[],"product_cat":[65,76,77,79,78],"product_tag":[135,142,148,144],"class_list":{"0":"post-3388","1":"product","2":"type-product","3":"status-publish","4":"has-post-thumbnail","6":"product_cat-best-sellers","7":"product_cat-new-arrivels","8":"product_cat-wholesale-womens-shapewear","9":"product_cat-wholesale-seemless-shaperwear","10":"product_cat-wholesale-full-body-shaper","11":"product_tag-all-in-one","12":"product_tag-low-back","13":"product_tag-one-piece","14":"product_tag-slip","15":"pa_color-beige","16":"pa_color-black","17":"pa_size-l","18":"pa_size-m","19":"pa_size-s","20":"pa_size-xl","21":"desktop-align-center","22":"tablet-align-left","23":"mobile-align-left","24":"ast-product-gallery-layout-horizontal-slider","25":"ast-product-single-variable","26":"ast-product-tabs-layout-horizontal","27":"ast-qv-on-image","29":"first","30":"instock","31":"shipping-taxable","32":"purchasable","33":"product-type-variable"},"tiered_pricing_type":"fixed","tiered_pricing_fixed_rules":{"2":8.39,"30":7.79,"500":6.59},"tiered_pricing_product_settings":{"layout":"default","base_unit_name":{"singular":null,"plural":null},"default_variation":{}},"tiered_pricing_minimum_quantity":null,"tiered_pricing_roles_data":[],"tiered_pricing_percentage_rules":[],"_links":{"self":[{"href":"https:\/\/yume-silm.com\/fr\/wp-json\/wp\/v2\/product\/3388","targetHints":{"allow":["GET"]}}],"collection":[{"href":"https:\/\/yume-silm.com\/fr\/wp-json\/wp\/v2\/product"}],"about":[{"href":"https:\/\/yume-silm.com\/fr\/wp-json\/wp\/v2\/types\/product"}],"replies":[{"embeddable":true,"href":"https:\/\/yume-silm.com\/fr\/wp-json\/wp\/v2\/comments?post=3388"}],"wp:featuredmedia":[{"embeddable":true,"href":"https:\/\/yume-silm.com\/fr\/wp-json\/wp\/v2\/media\/3399"}],"wp:attachment":[{"href":"https:\/\/yume-silm.com\/fr\/wp-json\/wp\/v2\/media?parent=3388"}],"wp:term":[{"taxonomy":"product_brand","embeddable":true,"href":"https:\/\/yume-silm.com\/fr\/wp-json\/wp\/v2\/product_brand?post=3388"},{"taxonomy":"product_cat","embeddable":true,"href":"https:\/\/yume-silm.com\/fr\/wp-json\/wp\/v2\/product_cat?post=3388"},{"taxonomy":"product_tag","embeddable":true,"href":"https:\/\/yume-silm.com\/fr\/wp-json\/wp\/v2\/product_tag?post=3388"}],"curies":[{"name":"wp","href":"https:\/\/api.w.org\/{rel}","templated":true}]}}