{"id":3413,"date":"2023-05-29T06:29:37","date_gmt":"2023-05-29T06:29:37","guid":{"rendered":"https:\/\/yume-silm.com\/?post_type=product&#038;p=3413"},"modified":"2024-03-11T05:23:48","modified_gmt":"2024-03-11T05:23:48","slug":"tailleur-couture-en-dentelle-hapewear-avec-levage-de-hanches-design","status":"publish","type":"product","link":"https:\/\/yume-silm.com\/fr\/produit\/tailleur-couture-en-dentelle-hapewear-avec-levage-de-hanches-design\/","title":{"rendered":"Vente en gros de shorts shapewear \u00e0 buste ouvert pour femmes avec fermeture \u00e0 glissi\u00e8re"},"content":{"rendered":"<h5>Caract\u00e9ristiques de conception<\/h5>\n<ul>\n<li><strong>BODY SHAPEWEAR SLIM\u00a0:<\/strong> Cette pi\u00e8ce de modelage polyvalente pour le contr\u00f4le du ventre am\u00e9liore votre gamme de produits avec une gamme compl\u00e8te de mises en forme pour r\u00e9pondre aux besoins des diff\u00e9rents clients et stimuler la croissance des ventes.<\/li>\n<li><strong>FERMETURE \u00c9CLAIR ET SANGLES R\u00c9GLABLES\u00a0:<\/strong> Le look du body \u00e0 buste ouvert avec fermeture \u00e9clair et short rehaussant les fesses en dentelle garantit un ajustement personnalis\u00e9 qui vous appartient. Am\u00e9liorez votre image en offrant des shorts shapewear \u00e0 buste ouvert pour femmes, adaptables et confortables \u00e0 porter, avec fermeture \u00e9clair.<\/li>\n<li><strong>BORD EN DENTELLE FLORALE\u00a0:<\/strong> Les coutures en dentelle du body \u00e0 fermeture \u00e9clair du short gainant \u00e0 mi-cuisse et buste ouvert ajoutent une touche de luxe et d&#039;\u00e9l\u00e9gance au produit, ce qui peut facilement augmenter l&#039;int\u00e9r\u00eat des clients et am\u00e9liorer la comp\u00e9titivit\u00e9 du produit sur le march\u00e9.<\/li>\n<li><strong>LEVAGE DES HANCHES\u00a0:<\/strong> Vous souhaitez avoir une silhouette de star ? Veuillez choisir ce sous-v\u00eatement short en dentelle florale \u00e0 buste ouvert pour femme. L&#039;enveloppement et la compression complets du body shaper zipp\u00e9, y compris un dos plus mince et plus ferme, un r\u00e9tr\u00e9cissement de la graisse \u00e0 la taille, un lissage du ventre ainsi qu&#039;un modelage des cuisses, etc., cr\u00e9ent une silhouette courb\u00e9e parfaite.<\/li>\n<li><strong>MOTEUR DE VENTES\u00a0:<\/strong> Faites confiance \u00e0 cette combinaison unique de fonctionnalit\u00e9, de confort et d&#039;esth\u00e9tique. Faites de ce short shapewear \u00e0 buste ouvert pour femme avec fermeture \u00e9clair un best-seller potentiel et un \u00e9norme profit pour vous.<\/li>\n<\/ul>\n<h6><em>Short en dentelle florale pour femmes, buste ouvert, body zipp\u00e9 shaper<\/em><\/h6>\n<p>Notre short shapewear \u00e0 poitrine ouverte pour femme avec fermeture \u00e9clair est un m\u00e9lange de style, de confort et de fonctionnalit\u00e9. Pour les grossistes souhaitant proposer des produits haut de gamme en r\u00e9sonance avec les derni\u00e8res tendances de la mode, ce body est un incontournable. Avec des options de personnalisation, une gamme de tailles et la promesse d&#039;une livraison rapide, c&#039;est un ajout pr\u00e9cieux \u00e0 votre inventaire. Plongez dans le monde de la vente en gros avec cette pi\u00e8ce hors du commun. Commandez aujourd&#039;hui\u00a0!<\/p>","protected":false},"excerpt":{"rendered":"<p>Am\u00e9liorez votre offre de v\u00eatements gainants avec nos shorts shapewear \u00e0 poitrine ouverte pour femmes avec fermeture \u00e9clair. Dot\u00e9 d&#039;une fermeture \u00e9clair int\u00e9rieure, de bretelles r\u00e9glables et d&#039;un design rehaussant les hanches, il allie harmonieusement \u00e9l\u00e9gance et fonctionnalit\u00e9. Con\u00e7u pour un confort optimal et une mise en valeur de la silhouette, c&#039;est un ajout chic \u00e0 toute collection.<\/p>","protected":false},"featured_media":3461,"comment_status":"open","ping_status":"closed","template":"","meta":{"site-sidebar-layout":"default","site-content-layout":"default","ast-site-content-layout":"default","site-content-style":"default","site-sidebar-style":"default","ast-global-header-display":"","ast-banner-title-visibility":"","ast-main-header-display":"","ast-hfb-above-header-display":"","ast-hfb-below-header-display":"","ast-hfb-mobile-header-display":"","site-post-title":"","ast-breadcrumbs-content":"","ast-featured-img":"","footer-sml-layout":"","ast-disable-related-posts":"","theme-transparent-header-meta":"default","adv-header-id-meta":"","stick-header-meta":"default","header-above-stick-meta":"","header-main-stick-meta":"","header-below-stick-meta":"","astra-migrate-meta-layouts":"set","ast-page-background-enabled":"default","ast-page-background-meta":{"desktop":{"background-color":"","background-image":"","background-repeat":"repeat","background-position":"center center","background-size":"auto","background-attachment":"scroll","background-type":"","background-media":"","overlay-type":"","overlay-color":"","overlay-opacity":"","overlay-gradient":""},"tablet":{"background-color":"","background-image":"","background-repeat":"repeat","background-position":"center center","background-size":"auto","background-attachment":"scroll","background-type":"","background-media":"","overlay-type":"","overlay-color":"","overlay-opacity":"","overlay-gradient":""},"mobile":{"background-color":"","background-image":"","background-repeat":"repeat","background-position":"center center","background-size":"auto","background-attachment":"scroll","background-type":"","background-media":"","overlay-type":"","overlay-color":"","overlay-opacity":"","overlay-gradient":""}},"ast-content-background-meta":{"desktop":{"background-color":"var(--ast-global-color-5)","background-image":"","background-repeat":"repeat","background-position":"center center","background-size":"auto","background-attachment":"scroll","background-type":"","background-media":"","overlay-type":"","overlay-color":"","overlay-opacity":"","overlay-gradient":""},"tablet":{"background-color":"var(--ast-global-color-5)","background-image":"","background-repeat":"repeat","background-position":"center center","background-size":"auto","background-attachment":"scroll","background-type":"","background-media":"","overlay-type":"","overlay-color":"","overlay-opacity":"","overlay-gradient":""},"mobile":{"background-color":"var(--ast-global-color-5)","background-image":"","background-repeat":"repeat","background-position":"center center","background-size":"auto","background-attachment":"scroll","background-type":"","background-media":"","overlay-type":"","overlay-color":"","overlay-opacity":"","overlay-gradient":""}}},"product_brand":[],"product_cat":[77,65,76,82,80],"product_tag":[139,141,144,134,154,184],"class_list":{"0":"post-3413","1":"product","2":"type-product","3":"status-publish","4":"has-post-thumbnail","6":"product_cat-wholesale-womens-shapewear","7":"product_cat-best-sellers","8":"product_cat-new-arrivels","9":"product_cat-wholesale-shapewear-bodysuit","10":"product_cat-wholesale-butt-lift-underwear","11":"product_tag-high-waist","12":"product_tag-plus-size","13":"product_tag-slip","14":"product_tag-tummy-tucker","15":"product_tag-with-hooks","16":"product_tag-zipper","17":"pa_color-beige","18":"pa_color-black","19":"pa_size-4xl","20":"pa_size-5xl","21":"pa_size-6xl","22":"pa_size-l","23":"pa_size-m","24":"pa_size-s","25":"pa_size-xl","26":"pa_size-xxl","27":"pa_size-xxxl","28":"desktop-align-center","29":"tablet-align-left","30":"mobile-align-left","31":"ast-product-gallery-layout-horizontal-slider","32":"ast-product-single-variable","33":"ast-product-tabs-layout-horizontal","34":"ast-qv-on-image","36":"first","37":"instock","38":"shipping-taxable","39":"purchasable","40":"product-type-variable"},"tiered_pricing_type":"fixed","tiered_pricing_fixed_rules":{"2":11.29,"30":10.49,"500":8.79},"tiered_pricing_product_settings":{"layout":"default","base_unit_name":{"singular":null,"plural":null},"default_variation":{}},"tiered_pricing_minimum_quantity":null,"tiered_pricing_roles_data":[],"tiered_pricing_percentage_rules":[],"_links":{"self":[{"href":"https:\/\/yume-silm.com\/fr\/wp-json\/wp\/v2\/product\/3413","targetHints":{"allow":["GET"]}}],"collection":[{"href":"https:\/\/yume-silm.com\/fr\/wp-json\/wp\/v2\/product"}],"about":[{"href":"https:\/\/yume-silm.com\/fr\/wp-json\/wp\/v2\/types\/product"}],"replies":[{"embeddable":true,"href":"https:\/\/yume-silm.com\/fr\/wp-json\/wp\/v2\/comments?post=3413"}],"wp:featuredmedia":[{"embeddable":true,"href":"https:\/\/yume-silm.com\/fr\/wp-json\/wp\/v2\/media\/3461"}],"wp:attachment":[{"href":"https:\/\/yume-silm.com\/fr\/wp-json\/wp\/v2\/media?parent=3413"}],"wp:term":[{"taxonomy":"product_brand","embeddable":true,"href":"https:\/\/yume-silm.com\/fr\/wp-json\/wp\/v2\/product_brand?post=3413"},{"taxonomy":"product_cat","embeddable":true,"href":"https:\/\/yume-silm.com\/fr\/wp-json\/wp\/v2\/product_cat?post=3413"},{"taxonomy":"product_tag","embeddable":true,"href":"https:\/\/yume-silm.com\/fr\/wp-json\/wp\/v2\/product_tag?post=3413"}],"curies":[{"name":"wp","href":"https:\/\/api.w.org\/{rel}","templated":true}]}}