{"id":3464,"date":"2023-05-30T10:28:03","date_gmt":"2023-05-30T10:28:03","guid":{"rendered":"https:\/\/yume-silm.com\/?post_type=product&#038;p=3464"},"modified":"2024-11-08T08:54:41","modified_gmt":"2024-11-08T08:54:41","slug":"sauna-sweat-short-exercice-taille-entraineur-corps-cuisses","status":"publish","type":"product","link":"https:\/\/yume-silm.com\/fr\/produit\/sauna-sweat-short-exercice-taille-entraineur-corps-cuisses\/","title":{"rendered":"Short de sudation de sauna en gros : entra\u00eeneur de taille amincissant"},"content":{"rendered":"<h5>Caract\u00e9ristiques de conception<\/h5>\n<ul>\n<li><strong>R\u00c9SISTANT \u00c0 L&#039;ABRASION:<\/strong> Le short de sauna amincissant est fabriqu\u00e9 dans un mat\u00e9riau de haute qualit\u00e9 avec un design super extensible, en particulier les coutures, pour garantir la durabilit\u00e9.<\/li>\n<li><strong>CONCEPTION TAILLE HAUTE AVEC CROCHETS\u00a0:<\/strong> La position de l&#039;abdomen du short amincissant pour sauna transpirant est con\u00e7ue avec une fermeture auto-agrippante. Le short de sudation du sauna s&#039;enroulera autour de tout l&#039;abdomen et de la taille, am\u00e9liorant ainsi la forme et le soutien des cuisses en m\u00eame temps.<\/li>\n<li><strong>REV\u00caTEMENT PVC\u00a0:<\/strong> Ce short taille haute pour sauna ventre est fabriqu\u00e9 en tissu PVC absorbant la chaleur qui augmente la temp\u00e9rature corporelle. Il favorise la transpiration et la combustion des calories pour une perte de poids efficace lors de votre entra\u00eenement intentionnel ou de votre s\u00e9ance de gym.<\/li>\n<li><strong>\u00c0 porter au quotidien\u00a0:<\/strong> Associez ce short de sudation de sauna pour femme avec d&#039;autres produits de sauna ou v\u00eatements d&#039;entra\u00eenement pour emprisonner la sueur et \u00e9vacuer la chaleur n&#039;importe o\u00f9.<\/li>\n<li><strong>REV\u00caTEMENT PVC\u00a0:<\/strong> Ce short est fabriqu\u00e9 en tissu PVC absorbant la chaleur pour augmenter la temp\u00e9rature corporelle. Bien s\u00fbr, nous vous recommandons de le combiner avec une alimentation saine et une activit\u00e9 physique raisonnable, et vous r\u00e9v\u00e9lerez bient\u00f4t votre corps tout en courbes parfait. Portez parfaitement votre taille et votre style de v\u00eatements pr\u00e9f\u00e9r\u00e9s, plus confiants et plus beaux lors d&#039;un cocktail ou d&#039;une f\u00eate, d&#039;un rendez-vous et d&#039;autres occasions.<\/li>\n<li><strong>MISE EN FORME RAPIDE\u00a0:<\/strong> Notre thermo-taille d&#039;entra\u00eenement de compression amincissante est con\u00e7ue pour les corsets de taille et de cuisse. Il vous faudra r\u00e9aliser la compression de la taille, r\u00e9tr\u00e9cir l&#039;abdomen, soulever les fesses et pr\u00e9senter les courbes parfaites.<\/li>\n<\/ul>\n<h6><em>Short de sudation pour femmes, modelant le corps, sauna, perte de poids<\/em><\/h6>\n<p>Notre short de sudation de sauna est le m\u00e9lange id\u00e9al de style, de confort et de fonctionnalit\u00e9. Pour les grossistes qui cherchent \u00e0 proposer des produits de premier ordre qui correspondent aux derni\u00e8res tendances en mati\u00e8re de fitness, ce produit est un incontournable. Avec ses caract\u00e9ristiques et avantages uniques, il promet d\u2019\u00eatre un ajout pr\u00e9cieux \u00e0 votre inventaire. Plongez dans le monde du commerce de gros avec cette pi\u00e8ce hors du commun. Commandez aujourd&#039;hui\u00a0!<\/p>","protected":false},"excerpt":{"rendered":"<p>D\u00e9couvrez le pouvoir transformateur de nos shorts de sudation pour sauna. Con\u00e7u pour l&#039;exercice et l&#039;entra\u00eenement de la taille, ce short de sauna amincissant am\u00e9liore non seulement votre silhouette mais stimule \u00e9galement la combustion des graisses. Avec un design unique de levage des hanches, ils constituent le compl\u00e9ment parfait \u00e0 tout programme de remise en forme.<\/p>","protected":false},"featured_media":3465,"comment_status":"open","ping_status":"closed","template":"","meta":{"site-sidebar-layout":"default","site-content-layout":"default","ast-site-content-layout":"default","site-content-style":"default","site-sidebar-style":"default","ast-global-header-display":"","ast-banner-title-visibility":"","ast-main-header-display":"","ast-hfb-above-header-display":"","ast-hfb-below-header-display":"","ast-hfb-mobile-header-display":"","site-post-title":"","ast-breadcrumbs-content":"","ast-featured-img":"","footer-sml-layout":"","ast-disable-related-posts":"","theme-transparent-header-meta":"default","adv-header-id-meta":"","stick-header-meta":"default","header-above-stick-meta":"","header-main-stick-meta":"","header-below-stick-meta":"","astra-migrate-meta-layouts":"set","ast-page-background-enabled":"default","ast-page-background-meta":{"desktop":{"background-color":"","background-image":"","background-repeat":"repeat","background-position":"center center","background-size":"auto","background-attachment":"scroll","background-type":"","background-media":"","overlay-type":"","overlay-color":"","overlay-opacity":"","overlay-gradient":""},"tablet":{"background-color":"","background-image":"","background-repeat":"repeat","background-position":"center center","background-size":"auto","background-attachment":"scroll","background-type":"","background-media":"","overlay-type":"","overlay-color":"","overlay-opacity":"","overlay-gradient":""},"mobile":{"background-color":"","background-image":"","background-repeat":"repeat","background-position":"center center","background-size":"auto","background-attachment":"scroll","background-type":"","background-media":"","overlay-type":"","overlay-color":"","overlay-opacity":"","overlay-gradient":""}},"ast-content-background-meta":{"desktop":{"background-color":"var(--ast-global-color-5)","background-image":"","background-repeat":"repeat","background-position":"center center","background-size":"auto","background-attachment":"scroll","background-type":"","background-media":"","overlay-type":"","overlay-color":"","overlay-opacity":"","overlay-gradient":""},"tablet":{"background-color":"var(--ast-global-color-5)","background-image":"","background-repeat":"repeat","background-position":"center center","background-size":"auto","background-attachment":"scroll","background-type":"","background-media":"","overlay-type":"","overlay-color":"","overlay-opacity":"","overlay-gradient":""},"mobile":{"background-color":"var(--ast-global-color-5)","background-image":"","background-repeat":"repeat","background-position":"center center","background-size":"auto","background-attachment":"scroll","background-type":"","background-media":"","overlay-type":"","overlay-color":"","overlay-opacity":"","overlay-gradient":""}}},"product_brand":[],"product_cat":[97,99],"product_tag":[187,136,139,525,154,185],"class_list":{"0":"post-3464","1":"product","2":"type-product","3":"status-publish","4":"has-post-thumbnail","6":"product_cat-sauna-suit","7":"product_cat-sauna-pants","8":"product_tag-2-in-1","9":"product_tag-bridal","10":"product_tag-high-waist","11":"product_tag-slim","12":"product_tag-with-hooks","13":"product_tag-workout","14":"pa_color-blue","15":"pa_color-silver","16":"pa_size-l","17":"pa_size-m","18":"pa_size-s","19":"pa_size-xl","20":"pa_size-xxl","21":"pa_size-xxxl","22":"desktop-align-center","23":"tablet-align-left","24":"mobile-align-left","25":"ast-product-gallery-layout-horizontal-slider","26":"ast-product-single-variable","27":"ast-product-tabs-layout-horizontal","28":"ast-qv-on-image","30":"first","31":"instock","32":"shipping-taxable","33":"purchasable","34":"product-type-variable"},"tiered_pricing_type":"fixed","tiered_pricing_fixed_rules":{"10":4.52,"50":4.15,"200":3.74},"tiered_pricing_product_settings":{"layout":"default","base_unit_name":{"singular":null,"plural":null},"default_variation":{}},"tiered_pricing_minimum_quantity":null,"tiered_pricing_roles_data":[],"tiered_pricing_percentage_rules":[],"_links":{"self":[{"href":"https:\/\/yume-silm.com\/fr\/wp-json\/wp\/v2\/product\/3464","targetHints":{"allow":["GET"]}}],"collection":[{"href":"https:\/\/yume-silm.com\/fr\/wp-json\/wp\/v2\/product"}],"about":[{"href":"https:\/\/yume-silm.com\/fr\/wp-json\/wp\/v2\/types\/product"}],"replies":[{"embeddable":true,"href":"https:\/\/yume-silm.com\/fr\/wp-json\/wp\/v2\/comments?post=3464"}],"wp:featuredmedia":[{"embeddable":true,"href":"https:\/\/yume-silm.com\/fr\/wp-json\/wp\/v2\/media\/3465"}],"wp:attachment":[{"href":"https:\/\/yume-silm.com\/fr\/wp-json\/wp\/v2\/media?parent=3464"}],"wp:term":[{"taxonomy":"product_brand","embeddable":true,"href":"https:\/\/yume-silm.com\/fr\/wp-json\/wp\/v2\/product_brand?post=3464"},{"taxonomy":"product_cat","embeddable":true,"href":"https:\/\/yume-silm.com\/fr\/wp-json\/wp\/v2\/product_cat?post=3464"},{"taxonomy":"product_tag","embeddable":true,"href":"https:\/\/yume-silm.com\/fr\/wp-json\/wp\/v2\/product_tag?post=3464"}],"curies":[{"name":"wp","href":"https:\/\/api.w.org\/{rel}","templated":true}]}}