{"id":3647,"date":"2023-06-10T03:39:58","date_gmt":"2023-06-10T03:39:58","guid":{"rendered":"https:\/\/yume-silm.com\/?post_type=product&#038;p=3647"},"modified":"2024-03-09T03:19:39","modified_gmt":"2024-03-09T03:19:39","slug":"bande-verticale-tank-amincissant-avec-support-poitrine","status":"publish","type":"product","link":"https:\/\/yume-silm.com\/fr\/produit\/bande-verticale-tank-amincissant-avec-support-poitrine\/","title":{"rendered":"D\u00e9bardeur gainant \u00e0 manches courtes et col en U pour femmes, vente en gros"},"content":{"rendered":"<h5>Caract\u00e9ristiques de conception<\/h5>\n<ul>\n<li><strong>D\u00c9BARDEUR MINCEUR :<\/strong> Cette chemise \u00e0 manches courtes de compression basique de contr\u00f4le du ventre est simple, confortable et facile \u00e0 assortir avec un effet de cintrage de la taille et de modelage du corps. Id\u00e9al pour les v\u00eatements d\u00e9contract\u00e9s quotidiens, l&#039;exercice, le yoga, le fitness, l&#039;a\u00e9robic, il est recommand\u00e9 de combiner l&#039;exercice avec une alimentation saine, il durera longtemps pour obtenir la forme parfaite de la taille.<\/li>\n<li><strong>COMPRESSION PARFAITE\u00a0:<\/strong> Le haut moulant de sport \u00e0 col en U offre une compression appropri\u00e9e pour toutes les zones couvertes, coupant et tonifiant le ventre. Minceur et modelage efficaces, attractifs pour celles qui recherchent une silhouette plus fine.<\/li>\n<li><strong>HAUTE \u00c9LASTICIT\u00c9\u00a0:<\/strong> Le gilet amincissant body shaper est fait d&#039;un tissu extensible qui ne se cassera pas m\u00eame sous une forte tension, garantissant que vous ne perdrez pas votre \u00e9lasticit\u00e9 m\u00eame apr\u00e8s utilisation, la chemise de compression amincissante peut \u00eatre port\u00e9e toute la journ\u00e9e. Pendant ce temps, la combinaison d&#039;entra\u00eenement \u00e0 manches courtes n&#039;est pas facile \u00e0 frotter et \u00e0 retrousser les bords, ce qui apporte une sensation de confort \u00e0 votre peau.<\/li>\n<li><strong>CONCEPTION CONFORTABLE\u00a0:<\/strong> Ce d\u00e9bardeur shapewear \u00e0 manches courtes et col en U pour femme allie mode et confort et deviendra certainement un favori des clients, g\u00e9n\u00e9rant des achats r\u00e9p\u00e9t\u00e9s et augmentant la fid\u00e9lit\u00e9 des clients. La conception sans couture du sweat-shirt de compression amincissant vous permet de le porter toute la journ\u00e9e sans laisser de trace. Par exemple, des sweat-shirts, des jeans, des tenues de soir\u00e9e, etc. afin de mincir et d&#039;\u00eatre belle sans se faire remarquer.<\/li>\n<\/ul>\n<h6><em>Haut d&#039;entra\u00eenement \u00e0 poitrine ouverte pour femmes, modelant le contr\u00f4le du ventre<\/em><\/h6>\n<ul>\n<li>Notre d\u00e9bardeur gainant \u00e0 manches courtes et col en U pour femme est le m\u00e9lange parfait de style, de confort et de fonctionnalit\u00e9.<\/li>\n<li>Pour les grossistes souhaitant proposer des produits haut de gamme en r\u00e9sonance avec les derni\u00e8res tendances de la mode, ce d\u00e9bardeur court shapewear est un incontournable.<\/li>\n<li>Avec ses caract\u00e9ristiques et avantages uniques, il promet d\u2019\u00eatre un ajout pr\u00e9cieux \u00e0 votre inventaire. Plongez dans le monde du commerce de gros avec cette pi\u00e8ce hors du commun. Commandez aujourd&#039;hui\u00a0!<\/li>\n<\/ul>","protected":false},"excerpt":{"rendered":"<p>Pr\u00e9sentation de notre d\u00e9bardeur shapewear \u00e0 manches courtes et col en U pour femme, con\u00e7u pour la femme moderne. Avec un soutien fronc\u00e9 sur la poitrine et des rayures de compression verticales, ce d\u00e9bardeur shapewear offre \u00e0 la fois style et fonctionnalit\u00e9. Sa grande \u00e9lasticit\u00e9 assure un ajustement parfait, ce qui en fait un essentiel de toute garde-robe.<\/p>","protected":false},"featured_media":3660,"comment_status":"open","ping_status":"closed","template":"","meta":{"site-sidebar-layout":"default","site-content-layout":"default","ast-site-content-layout":"default","site-content-style":"default","site-sidebar-style":"default","ast-global-header-display":"","ast-banner-title-visibility":"","ast-main-header-display":"","ast-hfb-above-header-display":"","ast-hfb-below-header-display":"","ast-hfb-mobile-header-display":"","site-post-title":"","ast-breadcrumbs-content":"","ast-featured-img":"","footer-sml-layout":"","ast-disable-related-posts":"","theme-transparent-header-meta":"default","adv-header-id-meta":"","stick-header-meta":"default","header-above-stick-meta":"","header-main-stick-meta":"","header-below-stick-meta":"","astra-migrate-meta-layouts":"set","ast-page-background-enabled":"default","ast-page-background-meta":{"desktop":{"background-color":"","background-image":"","background-repeat":"repeat","background-position":"center center","background-size":"auto","background-attachment":"scroll","background-type":"","background-media":"","overlay-type":"","overlay-color":"","overlay-opacity":"","overlay-gradient":""},"tablet":{"background-color":"","background-image":"","background-repeat":"repeat","background-position":"center center","background-size":"auto","background-attachment":"scroll","background-type":"","background-media":"","overlay-type":"","overlay-color":"","overlay-opacity":"","overlay-gradient":""},"mobile":{"background-color":"","background-image":"","background-repeat":"repeat","background-position":"center center","background-size":"auto","background-attachment":"scroll","background-type":"","background-media":"","overlay-type":"","overlay-color":"","overlay-opacity":"","overlay-gradient":""}},"ast-content-background-meta":{"desktop":{"background-color":"var(--ast-global-color-5)","background-image":"","background-repeat":"repeat","background-position":"center center","background-size":"auto","background-attachment":"scroll","background-type":"","background-media":"","overlay-type":"","overlay-color":"","overlay-opacity":"","overlay-gradient":""},"tablet":{"background-color":"var(--ast-global-color-5)","background-image":"","background-repeat":"repeat","background-position":"center center","background-size":"auto","background-attachment":"scroll","background-type":"","background-media":"","overlay-type":"","overlay-color":"","overlay-opacity":"","overlay-gradient":""},"mobile":{"background-color":"var(--ast-global-color-5)","background-image":"","background-repeat":"repeat","background-position":"center center","background-size":"auto","background-attachment":"scroll","background-type":"","background-media":"","overlay-type":"","overlay-color":"","overlay-opacity":"","overlay-gradient":""}}},"product_brand":[],"product_cat":[65,76,77,79,81],"product_tag":[136,523,522,500],"class_list":{"0":"post-3647","1":"product","2":"type-product","3":"status-publish","4":"has-post-thumbnail","6":"product_cat-best-sellers","7":"product_cat-new-arrivels","8":"product_cat-wholesale-womens-shapewear","9":"product_cat-wholesale-seemless-shaperwear","10":"product_cat-wholesale-slimming-tank-top","11":"product_tag-bridal","12":"product_tag-seemless","13":"product_tag-tank-top","14":"product_tag-tummy-control","15":"pa_color-beige","16":"pa_color-black","17":"pa_size-3xl-4xl","18":"pa_size-m-l","19":"pa_size-xl-xxl","20":"pa_size-xs-s","21":"desktop-align-center","22":"tablet-align-left","23":"mobile-align-left","24":"ast-product-gallery-layout-horizontal-slider","25":"ast-product-single-variable","26":"ast-product-tabs-layout-horizontal","27":"ast-qv-on-image","29":"first","30":"instock","31":"shipping-taxable","32":"purchasable","33":"product-type-variable"},"tiered_pricing_type":"fixed","tiered_pricing_fixed_rules":{"2":4.89,"30":4.59,"500":3.79},"tiered_pricing_product_settings":{"layout":"default","base_unit_name":{"singular":null,"plural":null},"default_variation":{}},"tiered_pricing_minimum_quantity":null,"tiered_pricing_roles_data":[],"tiered_pricing_percentage_rules":[],"_links":{"self":[{"href":"https:\/\/yume-silm.com\/fr\/wp-json\/wp\/v2\/product\/3647","targetHints":{"allow":["GET"]}}],"collection":[{"href":"https:\/\/yume-silm.com\/fr\/wp-json\/wp\/v2\/product"}],"about":[{"href":"https:\/\/yume-silm.com\/fr\/wp-json\/wp\/v2\/types\/product"}],"replies":[{"embeddable":true,"href":"https:\/\/yume-silm.com\/fr\/wp-json\/wp\/v2\/comments?post=3647"}],"wp:featuredmedia":[{"embeddable":true,"href":"https:\/\/yume-silm.com\/fr\/wp-json\/wp\/v2\/media\/3660"}],"wp:attachment":[{"href":"https:\/\/yume-silm.com\/fr\/wp-json\/wp\/v2\/media?parent=3647"}],"wp:term":[{"taxonomy":"product_brand","embeddable":true,"href":"https:\/\/yume-silm.com\/fr\/wp-json\/wp\/v2\/product_brand?post=3647"},{"taxonomy":"product_cat","embeddable":true,"href":"https:\/\/yume-silm.com\/fr\/wp-json\/wp\/v2\/product_cat?post=3647"},{"taxonomy":"product_tag","embeddable":true,"href":"https:\/\/yume-silm.com\/fr\/wp-json\/wp\/v2\/product_tag?post=3647"}],"curies":[{"name":"wp","href":"https:\/\/api.w.org\/{rel}","templated":true}]}}