{"id":3666,"date":"2023-06-10T06:14:14","date_gmt":"2023-06-10T06:14:14","guid":{"rendered":"https:\/\/yume-silm.com\/?post_type=product&#038;p=3666"},"modified":"2024-03-08T06:13:22","modified_gmt":"2024-03-08T06:13:22","slug":"sans-couture-haute-elasticite-modelage-femmes-vest-en-trois-couleurs","status":"publish","type":"product","link":"https:\/\/yume-silm.com\/fr\/produit\/sans-couture-haute-elasticite-modelage-femmes-vest-en-trois-couleurs\/","title":{"rendered":"Gilet de mise en forme pour femmes \u00e0 haute \u00e9lasticit\u00e9 sans couture en gros: haute \u00e9lasticit\u00e9"},"content":{"rendered":"<h5>Caract\u00e9ristiques de conception<\/h5>\n<ul>\n<li><strong>GILET SHAPEWEAR SANS COUTURE\u00a0:<\/strong> Choix \u00e0 la mode, ce gilet gainant sans couture est parfait pour les d\u00e9taillants souhaitant fournir une solution shapewear efficace et discr\u00e8te.<\/li>\n<li><strong>TROIS OPTIONS DE COULEURS\u00a0:<\/strong> Disponible en noir, blanc et beige, le caraco gainant pour femme est disponible dans une vari\u00e9t\u00e9 de couleurs pour r\u00e9pondre aux diff\u00e9rentes pr\u00e9f\u00e9rences des clients et augmenter les ventes.<\/li>\n<li><strong>HAUTE \u00c9LASTICIT\u00c9\u00a0:<\/strong> Le gilet gainant sans couture pour femme est fabriqu\u00e9 dans un mat\u00e9riau de haute qualit\u00e9 avec une excellente \u00e9lasticit\u00e9. Porter ce gilet gainant pour femme vous rendra confortable \u00e0 porter et \u00e0 bouger librement, attirant les clients qui recherchent la mode et le confort pour acheter des v\u00eatements gainants.<\/li>\n<li><strong>CONCEPTION CONFORTABLE\u00a0:<\/strong> Le d\u00e9bardeur amincissant pour femme est simple, tendance et ses couleurs polyvalentes le rendent adapt\u00e9 pour un port de longue dur\u00e9e, ce qui am\u00e9liore la satisfaction des clients et encourage les clients \u00e0 faire des achats r\u00e9p\u00e9t\u00e9s.<\/li>\n<li><strong>UTILISATION POLYVALENTE\u00a0:<\/strong> La conception sans couture du maillot de corps sans couture \u00e0 haute \u00e9lasticit\u00e9 pour femme en fait le sous-v\u00eatement parfait pour aller avec une vari\u00e9t\u00e9 de tenues, vous pouvez m\u00eame le porter seul et votre veste en jean, blazer ou v\u00eatements d\u00e9contract\u00e9s pr\u00e9f\u00e9r\u00e9s est tr\u00e8s pratique et \u00e0 la mode. Votre confiance et votre beaut\u00e9 attireront de nombreux clients.<\/li>\n<\/ul>\n<h6><em>Gilet de contr\u00f4le gainant pour femme, confort, contr\u00f4le quotidien du ventre<\/em><\/h6>\n<ul>\n<li>Notre gilet gainant sans couture \u00e0 haute \u00e9lasticit\u00e9 pour femmes en trois couleurs est le m\u00e9lange parfait de style, de confort et de fonctionnalit\u00e9. Pour les grossistes qui cherchent \u00e0 proposer des produits haut de gamme en r\u00e9sonance avec les derni\u00e8res tendances de la mode, ce gilet est un incontournable.<\/li>\n<li>Avec ses caract\u00e9ristiques et avantages uniques, il promet d\u2019\u00eatre un ajout pr\u00e9cieux \u00e0 votre inventaire. Plongez dans le monde du commerce de gros avec cette pi\u00e8ce hors du commun. Commandez aujourd&#039;hui\u00a0!<\/li>\n<\/ul>","protected":false},"excerpt":{"rendered":"<p>Am\u00e9liorez votre collection avec notre gilet gainant sans couture \u00e0 haute \u00e9lasticit\u00e9 pour femme. Disponible en noir, blanc et beige, ce gilet promet une silhouette douce et un confort in\u00e9gal\u00e9. Sa haute \u00e9lasticit\u00e9 assure un ajustement parfait, ce qui en fait un incontournable de la garde-robe de toute femme moderne.<\/p>","protected":false},"featured_media":3690,"comment_status":"open","ping_status":"closed","template":"","meta":{"site-sidebar-layout":"default","site-content-layout":"default","ast-site-content-layout":"default","site-content-style":"default","site-sidebar-style":"default","ast-global-header-display":"","ast-banner-title-visibility":"","ast-main-header-display":"","ast-hfb-above-header-display":"","ast-hfb-below-header-display":"","ast-hfb-mobile-header-display":"","site-post-title":"","ast-breadcrumbs-content":"","ast-featured-img":"","footer-sml-layout":"","ast-disable-related-posts":"","theme-transparent-header-meta":"default","adv-header-id-meta":"","stick-header-meta":"default","header-above-stick-meta":"","header-main-stick-meta":"","header-below-stick-meta":"","astra-migrate-meta-layouts":"set","ast-page-background-enabled":"default","ast-page-background-meta":{"desktop":{"background-color":"","background-image":"","background-repeat":"repeat","background-position":"center center","background-size":"auto","background-attachment":"scroll","background-type":"","background-media":"","overlay-type":"","overlay-color":"","overlay-opacity":"","overlay-gradient":""},"tablet":{"background-color":"","background-image":"","background-repeat":"repeat","background-position":"center center","background-size":"auto","background-attachment":"scroll","background-type":"","background-media":"","overlay-type":"","overlay-color":"","overlay-opacity":"","overlay-gradient":""},"mobile":{"background-color":"","background-image":"","background-repeat":"repeat","background-position":"center center","background-size":"auto","background-attachment":"scroll","background-type":"","background-media":"","overlay-type":"","overlay-color":"","overlay-opacity":"","overlay-gradient":""}},"ast-content-background-meta":{"desktop":{"background-color":"var(--ast-global-color-5)","background-image":"","background-repeat":"repeat","background-position":"center center","background-size":"auto","background-attachment":"scroll","background-type":"","background-media":"","overlay-type":"","overlay-color":"","overlay-opacity":"","overlay-gradient":""},"tablet":{"background-color":"var(--ast-global-color-5)","background-image":"","background-repeat":"repeat","background-position":"center center","background-size":"auto","background-attachment":"scroll","background-type":"","background-media":"","overlay-type":"","overlay-color":"","overlay-opacity":"","overlay-gradient":""},"mobile":{"background-color":"var(--ast-global-color-5)","background-image":"","background-repeat":"repeat","background-position":"center center","background-size":"auto","background-attachment":"scroll","background-type":"","background-media":"","overlay-type":"","overlay-color":"","overlay-opacity":"","overlay-gradient":""}}},"product_brand":[],"product_cat":[65,76,77,79,81],"product_tag":[136,460,148,522,496],"class_list":{"0":"post-3666","1":"product","2":"type-product","3":"status-publish","4":"has-post-thumbnail","6":"product_cat-best-sellers","7":"product_cat-new-arrivels","8":"product_cat-wholesale-womens-shapewear","9":"product_cat-wholesale-seemless-shaperwear","10":"product_cat-wholesale-slimming-tank-top","11":"product_tag-bridal","12":"product_tag-high-elasticity","13":"product_tag-one-piece","14":"product_tag-tank-top","15":"product_tag-vest","16":"pa_color-beige","17":"pa_color-black","18":"pa_color-white","19":"pa_size-l","20":"pa_size-m","21":"pa_size-s","22":"pa_size-xl","23":"pa_size-xxl","24":"pa_size-xxxl","25":"desktop-align-center","26":"tablet-align-left","27":"mobile-align-left","28":"ast-product-gallery-layout-horizontal-slider","29":"ast-product-single-variable","30":"ast-product-tabs-layout-horizontal","31":"ast-qv-on-image","33":"first","34":"instock","35":"shipping-taxable","36":"purchasable","37":"product-type-variable"},"tiered_pricing_type":"fixed","tiered_pricing_fixed_rules":{"2":3.99,"30":3.69,"500":3.09},"tiered_pricing_product_settings":{"layout":"default","base_unit_name":{"singular":null,"plural":null},"default_variation":{}},"tiered_pricing_minimum_quantity":null,"tiered_pricing_roles_data":[],"tiered_pricing_percentage_rules":[],"_links":{"self":[{"href":"https:\/\/yume-silm.com\/fr\/wp-json\/wp\/v2\/product\/3666","targetHints":{"allow":["GET"]}}],"collection":[{"href":"https:\/\/yume-silm.com\/fr\/wp-json\/wp\/v2\/product"}],"about":[{"href":"https:\/\/yume-silm.com\/fr\/wp-json\/wp\/v2\/types\/product"}],"replies":[{"embeddable":true,"href":"https:\/\/yume-silm.com\/fr\/wp-json\/wp\/v2\/comments?post=3666"}],"wp:featuredmedia":[{"embeddable":true,"href":"https:\/\/yume-silm.com\/fr\/wp-json\/wp\/v2\/media\/3690"}],"wp:attachment":[{"href":"https:\/\/yume-silm.com\/fr\/wp-json\/wp\/v2\/media?parent=3666"}],"wp:term":[{"taxonomy":"product_brand","embeddable":true,"href":"https:\/\/yume-silm.com\/fr\/wp-json\/wp\/v2\/product_brand?post=3666"},{"taxonomy":"product_cat","embeddable":true,"href":"https:\/\/yume-silm.com\/fr\/wp-json\/wp\/v2\/product_cat?post=3666"},{"taxonomy":"product_tag","embeddable":true,"href":"https:\/\/yume-silm.com\/fr\/wp-json\/wp\/v2\/product_tag?post=3666"}],"curies":[{"name":"wp","href":"https:\/\/api.w.org\/{rel}","templated":true}]}}