{"id":3712,"date":"2023-06-10T08:27:38","date_gmt":"2023-06-10T08:27:38","guid":{"rendered":"https:\/\/yume-silm.com\/?post_type=product&#038;p=3712"},"modified":"2024-11-06T02:13:47","modified_gmt":"2024-11-06T02:13:47","slug":"taille-haute-sans-couture-vetements-moulants-avec-silicone-non-glissant","status":"publish","type":"product","link":"https:\/\/yume-silm.com\/fr\/produit\/taille-haute-sans-couture-vetements-moulants-avec-silicone-non-glissant\/","title":{"rendered":"Vente en gros de tongs gainantes sans couture taille haute\u00a0: silicone antid\u00e9rapant"},"content":{"rendered":"<h5>Caract\u00e9ristiques de conception<\/h5>\n<ul>\n<li><strong>CONCEPTION SANS COUTURE\u00a0:<\/strong> Ce string gainant marron de notre part a un design sans couture qui flatte naturellement la peau. Il donne une silhouette lisse sous n&#039;importe quelle tenue et constitue le premier choix pour ceux qui recherchent un body shaper discret.<\/li>\n<li><strong>COUVERTURE TAILLE HAUTE\u00a0:<\/strong> Le sous-v\u00eatement string gainant taille haute est sp\u00e9cialement con\u00e7u pour cibler la zone de la taille et du ventre, offrant une couverture compl\u00e8te et une coupe flatteuse, aidant \u00e0 rentrer la taille et \u00e0 aplatir le ventre, r\u00e9tablissant une belle silhouette.<\/li>\n<li><strong>SILICONE ANTID\u00c9RAPANT\u00a0:<\/strong> Ce string shapewear sexy pour femme a un design antid\u00e9rapant en silicone ajout\u00e9 \u00e0 la position de la taille pour garantir que le body shaper ne tombe pas, vous offrant tranquillit\u00e9 d&#039;esprit et confort tout au long de la journ\u00e9e.<\/li>\n<li><strong>UTILISATION POLYVALENTE\u00a0:<\/strong> Nos sous-v\u00eatements gainants gainants sont simples et \u00e0 la mode, tr\u00e8s adapt\u00e9s \u00e0 un usage quotidien comme les d\u00e9placements domicile-travail ou aux occasions sp\u00e9ciales telles que les f\u00eates, les r\u00e9ceptions, les mariages, etc.<\/li>\n<li><strong>CONFORTABLE ET CONTR\u00d4LABLE\u00a0:<\/strong> Fabriqu\u00e9 \u00e0 partir de tissus de haute qualit\u00e9, le string shapewear pour le contr\u00f4le du ventre est lisse et ne serre pas les hanches et les jambes, il est \u00e0 la fois flatteur et efficace pour fa\u00e7onner, ce qui en fait un incontournable pour ceux qui se soucient du confort et du contr\u00f4le.<\/li>\n<\/ul>\n<h6><em>String shapewear sans couture marron taille haute pour femme<\/em><\/h6>\n<ul>\n<li>Nos tongs shapewear taille haute sans couture avec silicone antid\u00e9rapant sont un m\u00e9lange d&#039;\u00e9l\u00e9gance, de confort et de fonctionnalit\u00e9. Pour les grossistes souhaitant proposer des produits haut de gamme en r\u00e9sonance avec les derni\u00e8res tendances de la mode, ce string shapewear est un incontournable.<\/li>\n<li>Ses caract\u00e9ristiques et avantages uniques en font un ajout pr\u00e9cieux \u00e0 tout inventaire. Plongez dans le monde du commerce de gros avec cette pi\u00e8ce hors du commun. Commandez aujourd&#039;hui\u00a0!<\/li>\n<\/ul>","protected":false},"excerpt":{"rendered":"<p>Pr\u00e9sentation de nos tongs shapewear taille haute sans couture, adapt\u00e9s \u00e0 la femme contemporaine. Cette pi\u00e8ce offre un design sans couture pour une silhouette lisse, rehauss\u00e9e d&#039;une fonction antid\u00e9rapante en silicone pour un ajustement s\u00e9curis\u00e9. Disponible dans une riche teinte caf\u00e9, c&#039;est la quintessence du style et de la fonctionnalit\u00e9.<\/p>","protected":false},"featured_media":3724,"comment_status":"open","ping_status":"closed","template":"","meta":{"site-sidebar-layout":"default","site-content-layout":"default","ast-site-content-layout":"default","site-content-style":"default","site-sidebar-style":"default","ast-global-header-display":"","ast-banner-title-visibility":"","ast-main-header-display":"","ast-hfb-above-header-display":"","ast-hfb-below-header-display":"","ast-hfb-mobile-header-display":"","site-post-title":"","ast-breadcrumbs-content":"","ast-featured-img":"","footer-sml-layout":"","ast-disable-related-posts":"","theme-transparent-header-meta":"default","adv-header-id-meta":"","stick-header-meta":"default","header-above-stick-meta":"","header-main-stick-meta":"","header-below-stick-meta":"","astra-migrate-meta-layouts":"set","ast-page-background-enabled":"default","ast-page-background-meta":{"desktop":{"background-color":"","background-image":"","background-repeat":"repeat","background-position":"center center","background-size":"auto","background-attachment":"scroll","background-type":"","background-media":"","overlay-type":"","overlay-color":"","overlay-opacity":"","overlay-gradient":""},"tablet":{"background-color":"","background-image":"","background-repeat":"repeat","background-position":"center center","background-size":"auto","background-attachment":"scroll","background-type":"","background-media":"","overlay-type":"","overlay-color":"","overlay-opacity":"","overlay-gradient":""},"mobile":{"background-color":"","background-image":"","background-repeat":"repeat","background-position":"center center","background-size":"auto","background-attachment":"scroll","background-type":"","background-media":"","overlay-type":"","overlay-color":"","overlay-opacity":"","overlay-gradient":""}},"ast-content-background-meta":{"desktop":{"background-color":"var(--ast-global-color-5)","background-image":"","background-repeat":"repeat","background-position":"center center","background-size":"auto","background-attachment":"scroll","background-type":"","background-media":"","overlay-type":"","overlay-color":"","overlay-opacity":"","overlay-gradient":""},"tablet":{"background-color":"var(--ast-global-color-5)","background-image":"","background-repeat":"repeat","background-position":"center center","background-size":"auto","background-attachment":"scroll","background-type":"","background-media":"","overlay-type":"","overlay-color":"","overlay-opacity":"","overlay-gradient":""},"mobile":{"background-color":"var(--ast-global-color-5)","background-image":"","background-repeat":"repeat","background-position":"center center","background-size":"auto","background-attachment":"scroll","background-type":"","background-media":"","overlay-type":"","overlay-color":"","overlay-opacity":"","overlay-gradient":""}}},"product_brand":[],"product_cat":[65,76,77,79,80],"product_tag":[139,470,144],"class_list":{"0":"post-3712","1":"product","2":"type-product","3":"status-publish","4":"has-post-thumbnail","6":"product_cat-best-sellers","7":"product_cat-new-arrivels","8":"product_cat-wholesale-womens-shapewear","9":"product_cat-wholesale-seemless-shaperwear","10":"product_cat-wholesale-butt-lift-underwear","11":"product_tag-high-waist","12":"product_tag-sexy-thong-underwear","13":"product_tag-slip","14":"pa_color-coffee","15":"pa_size-4xl","16":"pa_size-m-l","17":"pa_size-s","18":"pa_size-xl-xxl","19":"pa_size-xxxl","20":"desktop-align-center","21":"tablet-align-left","22":"mobile-align-left","23":"ast-product-gallery-layout-horizontal-slider","24":"ast-product-single-variable","25":"ast-product-tabs-layout-horizontal","26":"ast-qv-on-image","28":"first","29":"instock","30":"shipping-taxable","31":"purchasable","32":"product-type-variable"},"tiered_pricing_type":"fixed","tiered_pricing_fixed_rules":{"2":3.09,"30":2.89,"500":2.39},"tiered_pricing_product_settings":{"layout":"default","base_unit_name":{"singular":null,"plural":null},"default_variation":{}},"tiered_pricing_minimum_quantity":null,"tiered_pricing_roles_data":[],"tiered_pricing_percentage_rules":[],"_links":{"self":[{"href":"https:\/\/yume-silm.com\/fr\/wp-json\/wp\/v2\/product\/3712","targetHints":{"allow":["GET"]}}],"collection":[{"href":"https:\/\/yume-silm.com\/fr\/wp-json\/wp\/v2\/product"}],"about":[{"href":"https:\/\/yume-silm.com\/fr\/wp-json\/wp\/v2\/types\/product"}],"replies":[{"embeddable":true,"href":"https:\/\/yume-silm.com\/fr\/wp-json\/wp\/v2\/comments?post=3712"}],"wp:featuredmedia":[{"embeddable":true,"href":"https:\/\/yume-silm.com\/fr\/wp-json\/wp\/v2\/media\/3724"}],"wp:attachment":[{"href":"https:\/\/yume-silm.com\/fr\/wp-json\/wp\/v2\/media?parent=3712"}],"wp:term":[{"taxonomy":"product_brand","embeddable":true,"href":"https:\/\/yume-silm.com\/fr\/wp-json\/wp\/v2\/product_brand?post=3712"},{"taxonomy":"product_cat","embeddable":true,"href":"https:\/\/yume-silm.com\/fr\/wp-json\/wp\/v2\/product_cat?post=3712"},{"taxonomy":"product_tag","embeddable":true,"href":"https:\/\/yume-silm.com\/fr\/wp-json\/wp\/v2\/product_tag?post=3712"}],"curies":[{"name":"wp","href":"https:\/\/api.w.org\/{rel}","templated":true}]}}