{"id":3726,"date":"2023-06-10T09:12:13","date_gmt":"2023-06-10T09:12:13","guid":{"rendered":"https:\/\/yume-silm.com\/?post_type=product&#038;p=3726"},"modified":"2025-05-29T03:34:46","modified_gmt":"2025-05-29T03:34:46","slug":"taille-haute-sans-couture-vetements-moulants-avec-assurance-depannage","status":"publish","type":"product","link":"https:\/\/yume-silm.com\/fr\/produit\/taille-haute-sans-couture-vetements-moulants-avec-assurance-depannage\/","title":{"rendered":"Short gainant sans couture taille haute en gros\u00a0: silicone antid\u00e9rapant"},"content":{"rendered":"<h5>Caract\u00e9ristiques de conception<\/h5>\n<ul>\n<li><strong>LISSE SANS COUTURE\u00a0:<\/strong> La surface lisse du tissu du short shapewear sans couture \u00e0 contr\u00f4le \u00e9lev\u00e9 le rend plus doux pour la peau et naturellement confortable \u00e0 porter. Le design sans couture du short shapewear taille haute sans couture se cache bien sous n&#039;importe lequel de vos v\u00eatements pr\u00e9f\u00e9r\u00e9s. Id\u00e9al pour les d\u00e9taillants \u00e0 la recherche d&#039;un produit qui se marie bien avec n&#039;importe quelle tenue et cr\u00e9e la silhouette id\u00e9ale.<\/li>\n<li><strong>SHAPER TAILLE HAUTE\u00a0:<\/strong> Nos shorts shapewear taille haute sont sp\u00e9cialement con\u00e7us pour cibler le ventre, offrant une couverture et une mise en forme compl\u00e8tes, ce qui les rend id\u00e9aux pour ceux qui recherchent un look rafra\u00eechi.<\/li>\n<li><strong>SILICONE ANTID\u00c9RAPANT\u00a0:<\/strong> Vous avez toujours du mal avec des v\u00eatements qui glissent de temps en temps ? Notre short gainant de couleur unie est dot\u00e9 de la meilleure ceinture antid\u00e9rapante en silicone pour garantir un ajustement s\u00fbr, ce qui en fait le premier choix du d\u00e9taillant pour une solution fiable et pratique.<\/li>\n<li><strong>CONFORT CONFIANCE\u00a0:<\/strong> Nylon, \u00e9lasthanne. Notre short gainant taille haute allie confort et mise en forme efficace pour une durabilit\u00e9 et une confiance durables. Assurer une satisfaction maximale des utilisateurs.<\/li>\n<li><strong>NATURELLEMENT POLYVALENT\u00a0:<\/strong> Portez notre short gainant lisse et sans couture. L&#039;effet global du lifting des fesses est perceptible, lissant le ventre avec facilit\u00e9, naturellement confortable et doux pour la peau. Ce short shapewear taille haute sans couture convient au travail quotidien ou au shopping d\u00e9contract\u00e9 ainsi qu&#039;aux occasions sp\u00e9ciales telles que les f\u00eates, les mariages, etc., ce qui attirera certainement de nombreux clients.<\/li>\n<\/ul>\n<h6><em>Short modelant le corps sans couture, taille haute, antid\u00e9rapant, pour femmes<\/em><\/h6>\n<ul>\n<li>En r\u00e9sum\u00e9, le short shapewear taille haute sans couture est un incontournable pour les grossistes souhaitant proposer des solutions de mise en forme haut de gamme. Son m\u00e9lange de style, de confort et de fonctionnalit\u00e9 garantit qu&#039;il sera l&#039;un des favoris des clients. Pensez \u00e0 l&#039;ajouter \u00e0 votre collection d\u00e8s aujourd&#039;hui\u00a0!<\/li>\n<\/ul>","protected":false},"excerpt":{"rendered":"<p>Am\u00e9liorez votre collection avec notre short shapewear taille haute sans couture. M\u00e9ticuleusement con\u00e7u avec la technologie Cross-Lift et une maille respirante, ce short promet une silhouette flatteuse et un confort in\u00e9gal\u00e9.<\/p>","protected":false},"featured_media":3746,"comment_status":"open","ping_status":"closed","template":"","meta":{"site-sidebar-layout":"default","site-content-layout":"default","ast-site-content-layout":"default","site-content-style":"default","site-sidebar-style":"default","ast-global-header-display":"","ast-banner-title-visibility":"","ast-main-header-display":"","ast-hfb-above-header-display":"","ast-hfb-below-header-display":"","ast-hfb-mobile-header-display":"","site-post-title":"","ast-breadcrumbs-content":"","ast-featured-img":"","footer-sml-layout":"","ast-disable-related-posts":"","theme-transparent-header-meta":"default","adv-header-id-meta":"","stick-header-meta":"default","header-above-stick-meta":"","header-main-stick-meta":"","header-below-stick-meta":"","astra-migrate-meta-layouts":"set","ast-page-background-enabled":"default","ast-page-background-meta":{"desktop":{"background-color":"","background-image":"","background-repeat":"repeat","background-position":"center center","background-size":"auto","background-attachment":"scroll","background-type":"","background-media":"","overlay-type":"","overlay-color":"","overlay-opacity":"","overlay-gradient":""},"tablet":{"background-color":"","background-image":"","background-repeat":"repeat","background-position":"center center","background-size":"auto","background-attachment":"scroll","background-type":"","background-media":"","overlay-type":"","overlay-color":"","overlay-opacity":"","overlay-gradient":""},"mobile":{"background-color":"","background-image":"","background-repeat":"repeat","background-position":"center center","background-size":"auto","background-attachment":"scroll","background-type":"","background-media":"","overlay-type":"","overlay-color":"","overlay-opacity":"","overlay-gradient":""}},"ast-content-background-meta":{"desktop":{"background-color":"var(--ast-global-color-5)","background-image":"","background-repeat":"repeat","background-position":"center center","background-size":"auto","background-attachment":"scroll","background-type":"","background-media":"","overlay-type":"","overlay-color":"","overlay-opacity":"","overlay-gradient":""},"tablet":{"background-color":"var(--ast-global-color-5)","background-image":"","background-repeat":"repeat","background-position":"center center","background-size":"auto","background-attachment":"scroll","background-type":"","background-media":"","overlay-type":"","overlay-color":"","overlay-opacity":"","overlay-gradient":""},"mobile":{"background-color":"var(--ast-global-color-5)","background-image":"","background-repeat":"repeat","background-position":"center center","background-size":"auto","background-attachment":"scroll","background-type":"","background-media":"","overlay-type":"","overlay-color":"","overlay-opacity":"","overlay-gradient":""}}},"product_brand":[],"product_cat":[65,76,77,79,80],"product_tag":[139,134],"class_list":{"0":"post-3726","1":"product","2":"type-product","3":"status-publish","4":"has-post-thumbnail","6":"product_cat-best-sellers","7":"product_cat-new-arrivels","8":"product_cat-wholesale-womens-shapewear","9":"product_cat-wholesale-seemless-shaperwear","10":"product_cat-wholesale-butt-lift-underwear","11":"product_tag-high-waist","12":"product_tag-tummy-tucker","13":"pa_color-beige","14":"pa_color-black","15":"pa_size-l","16":"pa_size-m","17":"pa_size-s","18":"pa_size-xl","19":"pa_size-xxl","20":"pa_size-xxxl","21":"desktop-align-center","22":"tablet-align-left","23":"mobile-align-left","24":"ast-product-gallery-layout-horizontal-slider","25":"ast-product-single-variable","26":"ast-product-tabs-layout-horizontal","27":"ast-qv-on-image","29":"first","30":"instock","31":"shipping-taxable","32":"purchasable","33":"product-type-variable"},"tiered_pricing_type":"fixed","tiered_pricing_fixed_rules":{"2":3.99,"30":3.69,"500":3.09},"tiered_pricing_product_settings":{"layout":"default","base_unit_name":{"singular":null,"plural":null},"default_variation":{}},"tiered_pricing_minimum_quantity":null,"tiered_pricing_roles_data":[],"tiered_pricing_percentage_rules":[],"_links":{"self":[{"href":"https:\/\/yume-silm.com\/fr\/wp-json\/wp\/v2\/product\/3726","targetHints":{"allow":["GET"]}}],"collection":[{"href":"https:\/\/yume-silm.com\/fr\/wp-json\/wp\/v2\/product"}],"about":[{"href":"https:\/\/yume-silm.com\/fr\/wp-json\/wp\/v2\/types\/product"}],"replies":[{"embeddable":true,"href":"https:\/\/yume-silm.com\/fr\/wp-json\/wp\/v2\/comments?post=3726"}],"wp:featuredmedia":[{"embeddable":true,"href":"https:\/\/yume-silm.com\/fr\/wp-json\/wp\/v2\/media\/3746"}],"wp:attachment":[{"href":"https:\/\/yume-silm.com\/fr\/wp-json\/wp\/v2\/media?parent=3726"}],"wp:term":[{"taxonomy":"product_brand","embeddable":true,"href":"https:\/\/yume-silm.com\/fr\/wp-json\/wp\/v2\/product_brand?post=3726"},{"taxonomy":"product_cat","embeddable":true,"href":"https:\/\/yume-silm.com\/fr\/wp-json\/wp\/v2\/product_cat?post=3726"},{"taxonomy":"product_tag","embeddable":true,"href":"https:\/\/yume-silm.com\/fr\/wp-json\/wp\/v2\/product_tag?post=3726"}],"curies":[{"name":"wp","href":"https:\/\/api.w.org\/{rel}","templated":true}]}}