{"id":3748,"date":"2023-06-12T03:53:16","date_gmt":"2023-06-12T03:53:16","guid":{"rendered":"https:\/\/yume-silm.com\/?post_type=product&#038;p=3748"},"modified":"2025-06-24T05:30:07","modified_gmt":"2025-06-24T05:30:07","slug":"calecon-confort-avec-coussinets-amovibles-pour-les-fesses","status":"publish","type":"product","link":"https:\/\/yume-silm.com\/fr\/produit\/calecon-confort-avec-coussinets-amovibles-pour-les-fesses\/","title":{"rendered":"Short de contr\u00f4le du ventre confortable en gros : coussinet de fesses amovible"},"content":{"rendered":"<h5>Caract\u00e9ristiques de conception<\/h5>\n<ul>\n<li><strong>COUSSINS DE FESSES AMOVIBLES\u00a0:<\/strong> Ce short shaper de notre part est dot\u00e9 de coussinets amovibles pour un boost BBL instantan\u00e9. R\u00e9pond facilement aux pr\u00e9f\u00e9rences des diff\u00e9rents clients.<\/li>\n<li><strong>CONTR\u00d4LE DE LA FORME DU CORPS\u00a0:<\/strong> Le short gainant taille mi-haute met l&#039;accent sur le contr\u00f4le du ventre, compl\u00e9t\u00e9 par de l&#039;exercice et un r\u00e9gime pour une perte de poids lissante. Short gainant id\u00e9al pour ceux qui recherchent une solution de modelage totale du corps.<\/li>\n<li><strong>CONFORTABLE ET RESPIRANT\u00a0:<\/strong> Le short gainant les fesses est fabriqu\u00e9 \u00e0 partir de mat\u00e9riaux de qualit\u00e9 sup\u00e9rieure en mettant l&#039;accent sur la qualit\u00e9. Le confort du porteur est au centre pour garantir une exp\u00e9rience de qualit\u00e9.<\/li>\n<li><strong>POLYVALENT:<\/strong> La simplicit\u00e9 et l&#039;\u00e9l\u00e9gance du short gainant les fesses le rendent parfait pour un usage quotidien et des occasions sp\u00e9ciales. Vous pouvez porter en toute confiance ce short gainant sans couture lors de banquets, de cocktails, de f\u00eates ou m\u00eame pour le travail, les voyages quotidiens et le shopping. Beau et \u00e9l\u00e9gant, peut r\u00e9pondre aux besoins de diff\u00e9rents clients.<\/li>\n<\/ul>\n<h6><em>Short gainant pour femme, lifting des hanches, abdominoplastie<\/em><\/h6>\n<ul>\n<li>En r\u00e9sum\u00e9, le short gainant confort avec coussinet de fesses amovible est un ajout pr\u00e9cieux pour les grossistes qui cherchent \u00e0 proposer des solutions de modelage de qualit\u00e9 sup\u00e9rieure. Son m\u00e9lange de fonctionnalit\u00e9 et de style garantit qu&#039;il sera un succ\u00e8s aupr\u00e8s des clients. Pensez \u00e0 l&#039;ajouter \u00e0 votre collection d\u00e8s aujourd&#039;hui\u00a0!<\/li>\n<\/ul>","protected":false},"excerpt":{"rendered":"<p>Pr\u00e9sentation de notre short confortable avec contr\u00f4le du ventre, con\u00e7u pour la femme moderne. Ce short est livr\u00e9 avec un coussinet amovible, offrant \u00e0 la fois style et polyvalence. La conception respirante assure un confort tout au long de la journ\u00e9e, ce qui en fait un incontournable de toute garde-robe.<\/p>","protected":false},"featured_media":3760,"comment_status":"open","ping_status":"closed","template":"","meta":{"site-sidebar-layout":"default","site-content-layout":"default","ast-site-content-layout":"default","site-content-style":"default","site-sidebar-style":"default","ast-global-header-display":"","ast-banner-title-visibility":"","ast-main-header-display":"","ast-hfb-above-header-display":"","ast-hfb-below-header-display":"","ast-hfb-mobile-header-display":"","site-post-title":"","ast-breadcrumbs-content":"","ast-featured-img":"","footer-sml-layout":"","ast-disable-related-posts":"","theme-transparent-header-meta":"default","adv-header-id-meta":"","stick-header-meta":"default","header-above-stick-meta":"","header-main-stick-meta":"","header-below-stick-meta":"","astra-migrate-meta-layouts":"set","ast-page-background-enabled":"default","ast-page-background-meta":{"desktop":{"background-color":"","background-image":"","background-repeat":"repeat","background-position":"center center","background-size":"auto","background-attachment":"scroll","background-type":"","background-media":"","overlay-type":"","overlay-color":"","overlay-opacity":"","overlay-gradient":""},"tablet":{"background-color":"","background-image":"","background-repeat":"repeat","background-position":"center center","background-size":"auto","background-attachment":"scroll","background-type":"","background-media":"","overlay-type":"","overlay-color":"","overlay-opacity":"","overlay-gradient":""},"mobile":{"background-color":"","background-image":"","background-repeat":"repeat","background-position":"center center","background-size":"auto","background-attachment":"scroll","background-type":"","background-media":"","overlay-type":"","overlay-color":"","overlay-opacity":"","overlay-gradient":""}},"ast-content-background-meta":{"desktop":{"background-color":"var(--ast-global-color-5)","background-image":"","background-repeat":"repeat","background-position":"center center","background-size":"auto","background-attachment":"scroll","background-type":"","background-media":"","overlay-type":"","overlay-color":"","overlay-opacity":"","overlay-gradient":""},"tablet":{"background-color":"var(--ast-global-color-5)","background-image":"","background-repeat":"repeat","background-position":"center center","background-size":"auto","background-attachment":"scroll","background-type":"","background-media":"","overlay-type":"","overlay-color":"","overlay-opacity":"","overlay-gradient":""},"mobile":{"background-color":"var(--ast-global-color-5)","background-image":"","background-repeat":"repeat","background-position":"center center","background-size":"auto","background-attachment":"scroll","background-type":"","background-media":"","overlay-type":"","overlay-color":"","overlay-opacity":"","overlay-gradient":""}}},"product_brand":[],"product_cat":[77,65,76,79,80],"product_tag":[136,137,147,139,186],"class_list":{"0":"post-3748","1":"product","2":"type-product","3":"status-publish","4":"has-post-thumbnail","6":"product_cat-wholesale-womens-shapewear","7":"product_cat-best-sellers","8":"product_cat-new-arrivels","9":"product_cat-wholesale-seemless-shaperwear","10":"product_cat-wholesale-butt-lift-underwear","11":"product_tag-bridal","12":"product_tag-butt-lift","13":"product_tag-cross","14":"product_tag-high-waist","15":"product_tag-padded","16":"pa_color-beige","17":"pa_color-black","18":"pa_size-l","19":"pa_size-m","20":"pa_size-xl","21":"desktop-align-center","22":"tablet-align-left","23":"mobile-align-left","24":"ast-product-gallery-layout-horizontal-slider","25":"ast-product-single-variable","26":"ast-product-tabs-layout-horizontal","27":"ast-qv-on-image","29":"first","30":"instock","31":"shipping-taxable","32":"purchasable","33":"product-type-variable"},"tiered_pricing_type":"fixed","tiered_pricing_fixed_rules":{"2":4.49,"30":4.19,"500":3.49},"tiered_pricing_product_settings":{"layout":"default","base_unit_name":{"singular":null,"plural":null},"default_variation":{}},"tiered_pricing_minimum_quantity":null,"tiered_pricing_roles_data":[],"tiered_pricing_percentage_rules":[],"_links":{"self":[{"href":"https:\/\/yume-silm.com\/fr\/wp-json\/wp\/v2\/product\/3748","targetHints":{"allow":["GET"]}}],"collection":[{"href":"https:\/\/yume-silm.com\/fr\/wp-json\/wp\/v2\/product"}],"about":[{"href":"https:\/\/yume-silm.com\/fr\/wp-json\/wp\/v2\/types\/product"}],"replies":[{"embeddable":true,"href":"https:\/\/yume-silm.com\/fr\/wp-json\/wp\/v2\/comments?post=3748"}],"wp:featuredmedia":[{"embeddable":true,"href":"https:\/\/yume-silm.com\/fr\/wp-json\/wp\/v2\/media\/3760"}],"wp:attachment":[{"href":"https:\/\/yume-silm.com\/fr\/wp-json\/wp\/v2\/media?parent=3748"}],"wp:term":[{"taxonomy":"product_brand","embeddable":true,"href":"https:\/\/yume-silm.com\/fr\/wp-json\/wp\/v2\/product_brand?post=3748"},{"taxonomy":"product_cat","embeddable":true,"href":"https:\/\/yume-silm.com\/fr\/wp-json\/wp\/v2\/product_cat?post=3748"},{"taxonomy":"product_tag","embeddable":true,"href":"https:\/\/yume-silm.com\/fr\/wp-json\/wp\/v2\/product_tag?post=3748"}],"curies":[{"name":"wp","href":"https:\/\/api.w.org\/{rel}","templated":true}]}}