{"id":3767,"date":"2023-06-12T05:41:37","date_gmt":"2023-06-12T05:41:37","guid":{"rendered":"https:\/\/yume-silm.com\/?post_type=product&#038;p=3767"},"modified":"2025-05-26T01:43:46","modified_gmt":"2025-05-26T01:43:46","slug":"pantalon-de-levage-a-mailles-elastiques-avec-accents-en-dentelle","status":"publish","type":"product","link":"https:\/\/yume-silm.com\/fr\/produit\/pantalon-de-levage-a-mailles-elastiques-avec-accents-en-dentelle\/","title":{"rendered":"Short gainant taille haute pour femmes, vente en gros, haute efficacit\u00e9, levage des hanches"},"content":{"rendered":"<h5>Caract\u00e9ristiques de conception<\/h5>\n<ul>\n<li><strong>ENTREJAMBE OUVERTE\u00a0:<\/strong> La conception \u00e0 entrejambe ouverte du shapewear grande taille pour femme est tr\u00e8s pratique pour une utilisation dans la salle de bain et r\u00e9sout le probl\u00e8me d&#039;aller aux toilettes.<\/li>\n<li><strong>GARNITURE EN DENTELLE\u00a0:<\/strong> Ajoutant une touche de sophistication, les d\u00e9tails en dentelle de nos shorts shapewear pour femmes vous permettront de vous sentir plus en confiance.<\/li>\n<li><strong>HAUTE \u00c9LASTICIT\u00c9\u00a0:<\/strong> Le short shapewear \u00e0 bretelles est fait d&#039;un mat\u00e9riau \u00e0 haute \u00e9lasticit\u00e9. Con\u00e7u pour s&#039;adapter \u00e0 une vari\u00e9t\u00e9 de types de corps, assurant un ajustement confortable et \u00e9largissant votre client\u00e8le. Privil\u00e9giez la r\u00e9sistance \u00e0 l\u2019usure pour assurer le confort de l\u2019utilisateur tout au long de la journ\u00e9e.<\/li>\n<li><strong>OPTIONS DE GRANDE TAILLE\u00a0:<\/strong> Le short gainant bout \u00e0 bout est disponible dans une vari\u00e9t\u00e9 de tailles, du S au 6XL. Vous pouvez choisir celle qui vous convient et n&#039;aurez plus jamais \u00e0 vous soucier de trouver la bonne taille.<\/li>\n<li><strong>SANGLES SPAGHETTI R\u00c9GLABLES ET AMOVIBLES\u00a0:<\/strong> Notre sous-v\u00eatement taille plus vous offre plus de libert\u00e9 de mouvement et de confort. Vous pouvez retirer vous-m\u00eame les bretelles et les porter comme un short gainant. La taille antid\u00e9rapante en silicone et la d\u00e9coration en dentelle sur les jambes ne tomberont pas facilement. Facile \u00e0 porter. Vous pouvez \u00e9galement le porter en une seule pi\u00e8ce, les bretelles se soulevant pour vous aider \u00e0 soulever votre poitrine, vous rendant ainsi plus d\u00e9tendu.<\/li>\n<\/ul>\n<h6><em>Short gainant taille haute pour femmes, haute efficacit\u00e9, levage des hanches<\/em><\/h6>\n<ul>\n<li><strong>MULTIFONCTIONNEL\u00a0:<\/strong> Le short shapewear taille haute haute efficacit\u00e9 pour femme avec crochet et fermeture \u00e9clair am\u00e9liore le contr\u00f4le abdominal et aide \u00e0 restaurer une taille fine. Convient \u00e0 porter au travail ou lors de sorties pour faire les courses quotidiennes. Vous pouvez \u00e9galement l&#039;associer \u00e0 votre robe pr\u00e9f\u00e9r\u00e9e ou \u00e0 un jean skinny. N&#039;h\u00e9sitez pas \u00e0 montrer votre silhouette parfaite.<\/li>\n<li><strong>DES FESSES DE P\u00caCHE REPUMP\u00c9ES\u00a0:<\/strong> Le short shapewear \u00e0 haute \u00e9lasticit\u00e9 est dot\u00e9 de coussinets de hanches amovibles avec des trous d&#039;a\u00e9ration sur le dos et les c\u00f4t\u00e9s des fesses. Coussinets de fesses en maille respirante con\u00e7us pour renforcer et sculpter les fesses, ce qui en fait un premier choix pour ceux qui recherchent des v\u00eatements shapewear transformateurs.<\/li>\n<\/ul>","protected":false},"excerpt":{"rendered":"<p>D\u00e9voilement de nos shorts shapewear taille haute haute efficacit\u00e9 pour femmes, un m\u00e9lange parfait de style et de confort. Con\u00e7u avec un tissu hautement \u00e9lastique et respirant, ce pantalon est accentu\u00e9 de d\u00e9licats d\u00e9tails en dentelle, assurant une coupe chic et ajust\u00e9e.<\/p>","protected":false},"featured_media":3793,"comment_status":"open","ping_status":"closed","template":"","meta":{"site-sidebar-layout":"default","site-content-layout":"default","ast-site-content-layout":"default","site-content-style":"default","site-sidebar-style":"default","ast-global-header-display":"","ast-banner-title-visibility":"","ast-main-header-display":"","ast-hfb-above-header-display":"","ast-hfb-below-header-display":"","ast-hfb-mobile-header-display":"","site-post-title":"","ast-breadcrumbs-content":"","ast-featured-img":"","footer-sml-layout":"","ast-disable-related-posts":"","theme-transparent-header-meta":"default","adv-header-id-meta":"","stick-header-meta":"default","header-above-stick-meta":"","header-main-stick-meta":"","header-below-stick-meta":"","astra-migrate-meta-layouts":"set","ast-page-background-enabled":"default","ast-page-background-meta":{"desktop":{"background-color":"","background-image":"","background-repeat":"repeat","background-position":"center center","background-size":"auto","background-attachment":"scroll","background-type":"","background-media":"","overlay-type":"","overlay-color":"","overlay-opacity":"","overlay-gradient":""},"tablet":{"background-color":"","background-image":"","background-repeat":"repeat","background-position":"center center","background-size":"auto","background-attachment":"scroll","background-type":"","background-media":"","overlay-type":"","overlay-color":"","overlay-opacity":"","overlay-gradient":""},"mobile":{"background-color":"","background-image":"","background-repeat":"repeat","background-position":"center center","background-size":"auto","background-attachment":"scroll","background-type":"","background-media":"","overlay-type":"","overlay-color":"","overlay-opacity":"","overlay-gradient":""}},"ast-content-background-meta":{"desktop":{"background-color":"var(--ast-global-color-5)","background-image":"","background-repeat":"repeat","background-position":"center center","background-size":"auto","background-attachment":"scroll","background-type":"","background-media":"","overlay-type":"","overlay-color":"","overlay-opacity":"","overlay-gradient":""},"tablet":{"background-color":"var(--ast-global-color-5)","background-image":"","background-repeat":"repeat","background-position":"center center","background-size":"auto","background-attachment":"scroll","background-type":"","background-media":"","overlay-type":"","overlay-color":"","overlay-opacity":"","overlay-gradient":""},"mobile":{"background-color":"var(--ast-global-color-5)","background-image":"","background-repeat":"repeat","background-position":"center center","background-size":"auto","background-attachment":"scroll","background-type":"","background-media":"","overlay-type":"","overlay-color":"","overlay-opacity":"","overlay-gradient":""}}},"product_brand":[],"product_cat":[65,76,77,80],"product_tag":[136,139,144,134,184],"class_list":{"0":"post-3767","1":"product","2":"type-product","3":"status-publish","4":"has-post-thumbnail","6":"product_cat-best-sellers","7":"product_cat-new-arrivels","8":"product_cat-wholesale-womens-shapewear","9":"product_cat-wholesale-butt-lift-underwear","10":"product_tag-bridal","11":"product_tag-high-waist","12":"product_tag-slip","13":"product_tag-tummy-tucker","14":"product_tag-zipper","15":"pa_color-beige","16":"pa_color-black","17":"pa_size-4xl","18":"pa_size-5xl","19":"pa_size-6xl","20":"pa_size-l","21":"pa_size-m","22":"pa_size-s","23":"pa_size-xl","24":"pa_size-xxl","25":"pa_size-xxxl","26":"desktop-align-center","27":"tablet-align-left","28":"mobile-align-left","29":"ast-product-gallery-layout-horizontal-slider","30":"ast-product-single-variable","31":"ast-product-tabs-layout-horizontal","32":"ast-qv-on-image","34":"first","35":"instock","36":"shipping-taxable","37":"purchasable","38":"product-type-variable"},"tiered_pricing_type":"fixed","tiered_pricing_fixed_rules":{"2":17.19,"30":15.99,"500":13.39},"tiered_pricing_product_settings":{"layout":"default","base_unit_name":{"singular":null,"plural":null},"default_variation":{}},"tiered_pricing_minimum_quantity":null,"tiered_pricing_roles_data":[],"tiered_pricing_percentage_rules":[],"_links":{"self":[{"href":"https:\/\/yume-silm.com\/fr\/wp-json\/wp\/v2\/product\/3767","targetHints":{"allow":["GET"]}}],"collection":[{"href":"https:\/\/yume-silm.com\/fr\/wp-json\/wp\/v2\/product"}],"about":[{"href":"https:\/\/yume-silm.com\/fr\/wp-json\/wp\/v2\/types\/product"}],"replies":[{"embeddable":true,"href":"https:\/\/yume-silm.com\/fr\/wp-json\/wp\/v2\/comments?post=3767"}],"wp:featuredmedia":[{"embeddable":true,"href":"https:\/\/yume-silm.com\/fr\/wp-json\/wp\/v2\/media\/3793"}],"wp:attachment":[{"href":"https:\/\/yume-silm.com\/fr\/wp-json\/wp\/v2\/media?parent=3767"}],"wp:term":[{"taxonomy":"product_brand","embeddable":true,"href":"https:\/\/yume-silm.com\/fr\/wp-json\/wp\/v2\/product_brand?post=3767"},{"taxonomy":"product_cat","embeddable":true,"href":"https:\/\/yume-silm.com\/fr\/wp-json\/wp\/v2\/product_cat?post=3767"},{"taxonomy":"product_tag","embeddable":true,"href":"https:\/\/yume-silm.com\/fr\/wp-json\/wp\/v2\/product_tag?post=3767"}],"curies":[{"name":"wp","href":"https:\/\/api.w.org\/{rel}","templated":true}]}}