{"id":3798,"date":"2023-06-12T06:03:09","date_gmt":"2023-06-12T06:03:09","guid":{"rendered":"https:\/\/yume-silm.com\/?post_type=product&#038;p=3798"},"modified":"2024-11-06T02:12:58","modified_gmt":"2024-11-06T02:12:58","slug":"ensemble-de-vetements-de-protection-elastiques-et-respirants-avec-coussinets-amovibles","status":"publish","type":"product","link":"https:\/\/yume-silm.com\/fr\/produit\/ensemble-de-vetements-de-protection-elastiques-et-respirants-avec-coussinets-amovibles\/","title":{"rendered":"Ensemble de v\u00eatements de forme \u00e9lastiques et respirants en gros\u00a0: short et soutien-gorge pour soulever les fesses"},"content":{"rendered":"<h5>Caract\u00e9ristiques de conception<\/h5>\n<ul>\n<li data-slate-node=\"element\"><span data-slate-node=\"text\"><span class=\"00\" data-slate-leaf=\"true\"><strong>HAUTE \u00c9LASTICIT\u00c9\u00a0:<\/strong> Cette combinaison gainante est fabriqu\u00e9e en m\u00e9tamat\u00e9riau de haute qualit\u00e9 et hautement \u00e9lastique. <\/span><\/span><span data-slate-node=\"text\"><span class=\"01\" data-slate-leaf=\"true\">Durable et n&#039;a pas peur de tirer. <\/span><\/span><span data-slate-node=\"text\"><span class=\"02\" data-slate-leaf=\"true\">La construction sans couture du shapewear assure un ajustement confortable et augmente la satisfaction du client.<\/span><\/span><\/li>\n<li data-slate-node=\"element\"><span data-slate-node=\"text\"><span class=\"31\" data-slate-leaf=\"true\"><strong>CONFORTABLE ET RESPIRANT\u00a0:<\/strong> Notre combinaison de modelage du corps taille haute donne la priorit\u00e9 \u00e0 la portabilit\u00e9 et est confortable et respirante, vous permettant de vous sentir \u00e0 l&#039;aise m\u00eame pendant un exercice \u00e0 long terme.<\/span><\/span><\/li>\n<li data-slate-node=\"element\"><span data-slate-node=\"text\"><span class=\"61\" data-slate-leaf=\"true\"><strong>COUSSINETS D&#039;ALLAITEMENT AMOVIBLES\u00a0:<\/strong> Offrant polyvalence et personnalisation, ce soutien-gorge shapewear est dot\u00e9 de coussinets d&#039;allaitement amovibles int\u00e9gr\u00e9s pour r\u00e9pondre aux diff\u00e9rentes pr\u00e9f\u00e9rences des clients.<\/span><\/span><\/li>\n<li data-slate-node=\"element\"><span data-slate-node=\"text\"><span class=\"91\" data-slate-leaf=\"true\"><strong>SHORT DE LEVAGE DES BOUTS\u00a0:<\/strong> Envie de mettre en valeur vos fesses ? <\/span><\/span><span data-slate-node=\"text\"><span class=\"92\" data-slate-leaf=\"true\">Choisissez ce shapewear extensible et lisse qui accentuera naturellement les courbes naturelles de votre corps. <\/span><\/span><span data-slate-node=\"text\"><span class=\"93\" data-slate-leaf=\"true\">En raison de son excellent design de soutien des hanches et de son adaptabilit\u00e9 \u00e0 toutes les fesses, c&#039;est le premier choix pour ceux qui recherchent une exp\u00e9rience shapewear transformatrice.<\/span><\/span><\/li>\n<li data-slate-node=\"element\" data-slate-fragment=\"JTVCJTdCJTIydHlwZSUyMiUzQSUyMnBhcmFncmFwaCUyMiUyQyUyMmNoaWxkcmVuJTIyJTNBJTVCJTdCJTIydGV4dCUyMiUzQSUyMkhJR0glMjBFTEFTVElDSVRZJTNBJTIwVGhpcyUyMGJvZHklMjBzaGFwaW5nJTIwc3VpdCUyMGlzJTIwbWFkZSUyMG9mJTIwaGlnaC1xdWFsaXR5JTJDJTIwaGlnaGx5JTIwZWxhc3RpYyUyMG1ldGFtYXRlcmlhbC4lMjAlMjIlMkMlMjJzZW50ZW5jZSUyMiUzQTAlMkMlMjJjaGlsZFNlbnRlbmNlJTIyJTNBMCU3RCUyQyU3QiUyMnRleHQlMjIlM0ElMjJEdXJhYmxlJTIwYW5kJTIwbm90JTIwYWZyYWlkJTIwb2YlMjBwdWxsaW5nLiUyMCUyMiUyQyUyMnNlbnRlbmNlJTIyJTNBMCUyQyUyMmNoaWxkU2VudGVuY2UlMjIlM0ExJTdEJTJDJTdCJTIydGV4dCUyMiUzQSUyMlRoZSUyMHNlYW1sZXNzJTIwc2hhcGV3ZWFyJ3MlMjBzZWFtbGVzcyUyMGNvbnN0cnVjdGlvbiUyMGVuc3VyZXMlMjBhJTIwY29tZm9ydGFibGUlMjBmaXQlMjBhbmQlMjBpbmNyZWFzZXMlMjBjdXN0b21lciUyMHNhdGlzZmFjdGlvbi4lMjIlMkMlMjJzZW50ZW5jZSUyMiUzQTAlMkMlMjJjaGlsZFNlbnRlbmNlJTIyJTNBMiU3RCU1RCU3RCUyQyU3QiUyMnR5cGUlMjIlM0ElMjJwYXJhZ3JhcGglMjIlMkMlMjJjaGlsZHJlbiUyMiUzQSU1QiU3QiUyMnRleHQlMjIlM0ElMjIlMjIlMkMlMjJzZW50ZW5jZSUyMiUzQTElMkMlMjJjaGlsZFNlbnRlbmNlJTIyJTNBMSU3RCU1RCU3RCUyQyU3QiUyMnR5cGUlMjIlM0ElMjJwYXJhZ3JhcGglMjIlMkMlMjJjaGlsZHJlbiUyMiUzQSU1QiU3QiUyMnRleHQlMjIlM0ElMjIlMjIlMkMlMjJzZW50ZW5jZSUyMiUzQTIlMkMlMjJjaGlsZFNlbnRlbmNlJTIyJTNBMSU3RCU1RCU3RCUyQyU3QiUyMnR5cGUlMjIlM0ElMjJwYXJhZ3JhcGglMjIlMkMlMjJjaGlsZHJlbiUyMiUzQSU1QiU3QiUyMnRleHQlMjIlM0ElMjJDT01GT1JUQUJMRSUyMEFORCUyMEJSRUFUSEFCTEUlM0ElMjBPdXIlMjBoaWdoJTIwd2Fpc3QlMjBidXR0JTIwbGlmdGluZyUyMGJvZHklMjBzaGFwaW5nJTIwc3VpdCUyMHByaW9yaXRpemVzJTIwd2VhcmFiaWxpdHklMjBhbmQlMjBpcyUyMGNvbWZvcnRhYmxlJTIwYW5kJTIwYnJlYXRoYWJsZSUyQyUyMG1ha2luZyUyMHlvdSUyMGZlZWwlMjBjb21mb3J0YWJsZSUyMGV2ZW4lMjBkdXJpbmclMjBsb25nLXRlcm0lMjBleGVyY2lzZS4lMjIlMkMlMjJzZW50ZW5jZSUyMiUzQTMlMkMlMjJjaGlsZFNlbnRlbmNlJTIyJTNBMSU3RCU1RCU3RCUyQyU3QiUyMnR5cGUlMjIlM0ElMjJwYXJhZ3JhcGglMjIlMkMlMjJjaGlsZHJlbiUyMiUzQSU1QiU3QiUyMnRleHQlMjIlM0ElMjIlMjIlMkMlMjJzZW50ZW5jZSUyMiUzQTQlMkMlMjJjaGlsZFNlbnRlbmNlJTIyJTNBMSU3RCU1RCU3RCUyQyU3QiUyMnR5cGUlMjIlM0ElMjJwYXJhZ3JhcGglMjIlMkMlMjJjaGlsZHJlbiUyMiUzQSU1QiU3QiUyMnRleHQlMjIlM0ElMjIlMjIlMkMlMjJzZW50ZW5jZSUyMiUzQTUlMkMlMjJjaGlsZFNlbnRlbmNlJTIyJTNBMSU3RCU1RCU3RCUyQyU3QiUyMnR5cGUlMjIlM0ElMjJwYXJhZ3JhcGglMjIlMkMlMjJjaGlsZHJlbiUyMiUzQSU1QiU3QiUyMnRleHQlMjIlM0ElMjJSRU1PVkFCTEUlMjBCUkVBU1QlMjBQQURTJTNBJTIwUHJvdmlkaW5nJTIwdmVyc2F0aWxpdHklMjBhbmQlMjBjdXN0b21pemF0aW9uJTJDJTIwdGhpcyUyMHNoYXBld2VhciUyMGJyYSUyMGhhcyUyMGJ1aWx0LWluJTIwcmVtb3ZhYmxlJTIwYnJlYXN0JTIwcGFkcyUyMHRvJTIwbWVldCUyMGN1c3RvbWVycyclMjBkaWZmZXJlbnQlMjBwcmVmZXJlbmNlcy4lMjIlMkMlMjJzZW50ZW5jZSUyMiUzQTYlMkMlMjJjaGlsZFNlbnRlbmNlJTIyJTNBMSU3RCU1RCU3RCUyQyU3QiUyMnR5cGUlMjIlM0ElMjJwYXJhZ3JhcGglMjIlMkMlMjJjaGlsZHJlbiUyMiUzQSU1QiU3QiUyMnRleHQlMjIlM0ElMjIlMjIlMkMlMjJzZW50ZW5jZSUyMiUzQTclMkMlMjJjaGlsZFNlbnRlbmNlJTIyJTNBMSU3RCU1RCU3RCUyQyU3QiUyMnR5cGUlMjIlM0ElMjJwYXJhZ3JhcGglMjIlMkMlMjJjaGlsZHJlbiUyMiUzQSU1QiU3QiUyMnRleHQlMjIlM0ElMjIlMjIlMkMlMjJzZW50ZW5jZSUyMiUzQTglMkMlMjJjaGlsZFNlbnRlbmNlJTIyJTNBMSU3RCU1RCU3RCUyQyU3QiUyMnR5cGUlMjIlM0ElMjJwYXJhZ3JhcGglMjIlMkMlMjJjaGlsZHJlbiUyMiUzQSU1QiU3QiUyMnRleHQlMjIlM0ElMjJCVVRUJTIwTElGVElORyUyMFNIT1JUUyUzQSUyMFdhbnQlMjB0byUyMGFjY2VudHVhdGUlMjB5b3VyJTIwYnV0dCUzRiUyMCUyMiUyQyUyMnNlbnRlbmNlJTIyJTNBOSUyQyUyMmNoaWxkU2VudGVuY2UlMjIlM0ExJTdEJTJDJTdCJTIydGV4dCUyMiUzQSUyMkNob29zZSUyMHRoaXMlMjBzbW9vdGglMjBzdHJldGNoJTIwc2hhcGV3ZWFyJTIwdGhhdCUyMHdpbGwlMjBuYXR1cmFsbHklMjBhY2NlbnR1YXRlJTIweW91ciUyMGJvZHkncyUyMG5hdHVyYWwlMjBjdXJ2ZXMuJTIwJTIyJTJDJTIyc2VudGVuY2UlMjIlM0E5JTJDJTIyY2hpbGRTZW50ZW5jZSUyMiUzQTIlN0QlMkMlN0IlMjJ0ZXh0JTIyJTNBJTIyQmVjYXVzZSUyMG9mJTIwaXRzJTIwZXhjZWxsZW50JTIwaGlwJTIwc3VwcG9ydCUyMGRlc2lnbiUyMGFuZCUyMGFkYXB0YWJpbGl0eSUyMHRvJTIwYWxsJTIwYnV0dG9ja3MlMkMlMjBpdCUyMGlzJTIwdGhlJTIwZmlyc3QlMjBjaG9pY2UlMjBmb3IlMjB0aG9zZSUyMGxvb2tpbmclMjBmb3IlMjBhJTIwdHJhbnNmb3JtYXRpdmUlMjBzaGFwZXdlYXIlMjBleHBlcmllbmNlLiUyMiUyQyUyMnNlbnRlbmNlJTIyJTNBOSUyQyUyMmNoaWxkU2VudGVuY2UlMjIlM0EzJTdEJTVEJTdEJTJDJTdCJTIydHlwZSUyMiUzQSUyMnBhcmFncmFwaCUyMiUyQyUyMmNoaWxkcmVuJTIyJTNBJTVCJTdCJTIydGV4dCUyMiUzQSUyMiUyMiUyQyUyMnNlbnRlbmNlJTIyJTNBMTAlMkMlMjJjaGlsZFNlbnRlbmNlJTIyJTNBMSU3RCU1RCU3RCUyQyU3QiUyMnR5cGUlMjIlM0ElMjJwYXJhZ3JhcGglMjIlMkMlMjJjaGlsZHJlbiUyMiUzQSU1QiU3QiUyMnRleHQlMjIlM0ElMjIlMjIlMkMlMjJzZW50ZW5jZSUyMiUzQTExJTJDJTIyY2hpbGRTZW50ZW5jZSUyMiUzQTElN0QlNUQlN0QlMkMlN0IlMjJ0eXBlJTIyJTNBJTIycGFyYWdyYXBoJTIyJTJDJTIyY2hpbGRyZW4lMjIlM0ElNUIlN0IlMjJ0ZXh0JTIyJTNBJTIyQ09NUExFVEUlMjBTRVQlM0ElMjBBJTIwY29tcHJlaGVuc2l2ZSUyMHNvbHV0aW9uJTJDJTIwdGhpcyUyMHdvbWVuJ3MlMjBzaGFwZXdlYXIlMjB1bmRlcndlYXIlMjBzZXQlMjBpbmNsdWRlcyUyMGElMjBicmElMjBhbmQlMjBidXR0JTIwbGlmdGluZyUyMHNob3J0cyUyQyUyMHByb3ZpZGluZyUyMGN1c3RvbWVycyUyMHdpdGglMjB1bm1hdGNoZWQlMjB2YWx1ZSUyMGFuZCUyMGNvbnZlbmllbmNlLiUyMiUyQyUyMnNlbnRlbmNlJTIyJTNBMTIlMkMlMjJjaGlsZFNlbnRlbmNlJTIyJTNBMSU3RCU1RCU3RCU1RA==\"><span data-slate-node=\"text\"><span class=\"121\" data-slate-leaf=\"true\"><strong>ENSEMBLE COMPLET:<\/strong> Solution compl\u00e8te, cet ensemble de sous-v\u00eatements gainants pour femmes comprend un soutien-gorge et un short rehausseur de fesses, offrant aux clients une valeur et une commodit\u00e9 in\u00e9gal\u00e9es.<\/span><\/span><\/li>\n<\/ul>\n<h6><em>Ensemble soutien-gorge modelant le corps sans couture et short taille haute de couleur unie pour femmes<\/em><\/h6>\n<ul>\n<li>En r\u00e9sum\u00e9, l&#039;ensemble de v\u00eatements de forme \u00e9lastiques et respirants avec coussinets amovibles est un incontournable pour les grossistes qui cherchent \u00e0 fournir des solutions de mise en forme de premier plan. Avec son m\u00e9lange de confort et de style, il promet d&#039;\u00eatre un favori des clients. Ajoutez-le \u00e0 votre collection d\u00e8s aujourd&#039;hui\u00a0!<\/li>\n<\/ul>","protected":false},"excerpt":{"rendered":"<p>D\u00e9couvrez notre ensemble shapewear \u00e9lastique et respirant, m\u00e9ticuleusement con\u00e7u pour la femme exigeante. Cet ensemble shapewear comprend un soutien-gorge confortable avec des coussinets amovibles et un short qui soul\u00e8ve les fesses, le tout orn\u00e9 d&#039;un design \u00e0 haute \u00e9lasticit\u00e9 pour un ajustement parfait.<\/p>","protected":false},"featured_media":3815,"comment_status":"open","ping_status":"closed","template":"","meta":{"site-sidebar-layout":"default","site-content-layout":"default","ast-site-content-layout":"default","site-content-style":"default","site-sidebar-style":"default","ast-global-header-display":"","ast-banner-title-visibility":"","ast-main-header-display":"","ast-hfb-above-header-display":"","ast-hfb-below-header-display":"","ast-hfb-mobile-header-display":"","site-post-title":"","ast-breadcrumbs-content":"","ast-featured-img":"","footer-sml-layout":"","ast-disable-related-posts":"","theme-transparent-header-meta":"default","adv-header-id-meta":"","stick-header-meta":"default","header-above-stick-meta":"","header-main-stick-meta":"","header-below-stick-meta":"","astra-migrate-meta-layouts":"set","ast-page-background-enabled":"default","ast-page-background-meta":{"desktop":{"background-color":"","background-image":"","background-repeat":"repeat","background-position":"center center","background-size":"auto","background-attachment":"scroll","background-type":"","background-media":"","overlay-type":"","overlay-color":"","overlay-opacity":"","overlay-gradient":""},"tablet":{"background-color":"","background-image":"","background-repeat":"repeat","background-position":"center center","background-size":"auto","background-attachment":"scroll","background-type":"","background-media":"","overlay-type":"","overlay-color":"","overlay-opacity":"","overlay-gradient":""},"mobile":{"background-color":"","background-image":"","background-repeat":"repeat","background-position":"center center","background-size":"auto","background-attachment":"scroll","background-type":"","background-media":"","overlay-type":"","overlay-color":"","overlay-opacity":"","overlay-gradient":""}},"ast-content-background-meta":{"desktop":{"background-color":"var(--ast-global-color-5)","background-image":"","background-repeat":"repeat","background-position":"center center","background-size":"auto","background-attachment":"scroll","background-type":"","background-media":"","overlay-type":"","overlay-color":"","overlay-opacity":"","overlay-gradient":""},"tablet":{"background-color":"var(--ast-global-color-5)","background-image":"","background-repeat":"repeat","background-position":"center center","background-size":"auto","background-attachment":"scroll","background-type":"","background-media":"","overlay-type":"","overlay-color":"","overlay-opacity":"","overlay-gradient":""},"mobile":{"background-color":"var(--ast-global-color-5)","background-image":"","background-repeat":"repeat","background-position":"center center","background-size":"auto","background-attachment":"scroll","background-type":"","background-media":"","overlay-type":"","overlay-color":"","overlay-opacity":"","overlay-gradient":""}}},"product_brand":[],"product_cat":[76,65,77,79,80],"product_tag":[136,137,186,523,513,524],"class_list":{"0":"post-3798","1":"product","2":"type-product","3":"status-publish","4":"has-post-thumbnail","6":"product_cat-new-arrivels","7":"product_cat-best-sellers","8":"product_cat-wholesale-womens-shapewear","9":"product_cat-wholesale-seemless-shaperwear","10":"product_cat-wholesale-butt-lift-underwear","11":"product_tag-bridal","12":"product_tag-butt-lift","13":"product_tag-padded","14":"product_tag-seemless","15":"product_tag-short","16":"product_tag-suit","17":"pa_color-beige","18":"pa_color-black","19":"pa_size-l","20":"pa_size-m","21":"pa_size-s","22":"pa_size-xl","23":"desktop-align-center","24":"tablet-align-left","25":"mobile-align-left","26":"ast-product-gallery-layout-horizontal-slider","27":"ast-product-single-variable","28":"ast-product-tabs-layout-horizontal","29":"ast-qv-on-image","31":"first","32":"instock","33":"shipping-taxable","34":"purchasable","35":"product-type-variable"},"tiered_pricing_type":"fixed","tiered_pricing_fixed_rules":{"2":5.99,"30":5.59},"tiered_pricing_product_settings":{"layout":"default","base_unit_name":{"singular":null,"plural":null},"default_variation":{}},"tiered_pricing_minimum_quantity":null,"tiered_pricing_roles_data":[],"tiered_pricing_percentage_rules":[],"_links":{"self":[{"href":"https:\/\/yume-silm.com\/fr\/wp-json\/wp\/v2\/product\/3798","targetHints":{"allow":["GET"]}}],"collection":[{"href":"https:\/\/yume-silm.com\/fr\/wp-json\/wp\/v2\/product"}],"about":[{"href":"https:\/\/yume-silm.com\/fr\/wp-json\/wp\/v2\/types\/product"}],"replies":[{"embeddable":true,"href":"https:\/\/yume-silm.com\/fr\/wp-json\/wp\/v2\/comments?post=3798"}],"wp:featuredmedia":[{"embeddable":true,"href":"https:\/\/yume-silm.com\/fr\/wp-json\/wp\/v2\/media\/3815"}],"wp:attachment":[{"href":"https:\/\/yume-silm.com\/fr\/wp-json\/wp\/v2\/media?parent=3798"}],"wp:term":[{"taxonomy":"product_brand","embeddable":true,"href":"https:\/\/yume-silm.com\/fr\/wp-json\/wp\/v2\/product_brand?post=3798"},{"taxonomy":"product_cat","embeddable":true,"href":"https:\/\/yume-silm.com\/fr\/wp-json\/wp\/v2\/product_cat?post=3798"},{"taxonomy":"product_tag","embeddable":true,"href":"https:\/\/yume-silm.com\/fr\/wp-json\/wp\/v2\/product_tag?post=3798"}],"curies":[{"name":"wp","href":"https:\/\/api.w.org\/{rel}","templated":true}]}}