{"id":3818,"date":"2023-06-12T06:26:57","date_gmt":"2023-06-12T06:26:57","guid":{"rendered":"https:\/\/yume-silm.com\/?post_type=product&#038;p=3818"},"modified":"2025-05-26T00:39:37","modified_gmt":"2025-05-26T00:39:37","slug":"plus-size-full-body-shapewear-with-openable-bra","status":"publish","type":"product","link":"https:\/\/yume-silm.com\/fr\/produit\/plus-size-full-body-shapewear-with-openable-bra\/","title":{"rendered":"Vente en gros de v\u00eatements amincissants grande taille\u00a0: soutien-gorge ouvrable"},"content":{"rendered":"<h5>Caract\u00e9ristiques de conception<\/h5>\n<ul>\n<li><strong>INCLUSION DE GRANDE TAILLE\u00a0:<\/strong> Le body shapewear pour femmes s&#039;adresse \u00e0 une large gamme de tailles du S au 6XL, garantissant l&#039;inclusivit\u00e9 et une client\u00e8le plus large.<\/li>\n<li><strong>Sangles r\u00e9glables\u00a0:<\/strong> Les larges bretelles de ce shaper gainant le ventre sont \u00e9galement r\u00e9glables. Les ajustements \u00e0 crochets et boucles offrent flexibilit\u00e9 et libert\u00e9\u00a0; les larges bretelles sont con\u00e7ues pour r\u00e9duire facilement la pression sur les \u00e9paules, offrir un ajustement personnalisable, am\u00e9liorer le confort et assurer la satisfaction du client.<\/li>\n<li><strong>SOUTIEN GORGE OUVERT:<\/strong> Ce shapewear grande taille pour femme peut \u00eatre port\u00e9 sans soutien-gorge s\u00e9par\u00e9. Il est dot\u00e9 d&#039;une fermeture \u00e0 pression int\u00e9gr\u00e9e qui non seulement maintient les seins bien soutenus, mais facilite \u00e9galement l&#039;allaitement pour la maman. Le design unique offre une grande commodit\u00e9 pour s&#039;habiller et se d\u00e9shabiller. Il offre \u00e9galement de meilleures options de mise en forme et d\u2019alimentation pour les mamans qui allaitent.<\/li>\n<li><strong>Fermeture \u00e9clair facile \u00e0 tirer\u00a0:<\/strong> La conception de la fermeture \u00e9clair sur le devant du v\u00eatement gainant grande taille avec fermeture \u00e0 glissi\u00e8re est pratique et commode, simplifiant le processus de port.<\/li>\n<li><strong>ENTREJAMBE OUVERTE\u00a0:<\/strong> L&#039;entrejambe des sous-v\u00eatements gainants grande taille peut \u00eatre ouvert dans un design r\u00e9fl\u00e9chi, afin que vous puissiez r\u00e9soudre le probl\u00e8me d&#039;aller aux toilettes sans retirer tous vos v\u00eatements.<\/li>\n<\/ul>\n<p><em>Body de compression grande taille pour femme<\/em><\/p>\n<ul>\n<li><strong>FOUTRE DE P\u00caCHE COMPL\u00c8TE\u00a0:<\/strong> Le shaper plus mince sans couture pour les cuisses et les fesses est extensible et durable, permettant une mise en forme compl\u00e8te du corps. Obtenez facilement un ventre liss\u00e9, des fesses et des cuisses de p\u00eache amincissantes, ainsi qu&#039;un dos plus ferme.<\/li>\n<li><strong>PANNEAUX DE DENTELLE\u00a0:<\/strong> La dentelle \u00e9l\u00e9gante et le toucher du tissu ajoutent une touche de style et de confort aux v\u00eatements gainants grande taille, attirant les clients qui recherchent fonctionnalit\u00e9 et mode.<\/li>\n<li>En r\u00e9sum\u00e9, le shapewear complet grande taille avec soutien-gorge ouvrable est un ajout essentiel pour les grossistes souhaitant r\u00e9pondre \u00e0 une client\u00e8le diversifi\u00e9e. Son m\u00e9lange de fonctionnalit\u00e9 et de style promet de ravir et satisfaire les clients. Faites-en une partie de votre collection de gros d\u00e8s aujourd&#039;hui\u00a0!<\/li>\n<\/ul>","protected":false},"excerpt":{"rendered":"<p>Pr\u00e9sentation de nos v\u00eatements gainants grande taille, adapt\u00e9s \u00e0 la femme moderne. Cette lingerie shapewear taille plus dispose d&#039;un soutien-gorge ouvrable, de bretelles \u00e0 crochets r\u00e9glables et d&#039;une fermeture \u00e9clair pratique, compl\u00e9t\u00e9es par de superbes poignets de pantalon bord\u00e9s de dentelle.<\/p>","protected":false},"featured_media":3843,"comment_status":"open","ping_status":"closed","template":"","meta":{"site-sidebar-layout":"default","site-content-layout":"default","ast-site-content-layout":"default","site-content-style":"default","site-sidebar-style":"default","ast-global-header-display":"","ast-banner-title-visibility":"","ast-main-header-display":"","ast-hfb-above-header-display":"","ast-hfb-below-header-display":"","ast-hfb-mobile-header-display":"","site-post-title":"","ast-breadcrumbs-content":"","ast-featured-img":"","footer-sml-layout":"","ast-disable-related-posts":"","theme-transparent-header-meta":"default","adv-header-id-meta":"","stick-header-meta":"default","header-above-stick-meta":"","header-main-stick-meta":"","header-below-stick-meta":"","astra-migrate-meta-layouts":"set","ast-page-background-enabled":"default","ast-page-background-meta":{"desktop":{"background-color":"","background-image":"","background-repeat":"repeat","background-position":"center center","background-size":"auto","background-attachment":"scroll","background-type":"","background-media":"","overlay-type":"","overlay-color":"","overlay-opacity":"","overlay-gradient":""},"tablet":{"background-color":"","background-image":"","background-repeat":"repeat","background-position":"center center","background-size":"auto","background-attachment":"scroll","background-type":"","background-media":"","overlay-type":"","overlay-color":"","overlay-opacity":"","overlay-gradient":""},"mobile":{"background-color":"","background-image":"","background-repeat":"repeat","background-position":"center center","background-size":"auto","background-attachment":"scroll","background-type":"","background-media":"","overlay-type":"","overlay-color":"","overlay-opacity":"","overlay-gradient":""}},"ast-content-background-meta":{"desktop":{"background-color":"var(--ast-global-color-5)","background-image":"","background-repeat":"repeat","background-position":"center center","background-size":"auto","background-attachment":"scroll","background-type":"","background-media":"","overlay-type":"","overlay-color":"","overlay-opacity":"","overlay-gradient":""},"tablet":{"background-color":"var(--ast-global-color-5)","background-image":"","background-repeat":"repeat","background-position":"center center","background-size":"auto","background-attachment":"scroll","background-type":"","background-media":"","overlay-type":"","overlay-color":"","overlay-opacity":"","overlay-gradient":""},"mobile":{"background-color":"var(--ast-global-color-5)","background-image":"","background-repeat":"repeat","background-position":"center center","background-size":"auto","background-attachment":"scroll","background-type":"","background-media":"","overlay-type":"","overlay-color":"","overlay-opacity":"","overlay-gradient":""}}},"product_brand":[],"product_cat":[65,76,77,1092,78],"product_tag":[136,137,141,134,184],"class_list":{"0":"post-3818","1":"product","2":"type-product","3":"status-publish","4":"has-post-thumbnail","6":"product_cat-best-sellers","7":"product_cat-new-arrivels","8":"product_cat-wholesale-womens-shapewear","9":"product_cat-plus-size-shapewear","10":"product_cat-wholesale-full-body-shaper","11":"product_tag-bridal","12":"product_tag-butt-lift","13":"product_tag-plus-size","14":"product_tag-tummy-tucker","15":"product_tag-zipper","16":"pa_color-beige","17":"pa_color-black","18":"pa_size-4xl","19":"pa_size-5xl","20":"pa_size-6xl","21":"pa_size-l","22":"pa_size-m","23":"pa_size-s","24":"pa_size-xl","25":"pa_size-xxl","26":"pa_size-xxxl","27":"desktop-align-center","28":"tablet-align-left","29":"mobile-align-left","30":"ast-product-gallery-layout-horizontal-slider","31":"ast-product-single-variable","32":"ast-product-tabs-layout-horizontal","33":"ast-qv-on-image","35":"first","36":"instock","37":"shipping-taxable","38":"purchasable","39":"product-type-variable"},"tiered_pricing_type":"fixed","tiered_pricing_fixed_rules":{"2":14.79,"30":13.79,"500":11.49},"tiered_pricing_product_settings":{"layout":"default","base_unit_name":{"singular":null,"plural":null},"default_variation":{}},"tiered_pricing_minimum_quantity":null,"tiered_pricing_roles_data":[],"tiered_pricing_percentage_rules":[],"_links":{"self":[{"href":"https:\/\/yume-silm.com\/fr\/wp-json\/wp\/v2\/product\/3818","targetHints":{"allow":["GET"]}}],"collection":[{"href":"https:\/\/yume-silm.com\/fr\/wp-json\/wp\/v2\/product"}],"about":[{"href":"https:\/\/yume-silm.com\/fr\/wp-json\/wp\/v2\/types\/product"}],"replies":[{"embeddable":true,"href":"https:\/\/yume-silm.com\/fr\/wp-json\/wp\/v2\/comments?post=3818"}],"wp:featuredmedia":[{"embeddable":true,"href":"https:\/\/yume-silm.com\/fr\/wp-json\/wp\/v2\/media\/3843"}],"wp:attachment":[{"href":"https:\/\/yume-silm.com\/fr\/wp-json\/wp\/v2\/media?parent=3818"}],"wp:term":[{"taxonomy":"product_brand","embeddable":true,"href":"https:\/\/yume-silm.com\/fr\/wp-json\/wp\/v2\/product_brand?post=3818"},{"taxonomy":"product_cat","embeddable":true,"href":"https:\/\/yume-silm.com\/fr\/wp-json\/wp\/v2\/product_cat?post=3818"},{"taxonomy":"product_tag","embeddable":true,"href":"https:\/\/yume-silm.com\/fr\/wp-json\/wp\/v2\/product_tag?post=3818"}],"curies":[{"name":"wp","href":"https:\/\/api.w.org\/{rel}","templated":true}]}}