{"id":3846,"date":"2023-06-12T06:51:30","date_gmt":"2023-06-12T06:51:30","guid":{"rendered":"https:\/\/yume-silm.com\/?post_type=product&#038;p=3846"},"modified":"2024-11-06T02:43:42","modified_gmt":"2024-11-06T02:43:42","slug":"combinaison-respirante-de-taille-superieure-avec-renforcement-des-hanches","status":"publish","type":"product","link":"https:\/\/yume-silm.com\/fr\/produit\/combinaison-respirante-de-taille-superieure-avec-renforcement-des-hanches\/","title":{"rendered":"Body gainant une pi\u00e8ce grande taille avec fermeture \u00e9clair sur le devant, vente en gros"},"content":{"rendered":"<h5>Caract\u00e9ristiques de conception<\/h5>\n<ul>\n<li><strong>GRANDE TAILLE:<\/strong> Le body une pi\u00e8ce grande taille avec fermeture \u00e9clair sur le devant est disponible en plusieurs tailles du S au 6XL pour r\u00e9pondre aux besoins de diff\u00e9rentes personnes. Nous nous engageons \u00e0 garantir que chaque client trouve la taille parfaite pour lui.<\/li>\n<li><strong>Sangles r\u00e9glables\u00a0:<\/strong> Nos bodys shapewear pour femmes grande taille sont con\u00e7us avec des bretelles r\u00e9glables pour plus de libert\u00e9 et de confort. Nos sous-v\u00eatements une pi\u00e8ce \u00e0 fermeture \u00e9clair sur le devant offrent la combinaison parfaite de confort et de style personnalisables, permettant un ajustement sur mesure et une exp\u00e9rience utilisateur am\u00e9lior\u00e9e.<\/li>\n<li><strong>FONCTION PRATIQUE :<\/strong> La fermeture \u00e0 glissi\u00e8re sur le devant du body gainant pour la poitrine compl\u00e8te a une fonction pratique qui simplifie le processus d&#039;habillage et ajoute une touche de commodit\u00e9 \u00e0 un usage quotidien. La fonction entrejambe ouverte des combinaisons une pi\u00e8ce est tr\u00e8s pratique, vous permettant de r\u00e9pondre au probl\u00e8me d&#039;aller aux toilettes sans enlever tous vos v\u00eatements.<\/li>\n<li><strong>FONCTION DE LEVAGE DES BOUTS\u00a0:<\/strong> Notre corset respirant sans couture \u00e0 bretelles grande taille avec fermeture \u00e9clair est un design de hanche sans compression qui aide \u00e0 souligner la courbe naturelle de vos fesses, ce qui en fait le premier choix pour ceux qui recherchent un body \u00e0 fesses de p\u00eache.<\/li>\n<li><strong>TISSU EN MAILLE RESPIRANT\u00a0:<\/strong> Nylon, \u00e9lasthanne. Tissu en maille respirant de haute qualit\u00e9, confortable et rafra\u00eechissant \u00e0 porter\u00a0; en m\u00eame temps, ce body shapewear grande taille a une \u00e9lasticit\u00e9 \u00e9lev\u00e9e, durable et durable. Parfait pour un port prolong\u00e9. Que vous soyez au travail ou en train de faire du shopping, d&#039;assister \u00e0 des f\u00eates, etc., il est tr\u00e8s confortable, pratique et confiant.<\/li>\n<\/ul>\n<h6><em>Body shapewear grande taille avec ouverture d&#039;entrejambe zipp\u00e9e sur le devant<\/em><\/h6>\n<ul>\n<li>En r\u00e9sum\u00e9, le body une pi\u00e8ce shapewear \u00e0 fermeture \u00e9clair sur le devant grande taille est un incontournable pour les grossistes visant \u00e0 fournir des solutions de mise en forme inclusives et de premier plan. Ses caract\u00e9ristiques et son design uniques promettent la satisfaction du client. Plongez dans le monde du commerce de gros avec cette pi\u00e8ce premium. S\u00e9curisez vos commandes d\u00e8s aujourd&#039;hui\u00a0!<\/li>\n<\/ul>","protected":false},"excerpt":{"rendered":"<p>Am\u00e9liorez votre collection avec notre body une pi\u00e8ce grande taille avec fermeture \u00e9clair sur le devant. Con\u00e7u pour la femme moderne, ce body grande taille pour femme offre des bretelles r\u00e9glables, une fermeture \u00e9clair pratique et une fonction qui rehausse les hanches pour une silhouette flatteuse.<\/p>","protected":false},"featured_media":3872,"comment_status":"open","ping_status":"closed","template":"","meta":{"site-sidebar-layout":"default","site-content-layout":"default","ast-site-content-layout":"default","site-content-style":"default","site-sidebar-style":"default","ast-global-header-display":"","ast-banner-title-visibility":"","ast-main-header-display":"","ast-hfb-above-header-display":"","ast-hfb-below-header-display":"","ast-hfb-mobile-header-display":"","site-post-title":"","ast-breadcrumbs-content":"","ast-featured-img":"","footer-sml-layout":"","ast-disable-related-posts":"","theme-transparent-header-meta":"default","adv-header-id-meta":"","stick-header-meta":"default","header-above-stick-meta":"","header-main-stick-meta":"","header-below-stick-meta":"","astra-migrate-meta-layouts":"set","ast-page-background-enabled":"default","ast-page-background-meta":{"desktop":{"background-color":"","background-image":"","background-repeat":"repeat","background-position":"center center","background-size":"auto","background-attachment":"scroll","background-type":"","background-media":"","overlay-type":"","overlay-color":"","overlay-opacity":"","overlay-gradient":""},"tablet":{"background-color":"","background-image":"","background-repeat":"repeat","background-position":"center center","background-size":"auto","background-attachment":"scroll","background-type":"","background-media":"","overlay-type":"","overlay-color":"","overlay-opacity":"","overlay-gradient":""},"mobile":{"background-color":"","background-image":"","background-repeat":"repeat","background-position":"center center","background-size":"auto","background-attachment":"scroll","background-type":"","background-media":"","overlay-type":"","overlay-color":"","overlay-opacity":"","overlay-gradient":""}},"ast-content-background-meta":{"desktop":{"background-color":"var(--ast-global-color-5)","background-image":"","background-repeat":"repeat","background-position":"center center","background-size":"auto","background-attachment":"scroll","background-type":"","background-media":"","overlay-type":"","overlay-color":"","overlay-opacity":"","overlay-gradient":""},"tablet":{"background-color":"var(--ast-global-color-5)","background-image":"","background-repeat":"repeat","background-position":"center center","background-size":"auto","background-attachment":"scroll","background-type":"","background-media":"","overlay-type":"","overlay-color":"","overlay-opacity":"","overlay-gradient":""},"mobile":{"background-color":"var(--ast-global-color-5)","background-image":"","background-repeat":"repeat","background-position":"center center","background-size":"auto","background-attachment":"scroll","background-type":"","background-media":"","overlay-type":"","overlay-color":"","overlay-opacity":"","overlay-gradient":""}}},"product_brand":[],"product_cat":[65,76,77,1092,82],"product_tag":[419,137,134,184],"class_list":{"0":"post-3846","1":"product","2":"type-product","3":"status-publish","4":"has-post-thumbnail","6":"product_cat-best-sellers","7":"product_cat-new-arrivels","8":"product_cat-wholesale-womens-shapewear","9":"product_cat-plus-size-shapewear","10":"product_cat-wholesale-shapewear-bodysuit","11":"product_tag-bodysuit","12":"product_tag-butt-lift","13":"product_tag-tummy-tucker","14":"product_tag-zipper","15":"pa_color-beige","16":"pa_color-black","17":"pa_size-4xl","18":"pa_size-5xl","19":"pa_size-6xl","20":"pa_size-l","21":"pa_size-m","22":"pa_size-s","23":"pa_size-xl","24":"pa_size-xxl","25":"pa_size-xxxl","26":"desktop-align-center","27":"tablet-align-left","28":"mobile-align-left","29":"ast-product-gallery-layout-horizontal-slider","30":"ast-product-single-variable","31":"ast-product-tabs-layout-horizontal","32":"ast-qv-on-image","34":"first","35":"instock","36":"shipping-taxable","37":"purchasable","38":"product-type-variable"},"tiered_pricing_type":"fixed","tiered_pricing_fixed_rules":{"2":12.59,"30":11.69,"100":9.79},"tiered_pricing_product_settings":{"layout":"default","base_unit_name":{"singular":null,"plural":null},"default_variation":{}},"tiered_pricing_minimum_quantity":null,"tiered_pricing_roles_data":[],"tiered_pricing_percentage_rules":[],"_links":{"self":[{"href":"https:\/\/yume-silm.com\/fr\/wp-json\/wp\/v2\/product\/3846","targetHints":{"allow":["GET"]}}],"collection":[{"href":"https:\/\/yume-silm.com\/fr\/wp-json\/wp\/v2\/product"}],"about":[{"href":"https:\/\/yume-silm.com\/fr\/wp-json\/wp\/v2\/types\/product"}],"replies":[{"embeddable":true,"href":"https:\/\/yume-silm.com\/fr\/wp-json\/wp\/v2\/comments?post=3846"}],"wp:featuredmedia":[{"embeddable":true,"href":"https:\/\/yume-silm.com\/fr\/wp-json\/wp\/v2\/media\/3872"}],"wp:attachment":[{"href":"https:\/\/yume-silm.com\/fr\/wp-json\/wp\/v2\/media?parent=3846"}],"wp:term":[{"taxonomy":"product_brand","embeddable":true,"href":"https:\/\/yume-silm.com\/fr\/wp-json\/wp\/v2\/product_brand?post=3846"},{"taxonomy":"product_cat","embeddable":true,"href":"https:\/\/yume-silm.com\/fr\/wp-json\/wp\/v2\/product_cat?post=3846"},{"taxonomy":"product_tag","embeddable":true,"href":"https:\/\/yume-silm.com\/fr\/wp-json\/wp\/v2\/product_tag?post=3846"}],"curies":[{"name":"wp","href":"https:\/\/api.w.org\/{rel}","templated":true}]}}