{"id":3877,"date":"2023-07-04T02:17:39","date_gmt":"2023-07-04T02:17:39","guid":{"rendered":"https:\/\/yume-silm.com\/?post_type=product&#038;p=3877"},"modified":"2025-04-09T00:44:52","modified_gmt":"2025-04-09T00:44:52","slug":"ceinture-noire-detachable-culotte-pour-controle-aux-tympans-et-levage-de-fesses","status":"publish","type":"product","link":"https:\/\/yume-silm.com\/fr\/produit\/ceinture-noire-detachable-culotte-pour-controle-aux-tympans-et-levage-de-fesses\/","title":{"rendered":"Short modelant le corps, taille haute, double compression, entrejambe ouvert, ventre"},"content":{"rendered":"<h5>Caract\u00e9ristiques de conception<\/h5>\n<ul>\n<li><strong>CONCEPTION DE LEVAGE DES BOUTS\u00a0:<\/strong> Ce short gainant pour le ventre et les hanches soul\u00e8ve et fa\u00e7onne les fesses en soulevant et en contournant pour am\u00e9liorer le contour naturel et raffermir visiblement les fesses pour un look plus confiant.<\/li>\n<li><strong>DOUBLE COMPRESSION DU VENTRE\u00a0:<\/strong> Notre short shapewear \u00e0 entrejambe ouvert pour femme ajoute une couche suppl\u00e9mentaire de ceinture au ventre, une compression double couche du ventre pour une contraction plus rapide et meilleure de la taille. Avec une taille plus fine, c&#039;est le premier choix pour ceux qui recherchent une solution amincissante efficace.<\/li>\n<li><strong>SANGLES AMOVIBLES\u00a0:<\/strong> Les bretelles du shapewear \u00e9l\u00e9gant en dentelle peuvent \u00eatre retir\u00e9es et port\u00e9es comme un short shapewear. Les bretelles du short modelant le corps \u00e0 double compression taille haute \u00e0 entrejambe ouvert peuvent \u00e9galement \u00eatre ajust\u00e9es librement, ce qui peut \u00eatre port\u00e9 de mani\u00e8re \u00e0 soulever les seins. Cette caract\u00e9ristique unique offre style et polyvalence d&#039;ajustement, garantissant personnalisation et confort.<\/li>\n<li><strong>ENTREJAMBE OUVERTE\u00a0:<\/strong> L&#039;entrejambe du short gainant hautement \u00e9lastique et respirant est particuli\u00e8rement ouvert, ce qui le rend facile \u00e0 mettre et \u00e0 enlever, tout en \u00e9tant \u00e0 la mode et esth\u00e9tique.<\/li>\n<li><strong>NOIR CLASSIQUE\u00a0:<\/strong> Notre short gainant grande taille est disponible dans une couleur intemporelle. Nous savons que le noir compl\u00e8te facilement une vari\u00e9t\u00e9 de tenues et de styles personnels, ce qui en fait un incontournable de la collection shapewear.<\/li>\n<\/ul>\n<h6><em>Short gainant pour femmes, grande taille, levage des hanches, bandouli\u00e8re amovible<\/em><\/h6>\n<ul>\n<li>En r\u00e9sum\u00e9, le short de mise en forme du corps \u00e0 double compression, taille haute, entrejambe ouvert, est un incontournable pour les grossistes qui cherchent \u00e0 offrir des solutions de mise en forme de premier plan. Ses caract\u00e9ristiques et son design uniques garantissent la satisfaction du client. Plongez dans le monde du commerce de gros avec cette pi\u00e8ce premium. S\u00e9curisez vos commandes d\u00e8s aujourd&#039;hui\u00a0!<\/li>\n<\/ul>","protected":false},"excerpt":{"rendered":"<p>D\u00e9couvrez le pouvoir transformateur de notre short gainant \u00e0 double compression, taille haute, entrejambe ouvert. Con\u00e7u pour une forme optimale du corps, il offre un contr\u00f4le du ventre, un c\u00f4t\u00e9 ouvert pour un port facile et une concentration sur le levage des fesses. La ceinture amovible assure un ajustement parfait, ajoutant une touche de style irr\u00e9sistible.<\/p>","protected":false},"featured_media":3909,"comment_status":"open","ping_status":"closed","template":"","meta":{"site-sidebar-layout":"default","site-content-layout":"default","ast-site-content-layout":"default","site-content-style":"default","site-sidebar-style":"default","ast-global-header-display":"","ast-banner-title-visibility":"","ast-main-header-display":"","ast-hfb-above-header-display":"","ast-hfb-below-header-display":"","ast-hfb-mobile-header-display":"","site-post-title":"","ast-breadcrumbs-content":"","ast-featured-img":"","footer-sml-layout":"","ast-disable-related-posts":"","theme-transparent-header-meta":"default","adv-header-id-meta":"","stick-header-meta":"default","header-above-stick-meta":"","header-main-stick-meta":"","header-below-stick-meta":"","astra-migrate-meta-layouts":"set","ast-page-background-enabled":"default","ast-page-background-meta":{"desktop":{"background-color":"","background-image":"","background-repeat":"repeat","background-position":"center center","background-size":"auto","background-attachment":"scroll","background-type":"","background-media":"","overlay-type":"","overlay-color":"","overlay-opacity":"","overlay-gradient":""},"tablet":{"background-color":"","background-image":"","background-repeat":"repeat","background-position":"center center","background-size":"auto","background-attachment":"scroll","background-type":"","background-media":"","overlay-type":"","overlay-color":"","overlay-opacity":"","overlay-gradient":""},"mobile":{"background-color":"","background-image":"","background-repeat":"repeat","background-position":"center center","background-size":"auto","background-attachment":"scroll","background-type":"","background-media":"","overlay-type":"","overlay-color":"","overlay-opacity":"","overlay-gradient":""}},"ast-content-background-meta":{"desktop":{"background-color":"var(--ast-global-color-5)","background-image":"","background-repeat":"repeat","background-position":"center center","background-size":"auto","background-attachment":"scroll","background-type":"","background-media":"","overlay-type":"","overlay-color":"","overlay-opacity":"","overlay-gradient":""},"tablet":{"background-color":"var(--ast-global-color-5)","background-image":"","background-repeat":"repeat","background-position":"center center","background-size":"auto","background-attachment":"scroll","background-type":"","background-media":"","overlay-type":"","overlay-color":"","overlay-opacity":"","overlay-gradient":""},"mobile":{"background-color":"var(--ast-global-color-5)","background-image":"","background-repeat":"repeat","background-position":"center center","background-size":"auto","background-attachment":"scroll","background-type":"","background-media":"","overlay-type":"","overlay-color":"","overlay-opacity":"","overlay-gradient":""}}},"product_brand":[],"product_cat":[65,76,77,80],"product_tag":[137,141,134,154],"class_list":{"0":"post-3877","1":"product","2":"type-product","3":"status-publish","4":"has-post-thumbnail","6":"product_cat-best-sellers","7":"product_cat-new-arrivels","8":"product_cat-wholesale-womens-shapewear","9":"product_cat-wholesale-butt-lift-underwear","10":"product_tag-butt-lift","11":"product_tag-plus-size","12":"product_tag-tummy-tucker","13":"product_tag-with-hooks","14":"pa_color-black","15":"pa_size-4xl","16":"pa_size-5xl","17":"pa_size-6xl","18":"pa_size-l","19":"pa_size-m","20":"pa_size-s","21":"pa_size-xl","22":"pa_size-xxl","23":"pa_size-xxxl","24":"desktop-align-center","25":"tablet-align-left","26":"mobile-align-left","27":"ast-product-gallery-layout-horizontal-slider","28":"ast-product-single-variable","29":"ast-product-tabs-layout-horizontal","30":"ast-qv-on-image","32":"first","33":"instock","34":"shipping-taxable","35":"purchasable","36":"product-type-variable"},"tiered_pricing_type":"fixed","tiered_pricing_fixed_rules":{"2":14.09,"30":13.19,"500":10.99},"tiered_pricing_product_settings":{"layout":"default","base_unit_name":{"singular":null,"plural":null},"default_variation":{}},"tiered_pricing_minimum_quantity":null,"tiered_pricing_roles_data":[],"tiered_pricing_percentage_rules":[],"_links":{"self":[{"href":"https:\/\/yume-silm.com\/fr\/wp-json\/wp\/v2\/product\/3877","targetHints":{"allow":["GET"]}}],"collection":[{"href":"https:\/\/yume-silm.com\/fr\/wp-json\/wp\/v2\/product"}],"about":[{"href":"https:\/\/yume-silm.com\/fr\/wp-json\/wp\/v2\/types\/product"}],"replies":[{"embeddable":true,"href":"https:\/\/yume-silm.com\/fr\/wp-json\/wp\/v2\/comments?post=3877"}],"wp:featuredmedia":[{"embeddable":true,"href":"https:\/\/yume-silm.com\/fr\/wp-json\/wp\/v2\/media\/3909"}],"wp:attachment":[{"href":"https:\/\/yume-silm.com\/fr\/wp-json\/wp\/v2\/media?parent=3877"}],"wp:term":[{"taxonomy":"product_brand","embeddable":true,"href":"https:\/\/yume-silm.com\/fr\/wp-json\/wp\/v2\/product_brand?post=3877"},{"taxonomy":"product_cat","embeddable":true,"href":"https:\/\/yume-silm.com\/fr\/wp-json\/wp\/v2\/product_cat?post=3877"},{"taxonomy":"product_tag","embeddable":true,"href":"https:\/\/yume-silm.com\/fr\/wp-json\/wp\/v2\/product_tag?post=3877"}],"curies":[{"name":"wp","href":"https:\/\/api.w.org\/{rel}","templated":true}]}}