{"id":3912,"date":"2023-07-04T02:34:09","date_gmt":"2023-07-04T02:34:09","guid":{"rendered":"https:\/\/yume-silm.com\/?post_type=product&#038;p=3912"},"modified":"2023-12-28T03:11:02","modified_gmt":"2023-12-28T03:11:02","slug":"mailles-haute-elastique-formage-complet-du-corps-avec-quatre-couches-de-boucles-suspendues","status":"publish","type":"product","link":"https:\/\/yume-silm.com\/fr\/produit\/mailles-haute-elastique-formage-complet-du-corps-avec-quatre-couches-de-boucles-suspendues\/","title":{"rendered":"Short gainant pour femme"},"content":{"rendered":"<h5>Fonctionnalit\u00e9s d\u00e9taill\u00e9es<\/h5>\n<ul>\n<li><strong>R\u00c9GLAGE PUISSANT\u00a0:<\/strong> La fermeture auto-agrippante \u00e0 4 couches est con\u00e7ue pour permettre des ajustements pr\u00e9cis et un meilleur contr\u00f4le du ventre pour un ajustement personnalis\u00e9. Le short gainant sans couture peut \u00eatre facilement cach\u00e9 sous n&#039;importe laquelle de vos tenues.<\/li>\n<li><strong>MISE EN FORME COMPL\u00c8TE\u00a0:<\/strong> Profitez des bienfaits de l\u2019augmentation mammaire, de l\u2019abdominoplastie, de l\u2019amincissement de la taille, du lifting des fesses et de la correction du dos ! Notre short body shapewear complet vous donnera confiance d\u00e8s que vous l&#039;enfilerez. Il procure un effet tenseur moyen \u00e0 fort pour obtenir facilement une poitrine plus ample, un corps plus mince et une silhouette de sablier parfaite.<\/li>\n<li><strong>AJUSTEMENT CONFORTABLE\u00a0:<\/strong> Le corset sous la poitrine est fait d&#039;un mat\u00e9riau doux et respirant, qui est non seulement bon pour le modelage, mais assure \u00e9galement un confort de port, sans sensation de contrainte ou d&#039;inconfort. Le tissu de haute qualit\u00e9 offre une bonne respirabilit\u00e9 et un bon confort, de sorte que vous pouvez vous sentir frais et confortable tout en le portant toute la journ\u00e9e.<\/li>\n<li><strong>UTILISATION MULTIFONCTIONNELLE\u00a0:<\/strong> Ce short gainant sous la poitrine convient \u00e0 une vari\u00e9t\u00e9 d&#039;occasions, telles que le port quotidien, le soutien modelant pendant l&#039;exercice, ou m\u00eame un outil minceur pour les festivals sp\u00e9ciaux tels que les rendez-vous et les f\u00eates, portez-le et profitez de son excellent effet.<\/li>\n<li><strong>CORPS PARFAIT:<\/strong> Soyez une femme confiante ! Les bretelles r\u00e9glables des sous-v\u00eatements gainants peuvent \u00eatre ajust\u00e9es \u00e0 volont\u00e9 \u00e0 la plage la plus appropri\u00e9e. Les v\u00eatements de corps fa\u00e7onnent non seulement votre corps, mais contribuent \u00e9galement \u00e0 am\u00e9liorer votre posture assise et debout, am\u00e9liorant ainsi votre physique g\u00e9n\u00e9ral et vous faisant d\u00e9gager une aura plus confiante.<\/li>\n<\/ul>\n<h6><em>Shaper complet du corps en maille hautement \u00e9lastique en gros: doubles couches de maille<\/em><\/h6>\n<ul>\n<li data-slate-node=\"element\" data-slate-fragment=\"JTVCJTdCJTIydHlwZSUyMiUzQSUyMnBhcmFncmFwaCUyMiUyQyUyMmNoaWxkcmVuJTIyJTNBJTVCJTdCJTIydGV4dCUyMiUzQSUyMlRoZSUyMHdvbWVuJ3MlMjBmdWxsJTIwYm9keSUyMHNoYXBld2VhciUyMGJvZHlzdWl0JTIwc2hvcnRzJTIwaXMlMjBhbiUyMGluZGlzcGVuc2FibGUlMjBwaWVjZSUyMGZvciUyMHdob2xlc2FsZXJzJTIwYWltaW5nJTIwdG8lMjBwcm92aWRlJTIwdG9wLXRpZXIlMjBzaGFwaW5nJTIwc29sdXRpb25zLiUyMCUyMiUyQyUyMnNlbnRlbmNlJTIyJTNBMjAlMkMlMjJjaGlsZFNlbnRlbmNlJTIyJTNBMSU3RCUyQyU3QiUyMnRleHQlMjIlM0ElMjJJdHMlMjB1bmlxdWUlMjBmZWF0dXJlcyUyMGFuZCUyMGRlc2lnbiUyMHByb21pc2UlMjBjdXN0b21lciUyMHNhdGlzZmFjdGlvbi4lMjIlMkMlMjJzZW50ZW5jZSUyMiUzQTIwJTJDJTIyY2hpbGRTZW50ZW5jZSUyMiUzQTIlN0QlNUQlN0QlMkMlN0IlMjJ0eXBlJTIyJTNBJTIycGFyYWdyYXBoJTIyJTJDJTIyY2hpbGRyZW4lMjIlM0ElNUIlN0IlMjJ0ZXh0JTIyJTNBJTIyJTIyJTJDJTIyc2VudGVuY2UlMjIlM0EyMSUyQyUyMmNoaWxkU2VudGVuY2UlMjIlM0ExJTdEJTVEJTdEJTVE\"><span class=\"\" data-slate-node=\"text\"><span class=\"201\" data-slate-leaf=\"true\"><span data-slate-string=\"true\">Le short body shapewear pour femme est une pi\u00e8ce indispensable pour les grossistes visant \u00e0 fournir des solutions de mise en forme de haut niveau. <\/span><\/span><\/span><span data-slate-node=\"text\"><span class=\"202\" data-slate-leaf=\"true\">Ses caract\u00e9ristiques et son design uniques promettent la satisfaction du client.<\/span><\/span><\/li>\n<\/ul>","protected":false},"excerpt":{"rendered":"<p>Pr\u00e9sentez une silhouette transformatrice avec notre short body gainant pour femme. Am\u00e9lior\u00e9 avec des boucles suspendues \u00e0 quatre couches et des doubles couches de maille hautement \u00e9lastique, ce sous-v\u00eatement gainant est la quintessence du contr\u00f4le abdominal et de l&#039;am\u00e9lioration de la ligne des hanches.<\/p>","protected":false},"featured_media":3929,"comment_status":"open","ping_status":"closed","template":"","meta":{"site-sidebar-layout":"default","site-content-layout":"default","ast-site-content-layout":"default","site-content-style":"default","site-sidebar-style":"default","ast-global-header-display":"","ast-banner-title-visibility":"","ast-main-header-display":"","ast-hfb-above-header-display":"","ast-hfb-below-header-display":"","ast-hfb-mobile-header-display":"","site-post-title":"","ast-breadcrumbs-content":"","ast-featured-img":"","footer-sml-layout":"","ast-disable-related-posts":"","theme-transparent-header-meta":"default","adv-header-id-meta":"","stick-header-meta":"default","header-above-stick-meta":"","header-main-stick-meta":"","header-below-stick-meta":"","astra-migrate-meta-layouts":"set","ast-page-background-enabled":"default","ast-page-background-meta":{"desktop":{"background-color":"","background-image":"","background-repeat":"repeat","background-position":"center center","background-size":"auto","background-attachment":"scroll","background-type":"","background-media":"","overlay-type":"","overlay-color":"","overlay-opacity":"","overlay-gradient":""},"tablet":{"background-color":"","background-image":"","background-repeat":"repeat","background-position":"center center","background-size":"auto","background-attachment":"scroll","background-type":"","background-media":"","overlay-type":"","overlay-color":"","overlay-opacity":"","overlay-gradient":""},"mobile":{"background-color":"","background-image":"","background-repeat":"repeat","background-position":"center center","background-size":"auto","background-attachment":"scroll","background-type":"","background-media":"","overlay-type":"","overlay-color":"","overlay-opacity":"","overlay-gradient":""}},"ast-content-background-meta":{"desktop":{"background-color":"var(--ast-global-color-5)","background-image":"","background-repeat":"repeat","background-position":"center center","background-size":"auto","background-attachment":"scroll","background-type":"","background-media":"","overlay-type":"","overlay-color":"","overlay-opacity":"","overlay-gradient":""},"tablet":{"background-color":"var(--ast-global-color-5)","background-image":"","background-repeat":"repeat","background-position":"center center","background-size":"auto","background-attachment":"scroll","background-type":"","background-media":"","overlay-type":"","overlay-color":"","overlay-opacity":"","overlay-gradient":""},"mobile":{"background-color":"var(--ast-global-color-5)","background-image":"","background-repeat":"repeat","background-position":"center center","background-size":"auto","background-attachment":"scroll","background-type":"","background-media":"","overlay-type":"","overlay-color":"","overlay-opacity":"","overlay-gradient":""}}},"product_brand":[],"product_cat":[65,76,77,78],"product_tag":[135,497,137,498,142,148,134,154],"class_list":{"0":"post-3912","1":"product","2":"type-product","3":"status-publish","4":"has-post-thumbnail","6":"product_cat-best-sellers","7":"product_cat-new-arrivels","8":"product_cat-wholesale-womens-shapewear","9":"product_cat-wholesale-full-body-shaper","10":"product_tag-all-in-one","11":"product_tag-bodysuit-shorts","12":"product_tag-butt-lift","13":"product_tag-full-body","14":"product_tag-low-back","15":"product_tag-one-piece","16":"product_tag-tummy-tucker","17":"product_tag-with-hooks","18":"pa_color-black","19":"pa_size-l","20":"pa_size-m","21":"pa_size-s","22":"pa_size-xl","23":"pa_size-xxl","24":"pa_size-xxxl","25":"desktop-align-center","26":"tablet-align-left","27":"mobile-align-left","28":"ast-product-gallery-layout-horizontal-slider","29":"ast-product-single-variable","30":"ast-product-tabs-layout-horizontal","31":"ast-qv-on-image","33":"first","34":"instock","35":"shipping-taxable","36":"purchasable","37":"product-type-variable"},"tiered_pricing_type":"fixed","tiered_pricing_fixed_rules":{"2":14.99,"30":13.99,"500":11.69},"tiered_pricing_product_settings":{"layout":"default","base_unit_name":{"singular":null,"plural":null},"default_variation":{}},"tiered_pricing_minimum_quantity":null,"tiered_pricing_roles_data":[],"tiered_pricing_percentage_rules":[],"_links":{"self":[{"href":"https:\/\/yume-silm.com\/fr\/wp-json\/wp\/v2\/product\/3912","targetHints":{"allow":["GET"]}}],"collection":[{"href":"https:\/\/yume-silm.com\/fr\/wp-json\/wp\/v2\/product"}],"about":[{"href":"https:\/\/yume-silm.com\/fr\/wp-json\/wp\/v2\/types\/product"}],"replies":[{"embeddable":true,"href":"https:\/\/yume-silm.com\/fr\/wp-json\/wp\/v2\/comments?post=3912"}],"wp:featuredmedia":[{"embeddable":true,"href":"https:\/\/yume-silm.com\/fr\/wp-json\/wp\/v2\/media\/3929"}],"wp:attachment":[{"href":"https:\/\/yume-silm.com\/fr\/wp-json\/wp\/v2\/media?parent=3912"}],"wp:term":[{"taxonomy":"product_brand","embeddable":true,"href":"https:\/\/yume-silm.com\/fr\/wp-json\/wp\/v2\/product_brand?post=3912"},{"taxonomy":"product_cat","embeddable":true,"href":"https:\/\/yume-silm.com\/fr\/wp-json\/wp\/v2\/product_cat?post=3912"},{"taxonomy":"product_tag","embeddable":true,"href":"https:\/\/yume-silm.com\/fr\/wp-json\/wp\/v2\/product_tag?post=3912"}],"curies":[{"name":"wp","href":"https:\/\/api.w.org\/{rel}","templated":true}]}}