{"id":3931,"date":"2023-07-04T02:50:09","date_gmt":"2023-07-04T02:50:09","guid":{"rendered":"https:\/\/yume-silm.com\/?post_type=product&#038;p=3931"},"modified":"2024-02-29T05:59:11","modified_gmt":"2024-02-29T05:59:11","slug":"ceinture-en-acier-pour-le-remodelage-de-la-taille-et-du-corps-avec-bretelles-larges","status":"publish","type":"product","link":"https:\/\/yume-silm.com\/fr\/produit\/ceinture-en-acier-pour-le-remodelage-de-la-taille-et-du-corps-avec-bretelles-larges\/","title":{"rendered":"Vente en gros de modelage de taille en os d&#039;acier pour tout le corps\u00a0: maille respirante"},"content":{"rendered":"<h5>Caract\u00e9ristiques de conception<\/h5>\n<ul>\n<li data-slate-node=\"element\"><span data-slate-node=\"text\"><span class=\"41\" data-slate-leaf=\"true\">FA\u00c7ONNEMENT DE LA TAILLE EN ACIER: Le shaper complet du corps en acier est caract\u00e9ris\u00e9 par un renfort en acier, qui offre une forme extraordinaire de la taille et une forme de sablier plus efficace.<\/span><\/span><\/li>\n<li data-slate-node=\"element\"><span data-slate-node=\"text\"><span class=\"61\" data-slate-leaf=\"true\">LARGES SANGLES : Les larges bretelles de ce v\u00eatement gainant \u00e0 crochets et \u00e0 \u0153illets sont con\u00e7ues pour fournir un soutien in\u00e9gal\u00e9 pendant l&#039;exp\u00e9rience de port, assurant un confort sans pincer la peau.<\/span><\/span><\/li>\n<li data-slate-node=\"element\"><span data-slate-node=\"text\"><span class=\"81\" data-slate-leaf=\"true\">Entrejambe ouverte : nous sommes heureux que le sous-v\u00eatement fessier ait un entrejambe ouvert. <\/span><\/span><span data-slate-node=\"text\"><span class=\"82\" data-slate-leaf=\"true\">C&#039;est tr\u00e8s pratique car nous n&#039;avons pas besoin d&#039;enlever tous nos v\u00eatements pour aller aux toilettes.<\/span><\/span><\/li>\n<li data-slate-node=\"element\"><span data-slate-node=\"text\"><span class=\"101\" data-slate-leaf=\"true\">MAILLE \u00c9LASTIQUE RESPIRANTE : Polyester, Spandex. <\/span><\/span><span data-slate-node=\"text\"><span class=\"102\" data-slate-leaf=\"true\">Ce body en acier pour femme est fait de maille respirante, qui maintient une grande respirabilit\u00e9 et est \u00e9galement plus confortable contre la peau. <\/span><\/span><span data-slate-node=\"text\"><span class=\"103\" data-slate-leaf=\"true\">Plus extensible et durable, parfait pour un port prolong\u00e9.<\/span><\/span><\/li>\n<li data-slate-node=\"element\" data-slate-fragment=\"JTVCJTdCJTIydHlwZSUyMiUzQSUyMnBhcmFncmFwaCUyMiUyQyUyMmNoaWxkcmVuJTIyJTNBJTVCJTdCJTIydGV4dCUyMiUzQSUyMlNURUVMJTIwQk9ORSUyMFdBSVNUJTIwU0hBUElORyUzQSUyMFRoZSUyMHN0ZWVsLWJvbmUlMjB3YWlzdCUyMHNoYXBpbmclMjBmdWxsJTIwYm9keSUyMHNoYXBlciUyMGlzJTIwY2hhcmFjdGVyaXplZCUyMGJ5JTIwc3RlZWwlMjBib25lJTIwcmVpbmZvcmNlbWVudCUyQyUyMHdoaWNoJTIwcHJvdmlkZXMlMjBleHRyYW9yZGluYXJ5JTIwd2Fpc3QlMjBzaGFwaW5nJTIwYW5kJTIwbW9yZSUyMGVmZmVjdGl2ZSUyMGhvdXJnbGFzcyUyMGZpZ3VyZSUyMHNoYXBpbmcuJTIyJTJDJTIyc2VudGVuY2UlMjIlM0E0JTJDJTIyY2hpbGRTZW50ZW5jZSUyMiUzQTElN0QlNUQlN0QlMkMlN0IlMjJ0eXBlJTIyJTNBJTIycGFyYWdyYXBoJTIyJTJDJTIyY2hpbGRyZW4lMjIlM0ElNUIlN0IlMjJ0ZXh0JTIyJTNBJTIyJTIyJTJDJTIyc2VudGVuY2UlMjIlM0E1JTJDJTIyY2hpbGRTZW50ZW5jZSUyMiUzQTElN0QlNUQlN0QlMkMlN0IlMjJ0eXBlJTIyJTNBJTIycGFyYWdyYXBoJTIyJTJDJTIyY2hpbGRyZW4lMjIlM0ElNUIlN0IlMjJ0ZXh0JTIyJTNBJTIyV0lERSUyMFNUUkFQUyUzQSUyMFRoZSUyMHdpZGUlMjBzdHJhcHMlMjBvZiUyMHRoaXMlMjBob29rJTIwJTI2JTIwZXllJTIwZnVsbCUyMGJvZHklMjBzaGFwZXdlYXIlMjBhcmUlMjBkZXNpZ25lZCUyMHRvJTIwcHJvdmlkZSUyMHVucml2YWxlZCUyMHN1cHBvcnQlMjBkdXJpbmclMjB0aGUlMjB3ZWFyaW5nJTIwZXhwZXJpZW5jZSUyQyUyMGVuc3VyaW5nJTIwY29tZm9ydCUyMHdpdGhvdXQlMjBwaW5jaGluZyUyMHRoZSUyMHNraW4uJTIyJTJDJTIyc2VudGVuY2UlMjIlM0E2JTJDJTIyY2hpbGRTZW50ZW5jZSUyMiUzQTElN0QlNUQlN0QlMkMlN0IlMjJ0eXBlJTIyJTNBJTIycGFyYWdyYXBoJTIyJTJDJTIyY2hpbGRyZW4lMjIlM0ElNUIlN0IlMjJ0ZXh0JTIyJTNBJTIyJTIyJTJDJTIyc2VudGVuY2UlMjIlM0E3JTJDJTIyY2hpbGRTZW50ZW5jZSUyMiUzQTElN0QlNUQlN0QlMkMlN0IlMjJ0eXBlJTIyJTNBJTIycGFyYWdyYXBoJTIyJTJDJTIyY2hpbGRyZW4lMjIlM0ElNUIlN0IlMjJ0ZXh0JTIyJTNBJTIyT3BlbiUyMENyb3RjaCUzQSUyMFdlJTIwYXJlJTIwaGFwcHklMjB0aGF0JTIwdGhlJTIwYnV0dCUyMGxpZnQlMjB1bmRlcndlYXIlMjBoYXMlMjBhbiUyMG9wZW4lMjBjcm90Y2guJTIwJTIyJTJDJTIyc2VudGVuY2UlMjIlM0E4JTJDJTIyY2hpbGRTZW50ZW5jZSUyMiUzQTElN0QlMkMlN0IlMjJ0ZXh0JTIyJTNBJTIySXQncyUyMHZlcnklMjBjb252ZW5pZW50JTIwYmVjYXVzZSUyMHdlJTIwZG9uJ3QlMjBuZWVkJTIwdG8lMjB0YWtlJTIwb2ZmJTIwYWxsJTIwb3VyJTIwY2xvdGhlcyUyMHRvJTIwZ28lMjB0byUyMHRoZSUyMHRvaWxldC4lMjIlMkMlMjJzZW50ZW5jZSUyMiUzQTglMkMlMjJjaGlsZFNlbnRlbmNlJTIyJTNBMiU3RCU1RCU3RCUyQyU3QiUyMnR5cGUlMjIlM0ElMjJwYXJhZ3JhcGglMjIlMkMlMjJjaGlsZHJlbiUyMiUzQSU1QiU3QiUyMnRleHQlMjIlM0ElMjIlMjIlMkMlMjJzZW50ZW5jZSUyMiUzQTklMkMlMjJjaGlsZFNlbnRlbmNlJTIyJTNBMSU3RCU1RCU3RCUyQyU3QiUyMnR5cGUlMjIlM0ElMjJwYXJhZ3JhcGglMjIlMkMlMjJjaGlsZHJlbiUyMiUzQSU1QiU3QiUyMnRleHQlMjIlM0ElMjJFTEFTVElDJTIwQlJFQVRIQUJMRSUyME1FU0glM0ElMjBQb2x5ZXN0ZXIlMkMlMjBTcGFuZGV4LiUyMCUyMiUyQyUyMnNlbnRlbmNlJTIyJTNBMTAlMkMlMjJjaGlsZFNlbnRlbmNlJTIyJTNBMSU3RCUyQyU3QiUyMnRleHQlMjIlM0ElMjJUaGlzJTIwd29tZW4ncyUyMHN0ZWVsJTIwYm9uZSUyMGJvZHklMjBzdWl0JTIwaXMlMjBtYWRlJTIwb2YlMjBicmVhdGhhYmxlJTIwbWVzaCUyQyUyMHdoaWNoJTIwbWFpbnRhaW5zJTIwZ3JlYXQlMjBicmVhdGhhYmlsaXR5JTIwYW5kJTIwaXMlMjBhbHNvJTIwbW9yZSUyMGNvbWZvcnRhYmxlJTIwYWdhaW5zdCUyMHRoZSUyMHNraW4uJTIwJTIyJTJDJTIyc2VudGVuY2UlMjIlM0ExMCUyQyUyMmNoaWxkU2VudGVuY2UlMjIlM0EyJTdEJTJDJTdCJTIydGV4dCUyMiUzQSUyMk1vcmUlMjBzdHJldGNoeSUyMGFuZCUyMGR1cmFibGUlMkMlMjBwZXJmZWN0JTIwZm9yJTIwbG9uZyUyMHRpbWUlMjB3ZWFyaW5nLiUyMiUyQyUyMnNlbnRlbmNlJTIyJTNBMTAlMkMlMjJjaGlsZFNlbnRlbmNlJTIyJTNBMyU3RCU1RCU3RCUyQyU3QiUyMnR5cGUlMjIlM0ElMjJwYXJhZ3JhcGglMjIlMkMlMjJjaGlsZHJlbiUyMiUzQSU1QiU3QiUyMnRleHQlMjIlM0ElMjIlMjIlMkMlMjJzZW50ZW5jZSUyMiUzQTExJTJDJTIyY2hpbGRTZW50ZW5jZSUyMiUzQTElN0QlNUQlN0QlMkMlN0IlMjJ0eXBlJTIyJTNBJTIycGFyYWdyYXBoJTIyJTJDJTIyY2hpbGRyZW4lMjIlM0ElNUIlN0IlMjJ0ZXh0JTIyJTNBJTIyRkFTSElPTkFCTEUlMjBBTkQlMjBNVUxUSUZVTkNUSU9OQUwlM0ElMjBUaGlzJTIwdGhlJTIwYmVzdCUyMGNvcnNldCUyMHNoYXBld2VhciUyMGNhbiUyMGFjaGlldmUlMjBhJTIwZnVsbCUyMGJvZHklMjBzaGFwaW5nJTIwZWZmZWN0LiUyMCUyMiUyQyUyMnNlbnRlbmNlJTIyJTNBMTIlMkMlMjJjaGlsZFNlbnRlbmNlJTIyJTNBMSU3RCUyQyU3QiUyMnRleHQlMjIlM0ElMjJXZWFyaW5nJTIwaXQlMjBjYW4lMjBtYWtlJTIwb3VyJTIwYmFjayUyMGZpcm1lciUyMGFuZCUyMG1vcmUlMjBuYXR1cmFsJTJDJTIwaGlwcyUyMG1vcmUlMjBmaXJtJTJDJTIwc21vb3RoaW5nJTIwdGhlJTIwYWJkb21lbiUyMGFzJTIwd2VsbCUyMGFzJTIwdGhpZ2glMjBzaGFwaW5nLiUyMCUyMiUyQyUyMnNlbnRlbmNlJTIyJTNBMTIlMkMlMjJjaGlsZFNlbnRlbmNlJTIyJTNBMiU3RCUyQyU3QiUyMnRleHQlMjIlM0ElMjJTdWl0YWJsZSUyMGZvciUyMGFsbCUyMG9jY2FzaW9ucyUyQyUyMGZyb20lMjBkYWlseSUyMHdlYXIlMjB0byUyMHNwZWNpYWwlMjBldmVudHMlMkMlMjBmdW5jdGlvbmFsJTIwYW5kJTIwY29tZm9ydGFibGUuJTIyJTJDJTIyc2VudGVuY2UlMjIlM0ExMiUyQyUyMmNoaWxkU2VudGVuY2UlMjIlM0EzJTdEJTVEJTdEJTVE\"><span data-slate-node=\"text\"><span class=\"121\" data-slate-leaf=\"true\">\u00c0 LA MODE ET MULTIFONCTIONNEL\u00a0: C&#039;est le meilleur corset shapewear qui peut obtenir un effet de modelage complet du corps. <\/span><\/span><span data-slate-node=\"text\"><span class=\"122\" data-slate-leaf=\"true\">Le porter peut rendre notre dos plus ferme et plus naturel, nos hanches plus fermes, lisser l&#039;abdomen ainsi que fa\u00e7onner les cuisses. <\/span><\/span><span data-slate-node=\"text\"><span class=\"123\" data-slate-leaf=\"true\">Convient \u00e0 toutes les occasions, du quotidien aux \u00e9v\u00e9nements sp\u00e9ciaux, fonctionnel et confortable.<\/span><\/span><\/li>\n<\/ul>\n<h6><em>Gaine amincissante \u00e0 crochet et \u0153illet pour femme, design \u00e0 entrejambe ouvert<\/em><\/h6>\n<ul>\n<li>En r\u00e9sum\u00e9, le shaper complet pour le corps en acier avec de larges bretelles est un ajout essentiel pour les grossistes qui souhaitent offrir \u00e0 la fois style et confort. Avec ses caract\u00e9ristiques et son design uniques, il deviendra l&#039;un des favoris des clients. Plongez dans l&#039;univers du commerce de gros avec cette pi\u00e8ce d&#039;exception. S\u00e9curisez vos commandes d\u00e8s aujourd&#039;hui\u00a0!<\/li>\n<li>Dengan tambahan strip silicone anti selip, Anda tidak perlu khawatir body shapewear complet pour femme Anda akan mudah terlepas, sehingga Anda bisa memakainya di luar rumah dengan penuh percaya diri.<\/li>\n<\/ul>","protected":false},"excerpt":{"rendered":"<p>D\u00e9couvrez le m\u00e9lange parfait de soutien et de style avec notre shaper complet pour le corps en acier. Dot\u00e9 de larges bretelles pour un confort accru et d&#039;un entrejambe ouvert pour plus de commodit\u00e9, ce shapewear est un incontournable pour toute femme moderne.<\/p>","protected":false},"featured_media":3955,"comment_status":"open","ping_status":"closed","template":"","meta":{"site-sidebar-layout":"default","site-content-layout":"default","ast-site-content-layout":"default","site-content-style":"default","site-sidebar-style":"default","ast-global-header-display":"","ast-banner-title-visibility":"","ast-main-header-display":"","ast-hfb-above-header-display":"","ast-hfb-below-header-display":"","ast-hfb-mobile-header-display":"","site-post-title":"","ast-breadcrumbs-content":"","ast-featured-img":"","footer-sml-layout":"","ast-disable-related-posts":"","theme-transparent-header-meta":"default","adv-header-id-meta":"","stick-header-meta":"default","header-above-stick-meta":"","header-main-stick-meta":"","header-below-stick-meta":"","astra-migrate-meta-layouts":"set","ast-page-background-enabled":"default","ast-page-background-meta":{"desktop":{"background-color":"","background-image":"","background-repeat":"repeat","background-position":"center center","background-size":"auto","background-attachment":"scroll","background-type":"","background-media":"","overlay-type":"","overlay-color":"","overlay-opacity":"","overlay-gradient":""},"tablet":{"background-color":"","background-image":"","background-repeat":"repeat","background-position":"center center","background-size":"auto","background-attachment":"scroll","background-type":"","background-media":"","overlay-type":"","overlay-color":"","overlay-opacity":"","overlay-gradient":""},"mobile":{"background-color":"","background-image":"","background-repeat":"repeat","background-position":"center center","background-size":"auto","background-attachment":"scroll","background-type":"","background-media":"","overlay-type":"","overlay-color":"","overlay-opacity":"","overlay-gradient":""}},"ast-content-background-meta":{"desktop":{"background-color":"var(--ast-global-color-5)","background-image":"","background-repeat":"repeat","background-position":"center center","background-size":"auto","background-attachment":"scroll","background-type":"","background-media":"","overlay-type":"","overlay-color":"","overlay-opacity":"","overlay-gradient":""},"tablet":{"background-color":"var(--ast-global-color-5)","background-image":"","background-repeat":"repeat","background-position":"center center","background-size":"auto","background-attachment":"scroll","background-type":"","background-media":"","overlay-type":"","overlay-color":"","overlay-opacity":"","overlay-gradient":""},"mobile":{"background-color":"var(--ast-global-color-5)","background-image":"","background-repeat":"repeat","background-position":"center center","background-size":"auto","background-attachment":"scroll","background-type":"","background-media":"","overlay-type":"","overlay-color":"","overlay-opacity":"","overlay-gradient":""}}},"product_brand":[],"product_cat":[65,76,77,78],"product_tag":[135,136,148,134,154],"class_list":{"0":"post-3931","1":"product","2":"type-product","3":"status-publish","4":"has-post-thumbnail","6":"product_cat-best-sellers","7":"product_cat-new-arrivels","8":"product_cat-wholesale-womens-shapewear","9":"product_cat-wholesale-full-body-shaper","10":"product_tag-all-in-one","11":"product_tag-bridal","12":"product_tag-one-piece","13":"product_tag-tummy-tucker","14":"product_tag-with-hooks","15":"pa_color-beige","16":"pa_color-black","17":"pa_size-l","18":"pa_size-m","19":"pa_size-s","20":"pa_size-xl","21":"pa_size-xxl","22":"pa_size-xxxl","23":"desktop-align-center","24":"tablet-align-left","25":"mobile-align-left","26":"ast-product-gallery-layout-horizontal-slider","27":"ast-product-single-variable","28":"ast-product-tabs-layout-horizontal","29":"ast-qv-on-image","31":"first","32":"instock","33":"shipping-taxable","34":"purchasable","35":"product-type-variable"},"tiered_pricing_type":"fixed","tiered_pricing_fixed_rules":{"2":16.09,"30":14.99,"500":12.49},"tiered_pricing_product_settings":{"layout":"default","base_unit_name":{"singular":null,"plural":null},"default_variation":{}},"tiered_pricing_minimum_quantity":null,"tiered_pricing_roles_data":[],"tiered_pricing_percentage_rules":[],"_links":{"self":[{"href":"https:\/\/yume-silm.com\/fr\/wp-json\/wp\/v2\/product\/3931","targetHints":{"allow":["GET"]}}],"collection":[{"href":"https:\/\/yume-silm.com\/fr\/wp-json\/wp\/v2\/product"}],"about":[{"href":"https:\/\/yume-silm.com\/fr\/wp-json\/wp\/v2\/types\/product"}],"replies":[{"embeddable":true,"href":"https:\/\/yume-silm.com\/fr\/wp-json\/wp\/v2\/comments?post=3931"}],"wp:featuredmedia":[{"embeddable":true,"href":"https:\/\/yume-silm.com\/fr\/wp-json\/wp\/v2\/media\/3955"}],"wp:attachment":[{"href":"https:\/\/yume-silm.com\/fr\/wp-json\/wp\/v2\/media?parent=3931"}],"wp:term":[{"taxonomy":"product_brand","embeddable":true,"href":"https:\/\/yume-silm.com\/fr\/wp-json\/wp\/v2\/product_brand?post=3931"},{"taxonomy":"product_cat","embeddable":true,"href":"https:\/\/yume-silm.com\/fr\/wp-json\/wp\/v2\/product_cat?post=3931"},{"taxonomy":"product_tag","embeddable":true,"href":"https:\/\/yume-silm.com\/fr\/wp-json\/wp\/v2\/product_tag?post=3931"}],"curies":[{"name":"wp","href":"https:\/\/api.w.org\/{rel}","templated":true}]}}