{"id":3957,"date":"2023-07-04T03:06:56","date_gmt":"2023-07-04T03:06:56","guid":{"rendered":"https:\/\/yume-silm.com\/?post_type=product&#038;p=3957"},"modified":"2024-02-29T02:19:23","modified_gmt":"2024-02-29T02:19:23","slug":"body-skinny-femme-sculpte-ajustable-serre-sans-couture","status":"publish","type":"product","link":"https:\/\/yume-silm.com\/fr\/produit\/body-skinny-femme-sculpte-ajustable-serre-sans-couture\/","title":{"rendered":"Body gainant sans couture pour femmes, vente en gros, buste ouvert"},"content":{"rendered":"<h5>Caract\u00e9ristiques de conception<\/h5>\n<ul>\n<li><strong>Sangles r\u00e9glables\u00a0:<\/strong> Les bretelles \u00e9lastiques r\u00e9glables des bodys gainants sans couture ajoutent libert\u00e9 et confort. Il peut \u00eatre ajust\u00e9 en fonction de votre taille et d&#039;autres ajustements sp\u00e9ciaux pour un ajustement plus ajust\u00e9 et confortable.<\/li>\n<li><strong>TISSU HAUTE EXTENSION\u00a0:<\/strong> Ce body shaper \u00e0 buste ouvert avec contr\u00f4le du ventre est fabriqu\u00e9 dans un tissu hautement extensible de haute qualit\u00e9 pour une durabilit\u00e9 durable. Dans ce shapewear, vous pouvez \u00e9pouser les contours de votre corps, offrant un confort et une flexibilit\u00e9 sup\u00e9rieurs.<\/li>\n<li><strong>TECHNOLOGIE SANS COUTURE\u00a0:<\/strong> La lingerie shapewear sans couture pour femmes offre un aspect lisse et invisible sous n&#039;importe quel v\u00eatement, ce qui en fait un choix populaire pour celles qui recherchent une silhouette impeccable.<\/li>\n<li><strong>POLYVALENCE \u00c9L\u00c9GANTE\u00a0:<\/strong> Simple et \u00e9l\u00e9gant, ce body shapewear sans couture \u00e0 buste ouvert pour femme est parfait \u00e0 superposer ou \u00e0 porter seul, compl\u00e9tant \u00e0 la fois les tenues d\u00e9contract\u00e9es et formelles pour garantir un large \u00e9ventail d&#039;attraits.<\/li>\n<li><strong>AM\u00c9LIORATION DE LA CONFIANCE CORPORELLE\u00a0:<\/strong> Un shapewear sans couture \u00e0 poitrine ouverte vous aidera \u00e0 resserrer votre ventre, \u00e0 soulever vos hanches et \u00e0 contr\u00f4ler votre dos. Le buste ouvert vous donne \u00e9galement la libert\u00e9 de l&#039;assortir \u00e0 votre soutien-gorge pr\u00e9f\u00e9r\u00e9. Les bodys moulants am\u00e9liorent les courbes naturelles et la confiance en soi.<\/li>\n<\/ul>\n<h6><em>Body gainant sans couture pour femme, abdominoplastie et lifting des hanches : bretelles r\u00e9glables.<\/em><\/h6>\n<ul>\n<li>En r\u00e9sum\u00e9, le body shapewear sans couture \u00e0 poitrine ouverte pour femme est un incontournable pour les grossistes qui cherchent \u00e0 offrir un m\u00e9lange de style et de confort. Avec ses caract\u00e9ristiques et son design uniques, il deviendra l&#039;un des favoris des clients. Plongez dans le monde du commerce de gros avec cette pi\u00e8ce hors du commun. S\u00e9curisez vos commandes d\u00e8s aujourd&#039;hui\u00a0!<\/li>\n<\/ul>","protected":false},"excerpt":{"rendered":"<p>Am\u00e9liorez votre collection avec notre body shapewear sans couture \u00e0 buste ouvert pour femmes. Con\u00e7u avec des bretelles r\u00e9glables et un tissu hautement extensible, ce body promet une silhouette impeccable et un confort in\u00e9gal\u00e9.<\/p>","protected":false},"featured_media":3977,"comment_status":"open","ping_status":"closed","template":"","meta":{"site-sidebar-layout":"default","site-content-layout":"default","ast-site-content-layout":"default","site-content-style":"default","site-sidebar-style":"default","ast-global-header-display":"","ast-banner-title-visibility":"","ast-main-header-display":"","ast-hfb-above-header-display":"","ast-hfb-below-header-display":"","ast-hfb-mobile-header-display":"","site-post-title":"","ast-breadcrumbs-content":"","ast-featured-img":"","footer-sml-layout":"","ast-disable-related-posts":"","theme-transparent-header-meta":"default","adv-header-id-meta":"","stick-header-meta":"default","header-above-stick-meta":"","header-main-stick-meta":"","header-below-stick-meta":"","astra-migrate-meta-layouts":"set","ast-page-background-enabled":"default","ast-page-background-meta":{"desktop":{"background-color":"","background-image":"","background-repeat":"repeat","background-position":"center center","background-size":"auto","background-attachment":"scroll","background-type":"","background-media":"","overlay-type":"","overlay-color":"","overlay-opacity":"","overlay-gradient":""},"tablet":{"background-color":"","background-image":"","background-repeat":"repeat","background-position":"center center","background-size":"auto","background-attachment":"scroll","background-type":"","background-media":"","overlay-type":"","overlay-color":"","overlay-opacity":"","overlay-gradient":""},"mobile":{"background-color":"","background-image":"","background-repeat":"repeat","background-position":"center center","background-size":"auto","background-attachment":"scroll","background-type":"","background-media":"","overlay-type":"","overlay-color":"","overlay-opacity":"","overlay-gradient":""}},"ast-content-background-meta":{"desktop":{"background-color":"var(--ast-global-color-5)","background-image":"","background-repeat":"repeat","background-position":"center center","background-size":"auto","background-attachment":"scroll","background-type":"","background-media":"","overlay-type":"","overlay-color":"","overlay-opacity":"","overlay-gradient":""},"tablet":{"background-color":"var(--ast-global-color-5)","background-image":"","background-repeat":"repeat","background-position":"center center","background-size":"auto","background-attachment":"scroll","background-type":"","background-media":"","overlay-type":"","overlay-color":"","overlay-opacity":"","overlay-gradient":""},"mobile":{"background-color":"var(--ast-global-color-5)","background-image":"","background-repeat":"repeat","background-position":"center center","background-size":"auto","background-attachment":"scroll","background-type":"","background-media":"","overlay-type":"","overlay-color":"","overlay-opacity":"","overlay-gradient":""}}},"product_brand":[],"product_cat":[65,76,77,79,82],"product_tag":[419,136,523],"class_list":{"0":"post-3957","1":"product","2":"type-product","3":"status-publish","4":"has-post-thumbnail","6":"product_cat-best-sellers","7":"product_cat-new-arrivels","8":"product_cat-wholesale-womens-shapewear","9":"product_cat-wholesale-seemless-shaperwear","10":"product_cat-wholesale-shapewear-bodysuit","11":"product_tag-bodysuit","12":"product_tag-bridal","13":"product_tag-seemless","14":"pa_color-beige","15":"pa_color-black","16":"pa_size-l","17":"pa_size-m","18":"pa_size-s","19":"pa_size-xl","20":"pa_size-xxl","21":"pa_size-xxxl","22":"desktop-align-center","23":"tablet-align-left","24":"mobile-align-left","25":"ast-product-gallery-layout-horizontal-slider","26":"ast-product-single-variable","27":"ast-product-tabs-layout-horizontal","28":"ast-qv-on-image","30":"first","31":"instock","32":"shipping-taxable","33":"purchasable","34":"product-type-variable"},"tiered_pricing_type":"fixed","tiered_pricing_fixed_rules":{"2":5.49,"30":5.19,"200":4.29},"tiered_pricing_product_settings":{"layout":"default","base_unit_name":{"singular":null,"plural":null},"default_variation":{}},"tiered_pricing_minimum_quantity":null,"tiered_pricing_roles_data":[],"tiered_pricing_percentage_rules":[],"_links":{"self":[{"href":"https:\/\/yume-silm.com\/fr\/wp-json\/wp\/v2\/product\/3957","targetHints":{"allow":["GET"]}}],"collection":[{"href":"https:\/\/yume-silm.com\/fr\/wp-json\/wp\/v2\/product"}],"about":[{"href":"https:\/\/yume-silm.com\/fr\/wp-json\/wp\/v2\/types\/product"}],"replies":[{"embeddable":true,"href":"https:\/\/yume-silm.com\/fr\/wp-json\/wp\/v2\/comments?post=3957"}],"wp:featuredmedia":[{"embeddable":true,"href":"https:\/\/yume-silm.com\/fr\/wp-json\/wp\/v2\/media\/3977"}],"wp:attachment":[{"href":"https:\/\/yume-silm.com\/fr\/wp-json\/wp\/v2\/media?parent=3957"}],"wp:term":[{"taxonomy":"product_brand","embeddable":true,"href":"https:\/\/yume-silm.com\/fr\/wp-json\/wp\/v2\/product_brand?post=3957"},{"taxonomy":"product_cat","embeddable":true,"href":"https:\/\/yume-silm.com\/fr\/wp-json\/wp\/v2\/product_cat?post=3957"},{"taxonomy":"product_tag","embeddable":true,"href":"https:\/\/yume-silm.com\/fr\/wp-json\/wp\/v2\/product_tag?post=3957"}],"curies":[{"name":"wp","href":"https:\/\/api.w.org\/{rel}","templated":true}]}}