{"id":3982,"date":"2023-07-04T03:54:06","date_gmt":"2023-07-04T03:54:06","guid":{"rendered":"https:\/\/yume-silm.com\/?post_type=product&#038;p=3982"},"modified":"2024-11-06T02:44:23","modified_gmt":"2024-11-06T02:44:23","slug":"top-shapewear-fleuri-brode-avec-dos-croise","status":"publish","type":"product","link":"https:\/\/yume-silm.com\/fr\/produit\/top-shapewear-fleuri-brode-avec-dos-croise\/","title":{"rendered":"Vente en gros de hauts shapewear respirants \u00e0 poitrine ouverte grande taille"},"content":{"rendered":"<h5>Caract\u00e9ristiques de conception<\/h5>\n<ul>\n<li><strong>BOUTONS \u00c0 SIX BOUTONNAGES\u00a0:<\/strong> Ce haut shapewear respirant \u00e0 poitrine ouverte grande taille pour femme dispose de six crochets r\u00e9glables pour garantir un ajustement personnalis\u00e9 pour tous les types de corps, augmentant ainsi le confort et le confort de port. Il permet \u00e9galement une excellente mise en forme du ventre.<\/li>\n<li><strong>Sangles \u00e9largies\u00a0:<\/strong> Le haut shapewear d\u00e9contract\u00e9 en maille transparente est dot\u00e9 de bretelles \u00e9largies pour un soutien in\u00e9gal\u00e9. Cette conception de d\u00e9bardeurs fa\u00e7onnant les coutures en maille grande taille aide \u00e0 minimiser la pression sur les \u00e9paules et assure un confort tout au long de la journ\u00e9e.<\/li>\n<li><strong>CONCEPTION DE PATCHS\u00a0:<\/strong> Le design exceptionnel de nos sous-v\u00eatements gainants pour femmes est le d\u00e9bardeur en patchwork de maille. Il est d\u00e9licat et beau, ajoutant une touche d&#039;\u00e9l\u00e9gance et de charme au shapewear.<\/li>\n<li><strong>DOS CROIS\u00c9\u00a0:<\/strong> Le design \u00e9l\u00e9gant \u00e0 dos crois\u00e9 am\u00e9liore non seulement l&#039;esth\u00e9tique, mais offre \u00e9galement plus de soutien pour le dos. Le haut de buste ouvert de compression de contr\u00f4le du ventre a pour fonction d&#039;aider \u00e0 corriger la mauvaise posture du dos, ce qui est tr\u00e8s bon pour r\u00e9aliser l&#039;am\u00e9lioration de la mauvaise posture.<\/li>\n<li><strong>MAILLE TRANSPARENTE\u00a0:<\/strong> Ce d\u00e9bardeur fa\u00e7onnant les coutures en maille grande taille est fait de maille respirante qui assure un effet rafra\u00eechissant, parfait pour un port prolong\u00e9 et des climats plus chauds. M\u00eame apr\u00e8s une longue s\u00e9ance d\u2019entra\u00eenement, vous ne vous sentirez pas mal \u00e0 l\u2019aise.<\/li>\n<\/ul>\n<h6><em>Haut buste ouvert en maille transparente pour femme, contr\u00f4le du ventre, compression<\/em><\/h6>\n<ul>\n<li>Les hauts shapewear respirants \u00e0 poitrine ouverte grande taille sont un incontournable pour les grossistes qui souhaitent offrir \u00e0 la fois style et confort. Avec son design unique et ses fonctionnalit\u00e9s haut de gamme, il est en passe de devenir l&#039;un des favoris des clients. Plongez dans l&#039;univers du commerce de gros avec cette pi\u00e8ce d&#039;exception. S\u00e9curisez vos commandes d\u00e8s aujourd&#039;hui\u00a0!<\/li>\n<\/ul>","protected":false},"excerpt":{"rendered":"<p>Pr\u00e9sentation de nos hauts shapewear respirants \u00e0 poitrine ouverte grande taille, un m\u00e9lange d&#039;\u00e9l\u00e9gance et de fonctionnalit\u00e9. Avec ses 6 crochets pour un ajustement personnalisable et son design chic crois\u00e9 dans le dos, c&#039;est le compl\u00e9ment parfait \u00e0 toute collection.<\/p>","protected":false},"featured_media":4006,"comment_status":"open","ping_status":"closed","template":"","meta":{"site-sidebar-layout":"default","site-content-layout":"default","ast-site-content-layout":"default","site-content-style":"default","site-sidebar-style":"default","ast-global-header-display":"","ast-banner-title-visibility":"","ast-main-header-display":"","ast-hfb-above-header-display":"","ast-hfb-below-header-display":"","ast-hfb-mobile-header-display":"","site-post-title":"","ast-breadcrumbs-content":"","ast-featured-img":"","footer-sml-layout":"","ast-disable-related-posts":"","theme-transparent-header-meta":"default","adv-header-id-meta":"","stick-header-meta":"default","header-above-stick-meta":"","header-main-stick-meta":"","header-below-stick-meta":"","astra-migrate-meta-layouts":"set","ast-page-background-enabled":"default","ast-page-background-meta":{"desktop":{"background-color":"","background-image":"","background-repeat":"repeat","background-position":"center center","background-size":"auto","background-attachment":"scroll","background-type":"","background-media":"","overlay-type":"","overlay-color":"","overlay-opacity":"","overlay-gradient":""},"tablet":{"background-color":"","background-image":"","background-repeat":"repeat","background-position":"center center","background-size":"auto","background-attachment":"scroll","background-type":"","background-media":"","overlay-type":"","overlay-color":"","overlay-opacity":"","overlay-gradient":""},"mobile":{"background-color":"","background-image":"","background-repeat":"repeat","background-position":"center center","background-size":"auto","background-attachment":"scroll","background-type":"","background-media":"","overlay-type":"","overlay-color":"","overlay-opacity":"","overlay-gradient":""}},"ast-content-background-meta":{"desktop":{"background-color":"var(--ast-global-color-5)","background-image":"","background-repeat":"repeat","background-position":"center center","background-size":"auto","background-attachment":"scroll","background-type":"","background-media":"","overlay-type":"","overlay-color":"","overlay-opacity":"","overlay-gradient":""},"tablet":{"background-color":"var(--ast-global-color-5)","background-image":"","background-repeat":"repeat","background-position":"center center","background-size":"auto","background-attachment":"scroll","background-type":"","background-media":"","overlay-type":"","overlay-color":"","overlay-opacity":"","overlay-gradient":""},"mobile":{"background-color":"var(--ast-global-color-5)","background-image":"","background-repeat":"repeat","background-position":"center center","background-size":"auto","background-attachment":"scroll","background-type":"","background-media":"","overlay-type":"","overlay-color":"","overlay-opacity":"","overlay-gradient":""}}},"product_brand":[],"product_cat":[65,76,77,1092,81],"product_tag":[136,147,145,522,134,154],"class_list":{"0":"post-3982","1":"product","2":"type-product","3":"status-publish","4":"has-post-thumbnail","6":"product_cat-best-sellers","7":"product_cat-new-arrivels","8":"product_cat-wholesale-womens-shapewear","9":"product_cat-plus-size-shapewear","10":"product_cat-wholesale-slimming-tank-top","11":"product_tag-bridal","12":"product_tag-cross","13":"product_tag-sexy","14":"product_tag-tank-top","15":"product_tag-tummy-tucker","16":"product_tag-with-hooks","17":"pa_color-beige","18":"pa_color-black","19":"pa_size-4xl","20":"pa_size-5xl","21":"pa_size-6xl","22":"pa_size-l","23":"pa_size-m","24":"pa_size-xl","25":"pa_size-xxl","26":"pa_size-xxxl","27":"desktop-align-center","28":"tablet-align-left","29":"mobile-align-left","30":"ast-product-gallery-layout-horizontal-slider","31":"ast-product-single-variable","32":"ast-product-tabs-layout-horizontal","33":"ast-qv-on-image","35":"first","36":"instock","37":"shipping-taxable","38":"purchasable","39":"product-type-variable"},"tiered_pricing_type":"fixed","tiered_pricing_fixed_rules":{"2":3.39,"30":3.09,"500":2.59},"tiered_pricing_product_settings":{"layout":"default","base_unit_name":{"singular":null,"plural":null},"default_variation":{}},"tiered_pricing_minimum_quantity":null,"tiered_pricing_roles_data":[],"tiered_pricing_percentage_rules":[],"_links":{"self":[{"href":"https:\/\/yume-silm.com\/fr\/wp-json\/wp\/v2\/product\/3982","targetHints":{"allow":["GET"]}}],"collection":[{"href":"https:\/\/yume-silm.com\/fr\/wp-json\/wp\/v2\/product"}],"about":[{"href":"https:\/\/yume-silm.com\/fr\/wp-json\/wp\/v2\/types\/product"}],"replies":[{"embeddable":true,"href":"https:\/\/yume-silm.com\/fr\/wp-json\/wp\/v2\/comments?post=3982"}],"wp:featuredmedia":[{"embeddable":true,"href":"https:\/\/yume-silm.com\/fr\/wp-json\/wp\/v2\/media\/4006"}],"wp:attachment":[{"href":"https:\/\/yume-silm.com\/fr\/wp-json\/wp\/v2\/media?parent=3982"}],"wp:term":[{"taxonomy":"product_brand","embeddable":true,"href":"https:\/\/yume-silm.com\/fr\/wp-json\/wp\/v2\/product_brand?post=3982"},{"taxonomy":"product_cat","embeddable":true,"href":"https:\/\/yume-silm.com\/fr\/wp-json\/wp\/v2\/product_cat?post=3982"},{"taxonomy":"product_tag","embeddable":true,"href":"https:\/\/yume-silm.com\/fr\/wp-json\/wp\/v2\/product_tag?post=3982"}],"curies":[{"name":"wp","href":"https:\/\/api.w.org\/{rel}","templated":true}]}}