{"id":4031,"date":"2023-07-04T05:43:03","date_gmt":"2023-07-04T05:43:03","guid":{"rendered":"https:\/\/yume-silm.com\/?post_type=product&#038;p=4031"},"modified":"2024-02-28T02:13:59","modified_gmt":"2024-02-28T02:13:59","slug":"corset-corps-plein-decoupe-sans-couture-avec-dessin-ouvert","status":"publish","type":"product","link":"https:\/\/yume-silm.com\/fr\/produit\/corset-corps-plein-decoupe-sans-couture-avec-dessin-ouvert\/","title":{"rendered":"Corset amincissant extensible \u00e0 entrejambe ouvert, une pi\u00e8ce sans couture, vente en gros"},"content":{"rendered":"<h5>Caract\u00e9ristiques de conception<\/h5>\n<ul>\n<li><strong>SANS COUTURE:<\/strong> La construction sans couture de ce corset amincissant extensible \u00e0 entrejambe ouvert d&#039;une seule pi\u00e8ce est bien faite. Il peut \u00eatre rendu invisible sous vos v\u00eatements, personne ne saura que vous le portez mais remarquera que vous vous sentez mieux.<\/li>\n<li><strong>ENTREJAMBE OUVERTE\u00a0:<\/strong> La conception de l&#039;entrejambe ouvrable du body dos nu pour femme est tr\u00e8s pratique pour r\u00e9soudre le probl\u00e8me d&#039;aller aux toilettes. Vous pouvez le faire sans avoir \u00e0 retirer tous vos v\u00eatements. Vous vous sentirez tr\u00e8s confiant et charmant lorsque vous porterez ce sous-v\u00eatement moulant \u00e0 bretelles pour femme.<\/li>\n<li><strong>POLYVALENT:<\/strong> Les corsets pour femmes ne s&#039;enroulent pas facilement, permettent d&#039;obtenir facilement une mise en forme compl\u00e8te du corps, parfaits pour le charme courb\u00e9 des femmes. Nos shorts gainants pour femmes peuvent \u00eatre associ\u00e9s \u00e0 tous les v\u00eatements que vous aimez, tels que des jupes, des jeans, des costumes, etc. Parfait pour les loisirs quotidiens, le travail, les rendez-vous, le shopping, les f\u00eates, les cocktails et les sorties.<\/li>\n<li><strong>MULTIFONCTIONNEL\u00a0:<\/strong> Vous pouvez \u00eatre totalement s\u00fbr que ce v\u00eatement amincissant peut vous aider \u00e0 lisser votre ventre flasque post-partum et votre taille flasque d\u00e8s que possible. Vous aider \u00e0 retrouver votre meilleure silhouette de sablier. Lifting des hanches pour de belles fesses couleur p\u00eache. Il coupe \u00e9galement la graisse des cuisses et vous permet de vous sentir mieux dans l\u2019ensemble.<\/li>\n<\/ul>\n<h6><em>Shaper complet du corps sans couture \u00e0 haute \u00e9lasticit\u00e9 pour les femmes<\/em><\/h6>\n<ul>\n<li><strong>LISSE ET CONFORTABLE\u00a0:<\/strong> nylon, \u00e9lasthanne. Nos v\u00eatements gainants une pi\u00e8ce sans entrejambe sans couture pour femmes sont fabriqu\u00e9s \u00e0 partir de tissus de haute qualit\u00e9. Ils sont tr\u00e8s extensibles et durables. Et ils sont doux et flatteurs pour la peau pour une exp\u00e9rience inoubliable.<\/li>\n<li><strong>Simple et tendance :<\/strong> La simplicit\u00e9 g\u00e9n\u00e9rale du justaucorps post-partum pour l&#039;abdominoplastie et le levage des hanches est \u00e9l\u00e9gante et confortable \u00e0 porter, ce qui en fait l&#039;un des v\u00eatements galbants incontournables pour votre garde-robe. Le corset amincissant extensible est le meilleur cadeau pour toute femme qui aime prendre soin de sa silhouette. Convient pour les nouvelles mamans, les anniversaires, la f\u00eate des m\u00e8res, les mariages, No\u00ebl, Thanksgiving.<\/li>\n<\/ul>","protected":false},"excerpt":{"rendered":"<p>\u00c9levez votre collection avec notre corset amincissant extensible sans couture d&#039;une seule pi\u00e8ce \u00e0 entrejambe ouvert. Con\u00e7ue pour la femme exigeante, cette pi\u00e8ce pr\u00e9sente un design ouvert pour un port facile, assurant un confort in\u00e9gal\u00e9 tout en sculptant et mettant en valeur la silhouette.<\/p>","protected":false},"featured_media":4051,"comment_status":"open","ping_status":"closed","template":"","meta":{"site-sidebar-layout":"default","site-content-layout":"default","ast-site-content-layout":"default","site-content-style":"default","site-sidebar-style":"default","ast-global-header-display":"","ast-banner-title-visibility":"","ast-main-header-display":"","ast-hfb-above-header-display":"","ast-hfb-below-header-display":"","ast-hfb-mobile-header-display":"","site-post-title":"","ast-breadcrumbs-content":"","ast-featured-img":"","footer-sml-layout":"","ast-disable-related-posts":"","theme-transparent-header-meta":"default","adv-header-id-meta":"","stick-header-meta":"default","header-above-stick-meta":"","header-main-stick-meta":"","header-below-stick-meta":"","astra-migrate-meta-layouts":"set","ast-page-background-enabled":"default","ast-page-background-meta":{"desktop":{"background-color":"","background-image":"","background-repeat":"repeat","background-position":"center center","background-size":"auto","background-attachment":"scroll","background-type":"","background-media":"","overlay-type":"","overlay-color":"","overlay-opacity":"","overlay-gradient":""},"tablet":{"background-color":"","background-image":"","background-repeat":"repeat","background-position":"center center","background-size":"auto","background-attachment":"scroll","background-type":"","background-media":"","overlay-type":"","overlay-color":"","overlay-opacity":"","overlay-gradient":""},"mobile":{"background-color":"","background-image":"","background-repeat":"repeat","background-position":"center center","background-size":"auto","background-attachment":"scroll","background-type":"","background-media":"","overlay-type":"","overlay-color":"","overlay-opacity":"","overlay-gradient":""}},"ast-content-background-meta":{"desktop":{"background-color":"var(--ast-global-color-5)","background-image":"","background-repeat":"repeat","background-position":"center center","background-size":"auto","background-attachment":"scroll","background-type":"","background-media":"","overlay-type":"","overlay-color":"","overlay-opacity":"","overlay-gradient":""},"tablet":{"background-color":"var(--ast-global-color-5)","background-image":"","background-repeat":"repeat","background-position":"center center","background-size":"auto","background-attachment":"scroll","background-type":"","background-media":"","overlay-type":"","overlay-color":"","overlay-opacity":"","overlay-gradient":""},"mobile":{"background-color":"var(--ast-global-color-5)","background-image":"","background-repeat":"repeat","background-position":"center center","background-size":"auto","background-attachment":"scroll","background-type":"","background-media":"","overlay-type":"","overlay-color":"","overlay-opacity":"","overlay-gradient":""}}},"product_brand":[],"product_cat":[65,76,77,79,78],"product_tag":[135,136,137,148],"class_list":{"0":"post-4031","1":"product","2":"type-product","3":"status-publish","4":"has-post-thumbnail","6":"product_cat-best-sellers","7":"product_cat-new-arrivels","8":"product_cat-wholesale-womens-shapewear","9":"product_cat-wholesale-seemless-shaperwear","10":"product_cat-wholesale-full-body-shaper","11":"product_tag-all-in-one","12":"product_tag-bridal","13":"product_tag-butt-lift","14":"product_tag-one-piece","15":"pa_color-beige","16":"pa_color-black","17":"pa_size-l","18":"pa_size-m","19":"pa_size-s","20":"pa_size-xl","21":"pa_size-xxl","22":"pa_size-xxxl","23":"desktop-align-center","24":"tablet-align-left","25":"mobile-align-left","26":"ast-product-gallery-layout-horizontal-slider","27":"ast-product-single-variable","28":"ast-product-tabs-layout-horizontal","29":"ast-qv-on-image","31":"first","32":"instock","33":"shipping-taxable","34":"purchasable","35":"product-type-variable"},"tiered_pricing_type":"fixed","tiered_pricing_fixed_rules":{"2":4.69,"30":4.39,"500":3.59},"tiered_pricing_product_settings":{"layout":"default","base_unit_name":{"singular":null,"plural":null},"default_variation":{}},"tiered_pricing_minimum_quantity":null,"tiered_pricing_roles_data":[],"tiered_pricing_percentage_rules":[],"_links":{"self":[{"href":"https:\/\/yume-silm.com\/fr\/wp-json\/wp\/v2\/product\/4031","targetHints":{"allow":["GET"]}}],"collection":[{"href":"https:\/\/yume-silm.com\/fr\/wp-json\/wp\/v2\/product"}],"about":[{"href":"https:\/\/yume-silm.com\/fr\/wp-json\/wp\/v2\/types\/product"}],"replies":[{"embeddable":true,"href":"https:\/\/yume-silm.com\/fr\/wp-json\/wp\/v2\/comments?post=4031"}],"wp:featuredmedia":[{"embeddable":true,"href":"https:\/\/yume-silm.com\/fr\/wp-json\/wp\/v2\/media\/4051"}],"wp:attachment":[{"href":"https:\/\/yume-silm.com\/fr\/wp-json\/wp\/v2\/media?parent=4031"}],"wp:term":[{"taxonomy":"product_brand","embeddable":true,"href":"https:\/\/yume-silm.com\/fr\/wp-json\/wp\/v2\/product_brand?post=4031"},{"taxonomy":"product_cat","embeddable":true,"href":"https:\/\/yume-silm.com\/fr\/wp-json\/wp\/v2\/product_cat?post=4031"},{"taxonomy":"product_tag","embeddable":true,"href":"https:\/\/yume-silm.com\/fr\/wp-json\/wp\/v2\/product_tag?post=4031"}],"curies":[{"name":"wp","href":"https:\/\/api.w.org\/{rel}","templated":true}]}}