{"id":4093,"date":"2023-07-10T08:35:01","date_gmt":"2023-07-10T08:35:01","guid":{"rendered":"https:\/\/yume-silm.com\/?post_type=product&#038;p=4093"},"modified":"2025-05-26T00:44:22","modified_gmt":"2025-05-26T00:44:22","slug":"pantalon-de-levage-taille-haute-comfort-stretch-femmes-avec-crotch-ouvert","status":"publish","type":"product","link":"https:\/\/yume-silm.com\/fr\/produit\/pantalon-de-levage-taille-haute-comfort-stretch-femmes-avec-crotch-ouvert\/","title":{"rendered":"Short gainant grande taille \u00e0 bretelles amovibles et r\u00e9glables"},"content":{"rendered":"<h5>Caract\u00e9ristiques de conception<\/h5>\n<ul>\n<li data-slate-node=\"element\"><span data-slate-node=\"text\"><span class=\"00\" data-slate-leaf=\"true\"><strong>CONCEPTION TAILLE HAUTE\u00a0:<\/strong> La conception taille haute est soigneusement con\u00e7ue pour am\u00e9liorer la silhouette, nos sous-v\u00eatements shapewear lissent la taille pour un look lisse et tridimensionnel.<\/span><\/span><\/li>\n<li data-slate-node=\"element\"><span data-slate-node=\"text\"><span class=\"21\" data-slate-leaf=\"true\"><strong>FONCTION DE LEVAGE DES BOUTS\u00a0:<\/strong> Vous pouvez am\u00e9liorer vos courbes naturelles et renforcer votre confiance en vous gr\u00e2ce \u00e0 l&#039;effet remarquable de lifting des fesses de ce sous-v\u00eatement taille haute grande taille.<\/span><\/span><\/li>\n<li data-slate-node=\"element\"><span data-slate-node=\"text\"><span class=\"41\" data-slate-leaf=\"true\"><strong>EXTENSION LONGUE DUR\u00c9E\u00a0:<\/strong> Le short moulant \u00e0 haute \u00e9lasticit\u00e9 est fait de tissu extensible \u00e0 haute \u00e9lasticit\u00e9 pour un port durable. <\/span><\/span><span data-slate-node=\"text\"><span class=\"42\" data-slate-leaf=\"true\">Le tissu s&#039;adapte parfaitement et confortablement, assurant un confort toute la journ\u00e9e sans perdre votre sens du style.<\/span><\/span><\/li>\n<li data-slate-node=\"element\"><span data-slate-node=\"text\"><span class=\"61\" data-slate-leaf=\"true\"><strong>DOUBLE FERMETURE \u00c0 GLISSI\u00c8RE\u00a0:<\/strong> Ce short de levage de hanche \u00e0 sangle r\u00e9duisant le ventre de notre part est pratique et pratique. <\/span><\/span><span data-slate-node=\"text\"><span class=\"62\" data-slate-leaf=\"true\">Le devant du shapewear est compos\u00e9 d&#039;une double couche de fermetures \u00e9clair et de crochets, ce qui assure un enfilage et un retrait faciles ainsi qu&#039;une double compression de l&#039;abdomen pour un meilleur effet amincissant.<\/span><\/span><\/li>\n<li data-slate-node=\"element\" data-slate-fragment=\"JTVCJTdCJTIydHlwZSUyMiUzQSUyMnBhcmFncmFwaCUyMiUyQyUyMmNoaWxkcmVuJTIyJTNBJTVCJTdCJTIydGV4dCUyMiUzQSUyMkhJR0glMjBXQUlTVCUyMERFU0lHTiUzQSUyMEhpZ2glMjB3YWlzdCUyMGRlc2lnbiUyMGlzJTIwY2FyZWZ1bGx5JTIwZGVzaWduZWQlMjB0byUyMGVuaGFuY2UlMjB0aGUlMjBmaWd1cmUlMkMlMjBvdXIlMjBzaGFwZXdlYXIlMjB1bmRlcndlYXIlMjBzbW9vdGhlcyUyMG91dCUyMHRoZSUyMHdhaXN0bGluZSUyMGZvciUyMGElMjBzbW9vdGglMjBhbmQlMjB0aHJlZS1kaW1lbnNpb25hbCUyMGxvb2suJTIyJTJDJTIyc2VudGVuY2UlMjIlM0EwJTJDJTIyY2hpbGRTZW50ZW5jZSUyMiUzQTAlN0QlNUQlN0QlMkMlN0IlMjJ0eXBlJTIyJTNBJTIycGFyYWdyYXBoJTIyJTJDJTIyY2hpbGRyZW4lMjIlM0ElNUIlN0IlMjJ0ZXh0JTIyJTNBJTIyJTIyJTJDJTIyc2VudGVuY2UlMjIlM0ExJTJDJTIyY2hpbGRTZW50ZW5jZSUyMiUzQTElN0QlNUQlN0QlMkMlN0IlMjJ0eXBlJTIyJTNBJTIycGFyYWdyYXBoJTIyJTJDJTIyY2hpbGRyZW4lMjIlM0ElNUIlN0IlMjJ0ZXh0JTIyJTNBJTIyQlVUVCUyMExJRlRJTkclMjBGVU5DVElPTiUzQSUyMFlvdSUyMGNhbiUyMGVuaGFuY2UlMjB5b3VyJTIwbmF0dXJhbCUyMGN1cnZlcyUyMGFuZCUyMGJvb3N0JTIweW91ciUyMHNlbGYtY29uZmlkZW5jZSUyMHdpdGglMjB0aGlzJTIwaGlnaCUyMHdhaXN0JTIwcGx1cyUyMHNpemUlMjB1bmRlcndlYXIncyUyMHJlbWFya2FibGUlMjBidXR0JTIwbGlmdGluZyUyMGVmZmVjdC4lMjIlMkMlMjJzZW50ZW5jZSUyMiUzQTIlMkMlMjJjaGlsZFNlbnRlbmNlJTIyJTNBMSU3RCU1RCU3RCUyQyU3QiUyMnR5cGUlMjIlM0ElMjJwYXJhZ3JhcGglMjIlMkMlMjJjaGlsZHJlbiUyMiUzQSU1QiU3QiUyMnRleHQlMjIlM0ElMjIlMjIlMkMlMjJzZW50ZW5jZSUyMiUzQTMlMkMlMjJjaGlsZFNlbnRlbmNlJTIyJTNBMSU3RCU1RCU3RCUyQyU3QiUyMnR5cGUlMjIlM0ElMjJwYXJhZ3JhcGglMjIlMkMlMjJjaGlsZHJlbiUyMiUzQSU1QiU3QiUyMnRleHQlMjIlM0ElMjJMT05HJTIwTEFTVElORyUyMFNUUkVUQ0glM0ElMjBUaGUlMjBoaWdoJTIwZWxhc3RpYyUyMHNoYXBpbmclMjBzaG9ydHMlMjBpcyUyMG1hZGUlMjBvZiUyMHN0cmV0Y2glMjBmYWJyaWMlMjB3aXRoJTIwaGlnaCUyMGVsYXN0aWNpdHklMjBmb3IlMjBsb25nLWxhc3RpbmclMjB3ZWFyLiUyMCUyMiUyQyUyMnNlbnRlbmNlJTIyJTNBNCUyQyUyMmNoaWxkU2VudGVuY2UlMjIlM0ExJTdEJTJDJTdCJTIydGV4dCUyMiUzQSUyMlRoZSUyMGZhYnJpYyUyMGZpdHMlMjBzbnVnbHklMjBhbmQlMjBjb21mb3J0YWJseSUyQyUyMGVuc3VyaW5nJTIwYWxsLWRheSUyMGNvbWZvcnQlMjB3aXRob3V0JTIwbG9zaW5nJTIweW91ciUyMHNlbnNlJTIwb2YlMjBzdHlsZS4lMjIlMkMlMjJzZW50ZW5jZSUyMiUzQTQlMkMlMjJjaGlsZFNlbnRlbmNlJTIyJTNBMiU3RCU1RCU3RCUyQyU3QiUyMnR5cGUlMjIlM0ElMjJwYXJhZ3JhcGglMjIlMkMlMjJjaGlsZHJlbiUyMiUzQSU1QiU3QiUyMnRleHQlMjIlM0ElMjIlMjIlMkMlMjJzZW50ZW5jZSUyMiUzQTUlMkMlMjJjaGlsZFNlbnRlbmNlJTIyJTNBMSU3RCU1RCU3RCUyQyU3QiUyMnR5cGUlMjIlM0ElMjJwYXJhZ3JhcGglMjIlMkMlMjJjaGlsZHJlbiUyMiUzQSU1QiU3QiUyMnRleHQlMjIlM0ElMjJET1VCTEUlMjBaSVBQRVIlMjBDTE9TVVJFJTNBJTIwVGhpcyUyMGJlbGx5JTIwcmVkdWNpbmclMjBzdHJhcCUyMGhpcCUyMGxpZnRpbmclMjBzaG9ydHMlMjBmcm9tJTIwdXMlMjBpcyUyMGNvbnZlbmllbnQlMjBhbmQlMjBwcmFjdGljYWwuJTIwJTIyJTJDJTIyc2VudGVuY2UlMjIlM0E2JTJDJTIyY2hpbGRTZW50ZW5jZSUyMiUzQTElN0QlMkMlN0IlMjJ0ZXh0JTIyJTNBJTIyVGhlJTIwZnJvbnQlMjBvZiUyMHRoZSUyMHNoYXBld2VhciUyMGlzJTIwbWFkZSUyMHdpdGglMjBhJTIwZG91YmxlJTIwbGF5ZXIlMjBvZiUyMHppcHBlcnMlMjBhbmQlMjBob29rcyUyQyUyMHdoaWNoJTIwZW5zdXJlcyUyMGVhc3klMjBvbiUyMGFuZCUyMG9mZiUyMGFzJTIwd2VsbCUyMGFzJTIwZG91YmxlJTIwY29tcHJlc3Npb24lMjBvZiUyMHRoZSUyMGFiZG9tZW4lMjBmb3IlMjBhJTIwYmV0dGVyJTIwc2xpbW1pbmclMjBlZmZlY3QuJTIyJTJDJTIyc2VudGVuY2UlMjIlM0E2JTJDJTIyY2hpbGRTZW50ZW5jZSUyMiUzQTIlN0QlNUQlN0QlMkMlN0IlMjJ0eXBlJTIyJTNBJTIycGFyYWdyYXBoJTIyJTJDJTIyY2hpbGRyZW4lMjIlM0ElNUIlN0IlMjJ0ZXh0JTIyJTNBJTIyJTIyJTJDJTIyc2VudGVuY2UlMjIlM0E3JTJDJTIyY2hpbGRTZW50ZW5jZSUyMiUzQTElN0QlNUQlN0QlMkMlN0IlMjJ0eXBlJTIyJTNBJTIycGFyYWdyYXBoJTIyJTJDJTIyY2hpbGRyZW4lMjIlM0ElNUIlN0IlMjJ0ZXh0JTIyJTNBJTIyQ1JPVENIJTIwT1BFTiUzQSUyMFRoZSUyMGNyb3RjaCUyMHppcHBlciUyMG9mJTIwdGhlJTIwd29tZW4lMjBib2R5JTIwc2hhcGVyJTIwc2VhbWxlc3MlMjBmaXJtJTIwY29udHJvbCUyMGlzJTIwY2xvc2VkJTJDJTIwYW5kJTIwaXQlMjBjYW4lMjBiZSUyMGVhc2lseSUyMG9wZW5lZCUyMG9yJTIwY2xvc2VkJTIwdG8lMjBzb2x2ZSUyMHRoZSUyMHByb2JsZW0lMjBvZiUyMGdvaW5nJTIwdG8lMjB0aGUlMjB0b2lsZXQlMjBhdCUyMGFueSUyMHRpbWUlMkMlMjB3aGljaCUyMGlzJTIwdmVyeSUyMHByYWN0aWNhbC4lMjIlMkMlMjJzZW50ZW5jZSUyMiUzQTglMkMlMjJjaGlsZFNlbnRlbmNlJTIyJTNBMSU3RCU1RCU3RCU1RA==\"><span data-slate-node=\"text\"><span class=\"81\" data-slate-leaf=\"true\"><strong>ENTREJAMBE OUVERTE\u00a0:<\/strong> La fermeture \u00e9clair \u00e0 l&#039;entrejambe du body shaper pour femme sans couture est ferm\u00e9e et peut \u00eatre facilement ouverte ou ferm\u00e9e pour r\u00e9soudre le probl\u00e8me d&#039;aller aux toilettes \u00e0 tout moment, ce qui est tr\u00e8s pratique.<\/span><\/span><\/li>\n<\/ul>\n<h6><em>Sous-v\u00eatements gainants en dentelle grande taille pour femmes, contr\u00f4le du ventre, levage des fesses<\/em><\/h6>\n<ul>\n<li data-slate-node=\"element\"><span class=\"\" data-slate-node=\"text\"><span class=\"101\" data-slate-leaf=\"true\"><span data-slate-string=\"true\"><strong>SANGLES AMOVIBLES ET R\u00c9GLABLES\u00a0:<\/strong> Les bretelles amovibles et r\u00e9glables du short shapewear grande taille peuvent \u00eatre retir\u00e9es directement et port\u00e9es comme un short ; ils peuvent \u00e9galement \u00eatre ajust\u00e9s pour plus de confort en fonction de votre taille, etc. <\/span><\/span><\/span><span class=\"\" data-slate-node=\"text\"><span class=\"102\" data-slate-leaf=\"true\"><span data-slate-string=\"true\">Ne vous inqui\u00e9tez pas, les bords sont dot\u00e9s de bandes anti-boucles et d&#039;un ourlet en dentelle. <\/span><\/span><\/span><span data-slate-node=\"text\"><span class=\"103\" data-slate-leaf=\"true\">Vous pouvez faire ce que vous voulez car les bandes de silicone assurent un maintien s\u00fbr. <\/span><\/span><span data-slate-node=\"text\"><span class=\"104\" data-slate-leaf=\"true\">La dentelle met \u00e9galement l&#039;accent sur l&#039;\u00e9l\u00e9gance et le charme.<\/span><\/span><\/li>\n<li data-slate-node=\"element\" data-slate-fragment=\"JTVCJTdCJTIydHlwZSUyMiUzQSUyMnBhcmFncmFwaCUyMiUyQyUyMmNoaWxkcmVuJTIyJTNBJTVCJTdCJTIydGV4dCUyMiUzQSUyMlJFTU9WQUJMRSUyMEFORCUyMEFESlVTVEFCTEUlMjBTVFJBUFMlM0ElMjBUaGUlMjBkZXRhY2hhYmxlJTIwYW5kJTIwYWRqdXN0YWJsZSUyMHN0cmFwcyUyMHBsdXMlMjBzaXplJTIwc2hhcGV3ZWFyJTIwc2hvcnRzJ3MlMjBzdHJhcHMlMjBjYW4lMjBiZSUyMHJlbW92ZWQlMjBkaXJlY3RseSUyMGFuZCUyMHdvcm4lMjBhcyUyMHNob3J0cyUzQiUyMHRoZXklMjBjYW4lMjBhbHNvJTIwYmUlMjBhZGp1c3RlZCUyMGZvciUyMGNvbWZvcnQlMjBhY2NvcmRpbmclMjB0byUyMHlvdXIlMjBoZWlnaHQlMkMlMjBldGMuJTIwJTIyJTJDJTIyc2VudGVuY2UlMjIlM0ExMCUyQyUyMmNoaWxkU2VudGVuY2UlMjIlM0ExJTdEJTJDJTdCJTIydGV4dCUyMiUzQSUyMkRvbid0JTIwd29ycnklMkMlMjB0aGUlMjBlZGdlcyUyMGhhdmUlMjBhbnRpLWN1cmwlMjBzdHJpcHMlMjBhbmQlMjBhJTIwbGFjZSUyMGhlbS4lMjAlMjIlMkMlMjJzZW50ZW5jZSUyMiUzQTEwJTJDJTIyY2hpbGRTZW50ZW5jZSUyMiUzQTIlN0QlMkMlN0IlMjJ0ZXh0JTIyJTNBJTIyWW91JTIwY2FuJTIwZG8lMjB3aGF0ZXZlciUyMHlvdSUyMHdhbnQlMjBiZWNhdXNlJTIwdGhlJTIwc2lsaWNvbmUlMjBzdHJpcHMlMjBwcm92aWRlJTIwYSUyMHNlY3VyZSUyMGZpdC4lMjAlMjIlMkMlMjJzZW50ZW5jZSUyMiUzQTEwJTJDJTIyY2hpbGRTZW50ZW5jZSUyMiUzQTMlN0QlMkMlN0IlMjJ0ZXh0JTIyJTNBJTIyVGhlJTIwbGFjZSUyMGFsc28lMjBlbXBoYXNpemVzJTIwZWxlZ2FuY2UlMjBhbmQlMjBjaGFybS4lMjIlMkMlMjJzZW50ZW5jZSUyMiUzQTEwJTJDJTIyY2hpbGRTZW50ZW5jZSUyMiUzQTQlN0QlNUQlN0QlMkMlN0IlMjJ0eXBlJTIyJTNBJTIycGFyYWdyYXBoJTIyJTJDJTIyY2hpbGRyZW4lMjIlM0ElNUIlN0IlMjJ0ZXh0JTIyJTNBJTIyJTIyJTJDJTIyc2VudGVuY2UlMjIlM0ExMSUyQyUyMmNoaWxkU2VudGVuY2UlMjIlM0ExJTdEJTVEJTdEJTJDJTdCJTIydHlwZSUyMiUzQSUyMnBhcmFncmFwaCUyMiUyQyUyMmNoaWxkcmVuJTIyJTNBJTVCJTdCJTIydGV4dCUyMiUzQSUyMkZBU0hJT05BQkxFJTIwQU5EJTIwVkVSU0FUSUxFJTNBJTIwVGhpcyUyMGRldGFjaGFibGUlMjBhbmQlMjBhZGp1c3RhYmxlJTIwc3RyYXBzJTIwcGx1cyUyMHNpemUlMjBzaGFwZXdlYXIlMjBzaG9ydHMlMjBjYW4lMjBiZSUyMHNlYW1sZXNzbHklMjBzaGFwZWQlMjB1bmRlciUyMGFueSUyMGNsb3RoaW5nJTIwd2l0aCUyMGhpZ2glMjBhZGFwdGFiaWxpdHklMkMlMjB3aGljaCUyMGlzJTIwYSUyMG11c3QtaGF2ZSUyMGl0ZW0lMjBpbiUyMHlvdXIlMjBjbG9zZXQuJTIwJTIyJTJDJTIyc2VudGVuY2UlMjIlM0ExMiUyQyUyMmNoaWxkU2VudGVuY2UlMjIlM0ExJTdEJTJDJTdCJTIydGV4dCUyMiUzQSUyMlN1aXRhYmxlJTIwZm9yJTIwZGFpbHklMjB3ZWFyJTIwYW5kJTIwc29tZSUyMGZvcm1hbCUyMG9jY2FzaW9ucyUyQyUyMHN1Y2glMjBhcyUyMGdvaW5nJTIwdG8lMjB3b3JrJTJDJTIwb3V0ZG9vciUyQyUyMGRhdGluZyUyQyUyMGF0dGVuZGluZyUyMHBhcnRpZXMlMkMlMjBjb2NrdGFpbCUyMGV2ZW5pbmdzJTJDJTIwZXRjLiUyMCUyMiUyQyUyMnNlbnRlbmNlJTIyJTNBMTIlMkMlMjJjaGlsZFNlbnRlbmNlJTIyJTNBMiU3RCUyQyU3QiUyMnRleHQlMjIlM0ElMjJXaXRoJTIwaXQlMkMlMjB5b3UlMjBjYW4lMjBzaG93JTIweW91ciUyMGhvdXJnbGFzcyUyMGZpZ3VyZSUyMHdpdGglMjBjb25maWRlbmNlLiUyMiUyQyUyMnNlbnRlbmNlJTIyJTNBMTIlMkMlMjJjaGlsZFNlbnRlbmNlJTIyJTNBMyU3RCU1RCU3RCU1RA==\"><span data-slate-node=\"text\"><span class=\"121\" data-slate-leaf=\"true\"><strong>Tendance et polyvalent :<\/strong> Ce short shapewear grande taille \u00e0 bretelles amovibles et r\u00e9glables peut \u00eatre fa\u00e7onn\u00e9 sans couture sous n&#039;importe quel v\u00eatement avec une grande adaptabilit\u00e9, ce qui est un article incontournable dans votre garde-robe. <\/span><\/span><span data-slate-node=\"text\"><span class=\"122\" data-slate-leaf=\"true\">Convient pour un usage quotidien et certaines occasions formelles, comme aller au travail, en plein air, sortir avec quelqu&#039;un, assister \u00e0 des f\u00eates, des soir\u00e9es cocktails, etc. <\/span><\/span><span data-slate-node=\"text\"><span class=\"123\" data-slate-leaf=\"true\">Avec lui, vous pouvez montrer votre silhouette de sablier en toute confiance.<\/span><\/span><\/li>\n<\/ul>","protected":false},"excerpt":{"rendered":"<p>D\u00e9couvrez le secret d&#039;une silhouette sculpt\u00e9e avec nos shorts shapewear \u00e0 bretelles amovibles et r\u00e9glables grande taille. Avec un entrejambe ouvert pour plus de commodit\u00e9 et un design ax\u00e9 sur le confort et la fonctionnalit\u00e9, ce pantalon red\u00e9finit l&#039;\u00e9l\u00e9gance du shapewear.<\/p>","protected":false},"featured_media":4117,"comment_status":"open","ping_status":"closed","template":"","meta":{"site-sidebar-layout":"default","site-content-layout":"default","ast-site-content-layout":"default","site-content-style":"default","site-sidebar-style":"default","ast-global-header-display":"","ast-banner-title-visibility":"","ast-main-header-display":"","ast-hfb-above-header-display":"","ast-hfb-below-header-display":"","ast-hfb-mobile-header-display":"","site-post-title":"","ast-breadcrumbs-content":"","ast-featured-img":"","footer-sml-layout":"","ast-disable-related-posts":"","theme-transparent-header-meta":"default","adv-header-id-meta":"","stick-header-meta":"default","header-above-stick-meta":"","header-main-stick-meta":"","header-below-stick-meta":"","astra-migrate-meta-layouts":"set","ast-page-background-enabled":"default","ast-page-background-meta":{"desktop":{"background-color":"","background-image":"","background-repeat":"repeat","background-position":"center center","background-size":"auto","background-attachment":"scroll","background-type":"","background-media":"","overlay-type":"","overlay-color":"","overlay-opacity":"","overlay-gradient":""},"tablet":{"background-color":"","background-image":"","background-repeat":"repeat","background-position":"center center","background-size":"auto","background-attachment":"scroll","background-type":"","background-media":"","overlay-type":"","overlay-color":"","overlay-opacity":"","overlay-gradient":""},"mobile":{"background-color":"","background-image":"","background-repeat":"repeat","background-position":"center center","background-size":"auto","background-attachment":"scroll","background-type":"","background-media":"","overlay-type":"","overlay-color":"","overlay-opacity":"","overlay-gradient":""}},"ast-content-background-meta":{"desktop":{"background-color":"var(--ast-global-color-5)","background-image":"","background-repeat":"repeat","background-position":"center center","background-size":"auto","background-attachment":"scroll","background-type":"","background-media":"","overlay-type":"","overlay-color":"","overlay-opacity":"","overlay-gradient":""},"tablet":{"background-color":"var(--ast-global-color-5)","background-image":"","background-repeat":"repeat","background-position":"center center","background-size":"auto","background-attachment":"scroll","background-type":"","background-media":"","overlay-type":"","overlay-color":"","overlay-opacity":"","overlay-gradient":""},"mobile":{"background-color":"var(--ast-global-color-5)","background-image":"","background-repeat":"repeat","background-position":"center center","background-size":"auto","background-attachment":"scroll","background-type":"","background-media":"","overlay-type":"","overlay-color":"","overlay-opacity":"","overlay-gradient":""}}},"product_brand":[],"product_cat":[65,77,80],"product_tag":[137,141,134,154,184],"class_list":{"0":"post-4093","1":"product","2":"type-product","3":"status-publish","4":"has-post-thumbnail","6":"product_cat-best-sellers","7":"product_cat-wholesale-womens-shapewear","8":"product_cat-wholesale-butt-lift-underwear","9":"product_tag-butt-lift","10":"product_tag-plus-size","11":"product_tag-tummy-tucker","12":"product_tag-with-hooks","13":"product_tag-zipper","14":"pa_color-beige","15":"pa_color-black","16":"pa_size-4xl","17":"pa_size-5xl","18":"pa_size-6xl","19":"pa_size-l","20":"pa_size-m","21":"pa_size-s","22":"pa_size-xs","23":"pa_size-xxl","24":"pa_size-xxxl","25":"desktop-align-center","26":"tablet-align-left","27":"mobile-align-left","28":"ast-product-gallery-layout-horizontal-slider","29":"ast-product-single-variable","30":"ast-product-tabs-layout-horizontal","31":"ast-qv-on-image","33":"first","34":"instock","35":"shipping-taxable","36":"purchasable","37":"product-type-variable"},"tiered_pricing_type":"fixed","tiered_pricing_fixed_rules":{"2":10.99,"30":10.29,"500":8.59},"tiered_pricing_product_settings":{"layout":"default","base_unit_name":{"singular":null,"plural":null},"default_variation":{}},"tiered_pricing_minimum_quantity":null,"tiered_pricing_roles_data":[],"tiered_pricing_percentage_rules":[],"_links":{"self":[{"href":"https:\/\/yume-silm.com\/fr\/wp-json\/wp\/v2\/product\/4093","targetHints":{"allow":["GET"]}}],"collection":[{"href":"https:\/\/yume-silm.com\/fr\/wp-json\/wp\/v2\/product"}],"about":[{"href":"https:\/\/yume-silm.com\/fr\/wp-json\/wp\/v2\/types\/product"}],"replies":[{"embeddable":true,"href":"https:\/\/yume-silm.com\/fr\/wp-json\/wp\/v2\/comments?post=4093"}],"wp:featuredmedia":[{"embeddable":true,"href":"https:\/\/yume-silm.com\/fr\/wp-json\/wp\/v2\/media\/4117"}],"wp:attachment":[{"href":"https:\/\/yume-silm.com\/fr\/wp-json\/wp\/v2\/media?parent=4093"}],"wp:term":[{"taxonomy":"product_brand","embeddable":true,"href":"https:\/\/yume-silm.com\/fr\/wp-json\/wp\/v2\/product_brand?post=4093"},{"taxonomy":"product_cat","embeddable":true,"href":"https:\/\/yume-silm.com\/fr\/wp-json\/wp\/v2\/product_cat?post=4093"},{"taxonomy":"product_tag","embeddable":true,"href":"https:\/\/yume-silm.com\/fr\/wp-json\/wp\/v2\/product_tag?post=4093"}],"curies":[{"name":"wp","href":"https:\/\/api.w.org\/{rel}","templated":true}]}}