{"id":4121,"date":"2023-07-10T09:10:48","date_gmt":"2023-07-10T09:10:48","guid":{"rendered":"https:\/\/yume-silm.com\/?post_type=product&#038;p=4121"},"modified":"2024-11-08T08:36:02","modified_gmt":"2024-11-08T08:36:02","slug":"elegant-rubber-shapewear-bodysuit-avec-fermeture-fermeture-eclair","status":"publish","type":"product","link":"https:\/\/yume-silm.com\/fr\/produit\/elegant-rubber-shapewear-bodysuit-avec-fermeture-fermeture-eclair\/","title":{"rendered":"Vente en gros Corset de body en dentelle \u00e0 buste ouvert pour femmes"},"content":{"rendered":"<h5>Caract\u00e9ristiques de conception<\/h5>\n<ul>\n<li><strong>CONFORTABLE ET DURABLE\u00a0:<\/strong> Ce body shaper lisse est fait d&#039;un mat\u00e9riau extensible qui offre un soutien robuste et flexible. Lisse et confortable lorsque vous portez le shapewear.<\/li>\n<li><strong>FERMETURE \u00c9CLAIR ET CROCHET\u00a0:<\/strong> Ce string sous-v\u00eatement body shaper est con\u00e7u avec une fermeture \u00e9clair et un crochet sur le devant pour un contr\u00f4le double couche. Pratique et \u00e9l\u00e9gant, facile \u00e0 mettre et \u00e0 enlever, am\u00e9liorant l&#039;exp\u00e9rience utilisateur globale.<\/li>\n<li><strong>D\u00c9CORATION DENTELLE\u00a0:<\/strong> La hanche du body sexy en dentelle pour femme est con\u00e7ue avec des d\u00e9tails en dentelle triangulaire, ce qui ajoute une touche de f\u00e9minit\u00e9 et am\u00e9liore l&#039;esth\u00e9tique sans compromettre la fonctionnalit\u00e9.<\/li>\n<li><strong>ENTREJAMBE OUVERTE\u00a0:<\/strong> L&#039;entrejambe du string de ce sous-v\u00eatement ouvert peut \u00eatre facilement ouvert et ferm\u00e9. C&#039;est une bonne solution au probl\u00e8me des pauses d&#039;urgence dans les toilettes lors de voyages en plein air ou au bureau, etc.<\/li>\n<li><strong>MISE EN FORME DU CORPS COMPLET\u00a0:<\/strong> Con\u00e7u pour modeler tout le corps, ce une-pi\u00e8ce offre un soutien au buste, \u00e0 la taille, aux hanches et aux cuisses pour assurer une silhouette \u00e9pur\u00e9e.<\/li>\n<li><strong>POLYVALENT:<\/strong> Malgr\u00e9 l&#039;effet galbant, ce corset amincissant est confortable \u00e0 porter toute la journ\u00e9e et peut \u00eatre port\u00e9 avec n&#039;importe quelle tenue, ce qui en fait une pi\u00e8ce de garde-robe polyvalente. Id\u00e9al pour se mettre en forme au travail, faire du shopping, des mariages, des rendez-vous et plus encore.<\/li>\n<\/ul>\n<h6><em>Body femme gainant ventre ouvert avec dentelle<\/em><\/h6>\n<ul>\n<li>En r\u00e9sum\u00e9, le corset body en dentelle \u00e0 buste ouvert pour femme avec fermeture \u00e9clair \u00e0 poitrine est une pi\u00e8ce essentielle pour les grossistes qui cherchent \u00e0 proposer des produits de premier ordre. Avec son m\u00e9lange de style et de fonctionnalit\u00e9, il deviendra l&#039;un des favoris des clients. Plongez dans le monde du commerce de gros avec cette pi\u00e8ce hors du commun. Commandez maintenant!<\/li>\n<\/ul>","protected":false},"excerpt":{"rendered":"<p>Am\u00e9liorez votre collection avec le corset body en dentelle \u00e0 buste ouvert pour femme. Dot\u00e9 d&#039;une fermeture \u00e9clair \u00e9l\u00e9gante pour un port facile et de d\u00e9licats d\u00e9tails en dentelle triangulaire, ce body sculpte et \u00e9pouse parfaitement le corps, offrant \u00e0 la fois \u00e9l\u00e9gance et fonctionnalit\u00e9.<\/p>","protected":false},"featured_media":4140,"comment_status":"open","ping_status":"closed","template":"","meta":{"site-sidebar-layout":"default","site-content-layout":"default","ast-site-content-layout":"default","site-content-style":"default","site-sidebar-style":"default","ast-global-header-display":"","ast-banner-title-visibility":"","ast-main-header-display":"","ast-hfb-above-header-display":"","ast-hfb-below-header-display":"","ast-hfb-mobile-header-display":"","site-post-title":"","ast-breadcrumbs-content":"","ast-featured-img":"","footer-sml-layout":"","ast-disable-related-posts":"","theme-transparent-header-meta":"default","adv-header-id-meta":"","stick-header-meta":"default","header-above-stick-meta":"","header-main-stick-meta":"","header-below-stick-meta":"","astra-migrate-meta-layouts":"set","ast-page-background-enabled":"default","ast-page-background-meta":{"desktop":{"background-color":"","background-image":"","background-repeat":"repeat","background-position":"center center","background-size":"auto","background-attachment":"scroll","background-type":"","background-media":"","overlay-type":"","overlay-color":"","overlay-opacity":"","overlay-gradient":""},"tablet":{"background-color":"","background-image":"","background-repeat":"repeat","background-position":"center center","background-size":"auto","background-attachment":"scroll","background-type":"","background-media":"","overlay-type":"","overlay-color":"","overlay-opacity":"","overlay-gradient":""},"mobile":{"background-color":"","background-image":"","background-repeat":"repeat","background-position":"center center","background-size":"auto","background-attachment":"scroll","background-type":"","background-media":"","overlay-type":"","overlay-color":"","overlay-opacity":"","overlay-gradient":""}},"ast-content-background-meta":{"desktop":{"background-color":"var(--ast-global-color-5)","background-image":"","background-repeat":"repeat","background-position":"center center","background-size":"auto","background-attachment":"scroll","background-type":"","background-media":"","overlay-type":"","overlay-color":"","overlay-opacity":"","overlay-gradient":""},"tablet":{"background-color":"var(--ast-global-color-5)","background-image":"","background-repeat":"repeat","background-position":"center center","background-size":"auto","background-attachment":"scroll","background-type":"","background-media":"","overlay-type":"","overlay-color":"","overlay-opacity":"","overlay-gradient":""},"mobile":{"background-color":"var(--ast-global-color-5)","background-image":"","background-repeat":"repeat","background-position":"center center","background-size":"auto","background-attachment":"scroll","background-type":"","background-media":"","overlay-type":"","overlay-color":"","overlay-opacity":"","overlay-gradient":""}}},"product_brand":[],"product_cat":[65,76,77,82],"product_tag":[136,473,441,134],"class_list":{"0":"post-4121","1":"product","2":"type-product","3":"status-publish","4":"has-post-thumbnail","6":"product_cat-best-sellers","7":"product_cat-new-arrivels","8":"product_cat-wholesale-womens-shapewear","9":"product_cat-wholesale-shapewear-bodysuit","10":"product_tag-bridal","11":"product_tag-lace","12":"product_tag-shapewear-bodysuits","13":"product_tag-tummy-tucker","14":"pa_color-beige","15":"pa_color-black","16":"pa_size-l","17":"pa_size-m","18":"pa_size-s","19":"pa_size-xl","20":"pa_size-xxl","21":"pa_size-xxxl","22":"desktop-align-center","23":"tablet-align-left","24":"mobile-align-left","25":"ast-product-gallery-layout-horizontal-slider","26":"ast-product-single-variable","27":"ast-product-tabs-layout-horizontal","28":"ast-qv-on-image","30":"first","31":"instock","32":"shipping-taxable","33":"purchasable","34":"product-type-variable"},"tiered_pricing_type":"fixed","tiered_pricing_fixed_rules":{"2":10.99,"30":10.29,"500":8.59},"tiered_pricing_product_settings":{"layout":"default","base_unit_name":{"singular":null,"plural":null},"default_variation":{}},"tiered_pricing_minimum_quantity":null,"tiered_pricing_roles_data":[],"tiered_pricing_percentage_rules":[],"_links":{"self":[{"href":"https:\/\/yume-silm.com\/fr\/wp-json\/wp\/v2\/product\/4121","targetHints":{"allow":["GET"]}}],"collection":[{"href":"https:\/\/yume-silm.com\/fr\/wp-json\/wp\/v2\/product"}],"about":[{"href":"https:\/\/yume-silm.com\/fr\/wp-json\/wp\/v2\/types\/product"}],"replies":[{"embeddable":true,"href":"https:\/\/yume-silm.com\/fr\/wp-json\/wp\/v2\/comments?post=4121"}],"wp:featuredmedia":[{"embeddable":true,"href":"https:\/\/yume-silm.com\/fr\/wp-json\/wp\/v2\/media\/4140"}],"wp:attachment":[{"href":"https:\/\/yume-silm.com\/fr\/wp-json\/wp\/v2\/media?parent=4121"}],"wp:term":[{"taxonomy":"product_brand","embeddable":true,"href":"https:\/\/yume-silm.com\/fr\/wp-json\/wp\/v2\/product_brand?post=4121"},{"taxonomy":"product_cat","embeddable":true,"href":"https:\/\/yume-silm.com\/fr\/wp-json\/wp\/v2\/product_cat?post=4121"},{"taxonomy":"product_tag","embeddable":true,"href":"https:\/\/yume-silm.com\/fr\/wp-json\/wp\/v2\/product_tag?post=4121"}],"curies":[{"name":"wp","href":"https:\/\/api.w.org\/{rel}","templated":true}]}}