{"id":4144,"date":"2023-07-12T06:58:10","date_gmt":"2023-07-12T06:58:10","guid":{"rendered":"https:\/\/yume-silm.com\/?post_type=product&#038;p=4144"},"modified":"2025-05-29T03:34:55","modified_gmt":"2025-05-29T03:34:55","slug":"power-flex-high-waistted-tummy-control-boxer-legging","status":"publish","type":"product","link":"https:\/\/yume-silm.com\/fr\/produit\/power-flex-high-waistted-tummy-control-boxer-legging\/","title":{"rendered":"Vente en gros de shorts de mise en forme du corps taille haute et hautement extensibles"},"content":{"rendered":"<h5>Caract\u00e9ristiques de conception<\/h5>\n<ul>\n<li><strong>CONTR\u00d4LE DU VENTRE\u00a0:<\/strong> La conception taille haute de notre short gainant sans couture de couleur unie offre un contr\u00f4le sup\u00e9rieur du ventre. Ce sous-v\u00eatement sans couture aide \u00e0 d\u00e9finir votre taille et \u00e0 rentrer instantan\u00e9ment votre ventre. Il est \u00e9galement id\u00e9al pour soulever les fesses ainsi que pour fa\u00e7onner les cuisses. Laissez-vous montrer votre jolie silhouette en toute confiance.<\/li>\n<li><strong>HAUTE \u00c9LASTICIT\u00c9\u00a0:<\/strong> Ce short moulant confortable est fabriqu\u00e9 dans un mat\u00e9riau \u00e9lastique qui s&#039;adapte \u00e0 diff\u00e9rentes formes et tailles de corps, garantissant une flexibilit\u00e9 sans compromettre le confort. Notre culotte amincissante pour cuisses est r\u00e9sistante \u00e0 l&#039;abrasion et conserve sa forme et son \u00e9lasticit\u00e9 dans le temps, assurant un ajustement durable.<\/li>\n<li><strong>AJUSTEMENT SANS COUTURE\u00a0:<\/strong> Le tissu sans couture de notre body shaper taille haute vous fera oublier qu&#039;il est l\u00e0. Cachez-vous facilement sous vos jeans, jolies robes et autres v\u00eatements pr\u00e9f\u00e9r\u00e9s.<\/li>\n<li><strong>SILICONE ANTID\u00c9RAPANT\u00a0:<\/strong> Faites confiance au short shapewear pour femme avec une bande de silicone double couche sur la ceinture int\u00e9rieure pour garantir qu&#039;il reste en place toute la journ\u00e9e. Il ne sera pas facile de rouler.<\/li>\n<li><strong>POLYVALENT ET \u00c0 LA MODE\u00a0:<\/strong> Le design minimaliste de cette culotte invisible de contr\u00f4le du ventre ainsi que la couleur unie vous permettront d&#039;obtenir un look polyvalent en toute simplicit\u00e9. Et il est parfait pour un usage quotidien, permettant \u00e0 nos leggings d&#039;\u00eatre port\u00e9s avec des tenues d\u00e9contract\u00e9es et formelles pour un style polyvalent.<\/li>\n<\/ul>\n<h6><em>Short de contr\u00f4le du ventre taille haute sans couture Simple pour un usage quotidien<\/em><\/h6>\n<ul>\n<li>En r\u00e9sum\u00e9, le short gainant taille haute hautement extensible est un incontournable pour les grossistes souhaitant fournir des produits de qualit\u00e9 sup\u00e9rieure. Avec ses caract\u00e9ristiques et avantages uniques, il est en passe de devenir l\u2019un des favoris des clients. Plongez dans le monde de la vente en gros avec cette pi\u00e8ce hors du commun. S\u00e9curisez votre commande d\u00e8s aujourd&#039;hui\u00a0!<\/li>\n<\/ul>","protected":false},"excerpt":{"rendered":"<p>Am\u00e9liorez votre collection avec le short gainant taille haute hautement extensible. Con\u00e7us pour un contr\u00f4le optimal du ventre, ces leggings allient haute \u00e9lasticit\u00e9 et respirabilit\u00e9, assurant un ajustement confortable et flatteur \u00e0 chaque port.<\/p>","protected":false},"featured_media":4162,"comment_status":"open","ping_status":"closed","template":"","meta":{"site-sidebar-layout":"default","site-content-layout":"default","ast-site-content-layout":"default","site-content-style":"default","site-sidebar-style":"default","ast-global-header-display":"","ast-banner-title-visibility":"","ast-main-header-display":"","ast-hfb-above-header-display":"","ast-hfb-below-header-display":"","ast-hfb-mobile-header-display":"","site-post-title":"","ast-breadcrumbs-content":"","ast-featured-img":"","footer-sml-layout":"","ast-disable-related-posts":"","theme-transparent-header-meta":"default","adv-header-id-meta":"","stick-header-meta":"default","header-above-stick-meta":"","header-main-stick-meta":"","header-below-stick-meta":"","astra-migrate-meta-layouts":"set","ast-page-background-enabled":"default","ast-page-background-meta":{"desktop":{"background-color":"","background-image":"","background-repeat":"repeat","background-position":"center center","background-size":"auto","background-attachment":"scroll","background-type":"","background-media":"","overlay-type":"","overlay-color":"","overlay-opacity":"","overlay-gradient":""},"tablet":{"background-color":"","background-image":"","background-repeat":"repeat","background-position":"center center","background-size":"auto","background-attachment":"scroll","background-type":"","background-media":"","overlay-type":"","overlay-color":"","overlay-opacity":"","overlay-gradient":""},"mobile":{"background-color":"","background-image":"","background-repeat":"repeat","background-position":"center center","background-size":"auto","background-attachment":"scroll","background-type":"","background-media":"","overlay-type":"","overlay-color":"","overlay-opacity":"","overlay-gradient":""}},"ast-content-background-meta":{"desktop":{"background-color":"var(--ast-global-color-5)","background-image":"","background-repeat":"repeat","background-position":"center center","background-size":"auto","background-attachment":"scroll","background-type":"","background-media":"","overlay-type":"","overlay-color":"","overlay-opacity":"","overlay-gradient":""},"tablet":{"background-color":"var(--ast-global-color-5)","background-image":"","background-repeat":"repeat","background-position":"center center","background-size":"auto","background-attachment":"scroll","background-type":"","background-media":"","overlay-type":"","overlay-color":"","overlay-opacity":"","overlay-gradient":""},"mobile":{"background-color":"var(--ast-global-color-5)","background-image":"","background-repeat":"repeat","background-position":"center center","background-size":"auto","background-attachment":"scroll","background-type":"","background-media":"","overlay-type":"","overlay-color":"","overlay-opacity":"","overlay-gradient":""}}},"product_brand":[],"product_cat":[65,76,77,79,80],"product_tag":[136,139,500,134],"class_list":{"0":"post-4144","1":"product","2":"type-product","3":"status-publish","4":"has-post-thumbnail","6":"product_cat-best-sellers","7":"product_cat-new-arrivels","8":"product_cat-wholesale-womens-shapewear","9":"product_cat-wholesale-seemless-shaperwear","10":"product_cat-wholesale-butt-lift-underwear","11":"product_tag-bridal","12":"product_tag-high-waist","13":"product_tag-tummy-control","14":"product_tag-tummy-tucker","15":"pa_color-beige","16":"pa_color-black","17":"pa_size-4xl","18":"pa_size-m-l","19":"pa_size-s","20":"pa_size-xl-xxl","21":"pa_size-xxxl","22":"desktop-align-center","23":"tablet-align-left","24":"mobile-align-left","25":"ast-product-gallery-layout-horizontal-slider","26":"ast-product-single-variable","27":"ast-product-tabs-layout-horizontal","28":"ast-qv-on-image","30":"first","31":"instock","32":"shipping-taxable","33":"purchasable","34":"product-type-variable"},"tiered_pricing_type":"fixed","tiered_pricing_fixed_rules":{"2":4.59,"30":4.29,"500":4.19},"tiered_pricing_product_settings":{"layout":"default","base_unit_name":{"singular":null,"plural":null},"default_variation":{}},"tiered_pricing_minimum_quantity":null,"tiered_pricing_roles_data":[],"tiered_pricing_percentage_rules":[],"_links":{"self":[{"href":"https:\/\/yume-silm.com\/fr\/wp-json\/wp\/v2\/product\/4144","targetHints":{"allow":["GET"]}}],"collection":[{"href":"https:\/\/yume-silm.com\/fr\/wp-json\/wp\/v2\/product"}],"about":[{"href":"https:\/\/yume-silm.com\/fr\/wp-json\/wp\/v2\/types\/product"}],"replies":[{"embeddable":true,"href":"https:\/\/yume-silm.com\/fr\/wp-json\/wp\/v2\/comments?post=4144"}],"wp:featuredmedia":[{"embeddable":true,"href":"https:\/\/yume-silm.com\/fr\/wp-json\/wp\/v2\/media\/4162"}],"wp:attachment":[{"href":"https:\/\/yume-silm.com\/fr\/wp-json\/wp\/v2\/media?parent=4144"}],"wp:term":[{"taxonomy":"product_brand","embeddable":true,"href":"https:\/\/yume-silm.com\/fr\/wp-json\/wp\/v2\/product_brand?post=4144"},{"taxonomy":"product_cat","embeddable":true,"href":"https:\/\/yume-silm.com\/fr\/wp-json\/wp\/v2\/product_cat?post=4144"},{"taxonomy":"product_tag","embeddable":true,"href":"https:\/\/yume-silm.com\/fr\/wp-json\/wp\/v2\/product_tag?post=4144"}],"curies":[{"name":"wp","href":"https:\/\/api.w.org\/{rel}","templated":true}]}}