{"id":4166,"date":"2023-07-17T01:38:03","date_gmt":"2023-07-17T01:38:03","guid":{"rendered":"https:\/\/yume-silm.com\/?post_type=product&#038;p=4166"},"modified":"2024-11-29T08:53:45","modified_gmt":"2024-11-29T08:53:45","slug":"voluptufit-culotte-aux-grosses-mailles-mais-sans-culotte-levante","status":"publish","type":"product","link":"https:\/\/yume-silm.com\/fr\/produit\/voluptufit-culotte-aux-grosses-mailles-mais-sans-culotte-levante\/","title":{"rendered":"Vente en gros de shorts gainants antid\u00e9rapants de grande taille pour femmes\u00a0: conception de contr\u00f4le du ventre"},"content":{"rendered":"<h5>Caract\u00e9ristiques de conception<\/h5>\n<ul>\n<li><strong>CONFORTABLE ET HAUTEMENT EXTENSIBLE\u00a0:<\/strong> Confortable et respirant, assurant un confort maximal m\u00eame en cas de port prolong\u00e9 ou d&#039;exercice intense. Excellente \u00e9lasticit\u00e9, bon rebond et libert\u00e9 de mouvement.<\/li>\n<li><strong>CONTR\u00d4LE OPTIMAL DU VENTRE\u00a0:<\/strong> La taille haute du short shaper antid\u00e9rapant en silicone invisible taille haute offre un meilleur contr\u00f4le du ventre. Con\u00e7u pour offrir un excellent contr\u00f4le du ventre, cr\u00e9er une silhouette plus lisse et am\u00e9liorer la confiance du porteur.<\/li>\n<li><strong>EFFET LIFTING DES FESSES\u00a0:<\/strong> Nos sous-v\u00eatements shapewear de grande taille ont un style de fesses push-up, qui est visiblement relev\u00e9 apr\u00e8s le port. Am\u00e9liore les courbes naturelles et les effets visuels.<\/li>\n<li><strong>D\u00c9TAILS DENTELLE ET ANTID\u00c9RAPANT\u00a0:<\/strong> Pas besoin de vous soucier de l&#039;inconv\u00e9nient de porter un body shaper amincissant qui peut facilement glisser apr\u00e8s le port. Parce que les shorts gainants antid\u00e9rapants de grande taille pour femmes sont fabriqu\u00e9s avec une technologie antid\u00e9rapante en silicone autour de la taille, ils ne glisseront pas m\u00eame apr\u00e8s un port prolong\u00e9. L&#039;ourlet de la jambe du shapewear est con\u00e7u avec de la dentelle pour ajouter un charme \u00e9l\u00e9gant.<\/li>\n<li><strong>POLYVALENT ET \u00c0 LA MODE\u00a0:<\/strong> Avec ce short gainant antid\u00e9rapant grande taille pour femme, vous pourrez facilement l&#039;assortir avec votre jean pr\u00e9f\u00e9r\u00e9 ou une belle jupe. Travaillez en toute confiance dans la vie quotidienne et assistez \u00e0 certaines f\u00eates, rendez-vous, cocktails et autres occasions sp\u00e9ciales. Veuillez montrer votre beau corps courb\u00e9 en toute confiance.<\/li>\n<\/ul>\n<h6><em>Sous-v\u00eatements antid\u00e9rapants taille haute pour femmes, contr\u00f4le du ventre, grande taille, entra\u00eenement de la taille<\/em><\/h6>\n<ul>\n<li>En r\u00e9sum\u00e9, le short gainant antid\u00e9rapant grande taille femme est un incontournable pour les grossistes qui cherchent \u00e0 proposer des produits haut de gamme. Avec ses caract\u00e9ristiques et avantages uniques, il est en passe de devenir l\u2019un des favoris des clients. Plongez dans le monde de la vente en gros avec cette pi\u00e8ce hors du commun. S\u00e9curisez votre commande d\u00e8s aujourd&#039;hui\u00a0!<\/li>\n<\/ul>","protected":false},"excerpt":{"rendered":"<p>Pr\u00e9sentation du short gainant antid\u00e9rapant grande taille pour femme, le m\u00e9lange ultime de style et de fonctionnalit\u00e9. Con\u00e7ue pour les grandes tailles, cette culotte taille haute offre un contr\u00f4le optimal du ventre et un effet liftant flatteur. Fabriqu\u00e9 dans un tissu en mesh respirant et hautement \u00e9lastique, il promet un confort et un style in\u00e9gal\u00e9s.<\/p>","protected":false},"featured_media":4181,"comment_status":"open","ping_status":"closed","template":"","meta":{"site-sidebar-layout":"default","site-content-layout":"default","ast-site-content-layout":"default","site-content-style":"default","site-sidebar-style":"default","ast-global-header-display":"","ast-banner-title-visibility":"","ast-main-header-display":"","ast-hfb-above-header-display":"","ast-hfb-below-header-display":"","ast-hfb-mobile-header-display":"","site-post-title":"","ast-breadcrumbs-content":"","ast-featured-img":"","footer-sml-layout":"","ast-disable-related-posts":"","theme-transparent-header-meta":"default","adv-header-id-meta":"","stick-header-meta":"default","header-above-stick-meta":"","header-main-stick-meta":"","header-below-stick-meta":"","astra-migrate-meta-layouts":"set","ast-page-background-enabled":"default","ast-page-background-meta":{"desktop":{"background-color":"","background-image":"","background-repeat":"repeat","background-position":"center center","background-size":"auto","background-attachment":"scroll","background-type":"","background-media":"","overlay-type":"","overlay-color":"","overlay-opacity":"","overlay-gradient":""},"tablet":{"background-color":"","background-image":"","background-repeat":"repeat","background-position":"center center","background-size":"auto","background-attachment":"scroll","background-type":"","background-media":"","overlay-type":"","overlay-color":"","overlay-opacity":"","overlay-gradient":""},"mobile":{"background-color":"","background-image":"","background-repeat":"repeat","background-position":"center center","background-size":"auto","background-attachment":"scroll","background-type":"","background-media":"","overlay-type":"","overlay-color":"","overlay-opacity":"","overlay-gradient":""}},"ast-content-background-meta":{"desktop":{"background-color":"var(--ast-global-color-5)","background-image":"","background-repeat":"repeat","background-position":"center center","background-size":"auto","background-attachment":"scroll","background-type":"","background-media":"","overlay-type":"","overlay-color":"","overlay-opacity":"","overlay-gradient":""},"tablet":{"background-color":"var(--ast-global-color-5)","background-image":"","background-repeat":"repeat","background-position":"center center","background-size":"auto","background-attachment":"scroll","background-type":"","background-media":"","overlay-type":"","overlay-color":"","overlay-opacity":"","overlay-gradient":""},"mobile":{"background-color":"var(--ast-global-color-5)","background-image":"","background-repeat":"repeat","background-position":"center center","background-size":"auto","background-attachment":"scroll","background-type":"","background-media":"","overlay-type":"","overlay-color":"","overlay-opacity":"","overlay-gradient":""}}},"product_brand":[],"product_cat":[65,76,77,80],"product_tag":[139,144,134],"class_list":{"0":"post-4166","1":"product","2":"type-product","3":"status-publish","4":"has-post-thumbnail","6":"product_cat-best-sellers","7":"product_cat-new-arrivels","8":"product_cat-wholesale-womens-shapewear","9":"product_cat-wholesale-butt-lift-underwear","10":"product_tag-high-waist","11":"product_tag-slip","12":"product_tag-tummy-tucker","13":"pa_color-black","14":"pa_size-4xl","15":"pa_size-5xl","16":"pa_size-6xl","17":"pa_size-l","18":"pa_size-m","19":"pa_size-s","20":"pa_size-xl","21":"pa_size-xxl","22":"pa_size-xxxl","23":"desktop-align-center","24":"tablet-align-left","25":"mobile-align-left","26":"ast-product-gallery-layout-horizontal-slider","27":"ast-product-single-variable","28":"ast-product-tabs-layout-horizontal","29":"ast-qv-on-image","31":"first","32":"instock","33":"shipping-taxable","34":"purchasable","35":"product-type-variable"},"tiered_pricing_type":"fixed","tiered_pricing_fixed_rules":{"2":8.99,"30":7.99,"500":6.99},"tiered_pricing_product_settings":{"layout":"default","base_unit_name":{"singular":null,"plural":null},"default_variation":{}},"tiered_pricing_minimum_quantity":null,"tiered_pricing_roles_data":[],"tiered_pricing_percentage_rules":[],"_links":{"self":[{"href":"https:\/\/yume-silm.com\/fr\/wp-json\/wp\/v2\/product\/4166","targetHints":{"allow":["GET"]}}],"collection":[{"href":"https:\/\/yume-silm.com\/fr\/wp-json\/wp\/v2\/product"}],"about":[{"href":"https:\/\/yume-silm.com\/fr\/wp-json\/wp\/v2\/types\/product"}],"replies":[{"embeddable":true,"href":"https:\/\/yume-silm.com\/fr\/wp-json\/wp\/v2\/comments?post=4166"}],"wp:featuredmedia":[{"embeddable":true,"href":"https:\/\/yume-silm.com\/fr\/wp-json\/wp\/v2\/media\/4181"}],"wp:attachment":[{"href":"https:\/\/yume-silm.com\/fr\/wp-json\/wp\/v2\/media?parent=4166"}],"wp:term":[{"taxonomy":"product_brand","embeddable":true,"href":"https:\/\/yume-silm.com\/fr\/wp-json\/wp\/v2\/product_brand?post=4166"},{"taxonomy":"product_cat","embeddable":true,"href":"https:\/\/yume-silm.com\/fr\/wp-json\/wp\/v2\/product_cat?post=4166"},{"taxonomy":"product_tag","embeddable":true,"href":"https:\/\/yume-silm.com\/fr\/wp-json\/wp\/v2\/product_tag?post=4166"}],"curies":[{"name":"wp","href":"https:\/\/api.w.org\/{rel}","templated":true}]}}